{"id":1004,"date":"2016-10-10T09:49:19","date_gmt":"2016-10-10T08:49:19","guid":{"rendered":"http:\/\/www.symphonie-florale.com\/fleuriste-juvignac-montpellier\/?page_id=1004"},"modified":"2016-10-10T10:09:18","modified_gmt":"2016-10-10T09:09:18","slug":"des-bulbes-damaryllis-pour-de-jolies-fleurs-cet-hiver","status":"publish","type":"page","link":"https:\/\/www.symphonie-florale.com\/fleuriste-juvignac-montpellier\/la-vitrine\/des-bulbes-damaryllis-pour-de-jolies-fleurs-cet-hiver\/","title":{"rendered":"Des bulbes d&rsquo;amaryllis pour de jolies fleurs cet hiver"},"content":{"rendered":"<section class=\"av_textblock_section \"  itemscope=\"itemscope\" itemtype=\"https:\/\/schema.org\/CreativeWork\" ><div class='avia_textblock  '   itemprop=\"text\" ><p>L&rsquo;amaryllis est une magnifique plante d\u2019int\u00e9rieur. \u00a0Elle se cultive en automne afin de vous offrir de sublimes fleurs cet hiver.<\/p>\n<\/div><\/section>\n\n<style type=\"text\/css\" data-created_by=\"avia_inline_auto\" id=\"style-css-av-av_hr-0688d0b0b6ed2f8b057db7a8270206df\">\n#top .hr.hr-invisible.av-av_hr-0688d0b0b6ed2f8b057db7a8270206df{\nheight:50px;\n}\n<\/style>\n<div  class='hr av-av_hr-0688d0b0b6ed2f8b057db7a8270206df hr-invisible  avia-builder-el-1  el_after_av_textblock  el_before_av_one_third  '><span class='hr-inner '><span class=\"hr-inner-style\"><\/span><\/span><\/div>\n\n<style type=\"text\/css\" data-created_by=\"avia_inline_auto\" id=\"style-css-av-av_one_third-4f71affefb2767b0d4aacb5c1c60140d\">\n.flex_column.av-av_one_third-4f71affefb2767b0d4aacb5c1c60140d{\nborder-radius:0px 0px 0px 0px;\n-webkit-border-radius:0px 0px 0px 0px;\n-moz-border-radius:0px 0px 0px 0px;\n}\n<\/style>\n<div class='flex_column av-av_one_third-4f71affefb2767b0d4aacb5c1c60140d av_one_third  avia-builder-el-2  el_after_av_hr  el_before_av_one_third  first no_margin flex_column_div av-zero-column-padding '   ><p><section class=\"av_textblock_section \"  itemscope=\"itemscope\" itemtype=\"https:\/\/schema.org\/CreativeWork\" ><div class='avia_textblock  '   itemprop=\"text\" ><p>Tout simplement pos\u00e9 au fond d\u2019un vase avec un petit peu d\u2019eau, le bulbe de l\u2019amaryllis demande tr\u00e8s peu d\u2019entretien.<\/p>\n<p>Il vous offrira de sublimes fleurs, de quoi apporter une touche de gaiet\u00e9 \u00e0 votre int\u00e9rieur.<\/p>\n<\/div><\/section><br \/>\n\n<style type=\"text\/css\" data-created_by=\"avia_inline_auto\" id=\"style-css-av-av_hr-0688d0b0b6ed2f8b057db7a8270206df\">\n#top .hr.hr-invisible.av-av_hr-0688d0b0b6ed2f8b057db7a8270206df{\nheight:50px;\n}\n<\/style>\n<div  class='hr av-av_hr-0688d0b0b6ed2f8b057db7a8270206df hr-invisible  avia-builder-el-4  el_after_av_textblock  el_before_av_image  '><span class='hr-inner '><span class=\"hr-inner-style\"><\/span><\/span><\/div><br \/>\n\n<style type=\"text\/css\" data-created_by=\"avia_inline_auto\" id=\"style-css-av-av_image-883ea6b6cb8ab28fd50309f0580f65d4\">\n.avia-image-container.av-av_image-883ea6b6cb8ab28fd50309f0580f65d4 .av-image-caption-overlay-center{\ncolor:#ffffff;\n}\n<\/style>\n<div  class='avia-image-container av-av_image-883ea6b6cb8ab28fd50309f0580f65d4 av-styling- av-hover-grow avia_animated_image avia_animate_when_almost_visible left-to-right avia-align-left  avia-builder-el-5  el_after_av_hr  avia-builder-el-last  '  itemprop=\"image\" itemscope=\"itemscope\" itemtype=\"https:\/\/schema.org\/ImageObject\" ><div class=\"avia-image-container-inner\"><div class=\"avia-image-overlay-wrap\"><img class='wp-image-980 avia-img-lazy-loading-not-980 avia_image' src=\"https:\/\/www.symphonie-florale.com\/fleuriste-juvignac-montpellier\/wp-content\/uploads\/2016\/10\/bulbe-amaryllis-automne-fleuriste-montpellier-juvignac_08.jpg\" alt='bulbe-amaryllis-automne-fleuriste-montpellier-juvignac_08' title='bulbe-amaryllis-automne-fleuriste-montpellier-juvignac_08'  height=\"288\" width=\"293\"  itemprop=\"thumbnailUrl\" srcset=\"https:\/\/www.symphonie-florale.com\/fleuriste-juvignac-montpellier\/wp-content\/uploads\/2016\/10\/bulbe-amaryllis-automne-fleuriste-montpellier-juvignac_08.jpg 293w, https:\/\/www.symphonie-florale.com\/fleuriste-juvignac-montpellier\/wp-content\/uploads\/2016\/10\/bulbe-amaryllis-automne-fleuriste-montpellier-juvignac_08-80x80.jpg 80w, https:\/\/www.symphonie-florale.com\/fleuriste-juvignac-montpellier\/wp-content\/uploads\/2016\/10\/bulbe-amaryllis-automne-fleuriste-montpellier-juvignac_08-36x36.jpg 36w\" sizes=\"(max-width: 293px) 100vw, 293px\" \/><\/div><\/div><\/div><\/p><\/div>\n<style type=\"text\/css\" data-created_by=\"avia_inline_auto\" id=\"style-css-av-av_one_third-9c1d454dc06f7247226bc4e8f931daae\">\n.flex_column.av-av_one_third-9c1d454dc06f7247226bc4e8f931daae{\nborder-radius:0px 0px 0px 0px;\n-webkit-border-radius:0px 0px 0px 0px;\n-moz-border-radius:0px 0px 0px 0px;\n}\n<\/style>\n<div class='flex_column av-av_one_third-9c1d454dc06f7247226bc4e8f931daae av_one_third  avia-builder-el-6  el_after_av_one_third  el_before_av_one_third  no_margin flex_column_div av-zero-column-padding '   ><style type=\"text\/css\" data-created_by=\"avia_inline_auto\" id=\"style-css-av-av_image-a97b273e7cc35ebf9ef66d8a2bb68738\">\n.avia-image-container.av-av_image-a97b273e7cc35ebf9ef66d8a2bb68738 .av-image-caption-overlay-center{\ncolor:#ffffff;\n}\n<\/style>\n<div  class='avia-image-container av-av_image-a97b273e7cc35ebf9ef66d8a2bb68738 av-styling- av-hover-grow avia_animated_image avia_animate_when_almost_visible top-to-bottom avia-align-left  avia-builder-el-7  avia-builder-el-no-sibling  '  itemprop=\"image\" itemscope=\"itemscope\" itemtype=\"https:\/\/schema.org\/ImageObject\" ><div class=\"avia-image-container-inner\"><div class=\"avia-image-overlay-wrap\"><img class='wp-image-982 avia-img-lazy-loading-not-982 avia_image' src=\"https:\/\/www.symphonie-florale.com\/fleuriste-juvignac-montpellier\/wp-content\/uploads\/2016\/10\/bulbe-amaryllis-automne-fleuriste-montpellier-juvignac_03.jpg\" alt='bulbe-amaryllis-automne-fleuriste-montpellier-juvignac_03' title='bulbe-amaryllis-automne-fleuriste-montpellier-juvignac_03'  height=\"488\" width=\"326\"  itemprop=\"thumbnailUrl\" srcset=\"https:\/\/www.symphonie-florale.com\/fleuriste-juvignac-montpellier\/wp-content\/uploads\/2016\/10\/bulbe-amaryllis-automne-fleuriste-montpellier-juvignac_03.jpg 326w, https:\/\/www.symphonie-florale.com\/fleuriste-juvignac-montpellier\/wp-content\/uploads\/2016\/10\/bulbe-amaryllis-automne-fleuriste-montpellier-juvignac_03-200x300.jpg 200w\" sizes=\"(max-width: 326px) 100vw, 326px\" \/><\/div><\/div><\/div><\/div><\/p>\n\n<style type=\"text\/css\" data-created_by=\"avia_inline_auto\" id=\"style-css-av-av_one_third-9c1d454dc06f7247226bc4e8f931daae\">\n.flex_column.av-av_one_third-9c1d454dc06f7247226bc4e8f931daae{\nborder-radius:0px 0px 0px 0px;\n-webkit-border-radius:0px 0px 0px 0px;\n-moz-border-radius:0px 0px 0px 0px;\n}\n<\/style>\n<div class='flex_column av-av_one_third-9c1d454dc06f7247226bc4e8f931daae av_one_third  avia-builder-el-8  el_after_av_one_third  el_before_av_hr  no_margin flex_column_div av-zero-column-padding '   ><style type=\"text\/css\" data-created_by=\"avia_inline_auto\" id=\"style-css-av-av_image-bd86d27d03a5ad1b7dfaaa338cfabe79\">\n.avia-image-container.av-av_image-bd86d27d03a5ad1b7dfaaa338cfabe79 .av-image-caption-overlay-center{\ncolor:#ffffff;\n}\n<\/style>\n<div  class='avia-image-container av-av_image-bd86d27d03a5ad1b7dfaaa338cfabe79 av-styling- av-hover-grow avia_animated_image avia_animate_when_almost_visible right-to-left avia-align-left  avia-builder-el-9  avia-builder-el-no-sibling  '  itemprop=\"image\" itemscope=\"itemscope\" itemtype=\"https:\/\/schema.org\/ImageObject\" ><div class=\"avia-image-container-inner\"><div class=\"avia-image-overlay-wrap\"><img class='wp-image-979 avia-img-lazy-loading-not-979 avia_image' src=\"https:\/\/www.symphonie-florale.com\/fleuriste-juvignac-montpellier\/wp-content\/uploads\/2016\/10\/bulbe-amaryllis-automne-fleuriste-montpellier-juvignac_05.jpg\" alt='bulbe-amaryllis-automne-fleuriste-montpellier-juvignac_05' title='bulbe-amaryllis-automne-fleuriste-montpellier-juvignac_05'  height=\"488\" width=\"326\"  itemprop=\"thumbnailUrl\" srcset=\"https:\/\/www.symphonie-florale.com\/fleuriste-juvignac-montpellier\/wp-content\/uploads\/2016\/10\/bulbe-amaryllis-automne-fleuriste-montpellier-juvignac_05.jpg 326w, https:\/\/www.symphonie-florale.com\/fleuriste-juvignac-montpellier\/wp-content\/uploads\/2016\/10\/bulbe-amaryllis-automne-fleuriste-montpellier-juvignac_05-200x300.jpg 200w\" sizes=\"(max-width: 326px) 100vw, 326px\" \/><\/div><\/div><\/div><\/div>\n\n<style type=\"text\/css\" data-created_by=\"avia_inline_auto\" id=\"style-css-av-av_hr-0688d0b0b6ed2f8b057db7a8270206df\">\n#top .hr.hr-invisible.av-av_hr-0688d0b0b6ed2f8b057db7a8270206df{\nheight:50px;\n}\n<\/style>\n<div  class='hr av-av_hr-0688d0b0b6ed2f8b057db7a8270206df hr-invisible  avia-builder-el-10  el_after_av_one_third  el_before_av_one_full  '><span class='hr-inner '><span class=\"hr-inner-style\"><\/span><\/span><\/div>\n<div class='flex_column av-av_one_full-2a9015ff38129c418a3f2eafba3e9512 av_one_full  avia-builder-el-11  el_after_av_hr  avia-builder-el-last  first flex_column_div '   ><style type=\"text\/css\" data-created_by=\"avia_inline_auto\" id=\"style-css-av-av_image-e7985d1945580ee28c3548e42b92c2df\">\n.avia-image-container.av-av_image-e7985d1945580ee28c3548e42b92c2df .av-image-caption-overlay-center{\ncolor:#ffffff;\n}\n<\/style>\n<div  class='avia-image-container av-av_image-e7985d1945580ee28c3548e42b92c2df av-styling- av-hover-grow avia_animated_image avia_animate_when_almost_visible bottom-to-top avia-align-center  avia-builder-el-12  avia-builder-el-no-sibling  '  itemprop=\"image\" itemscope=\"itemscope\" itemtype=\"https:\/\/schema.org\/ImageObject\" ><div class=\"avia-image-container-inner\"><div class=\"avia-image-overlay-wrap\"><img class='wp-image-981 avia-img-lazy-loading-not-981 avia_image' src=\"https:\/\/www.symphonie-florale.com\/fleuriste-juvignac-montpellier\/wp-content\/uploads\/2016\/10\/bulbe-amaryllis-automne-fleuriste-montpellier-juvignac_14.jpg\" alt='bulbe-amaryllis-automne-fleuriste-montpellier-juvignac_14' title='bulbe-amaryllis-automne-fleuriste-montpellier-juvignac_14'  height=\"584\" width=\"1012\"  itemprop=\"thumbnailUrl\" srcset=\"https:\/\/www.symphonie-florale.com\/fleuriste-juvignac-montpellier\/wp-content\/uploads\/2016\/10\/bulbe-amaryllis-automne-fleuriste-montpellier-juvignac_14.jpg 1012w, https:\/\/www.symphonie-florale.com\/fleuriste-juvignac-montpellier\/wp-content\/uploads\/2016\/10\/bulbe-amaryllis-automne-fleuriste-montpellier-juvignac_14-300x173.jpg 300w, https:\/\/www.symphonie-florale.com\/fleuriste-juvignac-montpellier\/wp-content\/uploads\/2016\/10\/bulbe-amaryllis-automne-fleuriste-montpellier-juvignac_14-705x407.jpg 705w, https:\/\/www.symphonie-florale.com\/fleuriste-juvignac-montpellier\/wp-content\/uploads\/2016\/10\/bulbe-amaryllis-automne-fleuriste-montpellier-juvignac_14-450x260.jpg 450w\" sizes=\"(max-width: 1012px) 100vw, 1012px\" \/><\/div><\/div><\/div><\/div>\n","protected":false},"excerpt":{"rendered":"","protected":false},"author":1,"featured_media":0,"parent":13,"menu_order":0,"comment_status":"closed","ping_status":"closed","template":"","meta":[],"yoast_head":"<!-- This site is optimized with the Yoast SEO plugin v17.1 - https:\/\/yoast.com\/wordpress\/plugins\/seo\/ -->\n<title>Des bulbes d&#039;amaryllis pour de jolies fleurs cet hiver - Symphonie Florale<\/title>\n<meta name=\"description\" content=\"L\u2019amaryllis est une magnifique plante d\u2019int\u00e9rieur. \u00a0Elle se cultive en automne afin de vous offrir de sublimes fleurs cet hiver le bulbe de l\u2019amaryllis\u00a0\" \/>\n<meta name=\"robots\" content=\"index, follow, max-snippet:-1, max-image-preview:large, max-video-preview:-1\" \/>\n<link rel=\"canonical\" href=\"https:\/\/www.symphonie-florale.com\/fleuriste-juvignac-montpellier\/la-vitrine\/des-bulbes-damaryllis-pour-de-jolies-fleurs-cet-hiver\/\" \/>\n<meta property=\"og:locale\" content=\"fr_FR\" \/>\n<meta property=\"og:type\" content=\"article\" \/>\n<meta property=\"og:title\" content=\"Des bulbes d&#039;amaryllis pour de jolies fleurs cet hiver - Symphonie Florale\" \/>\n<meta property=\"og:description\" content=\"L\u2019amaryllis est une magnifique plante d\u2019int\u00e9rieur. \u00a0Elle se cultive en automne afin de vous offrir de sublimes fleurs cet hiver le bulbe de l\u2019amaryllis\u00a0\" \/>\n<meta property=\"og:url\" content=\"https:\/\/www.symphonie-florale.com\/fleuriste-juvignac-montpellier\/la-vitrine\/des-bulbes-damaryllis-pour-de-jolies-fleurs-cet-hiver\/\" \/>\n<meta property=\"og:site_name\" content=\"Symphonie Florale\" \/>\n<meta property=\"article:modified_time\" content=\"2016-10-10T09:09:18+00:00\" \/>\n<meta name=\"twitter:label1\" content=\"Dur\u00e9e de lecture est.\" \/>\n\t<meta name=\"twitter:data1\" content=\"3 minutes\" \/>\n<script type=\"application\/ld+json\" class=\"yoast-schema-graph\">{\"@context\":\"https:\/\/schema.org\",\"@graph\":[{\"@type\":\"WebSite\",\"@id\":\"https:\/\/www.symphonie-florale.com\/fleuriste-juvignac-montpellier\/#website\",\"url\":\"https:\/\/www.symphonie-florale.com\/fleuriste-juvignac-montpellier\/\",\"name\":\"Symphonie Florale\",\"description\":\"Fleuriste \\u00e0 Juvignac Montpellier\",\"potentialAction\":[{\"@type\":\"SearchAction\",\"target\":{\"@type\":\"EntryPoint\",\"urlTemplate\":\"https:\/\/www.symphonie-florale.com\/fleuriste-juvignac-montpellier\/?s={search_term_string}\"},\"query-input\":\"required name=search_term_string\"}],\"inLanguage\":\"fr-FR\"},{\"@type\":\"WebPage\",\"@id\":\"https:\/\/www.symphonie-florale.com\/fleuriste-juvignac-montpellier\/la-vitrine\/des-bulbes-damaryllis-pour-de-jolies-fleurs-cet-hiver\/#webpage\",\"url\":\"https:\/\/www.symphonie-florale.com\/fleuriste-juvignac-montpellier\/la-vitrine\/des-bulbes-damaryllis-pour-de-jolies-fleurs-cet-hiver\/\",\"name\":\"Des bulbes d'amaryllis pour de jolies fleurs cet hiver - Symphonie Florale\",\"isPartOf\":{\"@id\":\"https:\/\/www.symphonie-florale.com\/fleuriste-juvignac-montpellier\/#website\"},\"datePublished\":\"2016-10-10T08:49:19+00:00\",\"dateModified\":\"2016-10-10T09:09:18+00:00\",\"description\":\"L\\u2019amaryllis est une magnifique plante d\\u2019int\\u00e9rieur. \\u00a0Elle se cultive en automne afin de vous offrir de sublimes fleurs cet hiver le bulbe de l\\u2019amaryllis\\u00a0\",\"breadcrumb\":{\"@id\":\"https:\/\/www.symphonie-florale.com\/fleuriste-juvignac-montpellier\/la-vitrine\/des-bulbes-damaryllis-pour-de-jolies-fleurs-cet-hiver\/#breadcrumb\"},\"inLanguage\":\"fr-FR\",\"potentialAction\":[{\"@type\":\"ReadAction\",\"target\":[\"https:\/\/www.symphonie-florale.com\/fleuriste-juvignac-montpellier\/la-vitrine\/des-bulbes-damaryllis-pour-de-jolies-fleurs-cet-hiver\/\"]}]},{\"@type\":\"BreadcrumbList\",\"@id\":\"https:\/\/www.symphonie-florale.com\/fleuriste-juvignac-montpellier\/la-vitrine\/des-bulbes-damaryllis-pour-de-jolies-fleurs-cet-hiver\/#breadcrumb\",\"itemListElement\":[{\"@type\":\"ListItem\",\"position\":1,\"name\":\"Accueil\",\"item\":\"https:\/\/www.symphonie-florale.com\/fleuriste-juvignac-montpellier\/\"},{\"@type\":\"ListItem\",\"position\":2,\"name\":\"La vitrine\",\"item\":\"https:\/\/www.symphonie-florale.com\/fleuriste-juvignac-montpellier\/la-vitrine\/\"},{\"@type\":\"ListItem\",\"position\":3,\"name\":\"Des bulbes d&rsquo;amaryllis pour de jolies fleurs cet hiver\"}]}]}<\/script>\n<!-- \/ Yoast SEO plugin. -->","yoast_head_json":{"title":"Des bulbes d'amaryllis pour de jolies fleurs cet hiver - Symphonie Florale","description":"L\u2019amaryllis est une magnifique plante d\u2019int\u00e9rieur. \u00a0Elle se cultive en automne afin de vous offrir de sublimes fleurs cet hiver le bulbe de l\u2019amaryllis\u00a0","robots":{"index":"index","follow":"follow","max-snippet":"max-snippet:-1","max-image-preview":"max-image-preview:large","max-video-preview":"max-video-preview:-1"},"canonical":"https:\/\/www.symphonie-florale.com\/fleuriste-juvignac-montpellier\/la-vitrine\/des-bulbes-damaryllis-pour-de-jolies-fleurs-cet-hiver\/","og_locale":"fr_FR","og_type":"article","og_title":"Des bulbes d'amaryllis pour de jolies fleurs cet hiver - Symphonie Florale","og_description":"L\u2019amaryllis est une magnifique plante d\u2019int\u00e9rieur. \u00a0Elle se cultive en automne afin de vous offrir de sublimes fleurs cet hiver le bulbe de l\u2019amaryllis\u00a0","og_url":"https:\/\/www.symphonie-florale.com\/fleuriste-juvignac-montpellier\/la-vitrine\/des-bulbes-damaryllis-pour-de-jolies-fleurs-cet-hiver\/","og_site_name":"Symphonie Florale","article_modified_time":"2016-10-10T09:09:18+00:00","twitter_misc":{"Dur\u00e9e de lecture est.":"3 minutes"},"schema":{"@context":"https:\/\/schema.org","@graph":[{"@type":"WebSite","@id":"https:\/\/www.symphonie-florale.com\/fleuriste-juvignac-montpellier\/#website","url":"https:\/\/www.symphonie-florale.com\/fleuriste-juvignac-montpellier\/","name":"Symphonie Florale","description":"Fleuriste \u00e0 Juvignac Montpellier","potentialAction":[{"@type":"SearchAction","target":{"@type":"EntryPoint","urlTemplate":"https:\/\/www.symphonie-florale.com\/fleuriste-juvignac-montpellier\/?s={search_term_string}"},"query-input":"required name=search_term_string"}],"inLanguage":"fr-FR"},{"@type":"WebPage","@id":"https:\/\/www.symphonie-florale.com\/fleuriste-juvignac-montpellier\/la-vitrine\/des-bulbes-damaryllis-pour-de-jolies-fleurs-cet-hiver\/#webpage","url":"https:\/\/www.symphonie-florale.com\/fleuriste-juvignac-montpellier\/la-vitrine\/des-bulbes-damaryllis-pour-de-jolies-fleurs-cet-hiver\/","name":"Des bulbes d'amaryllis pour de jolies fleurs cet hiver - Symphonie Florale","isPartOf":{"@id":"https:\/\/www.symphonie-florale.com\/fleuriste-juvignac-montpellier\/#website"},"datePublished":"2016-10-10T08:49:19+00:00","dateModified":"2016-10-10T09:09:18+00:00","description":"L\u2019amaryllis est une magnifique plante d\u2019int\u00e9rieur. \u00a0Elle se cultive en automne afin de vous offrir de sublimes fleurs cet hiver le bulbe de l\u2019amaryllis\u00a0","breadcrumb":{"@id":"https:\/\/www.symphonie-florale.com\/fleuriste-juvignac-montpellier\/la-vitrine\/des-bulbes-damaryllis-pour-de-jolies-fleurs-cet-hiver\/#breadcrumb"},"inLanguage":"fr-FR","potentialAction":[{"@type":"ReadAction","target":["https:\/\/www.symphonie-florale.com\/fleuriste-juvignac-montpellier\/la-vitrine\/des-bulbes-damaryllis-pour-de-jolies-fleurs-cet-hiver\/"]}]},{"@type":"BreadcrumbList","@id":"https:\/\/www.symphonie-florale.com\/fleuriste-juvignac-montpellier\/la-vitrine\/des-bulbes-damaryllis-pour-de-jolies-fleurs-cet-hiver\/#breadcrumb","itemListElement":[{"@type":"ListItem","position":1,"name":"Accueil","item":"https:\/\/www.symphonie-florale.com\/fleuriste-juvignac-montpellier\/"},{"@type":"ListItem","position":2,"name":"La vitrine","item":"https:\/\/www.symphonie-florale.com\/fleuriste-juvignac-montpellier\/la-vitrine\/"},{"@type":"ListItem","position":3,"name":"Des bulbes d&rsquo;amaryllis pour de jolies fleurs cet hiver"}]}]}},"_links":{"self":[{"href":"https:\/\/www.symphonie-florale.com\/fleuriste-juvignac-montpellier\/wp-json\/wp\/v2\/pages\/1004"}],"collection":[{"href":"https:\/\/www.symphonie-florale.com\/fleuriste-juvignac-montpellier\/wp-json\/wp\/v2\/pages"}],"about":[{"href":"https:\/\/www.symphonie-florale.com\/fleuriste-juvignac-montpellier\/wp-json\/wp\/v2\/types\/page"}],"author":[{"embeddable":true,"href":"https:\/\/www.symphonie-florale.com\/fleuriste-juvignac-montpellier\/wp-json\/wp\/v2\/users\/1"}],"replies":[{"embeddable":true,"href":"https:\/\/www.symphonie-florale.com\/fleuriste-juvignac-montpellier\/wp-json\/wp\/v2\/comments?post=1004"}],"version-history":[{"count":3,"href":"https:\/\/www.symphonie-florale.com\/fleuriste-juvignac-montpellier\/wp-json\/wp\/v2\/pages\/1004\/revisions"}],"predecessor-version":[{"id":1007,"href":"https:\/\/www.symphonie-florale.com\/fleuriste-juvignac-montpellier\/wp-json\/wp\/v2\/pages\/1004\/revisions\/1007"}],"up":[{"embeddable":true,"href":"https:\/\/www.symphonie-florale.com\/fleuriste-juvignac-montpellier\/wp-json\/wp\/v2\/pages\/13"}],"wp:attachment":[{"href":"https:\/\/www.symphonie-florale.com\/fleuriste-juvignac-montpellier\/wp-json\/wp\/v2\/media?parent=1004"}],"curies":[{"name":"wp","href":"https:\/\/api.w.org\/{rel}","templated":true}]}}