{"id":1095,"date":"2017-01-13T16:35:24","date_gmt":"2017-01-13T15:35:24","guid":{"rendered":"http:\/\/www.symphonie-florale.com\/fleuriste-juvignac-montpellier\/?page_id=1095"},"modified":"2017-01-13T18:25:39","modified_gmt":"2017-01-13T17:25:39","slug":"les-bulbes-de-fleurs","status":"publish","type":"page","link":"https:\/\/www.symphonie-florale.com\/fleuriste-juvignac-montpellier\/la-vitrine\/les-bulbes-de-fleurs\/","title":{"rendered":"Les bulbes de fleurs"},"content":{"rendered":"\n<style type=\"text\/css\" data-created_by=\"avia_inline_auto\" id=\"style-css-av-av_one_full-9497bbf8bff73ea4c6992cc17fa9ec36\">\n.flex_column.av-av_one_full-9497bbf8bff73ea4c6992cc17fa9ec36{\nborder-radius:0px 0px 0px 0px;\n-webkit-border-radius:0px 0px 0px 0px;\n-moz-border-radius:0px 0px 0px 0px;\n}\n<\/style>\n<div class='flex_column av-av_one_full-9497bbf8bff73ea4c6992cc17fa9ec36 av_one_full  avia-builder-el-0  el_before_av_one_third  avia-builder-el-first  first flex_column_div av-zero-column-padding '   ><p>\n<style type=\"text\/css\" data-created_by=\"avia_inline_auto\" id=\"style-css-av-av_heading-b07c2d561e971e32ce4cc8a74d19f169\">\n#top .av-special-heading.av-av_heading-b07c2d561e971e32ce4cc8a74d19f169{\npadding-bottom:10px;\n}\n<\/style>\n<div  class='av-special-heading av-av_heading-b07c2d561e971e32ce4cc8a74d19f169 av-special-heading-h1  avia-builder-el-1  el_before_av_textblock  avia-builder-el-first  '><h1 class='av-special-heading-tag '  itemprop=\"headline\"  >Les bulbes de fleurs<\/h1><div class='special-heading-border'><div class='special-heading-inner-border'><\/div><\/div><\/div><br \/>\n<section class=\"av_textblock_section \"  itemscope=\"itemscope\" itemtype=\"https:\/\/schema.org\/CreativeWork\" ><div class='avia_textblock  '   itemprop=\"text\" ><p>Le printemps pointe le bout de son nez avec les bulbes de jacinthes, d\u2019amaryllis, d\u2019iris, de narcisses et de tulipes. Vous pourrez laisser fleurir vos bulbes dans votre int\u00e9rieur jusqu\u2019au printemps, \u00e0 condition de les placer dans un endroit lumineux.<\/p>\n<\/div><\/section><br \/>\n\n<style type=\"text\/css\" data-created_by=\"avia_inline_auto\" id=\"style-css-av-av_hr-a6de236e6c183bbbd700292deacd2b52\">\n#top .hr.hr-invisible.av-av_hr-a6de236e6c183bbbd700292deacd2b52{\nheight:20px;\n}\n<\/style>\n<div  class='hr av-av_hr-a6de236e6c183bbbd700292deacd2b52 hr-invisible  avia-builder-el-3  el_after_av_textblock  avia-builder-el-last  '><span class='hr-inner '><span class=\"hr-inner-style\"><\/span><\/span><\/div><\/p><\/div>\n<style type=\"text\/css\" data-created_by=\"avia_inline_auto\" id=\"style-css-av-av_one_third-4f71affefb2767b0d4aacb5c1c60140d\">\n.flex_column.av-av_one_third-4f71affefb2767b0d4aacb5c1c60140d{\nborder-radius:0px 0px 0px 0px;\n-webkit-border-radius:0px 0px 0px 0px;\n-moz-border-radius:0px 0px 0px 0px;\n}\n<\/style>\n<div class='flex_column av-av_one_third-4f71affefb2767b0d4aacb5c1c60140d av_one_third  avia-builder-el-4  el_after_av_one_full  el_before_av_two_third  first no_margin flex_column_div av-zero-column-padding column-top-margin'   ><p>\n<style type=\"text\/css\" data-created_by=\"avia_inline_auto\" id=\"style-css-av-av_image-e1c2628f9bb802c10aa256ac69285f21\">\n.avia-image-container.av-av_image-e1c2628f9bb802c10aa256ac69285f21 .av-image-caption-overlay-center{\ncolor:#ffffff;\n}\n<\/style>\n<div  class='avia-image-container av-av_image-e1c2628f9bb802c10aa256ac69285f21 av-styling- av-hover-grow avia-align-left  avia-builder-el-5  el_before_av_hr  avia-builder-el-first  '  itemprop=\"image\" itemscope=\"itemscope\" itemtype=\"https:\/\/schema.org\/ImageObject\" ><div class=\"avia-image-container-inner\"><div class=\"avia-image-overlay-wrap\"><img class='wp-image-1082 avia-img-lazy-loading-not-1082 avia_image' src=\"https:\/\/www.symphonie-florale.com\/fleuriste-juvignac-montpellier\/wp-content\/uploads\/2017\/01\/bulbes-fleurs-plante-hiver-printemps-symphonie-florale-montpellier-juvignac_03.jpg\" alt='bulbes-fleurs-plante-hiver-printemps-symphonie-florale-montpellier-juvignac_03' title='bulbes-fleurs-plante-hiver-printemps-symphonie-florale-montpellier-juvignac_03'  height=\"498\" width=\"337\"  itemprop=\"thumbnailUrl\" srcset=\"https:\/\/www.symphonie-florale.com\/fleuriste-juvignac-montpellier\/wp-content\/uploads\/2017\/01\/bulbes-fleurs-plante-hiver-printemps-symphonie-florale-montpellier-juvignac_03.jpg 337w, https:\/\/www.symphonie-florale.com\/fleuriste-juvignac-montpellier\/wp-content\/uploads\/2017\/01\/bulbes-fleurs-plante-hiver-printemps-symphonie-florale-montpellier-juvignac_03-203x300.jpg 203w\" sizes=\"(max-width: 337px) 100vw, 337px\" \/><\/div><\/div><\/div><br \/>\n\n<style type=\"text\/css\" data-created_by=\"avia_inline_auto\" id=\"style-css-av-av_hr-a6de236e6c183bbbd700292deacd2b52\">\n#top .hr.hr-invisible.av-av_hr-a6de236e6c183bbbd700292deacd2b52{\nheight:20px;\n}\n<\/style>\n<div  class='hr av-av_hr-a6de236e6c183bbbd700292deacd2b52 hr-invisible  avia-builder-el-6  el_after_av_image  el_before_av_image  '><span class='hr-inner '><span class=\"hr-inner-style\"><\/span><\/span><\/div><br \/>\n\n<style type=\"text\/css\" data-created_by=\"avia_inline_auto\" id=\"style-css-av-av_image-a1bf73b80c45aed2325fce152a1e5dca\">\n.avia-image-container.av-av_image-a1bf73b80c45aed2325fce152a1e5dca .av-image-caption-overlay-center{\ncolor:#ffffff;\n}\n<\/style>\n<div  class='avia-image-container av-av_image-a1bf73b80c45aed2325fce152a1e5dca av-styling- av-hover-grow avia-align-left  avia-builder-el-7  el_after_av_hr  el_before_av_hr  '  itemprop=\"image\" itemscope=\"itemscope\" itemtype=\"https:\/\/schema.org\/ImageObject\" ><div class=\"avia-image-container-inner\"><div class=\"avia-image-overlay-wrap\"><img class='wp-image-1084 avia-img-lazy-loading-not-1084 avia_image' src=\"https:\/\/www.symphonie-florale.com\/fleuriste-juvignac-montpellier\/wp-content\/uploads\/2017\/01\/bulbes-fleurs-plante-hiver-printemps-symphonie-florale-montpellier-juvignac_08.jpg\" alt='bulbes-fleurs-plante-hiver-printemps-symphonie-florale-montpellier-juvignac_08' title='bulbes-fleurs-plante-hiver-printemps-symphonie-florale-montpellier-juvignac_08'  height=\"223\" width=\"335\"  itemprop=\"thumbnailUrl\" srcset=\"https:\/\/www.symphonie-florale.com\/fleuriste-juvignac-montpellier\/wp-content\/uploads\/2017\/01\/bulbes-fleurs-plante-hiver-printemps-symphonie-florale-montpellier-juvignac_08.jpg 335w, https:\/\/www.symphonie-florale.com\/fleuriste-juvignac-montpellier\/wp-content\/uploads\/2017\/01\/bulbes-fleurs-plante-hiver-printemps-symphonie-florale-montpellier-juvignac_08-300x200.jpg 300w\" sizes=\"(max-width: 335px) 100vw, 335px\" \/><\/div><\/div><\/div><br \/>\n\n<style type=\"text\/css\" data-created_by=\"avia_inline_auto\" id=\"style-css-av-av_hr-a6de236e6c183bbbd700292deacd2b52\">\n#top .hr.hr-invisible.av-av_hr-a6de236e6c183bbbd700292deacd2b52{\nheight:20px;\n}\n<\/style>\n<div  class='hr av-av_hr-a6de236e6c183bbbd700292deacd2b52 hr-invisible  avia-builder-el-8  el_after_av_image  el_before_av_image  '><span class='hr-inner '><span class=\"hr-inner-style\"><\/span><\/span><\/div><br \/>\n\n<style type=\"text\/css\" data-created_by=\"avia_inline_auto\" id=\"style-css-av-av_image-19c090fbadf2d4b3589888f9273de55d\">\n.avia-image-container.av-av_image-19c090fbadf2d4b3589888f9273de55d .av-image-caption-overlay-center{\ncolor:#ffffff;\n}\n<\/style>\n<div  class='avia-image-container av-av_image-19c090fbadf2d4b3589888f9273de55d av-styling- av-hover-grow avia-align-left  avia-builder-el-9  el_after_av_hr  avia-builder-el-last  '  itemprop=\"image\" itemscope=\"itemscope\" itemtype=\"https:\/\/schema.org\/ImageObject\" ><div class=\"avia-image-container-inner\"><div class=\"avia-image-overlay-wrap\"><img class='wp-image-1085 avia-img-lazy-loading-not-1085 avia_image' src=\"https:\/\/www.symphonie-florale.com\/fleuriste-juvignac-montpellier\/wp-content\/uploads\/2017\/01\/bulbes-fleurs-plante-hiver-printemps-symphonie-florale-montpellier-juvignac_12.jpg\" alt='bulbes-fleurs-plante-hiver-printemps-symphonie-florale-montpellier-juvignac_12' title='bulbes-fleurs-plante-hiver-printemps-symphonie-florale-montpellier-juvignac_12'  height=\"590\" width=\"336\"  itemprop=\"thumbnailUrl\" srcset=\"https:\/\/www.symphonie-florale.com\/fleuriste-juvignac-montpellier\/wp-content\/uploads\/2017\/01\/bulbes-fleurs-plante-hiver-printemps-symphonie-florale-montpellier-juvignac_12.jpg 336w, https:\/\/www.symphonie-florale.com\/fleuriste-juvignac-montpellier\/wp-content\/uploads\/2017\/01\/bulbes-fleurs-plante-hiver-printemps-symphonie-florale-montpellier-juvignac_12-171x300.jpg 171w\" sizes=\"(max-width: 336px) 100vw, 336px\" \/><\/div><\/div><\/div><\/p><\/div><\/p>\n\n<style type=\"text\/css\" data-created_by=\"avia_inline_auto\" id=\"style-css-av-av_two_third-9c1d454dc06f7247226bc4e8f931daae\">\n.flex_column.av-av_two_third-9c1d454dc06f7247226bc4e8f931daae{\nborder-radius:0px 0px 0px 0px;\n-webkit-border-radius:0px 0px 0px 0px;\n-moz-border-radius:0px 0px 0px 0px;\n}\n<\/style>\n<div class='flex_column av-av_two_third-9c1d454dc06f7247226bc4e8f931daae av_two_third  avia-builder-el-10  el_after_av_one_third  el_before_av_one_full  no_margin flex_column_div av-zero-column-padding column-top-margin'   ><p>\n<style type=\"text\/css\" data-created_by=\"avia_inline_auto\" id=\"style-css-av-av_image-603970b2565a6e1e23a1426f2905f455\">\n.avia-image-container.av-av_image-603970b2565a6e1e23a1426f2905f455 .av-image-caption-overlay-center{\ncolor:#ffffff;\n}\n<\/style>\n<div  class='avia-image-container av-av_image-603970b2565a6e1e23a1426f2905f455 av-styling- av-hover-grow avia-align-right  avia-builder-el-11  el_before_av_hr  avia-builder-el-first  '  itemprop=\"image\" itemscope=\"itemscope\" itemtype=\"https:\/\/schema.org\/ImageObject\" ><div class=\"avia-image-container-inner\"><div class=\"avia-image-overlay-wrap\"><img class='wp-image-1083 avia-img-lazy-loading-not-1083 avia_image' src=\"https:\/\/www.symphonie-florale.com\/fleuriste-juvignac-montpellier\/wp-content\/uploads\/2017\/01\/bulbes-fleurs-plante-hiver-printemps-symphonie-florale-montpellier-juvignac_05.jpg\" alt='bulbes-fleurs-plante-hiver-printemps-symphonie-florale-montpellier-juvignac_05' title='bulbes-fleurs-plante-hiver-printemps-symphonie-florale-montpellier-juvignac_05'  height=\"989\" width=\"700\"  itemprop=\"thumbnailUrl\" srcset=\"https:\/\/www.symphonie-florale.com\/fleuriste-juvignac-montpellier\/wp-content\/uploads\/2017\/01\/bulbes-fleurs-plante-hiver-printemps-symphonie-florale-montpellier-juvignac_05.jpg 700w, https:\/\/www.symphonie-florale.com\/fleuriste-juvignac-montpellier\/wp-content\/uploads\/2017\/01\/bulbes-fleurs-plante-hiver-printemps-symphonie-florale-montpellier-juvignac_05-212x300.jpg 212w, https:\/\/www.symphonie-florale.com\/fleuriste-juvignac-montpellier\/wp-content\/uploads\/2017\/01\/bulbes-fleurs-plante-hiver-printemps-symphonie-florale-montpellier-juvignac_05-499x705.jpg 499w, https:\/\/www.symphonie-florale.com\/fleuriste-juvignac-montpellier\/wp-content\/uploads\/2017\/01\/bulbes-fleurs-plante-hiver-printemps-symphonie-florale-montpellier-juvignac_05-450x636.jpg 450w\" sizes=\"(max-width: 700px) 100vw, 700px\" \/><\/div><\/div><\/div><br \/>\n\n<style type=\"text\/css\" data-created_by=\"avia_inline_auto\" id=\"style-css-av-av_hr-a6de236e6c183bbbd700292deacd2b52\">\n#top .hr.hr-invisible.av-av_hr-a6de236e6c183bbbd700292deacd2b52{\nheight:20px;\n}\n<\/style>\n<div  class='hr av-av_hr-a6de236e6c183bbbd700292deacd2b52 hr-invisible  avia-builder-el-12  el_after_av_image  el_before_av_image  '><span class='hr-inner '><span class=\"hr-inner-style\"><\/span><\/span><\/div><br \/>\n\n<style type=\"text\/css\" data-created_by=\"avia_inline_auto\" id=\"style-css-av-av_image-4011fa6cbcecfca7be9e69f96fde7caf\">\n.avia-image-container.av-av_image-4011fa6cbcecfca7be9e69f96fde7caf .av-image-caption-overlay-center{\ncolor:#ffffff;\n}\n<\/style>\n<div  class='avia-image-container av-av_image-4011fa6cbcecfca7be9e69f96fde7caf av-styling- av-hover-grow avia-align-right  avia-builder-el-13  el_after_av_hr  avia-builder-el-last  '  itemprop=\"image\" itemscope=\"itemscope\" itemtype=\"https:\/\/schema.org\/ImageObject\" ><div class=\"avia-image-container-inner\"><div class=\"avia-image-overlay-wrap\"><img class='wp-image-1086 avia-img-lazy-loading-not-1086 avia_image' src=\"https:\/\/www.symphonie-florale.com\/fleuriste-juvignac-montpellier\/wp-content\/uploads\/2017\/01\/bulbes-fleurs-plante-hiver-printemps-symphonie-florale-montpellier-juvignac_14.jpg\" alt='bulbes-fleurs-plante-hiver-printemps-symphonie-florale-montpellier-juvignac_14' title='bulbes-fleurs-plante-hiver-printemps-symphonie-florale-montpellier-juvignac_14'  height=\"350\" width=\"700\"  itemprop=\"thumbnailUrl\" srcset=\"https:\/\/www.symphonie-florale.com\/fleuriste-juvignac-montpellier\/wp-content\/uploads\/2017\/01\/bulbes-fleurs-plante-hiver-printemps-symphonie-florale-montpellier-juvignac_14.jpg 700w, https:\/\/www.symphonie-florale.com\/fleuriste-juvignac-montpellier\/wp-content\/uploads\/2017\/01\/bulbes-fleurs-plante-hiver-printemps-symphonie-florale-montpellier-juvignac_14-300x150.jpg 300w, https:\/\/www.symphonie-florale.com\/fleuriste-juvignac-montpellier\/wp-content\/uploads\/2017\/01\/bulbes-fleurs-plante-hiver-printemps-symphonie-florale-montpellier-juvignac_14-450x225.jpg 450w\" sizes=\"(max-width: 700px) 100vw, 700px\" \/><\/div><\/div><\/div><\/p><\/div>\n\n<style type=\"text\/css\" data-created_by=\"avia_inline_auto\" id=\"style-css-av-av_one_full-9497bbf8bff73ea4c6992cc17fa9ec36\">\n.flex_column.av-av_one_full-9497bbf8bff73ea4c6992cc17fa9ec36{\nborder-radius:0px 0px 0px 0px;\n-webkit-border-radius:0px 0px 0px 0px;\n-moz-border-radius:0px 0px 0px 0px;\n}\n<\/style>\n<div class='flex_column av-av_one_full-9497bbf8bff73ea4c6992cc17fa9ec36 av_one_full  avia-builder-el-14  el_after_av_two_third  avia-builder-el-last  first flex_column_div av-zero-column-padding column-top-margin'   ><p>\n<style type=\"text\/css\" data-created_by=\"avia_inline_auto\" id=\"style-css-av-av_hr-a6de236e6c183bbbd700292deacd2b52\">\n#top .hr.hr-invisible.av-av_hr-a6de236e6c183bbbd700292deacd2b52{\nheight:20px;\n}\n<\/style>\n<div  class='hr av-av_hr-a6de236e6c183bbbd700292deacd2b52 hr-invisible  avia-builder-el-15  el_before_av_textblock  avia-builder-el-first  '><span class='hr-inner '><span class=\"hr-inner-style\"><\/span><\/span><\/div><br \/>\n<section class=\"av_textblock_section \"  itemscope=\"itemscope\" itemtype=\"https:\/\/schema.org\/CreativeWork\" ><div class='avia_textblock  '   itemprop=\"text\" ><p>Ces bulbes vous offriront une multitude de couleurs d\u00e8s le mois de mars.<\/p>\n<p>Vous d\u00e9couvrirez des bulbes de narcisses qui vous offriront une floraison allant du blanc \u00e0 l\u2019orange, en passant par le jaune dor\u00e9. Les bulbes de tulipes, quant \u00e0 eux, apporteront une multitude de couleurs et de formes. Les bulbes de jacinthes, au parfum d\u00e9licat, offriront plut\u00f4t des coloris blancs, rouges, violets. Les bulbes d\u2019iris vous offriront une gamme de coloris exceptionnels. Enfin, les bulbes d\u2019amaryllis, plante d\u2019origine tropicale, offriront une magnifique floraison haute en couleurs.<\/p>\n<\/div><\/section><\/p><\/div>\n","protected":false},"excerpt":{"rendered":"","protected":false},"author":1,"featured_media":0,"parent":13,"menu_order":0,"comment_status":"closed","ping_status":"closed","template":"","meta":[],"yoast_head":"<!-- This site is optimized with the Yoast SEO plugin v17.1 - https:\/\/yoast.com\/wordpress\/plugins\/seo\/ -->\n<title>les bulbes de fleurs - symphonie florale fleuriste art florale juvignac<\/title>\n<meta name=\"description\" content=\"Ces bulbes vous offriront une multitude de couleurs d\u00e8s le mois de mars.Vous d\u00e9couvrirez des bulbes de narcisses, les bulbes d\u2019iris, les bulbes d\u2019amaryllis\" \/>\n<meta name=\"robots\" content=\"index, follow, max-snippet:-1, max-image-preview:large, max-video-preview:-1\" \/>\n<link rel=\"canonical\" href=\"https:\/\/www.symphonie-florale.com\/fleuriste-juvignac-montpellier\/la-vitrine\/les-bulbes-de-fleurs\/\" \/>\n<meta property=\"og:locale\" content=\"fr_FR\" \/>\n<meta property=\"og:type\" content=\"article\" \/>\n<meta property=\"og:title\" content=\"les bulbes de fleurs - symphonie florale fleuriste art florale juvignac\" \/>\n<meta property=\"og:description\" content=\"Ces bulbes vous offriront une multitude de couleurs d\u00e8s le mois de mars.Vous d\u00e9couvrirez des bulbes de narcisses, les bulbes d\u2019iris, les bulbes d\u2019amaryllis\" \/>\n<meta property=\"og:url\" content=\"https:\/\/www.symphonie-florale.com\/fleuriste-juvignac-montpellier\/la-vitrine\/les-bulbes-de-fleurs\/\" \/>\n<meta property=\"og:site_name\" content=\"Symphonie Florale\" \/>\n<meta property=\"article:modified_time\" content=\"2017-01-13T17:25:39+00:00\" \/>\n<meta name=\"twitter:label1\" content=\"Dur\u00e9e de lecture est.\" \/>\n\t<meta name=\"twitter:data1\" content=\"4 minutes\" \/>\n<script type=\"application\/ld+json\" class=\"yoast-schema-graph\">{\"@context\":\"https:\/\/schema.org\",\"@graph\":[{\"@type\":\"WebSite\",\"@id\":\"https:\/\/www.symphonie-florale.com\/fleuriste-juvignac-montpellier\/#website\",\"url\":\"https:\/\/www.symphonie-florale.com\/fleuriste-juvignac-montpellier\/\",\"name\":\"Symphonie Florale\",\"description\":\"Fleuriste \\u00e0 Juvignac Montpellier\",\"potentialAction\":[{\"@type\":\"SearchAction\",\"target\":{\"@type\":\"EntryPoint\",\"urlTemplate\":\"https:\/\/www.symphonie-florale.com\/fleuriste-juvignac-montpellier\/?s={search_term_string}\"},\"query-input\":\"required name=search_term_string\"}],\"inLanguage\":\"fr-FR\"},{\"@type\":\"WebPage\",\"@id\":\"https:\/\/www.symphonie-florale.com\/fleuriste-juvignac-montpellier\/la-vitrine\/les-bulbes-de-fleurs\/#webpage\",\"url\":\"https:\/\/www.symphonie-florale.com\/fleuriste-juvignac-montpellier\/la-vitrine\/les-bulbes-de-fleurs\/\",\"name\":\"les bulbes de fleurs - symphonie florale fleuriste art florale juvignac\",\"isPartOf\":{\"@id\":\"https:\/\/www.symphonie-florale.com\/fleuriste-juvignac-montpellier\/#website\"},\"datePublished\":\"2017-01-13T15:35:24+00:00\",\"dateModified\":\"2017-01-13T17:25:39+00:00\",\"description\":\"Ces bulbes vous offriront une multitude de couleurs d\\u00e8s le mois de mars.Vous d\\u00e9couvrirez des bulbes de narcisses, les bulbes d\\u2019iris, les bulbes d\\u2019amaryllis\",\"breadcrumb\":{\"@id\":\"https:\/\/www.symphonie-florale.com\/fleuriste-juvignac-montpellier\/la-vitrine\/les-bulbes-de-fleurs\/#breadcrumb\"},\"inLanguage\":\"fr-FR\",\"potentialAction\":[{\"@type\":\"ReadAction\",\"target\":[\"https:\/\/www.symphonie-florale.com\/fleuriste-juvignac-montpellier\/la-vitrine\/les-bulbes-de-fleurs\/\"]}]},{\"@type\":\"BreadcrumbList\",\"@id\":\"https:\/\/www.symphonie-florale.com\/fleuriste-juvignac-montpellier\/la-vitrine\/les-bulbes-de-fleurs\/#breadcrumb\",\"itemListElement\":[{\"@type\":\"ListItem\",\"position\":1,\"name\":\"Accueil\",\"item\":\"https:\/\/www.symphonie-florale.com\/fleuriste-juvignac-montpellier\/\"},{\"@type\":\"ListItem\",\"position\":2,\"name\":\"La vitrine\",\"item\":\"https:\/\/www.symphonie-florale.com\/fleuriste-juvignac-montpellier\/la-vitrine\/\"},{\"@type\":\"ListItem\",\"position\":3,\"name\":\"Les bulbes de fleurs\"}]}]}<\/script>\n<!-- \/ Yoast SEO plugin. -->","yoast_head_json":{"title":"les bulbes de fleurs - symphonie florale fleuriste art florale juvignac","description":"Ces bulbes vous offriront une multitude de couleurs d\u00e8s le mois de mars.Vous d\u00e9couvrirez des bulbes de narcisses, les bulbes d\u2019iris, les bulbes d\u2019amaryllis","robots":{"index":"index","follow":"follow","max-snippet":"max-snippet:-1","max-image-preview":"max-image-preview:large","max-video-preview":"max-video-preview:-1"},"canonical":"https:\/\/www.symphonie-florale.com\/fleuriste-juvignac-montpellier\/la-vitrine\/les-bulbes-de-fleurs\/","og_locale":"fr_FR","og_type":"article","og_title":"les bulbes de fleurs - symphonie florale fleuriste art florale juvignac","og_description":"Ces bulbes vous offriront une multitude de couleurs d\u00e8s le mois de mars.Vous d\u00e9couvrirez des bulbes de narcisses, les bulbes d\u2019iris, les bulbes d\u2019amaryllis","og_url":"https:\/\/www.symphonie-florale.com\/fleuriste-juvignac-montpellier\/la-vitrine\/les-bulbes-de-fleurs\/","og_site_name":"Symphonie Florale","article_modified_time":"2017-01-13T17:25:39+00:00","twitter_misc":{"Dur\u00e9e de lecture est.":"4 minutes"},"schema":{"@context":"https:\/\/schema.org","@graph":[{"@type":"WebSite","@id":"https:\/\/www.symphonie-florale.com\/fleuriste-juvignac-montpellier\/#website","url":"https:\/\/www.symphonie-florale.com\/fleuriste-juvignac-montpellier\/","name":"Symphonie Florale","description":"Fleuriste \u00e0 Juvignac Montpellier","potentialAction":[{"@type":"SearchAction","target":{"@type":"EntryPoint","urlTemplate":"https:\/\/www.symphonie-florale.com\/fleuriste-juvignac-montpellier\/?s={search_term_string}"},"query-input":"required name=search_term_string"}],"inLanguage":"fr-FR"},{"@type":"WebPage","@id":"https:\/\/www.symphonie-florale.com\/fleuriste-juvignac-montpellier\/la-vitrine\/les-bulbes-de-fleurs\/#webpage","url":"https:\/\/www.symphonie-florale.com\/fleuriste-juvignac-montpellier\/la-vitrine\/les-bulbes-de-fleurs\/","name":"les bulbes de fleurs - symphonie florale fleuriste art florale juvignac","isPartOf":{"@id":"https:\/\/www.symphonie-florale.com\/fleuriste-juvignac-montpellier\/#website"},"datePublished":"2017-01-13T15:35:24+00:00","dateModified":"2017-01-13T17:25:39+00:00","description":"Ces bulbes vous offriront une multitude de couleurs d\u00e8s le mois de mars.Vous d\u00e9couvrirez des bulbes de narcisses, les bulbes d\u2019iris, les bulbes d\u2019amaryllis","breadcrumb":{"@id":"https:\/\/www.symphonie-florale.com\/fleuriste-juvignac-montpellier\/la-vitrine\/les-bulbes-de-fleurs\/#breadcrumb"},"inLanguage":"fr-FR","potentialAction":[{"@type":"ReadAction","target":["https:\/\/www.symphonie-florale.com\/fleuriste-juvignac-montpellier\/la-vitrine\/les-bulbes-de-fleurs\/"]}]},{"@type":"BreadcrumbList","@id":"https:\/\/www.symphonie-florale.com\/fleuriste-juvignac-montpellier\/la-vitrine\/les-bulbes-de-fleurs\/#breadcrumb","itemListElement":[{"@type":"ListItem","position":1,"name":"Accueil","item":"https:\/\/www.symphonie-florale.com\/fleuriste-juvignac-montpellier\/"},{"@type":"ListItem","position":2,"name":"La vitrine","item":"https:\/\/www.symphonie-florale.com\/fleuriste-juvignac-montpellier\/la-vitrine\/"},{"@type":"ListItem","position":3,"name":"Les bulbes de fleurs"}]}]}},"_links":{"self":[{"href":"https:\/\/www.symphonie-florale.com\/fleuriste-juvignac-montpellier\/wp-json\/wp\/v2\/pages\/1095"}],"collection":[{"href":"https:\/\/www.symphonie-florale.com\/fleuriste-juvignac-montpellier\/wp-json\/wp\/v2\/pages"}],"about":[{"href":"https:\/\/www.symphonie-florale.com\/fleuriste-juvignac-montpellier\/wp-json\/wp\/v2\/types\/page"}],"author":[{"embeddable":true,"href":"https:\/\/www.symphonie-florale.com\/fleuriste-juvignac-montpellier\/wp-json\/wp\/v2\/users\/1"}],"replies":[{"embeddable":true,"href":"https:\/\/www.symphonie-florale.com\/fleuriste-juvignac-montpellier\/wp-json\/wp\/v2\/comments?post=1095"}],"version-history":[{"count":7,"href":"https:\/\/www.symphonie-florale.com\/fleuriste-juvignac-montpellier\/wp-json\/wp\/v2\/pages\/1095\/revisions"}],"predecessor-version":[{"id":1117,"href":"https:\/\/www.symphonie-florale.com\/fleuriste-juvignac-montpellier\/wp-json\/wp\/v2\/pages\/1095\/revisions\/1117"}],"up":[{"embeddable":true,"href":"https:\/\/www.symphonie-florale.com\/fleuriste-juvignac-montpellier\/wp-json\/wp\/v2\/pages\/13"}],"wp:attachment":[{"href":"https:\/\/www.symphonie-florale.com\/fleuriste-juvignac-montpellier\/wp-json\/wp\/v2\/media?parent=1095"}],"curies":[{"name":"wp","href":"https:\/\/api.w.org\/{rel}","templated":true}]}}