{"id":1102,"date":"2017-01-13T16:46:48","date_gmt":"2017-01-13T15:46:48","guid":{"rendered":"http:\/\/www.symphonie-florale.com\/fleuriste-juvignac-montpellier\/?page_id=1102"},"modified":"2017-01-13T18:26:18","modified_gmt":"2017-01-13T17:26:18","slug":"les-plantes-grasses-2","status":"publish","type":"page","link":"https:\/\/www.symphonie-florale.com\/fleuriste-juvignac-montpellier\/la-vitrine\/les-plantes-grasses-2\/","title":{"rendered":"Les plantes grasses"},"content":{"rendered":"\n<style type=\"text\/css\" data-created_by=\"avia_inline_auto\" id=\"style-css-av-av_one_full-9497bbf8bff73ea4c6992cc17fa9ec36\">\n.flex_column.av-av_one_full-9497bbf8bff73ea4c6992cc17fa9ec36{\nborder-radius:0px 0px 0px 0px;\n-webkit-border-radius:0px 0px 0px 0px;\n-moz-border-radius:0px 0px 0px 0px;\n}\n<\/style>\n<div class='flex_column av-av_one_full-9497bbf8bff73ea4c6992cc17fa9ec36 av_one_full  avia-builder-el-0  el_before_av_one_half  avia-builder-el-first  first flex_column_div av-zero-column-padding '   ><p>\n<style type=\"text\/css\" data-created_by=\"avia_inline_auto\" id=\"style-css-av-av_heading-9f99fcc785f303e3d0328f4b25b23628\">\n#top .av-special-heading.av-av_heading-9f99fcc785f303e3d0328f4b25b23628{\npadding-bottom:10px;\n}\n<\/style>\n<div  class='av-special-heading av-av_heading-9f99fcc785f303e3d0328f4b25b23628 av-special-heading-h1  avia-builder-el-1  el_before_av_textblock  avia-builder-el-first  '><h1 class='av-special-heading-tag '  itemprop=\"headline\"  >Les plantes grasses<\/h1><div class='special-heading-border'><div class='special-heading-inner-border'><\/div><\/div><\/div><br \/>\n<section class=\"av_textblock_section \"  itemscope=\"itemscope\" itemtype=\"https:\/\/schema.org\/CreativeWork\" ><div class='avia_textblock  '   itemprop=\"text\" ><p>Ces<strong> plantes grasses<\/strong> ont un tr\u00e8s gros avantage : elles n\u2019ont pas besoin de beaucoup d\u2019entretien !<\/p>\n<p>Elles se plairont parfaitement dans votre int\u00e9rieur, seules conditions : pas d\u2019exc\u00e8s d\u2019eau et pas de lumi\u00e8re directe. Les haworthias, plante de la famille des alo\u00e9 verra, ne vous laisseront pas indiff\u00e9rents de part leurs rosettes de feuillages verts, plus ou moins fonc\u00e9s. Excellentes plantes d\u2019int\u00e9rieurs, <strong>les plantes grasses<\/strong> sont tr\u00e8s r\u00e9sistantes \u00e0 la s\u00e9cheresse et peuvent m\u00eame vivre dans des endroits sombres !<\/p>\n<\/div><\/section><br \/>\n\n<style type=\"text\/css\" data-created_by=\"avia_inline_auto\" id=\"style-css-av-av_hr-a6de236e6c183bbbd700292deacd2b52\">\n#top .hr.hr-invisible.av-av_hr-a6de236e6c183bbbd700292deacd2b52{\nheight:20px;\n}\n<\/style>\n<div  class='hr av-av_hr-a6de236e6c183bbbd700292deacd2b52 hr-invisible  avia-builder-el-3  el_after_av_textblock  avia-builder-el-last  '><span class='hr-inner '><span class=\"hr-inner-style\"><\/span><\/span><\/div><\/p><\/div>\n<style type=\"text\/css\" data-created_by=\"avia_inline_auto\" id=\"style-css-av-av_one_half-4f71affefb2767b0d4aacb5c1c60140d\">\n.flex_column.av-av_one_half-4f71affefb2767b0d4aacb5c1c60140d{\nborder-radius:0px 0px 0px 0px;\n-webkit-border-radius:0px 0px 0px 0px;\n-moz-border-radius:0px 0px 0px 0px;\n}\n<\/style>\n<div class='flex_column av-av_one_half-4f71affefb2767b0d4aacb5c1c60140d av_one_half  avia-builder-el-4  el_after_av_one_full  el_before_av_one_half  first no_margin flex_column_div av-zero-column-padding column-top-margin'   ><p>\n<style type=\"text\/css\" data-created_by=\"avia_inline_auto\" id=\"style-css-av-av_image-e31d8af1680b8db23d37927c0ffd6cbd\">\n.avia-image-container.av-av_image-e31d8af1680b8db23d37927c0ffd6cbd .av-image-caption-overlay-center{\ncolor:#ffffff;\n}\n<\/style>\n<div  class='avia-image-container av-av_image-e31d8af1680b8db23d37927c0ffd6cbd av-styling- av-hover-grow avia-align-left  avia-builder-el-5  el_before_av_hr  avia-builder-el-first  '  itemprop=\"image\" itemscope=\"itemscope\" itemtype=\"https:\/\/schema.org\/ImageObject\" ><div class=\"avia-image-container-inner\"><div class=\"avia-image-overlay-wrap\"><img class='wp-image-1090 avia-img-lazy-loading-not-1090 avia_image' src=\"https:\/\/www.symphonie-florale.com\/fleuriste-juvignac-montpellier\/wp-content\/uploads\/2017\/01\/symphonie-florale-juvignac-montpellier-les-plantes-grasses_03.jpg\" alt='symphonie-florale-juvignac-montpellier-les-plantes-grasses_03' title='symphonie-florale-juvignac-montpellier-les-plantes-grasses_03'  height=\"309\" width=\"476\"  itemprop=\"thumbnailUrl\" srcset=\"https:\/\/www.symphonie-florale.com\/fleuriste-juvignac-montpellier\/wp-content\/uploads\/2017\/01\/symphonie-florale-juvignac-montpellier-les-plantes-grasses_03.jpg 476w, https:\/\/www.symphonie-florale.com\/fleuriste-juvignac-montpellier\/wp-content\/uploads\/2017\/01\/symphonie-florale-juvignac-montpellier-les-plantes-grasses_03-300x195.jpg 300w, https:\/\/www.symphonie-florale.com\/fleuriste-juvignac-montpellier\/wp-content\/uploads\/2017\/01\/symphonie-florale-juvignac-montpellier-les-plantes-grasses_03-450x292.jpg 450w\" sizes=\"(max-width: 476px) 100vw, 476px\" \/><\/div><\/div><\/div><br \/>\n\n<style type=\"text\/css\" data-created_by=\"avia_inline_auto\" id=\"style-css-av-av_hr-a6de236e6c183bbbd700292deacd2b52\">\n#top .hr.hr-invisible.av-av_hr-a6de236e6c183bbbd700292deacd2b52{\nheight:20px;\n}\n<\/style>\n<div  class='hr av-av_hr-a6de236e6c183bbbd700292deacd2b52 hr-invisible  avia-builder-el-6  el_after_av_image  el_before_av_image  '><span class='hr-inner '><span class=\"hr-inner-style\"><\/span><\/span><\/div><br \/>\n\n<style type=\"text\/css\" data-created_by=\"avia_inline_auto\" id=\"style-css-av-av_image-480d110ccf3fa01a4342c4ddc619771e\">\n.avia-image-container.av-av_image-480d110ccf3fa01a4342c4ddc619771e .av-image-caption-overlay-center{\ncolor:#ffffff;\n}\n<\/style>\n<div  class='avia-image-container av-av_image-480d110ccf3fa01a4342c4ddc619771e av-styling- av-hover-grow avia-align-left  avia-builder-el-7  el_after_av_hr  el_before_av_hr  '  itemprop=\"image\" itemscope=\"itemscope\" itemtype=\"https:\/\/schema.org\/ImageObject\" ><div class=\"avia-image-container-inner\"><div class=\"avia-image-overlay-wrap\"><img class='wp-image-1092 avia-img-lazy-loading-not-1092 avia_image' src=\"https:\/\/www.symphonie-florale.com\/fleuriste-juvignac-montpellier\/wp-content\/uploads\/2017\/01\/symphonie-florale-juvignac-montpellier-les-plantes-grasses_08.jpg\" alt='symphonie-florale-juvignac-montpellier-les-plantes-grasses_08' title='symphonie-florale-juvignac-montpellier-les-plantes-grasses_08'  height=\"722\" width=\"476\"  itemprop=\"thumbnailUrl\" srcset=\"https:\/\/www.symphonie-florale.com\/fleuriste-juvignac-montpellier\/wp-content\/uploads\/2017\/01\/symphonie-florale-juvignac-montpellier-les-plantes-grasses_08.jpg 476w, https:\/\/www.symphonie-florale.com\/fleuriste-juvignac-montpellier\/wp-content\/uploads\/2017\/01\/symphonie-florale-juvignac-montpellier-les-plantes-grasses_08-198x300.jpg 198w, https:\/\/www.symphonie-florale.com\/fleuriste-juvignac-montpellier\/wp-content\/uploads\/2017\/01\/symphonie-florale-juvignac-montpellier-les-plantes-grasses_08-465x705.jpg 465w, https:\/\/www.symphonie-florale.com\/fleuriste-juvignac-montpellier\/wp-content\/uploads\/2017\/01\/symphonie-florale-juvignac-montpellier-les-plantes-grasses_08-450x683.jpg 450w\" sizes=\"(max-width: 476px) 100vw, 476px\" \/><\/div><\/div><\/div><br \/>\n\n<style type=\"text\/css\" data-created_by=\"avia_inline_auto\" id=\"style-css-av-av_hr-a6de236e6c183bbbd700292deacd2b52\">\n#top .hr.hr-invisible.av-av_hr-a6de236e6c183bbbd700292deacd2b52{\nheight:20px;\n}\n<\/style>\n<div  class='hr av-av_hr-a6de236e6c183bbbd700292deacd2b52 hr-invisible  avia-builder-el-8  el_after_av_image  avia-builder-el-last  '><span class='hr-inner '><span class=\"hr-inner-style\"><\/span><\/span><\/div><\/p><\/div><\/p>\n\n<style type=\"text\/css\" data-created_by=\"avia_inline_auto\" id=\"style-css-av-av_one_half-9c1d454dc06f7247226bc4e8f931daae\">\n.flex_column.av-av_one_half-9c1d454dc06f7247226bc4e8f931daae{\nborder-radius:0px 0px 0px 0px;\n-webkit-border-radius:0px 0px 0px 0px;\n-moz-border-radius:0px 0px 0px 0px;\n}\n<\/style>\n<div class='flex_column av-av_one_half-9c1d454dc06f7247226bc4e8f931daae av_one_half  avia-builder-el-9  el_after_av_one_half  el_before_av_one_full  no_margin flex_column_div av-zero-column-padding column-top-margin'   ><p>\n<style type=\"text\/css\" data-created_by=\"avia_inline_auto\" id=\"style-css-av-av_image-795dca8fadf79305c9860625f8f10132\">\n.avia-image-container.av-av_image-795dca8fadf79305c9860625f8f10132 .av-image-caption-overlay-center{\ncolor:#ffffff;\n}\n<\/style>\n<div  class='avia-image-container av-av_image-795dca8fadf79305c9860625f8f10132 av-styling- av-hover-grow avia-align-right  avia-builder-el-10  el_before_av_hr  avia-builder-el-first  '  itemprop=\"image\" itemscope=\"itemscope\" itemtype=\"https:\/\/schema.org\/ImageObject\" ><div class=\"avia-image-container-inner\"><div class=\"avia-image-overlay-wrap\"><img class='wp-image-1091 avia-img-lazy-loading-not-1091 avia_image' src=\"https:\/\/www.symphonie-florale.com\/fleuriste-juvignac-montpellier\/wp-content\/uploads\/2017\/01\/symphonie-florale-juvignac-montpellier-les-plantes-grasses_05.jpg\" alt='symphonie-florale-juvignac-montpellier-les-plantes-grasses_05' title='symphonie-florale-juvignac-montpellier-les-plantes-grasses_05'  height=\"839\" width=\"555\"  itemprop=\"thumbnailUrl\" srcset=\"https:\/\/www.symphonie-florale.com\/fleuriste-juvignac-montpellier\/wp-content\/uploads\/2017\/01\/symphonie-florale-juvignac-montpellier-les-plantes-grasses_05.jpg 555w, https:\/\/www.symphonie-florale.com\/fleuriste-juvignac-montpellier\/wp-content\/uploads\/2017\/01\/symphonie-florale-juvignac-montpellier-les-plantes-grasses_05-198x300.jpg 198w, https:\/\/www.symphonie-florale.com\/fleuriste-juvignac-montpellier\/wp-content\/uploads\/2017\/01\/symphonie-florale-juvignac-montpellier-les-plantes-grasses_05-466x705.jpg 466w, https:\/\/www.symphonie-florale.com\/fleuriste-juvignac-montpellier\/wp-content\/uploads\/2017\/01\/symphonie-florale-juvignac-montpellier-les-plantes-grasses_05-450x680.jpg 450w\" sizes=\"(max-width: 555px) 100vw, 555px\" \/><\/div><\/div><\/div><br \/>\n\n<style type=\"text\/css\" data-created_by=\"avia_inline_auto\" id=\"style-css-av-av_hr-a6de236e6c183bbbd700292deacd2b52\">\n#top .hr.hr-invisible.av-av_hr-a6de236e6c183bbbd700292deacd2b52{\nheight:20px;\n}\n<\/style>\n<div  class='hr av-av_hr-a6de236e6c183bbbd700292deacd2b52 hr-invisible  avia-builder-el-11  el_after_av_image  el_before_av_textblock  '><span class='hr-inner '><span class=\"hr-inner-style\"><\/span><\/span><\/div><br \/>\n<section class=\"av_textblock_section \"  itemscope=\"itemscope\" itemtype=\"https:\/\/schema.org\/CreativeWork\" ><div class='avia_textblock  '   itemprop=\"text\" ><p>Laissez-vous s\u00e9duire par nos magnifiques plantes grasses originales, les Senecio, dites plantes de collier de perle, originaires d\u2019Afrique.<\/p>\n<p>Rampantes ou retombantes, elles vous surprendront par leur forme et leurs inflorescences d\u00e9licates et parfum\u00e9es. Un ensoleillement de quelques heures par jour lui suffira, vous pourrez la placer id\u00e9alement devant une fen\u00eatre bien ensoleill\u00e9e.<\/p>\n<\/div><\/section><br \/>\n\n<style type=\"text\/css\" data-created_by=\"avia_inline_auto\" id=\"style-css-av-av_hr-a6de236e6c183bbbd700292deacd2b52\">\n#top .hr.hr-invisible.av-av_hr-a6de236e6c183bbbd700292deacd2b52{\nheight:20px;\n}\n<\/style>\n<div  class='hr av-av_hr-a6de236e6c183bbbd700292deacd2b52 hr-invisible  avia-builder-el-13  el_after_av_textblock  avia-builder-el-last  '><span class='hr-inner '><span class=\"hr-inner-style\"><\/span><\/span><\/div><\/p><\/div>\n\n<style type=\"text\/css\" data-created_by=\"avia_inline_auto\" id=\"style-css-av-av_one_full-9497bbf8bff73ea4c6992cc17fa9ec36\">\n.flex_column.av-av_one_full-9497bbf8bff73ea4c6992cc17fa9ec36{\nborder-radius:0px 0px 0px 0px;\n-webkit-border-radius:0px 0px 0px 0px;\n-moz-border-radius:0px 0px 0px 0px;\n}\n<\/style>\n<div class='flex_column av-av_one_full-9497bbf8bff73ea4c6992cc17fa9ec36 av_one_full  avia-builder-el-14  el_after_av_one_half  avia-builder-el-last  first flex_column_div av-zero-column-padding column-top-margin'   ><p>\n<style type=\"text\/css\" data-created_by=\"avia_inline_auto\" id=\"style-css-av-av_image-a9798fa7650a7531112fdfcdb0e3ddfd\">\n.avia-image-container.av-av_image-a9798fa7650a7531112fdfcdb0e3ddfd .av-image-caption-overlay-center{\ncolor:#ffffff;\n}\n<\/style>\n<div  class='avia-image-container av-av_image-a9798fa7650a7531112fdfcdb0e3ddfd av-styling- av-hover-grow avia-align-left  avia-builder-el-15  el_before_av_hr  avia-builder-el-first  '  itemprop=\"image\" itemscope=\"itemscope\" itemtype=\"https:\/\/schema.org\/ImageObject\" ><div class=\"avia-image-container-inner\"><div class=\"avia-image-overlay-wrap\"><img class='wp-image-1093 avia-img-lazy-loading-not-1093 avia_image' src=\"https:\/\/www.symphonie-florale.com\/fleuriste-juvignac-montpellier\/wp-content\/uploads\/2017\/01\/symphonie-florale-juvignac-montpellier-les-plantes-grasses_11.jpg\" alt='symphonie-florale-juvignac-montpellier-les-plantes-grasses_11' title='symphonie-florale-juvignac-montpellier-les-plantes-grasses_11'  height=\"539\" width=\"1062\"  itemprop=\"thumbnailUrl\" srcset=\"https:\/\/www.symphonie-florale.com\/fleuriste-juvignac-montpellier\/wp-content\/uploads\/2017\/01\/symphonie-florale-juvignac-montpellier-les-plantes-grasses_11.jpg 1062w, https:\/\/www.symphonie-florale.com\/fleuriste-juvignac-montpellier\/wp-content\/uploads\/2017\/01\/symphonie-florale-juvignac-montpellier-les-plantes-grasses_11-300x152.jpg 300w, https:\/\/www.symphonie-florale.com\/fleuriste-juvignac-montpellier\/wp-content\/uploads\/2017\/01\/symphonie-florale-juvignac-montpellier-les-plantes-grasses_11-1030x523.jpg 1030w, https:\/\/www.symphonie-florale.com\/fleuriste-juvignac-montpellier\/wp-content\/uploads\/2017\/01\/symphonie-florale-juvignac-montpellier-les-plantes-grasses_11-705x358.jpg 705w, https:\/\/www.symphonie-florale.com\/fleuriste-juvignac-montpellier\/wp-content\/uploads\/2017\/01\/symphonie-florale-juvignac-montpellier-les-plantes-grasses_11-450x228.jpg 450w\" sizes=\"(max-width: 1062px) 100vw, 1062px\" \/><\/div><\/div><\/div><br \/>\n\n<style type=\"text\/css\" data-created_by=\"avia_inline_auto\" id=\"style-css-av-av_hr-a6de236e6c183bbbd700292deacd2b52\">\n#top .hr.hr-invisible.av-av_hr-a6de236e6c183bbbd700292deacd2b52{\nheight:20px;\n}\n<\/style>\n<div  class='hr av-av_hr-a6de236e6c183bbbd700292deacd2b52 hr-invisible  avia-builder-el-16  el_after_av_image  el_before_av_image  '><span class='hr-inner '><span class=\"hr-inner-style\"><\/span><\/span><\/div><br \/>\n\n<style type=\"text\/css\" data-created_by=\"avia_inline_auto\" id=\"style-css-av-av_image-d675ef02a7a95311ee35a4ba3ba05df3\">\n.avia-image-container.av-av_image-d675ef02a7a95311ee35a4ba3ba05df3 .av-image-caption-overlay-center{\ncolor:#ffffff;\n}\n<\/style>\n<div  class='avia-image-container av-av_image-d675ef02a7a95311ee35a4ba3ba05df3 av-styling- av-hover-grow avia-align-left  avia-builder-el-17  el_after_av_hr  avia-builder-el-last  '  itemprop=\"image\" itemscope=\"itemscope\" itemtype=\"https:\/\/schema.org\/ImageObject\" ><div class=\"avia-image-container-inner\"><div class=\"avia-image-overlay-wrap\"><img class='wp-image-1094 avia-img-lazy-loading-not-1094 avia_image' src=\"https:\/\/www.symphonie-florale.com\/fleuriste-juvignac-montpellier\/wp-content\/uploads\/2017\/01\/symphonie-florale-juvignac-montpellier-les-plantes-grasses_13.jpg\" alt='symphonie-florale-juvignac-montpellier-les-plantes-grasses_13' title='symphonie-florale-juvignac-montpellier-les-plantes-grasses_13'  height=\"506\" width=\"1062\"  itemprop=\"thumbnailUrl\" srcset=\"https:\/\/www.symphonie-florale.com\/fleuriste-juvignac-montpellier\/wp-content\/uploads\/2017\/01\/symphonie-florale-juvignac-montpellier-les-plantes-grasses_13.jpg 1062w, https:\/\/www.symphonie-florale.com\/fleuriste-juvignac-montpellier\/wp-content\/uploads\/2017\/01\/symphonie-florale-juvignac-montpellier-les-plantes-grasses_13-300x143.jpg 300w, https:\/\/www.symphonie-florale.com\/fleuriste-juvignac-montpellier\/wp-content\/uploads\/2017\/01\/symphonie-florale-juvignac-montpellier-les-plantes-grasses_13-1030x491.jpg 1030w, https:\/\/www.symphonie-florale.com\/fleuriste-juvignac-montpellier\/wp-content\/uploads\/2017\/01\/symphonie-florale-juvignac-montpellier-les-plantes-grasses_13-705x336.jpg 705w, https:\/\/www.symphonie-florale.com\/fleuriste-juvignac-montpellier\/wp-content\/uploads\/2017\/01\/symphonie-florale-juvignac-montpellier-les-plantes-grasses_13-450x214.jpg 450w\" sizes=\"(max-width: 1062px) 100vw, 1062px\" \/><\/div><\/div><\/div><\/p><\/div>\n","protected":false},"excerpt":{"rendered":"","protected":false},"author":1,"featured_media":0,"parent":13,"menu_order":0,"comment_status":"closed","ping_status":"closed","template":"","meta":[],"yoast_head":"<!-- This site is optimized with the Yoast SEO plugin v17.1 - https:\/\/yoast.com\/wordpress\/plugins\/seo\/ -->\n<title>plantes grasses - symphonie florale juvignac montpellier<\/title>\n<meta name=\"description\" content=\"Les plantes grasses ont un tr\u00e8s gros avantage : elles n\u2019ont pas besoin de beaucoup d\u2019entretien ! Elles se plairont parfaitement dans votre int\u00e9rieur\" \/>\n<meta name=\"robots\" content=\"index, follow, max-snippet:-1, max-image-preview:large, max-video-preview:-1\" \/>\n<link rel=\"canonical\" href=\"https:\/\/www.symphonie-florale.com\/fleuriste-juvignac-montpellier\/la-vitrine\/les-plantes-grasses-2\/\" \/>\n<meta property=\"og:locale\" content=\"fr_FR\" \/>\n<meta property=\"og:type\" content=\"article\" \/>\n<meta property=\"og:title\" content=\"plantes grasses - symphonie florale juvignac montpellier\" \/>\n<meta property=\"og:description\" content=\"Les plantes grasses ont un tr\u00e8s gros avantage : elles n\u2019ont pas besoin de beaucoup d\u2019entretien ! Elles se plairont parfaitement dans votre int\u00e9rieur\" \/>\n<meta property=\"og:url\" content=\"https:\/\/www.symphonie-florale.com\/fleuriste-juvignac-montpellier\/la-vitrine\/les-plantes-grasses-2\/\" \/>\n<meta property=\"og:site_name\" content=\"Symphonie Florale\" \/>\n<meta property=\"article:modified_time\" content=\"2017-01-13T17:26:18+00:00\" \/>\n<meta name=\"twitter:label1\" content=\"Dur\u00e9e de lecture est.\" \/>\n\t<meta name=\"twitter:data1\" content=\"5 minutes\" \/>\n<script type=\"application\/ld+json\" class=\"yoast-schema-graph\">{\"@context\":\"https:\/\/schema.org\",\"@graph\":[{\"@type\":\"WebSite\",\"@id\":\"https:\/\/www.symphonie-florale.com\/fleuriste-juvignac-montpellier\/#website\",\"url\":\"https:\/\/www.symphonie-florale.com\/fleuriste-juvignac-montpellier\/\",\"name\":\"Symphonie Florale\",\"description\":\"Fleuriste \\u00e0 Juvignac Montpellier\",\"potentialAction\":[{\"@type\":\"SearchAction\",\"target\":{\"@type\":\"EntryPoint\",\"urlTemplate\":\"https:\/\/www.symphonie-florale.com\/fleuriste-juvignac-montpellier\/?s={search_term_string}\"},\"query-input\":\"required name=search_term_string\"}],\"inLanguage\":\"fr-FR\"},{\"@type\":\"WebPage\",\"@id\":\"https:\/\/www.symphonie-florale.com\/fleuriste-juvignac-montpellier\/la-vitrine\/les-plantes-grasses-2\/#webpage\",\"url\":\"https:\/\/www.symphonie-florale.com\/fleuriste-juvignac-montpellier\/la-vitrine\/les-plantes-grasses-2\/\",\"name\":\"plantes grasses - symphonie florale juvignac montpellier\",\"isPartOf\":{\"@id\":\"https:\/\/www.symphonie-florale.com\/fleuriste-juvignac-montpellier\/#website\"},\"datePublished\":\"2017-01-13T15:46:48+00:00\",\"dateModified\":\"2017-01-13T17:26:18+00:00\",\"description\":\"Les plantes grasses ont un tr\\u00e8s gros avantage : elles n\\u2019ont pas besoin de beaucoup d\\u2019entretien ! Elles se plairont parfaitement dans votre int\\u00e9rieur\",\"breadcrumb\":{\"@id\":\"https:\/\/www.symphonie-florale.com\/fleuriste-juvignac-montpellier\/la-vitrine\/les-plantes-grasses-2\/#breadcrumb\"},\"inLanguage\":\"fr-FR\",\"potentialAction\":[{\"@type\":\"ReadAction\",\"target\":[\"https:\/\/www.symphonie-florale.com\/fleuriste-juvignac-montpellier\/la-vitrine\/les-plantes-grasses-2\/\"]}]},{\"@type\":\"BreadcrumbList\",\"@id\":\"https:\/\/www.symphonie-florale.com\/fleuriste-juvignac-montpellier\/la-vitrine\/les-plantes-grasses-2\/#breadcrumb\",\"itemListElement\":[{\"@type\":\"ListItem\",\"position\":1,\"name\":\"Accueil\",\"item\":\"https:\/\/www.symphonie-florale.com\/fleuriste-juvignac-montpellier\/\"},{\"@type\":\"ListItem\",\"position\":2,\"name\":\"La vitrine\",\"item\":\"https:\/\/www.symphonie-florale.com\/fleuriste-juvignac-montpellier\/la-vitrine\/\"},{\"@type\":\"ListItem\",\"position\":3,\"name\":\"Les plantes grasses\"}]}]}<\/script>\n<!-- \/ Yoast SEO plugin. -->","yoast_head_json":{"title":"plantes grasses - symphonie florale juvignac montpellier","description":"Les plantes grasses ont un tr\u00e8s gros avantage : elles n\u2019ont pas besoin de beaucoup d\u2019entretien ! Elles se plairont parfaitement dans votre int\u00e9rieur","robots":{"index":"index","follow":"follow","max-snippet":"max-snippet:-1","max-image-preview":"max-image-preview:large","max-video-preview":"max-video-preview:-1"},"canonical":"https:\/\/www.symphonie-florale.com\/fleuriste-juvignac-montpellier\/la-vitrine\/les-plantes-grasses-2\/","og_locale":"fr_FR","og_type":"article","og_title":"plantes grasses - symphonie florale juvignac montpellier","og_description":"Les plantes grasses ont un tr\u00e8s gros avantage : elles n\u2019ont pas besoin de beaucoup d\u2019entretien ! Elles se plairont parfaitement dans votre int\u00e9rieur","og_url":"https:\/\/www.symphonie-florale.com\/fleuriste-juvignac-montpellier\/la-vitrine\/les-plantes-grasses-2\/","og_site_name":"Symphonie Florale","article_modified_time":"2017-01-13T17:26:18+00:00","twitter_misc":{"Dur\u00e9e de lecture est.":"5 minutes"},"schema":{"@context":"https:\/\/schema.org","@graph":[{"@type":"WebSite","@id":"https:\/\/www.symphonie-florale.com\/fleuriste-juvignac-montpellier\/#website","url":"https:\/\/www.symphonie-florale.com\/fleuriste-juvignac-montpellier\/","name":"Symphonie Florale","description":"Fleuriste \u00e0 Juvignac Montpellier","potentialAction":[{"@type":"SearchAction","target":{"@type":"EntryPoint","urlTemplate":"https:\/\/www.symphonie-florale.com\/fleuriste-juvignac-montpellier\/?s={search_term_string}"},"query-input":"required name=search_term_string"}],"inLanguage":"fr-FR"},{"@type":"WebPage","@id":"https:\/\/www.symphonie-florale.com\/fleuriste-juvignac-montpellier\/la-vitrine\/les-plantes-grasses-2\/#webpage","url":"https:\/\/www.symphonie-florale.com\/fleuriste-juvignac-montpellier\/la-vitrine\/les-plantes-grasses-2\/","name":"plantes grasses - symphonie florale juvignac montpellier","isPartOf":{"@id":"https:\/\/www.symphonie-florale.com\/fleuriste-juvignac-montpellier\/#website"},"datePublished":"2017-01-13T15:46:48+00:00","dateModified":"2017-01-13T17:26:18+00:00","description":"Les plantes grasses ont un tr\u00e8s gros avantage : elles n\u2019ont pas besoin de beaucoup d\u2019entretien ! Elles se plairont parfaitement dans votre int\u00e9rieur","breadcrumb":{"@id":"https:\/\/www.symphonie-florale.com\/fleuriste-juvignac-montpellier\/la-vitrine\/les-plantes-grasses-2\/#breadcrumb"},"inLanguage":"fr-FR","potentialAction":[{"@type":"ReadAction","target":["https:\/\/www.symphonie-florale.com\/fleuriste-juvignac-montpellier\/la-vitrine\/les-plantes-grasses-2\/"]}]},{"@type":"BreadcrumbList","@id":"https:\/\/www.symphonie-florale.com\/fleuriste-juvignac-montpellier\/la-vitrine\/les-plantes-grasses-2\/#breadcrumb","itemListElement":[{"@type":"ListItem","position":1,"name":"Accueil","item":"https:\/\/www.symphonie-florale.com\/fleuriste-juvignac-montpellier\/"},{"@type":"ListItem","position":2,"name":"La vitrine","item":"https:\/\/www.symphonie-florale.com\/fleuriste-juvignac-montpellier\/la-vitrine\/"},{"@type":"ListItem","position":3,"name":"Les plantes grasses"}]}]}},"_links":{"self":[{"href":"https:\/\/www.symphonie-florale.com\/fleuriste-juvignac-montpellier\/wp-json\/wp\/v2\/pages\/1102"}],"collection":[{"href":"https:\/\/www.symphonie-florale.com\/fleuriste-juvignac-montpellier\/wp-json\/wp\/v2\/pages"}],"about":[{"href":"https:\/\/www.symphonie-florale.com\/fleuriste-juvignac-montpellier\/wp-json\/wp\/v2\/types\/page"}],"author":[{"embeddable":true,"href":"https:\/\/www.symphonie-florale.com\/fleuriste-juvignac-montpellier\/wp-json\/wp\/v2\/users\/1"}],"replies":[{"embeddable":true,"href":"https:\/\/www.symphonie-florale.com\/fleuriste-juvignac-montpellier\/wp-json\/wp\/v2\/comments?post=1102"}],"version-history":[{"count":3,"href":"https:\/\/www.symphonie-florale.com\/fleuriste-juvignac-montpellier\/wp-json\/wp\/v2\/pages\/1102\/revisions"}],"predecessor-version":[{"id":1118,"href":"https:\/\/www.symphonie-florale.com\/fleuriste-juvignac-montpellier\/wp-json\/wp\/v2\/pages\/1102\/revisions\/1118"}],"up":[{"embeddable":true,"href":"https:\/\/www.symphonie-florale.com\/fleuriste-juvignac-montpellier\/wp-json\/wp\/v2\/pages\/13"}],"wp:attachment":[{"href":"https:\/\/www.symphonie-florale.com\/fleuriste-juvignac-montpellier\/wp-json\/wp\/v2\/media?parent=1102"}],"curies":[{"name":"wp","href":"https:\/\/api.w.org\/{rel}","templated":true}]}}