{"id":1197,"date":"2017-05-09T14:23:20","date_gmt":"2017-05-09T13:23:20","guid":{"rendered":"http:\/\/www.symphonie-florale.com\/fleuriste-juvignac-montpellier\/?page_id=1197"},"modified":"2017-05-10T09:27:00","modified_gmt":"2017-05-10T08:27:00","slug":"fleur-en-tissu","status":"publish","type":"page","link":"https:\/\/www.symphonie-florale.com\/fleuriste-juvignac-montpellier\/la-vitrine\/fleur-en-tissu\/","title":{"rendered":"L&rsquo;excellence de la fleur en tissu"},"content":{"rendered":"\n<style type=\"text\/css\" data-created_by=\"avia_inline_auto\" id=\"style-css-av-av_one_full-9497bbf8bff73ea4c6992cc17fa9ec36\">\n.flex_column.av-av_one_full-9497bbf8bff73ea4c6992cc17fa9ec36{\nborder-radius:0px 0px 0px 0px;\n-webkit-border-radius:0px 0px 0px 0px;\n-moz-border-radius:0px 0px 0px 0px;\n}\n<\/style>\n<div class='flex_column av-av_one_full-9497bbf8bff73ea4c6992cc17fa9ec36 av_one_full  avia-builder-el-0  el_before_av_one_half  avia-builder-el-first  first flex_column_div av-zero-column-padding '   ><p><section class=\"av_textblock_section \"  itemscope=\"itemscope\" itemtype=\"https:\/\/schema.org\/CreativeWork\" ><div class='avia_textblock  '   itemprop=\"text\" ><p><strong>L&rsquo;excellence de la fleur en tissu qui sublimera vos compositions&#8230;<\/strong><\/p>\n<p>Laissez-vous s\u00e9duire par ces magnifiques fleurs en tissu aux couleurs de printemps : ce vieux rose et ce blanc cr\u00e9meux accompagn\u00e9s de feuillages au vert tendre apportera un aspect tr\u00e8s naturel \u00e0 vos compositions.<\/p>\n<\/div><\/section><br \/>\n\n<style type=\"text\/css\" data-created_by=\"avia_inline_auto\" id=\"style-css-av-av_hr-a6de236e6c183bbbd700292deacd2b52\">\n#top .hr.hr-invisible.av-av_hr-a6de236e6c183bbbd700292deacd2b52{\nheight:20px;\n}\n<\/style>\n<div  class='hr av-av_hr-a6de236e6c183bbbd700292deacd2b52 hr-invisible  avia-builder-el-2  el_after_av_textblock  avia-builder-el-last  '><span class='hr-inner '><span class=\"hr-inner-style\"><\/span><\/span><\/div><\/p><\/div>\n\n<style type=\"text\/css\" data-created_by=\"avia_inline_auto\" id=\"style-css-av-av_one_half-4f71affefb2767b0d4aacb5c1c60140d\">\n.flex_column.av-av_one_half-4f71affefb2767b0d4aacb5c1c60140d{\nborder-radius:0px 0px 0px 0px;\n-webkit-border-radius:0px 0px 0px 0px;\n-moz-border-radius:0px 0px 0px 0px;\n}\n<\/style>\n<div class='flex_column av-av_one_half-4f71affefb2767b0d4aacb5c1c60140d av_one_half  avia-builder-el-3  el_after_av_one_full  el_before_av_one_half  first no_margin flex_column_div av-zero-column-padding column-top-margin'   ><p>\n<style type=\"text\/css\" data-created_by=\"avia_inline_auto\" id=\"style-css-av-av_image-d808f73ff53b25d7d93057ba101a7a2a\">\n.avia-image-container.av-av_image-d808f73ff53b25d7d93057ba101a7a2a .av-image-caption-overlay-center{\ncolor:#ffffff;\n}\n<\/style>\n<div  class='avia-image-container av-av_image-d808f73ff53b25d7d93057ba101a7a2a av-styling- av-hover-grow avia-align-left  avia-builder-el-4  el_before_av_hr  avia-builder-el-first  '  itemprop=\"image\" itemscope=\"itemscope\" itemtype=\"https:\/\/schema.org\/ImageObject\" ><div class=\"avia-image-container-inner\"><div class=\"avia-image-overlay-wrap\"><img class='wp-image-1167 avia-img-lazy-loading-not-1167 avia_image' src=\"https:\/\/www.symphonie-florale.com\/fleuriste-juvignac-montpellier\/wp-content\/uploads\/2017\/05\/photophore-noir-symphonie-florale-juvignac-montpellier02.jpg\" alt='fleur en tissu' title='fleur en tissu'  height=\"1152\" width=\"1728\"  itemprop=\"thumbnailUrl\" srcset=\"https:\/\/www.symphonie-florale.com\/fleuriste-juvignac-montpellier\/wp-content\/uploads\/2017\/05\/photophore-noir-symphonie-florale-juvignac-montpellier02.jpg 1728w, https:\/\/www.symphonie-florale.com\/fleuriste-juvignac-montpellier\/wp-content\/uploads\/2017\/05\/photophore-noir-symphonie-florale-juvignac-montpellier02-300x200.jpg 300w, https:\/\/www.symphonie-florale.com\/fleuriste-juvignac-montpellier\/wp-content\/uploads\/2017\/05\/photophore-noir-symphonie-florale-juvignac-montpellier02-768x512.jpg 768w, https:\/\/www.symphonie-florale.com\/fleuriste-juvignac-montpellier\/wp-content\/uploads\/2017\/05\/photophore-noir-symphonie-florale-juvignac-montpellier02-1030x687.jpg 1030w, https:\/\/www.symphonie-florale.com\/fleuriste-juvignac-montpellier\/wp-content\/uploads\/2017\/05\/photophore-noir-symphonie-florale-juvignac-montpellier02-1500x1000.jpg 1500w, https:\/\/www.symphonie-florale.com\/fleuriste-juvignac-montpellier\/wp-content\/uploads\/2017\/05\/photophore-noir-symphonie-florale-juvignac-montpellier02-705x470.jpg 705w, https:\/\/www.symphonie-florale.com\/fleuriste-juvignac-montpellier\/wp-content\/uploads\/2017\/05\/photophore-noir-symphonie-florale-juvignac-montpellier02-450x300.jpg 450w\" sizes=\"(max-width: 1728px) 100vw, 1728px\" \/><\/div><\/div><\/div><br \/>\n\n<style type=\"text\/css\" data-created_by=\"avia_inline_auto\" id=\"style-css-av-av_hr-a6de236e6c183bbbd700292deacd2b52\">\n#top .hr.hr-invisible.av-av_hr-a6de236e6c183bbbd700292deacd2b52{\nheight:20px;\n}\n<\/style>\n<div  class='hr av-av_hr-a6de236e6c183bbbd700292deacd2b52 hr-invisible  avia-builder-el-5  el_after_av_image  el_before_av_image  '><span class='hr-inner '><span class=\"hr-inner-style\"><\/span><\/span><\/div><br \/>\n\n<style type=\"text\/css\" data-created_by=\"avia_inline_auto\" id=\"style-css-av-av_image-50f3e38597c40c27bcb79f5702ef58df\">\n.avia-image-container.av-av_image-50f3e38597c40c27bcb79f5702ef58df .av-image-caption-overlay-center{\ncolor:#ffffff;\n}\n<\/style>\n<div  class='avia-image-container av-av_image-50f3e38597c40c27bcb79f5702ef58df av-styling- av-hover-grow avia-align-left  avia-builder-el-6  el_after_av_hr  el_before_av_hr  '  itemprop=\"image\" itemscope=\"itemscope\" itemtype=\"https:\/\/schema.org\/ImageObject\" ><div class=\"avia-image-container-inner\"><div class=\"avia-image-overlay-wrap\"><img class='wp-image-1151 avia-img-lazy-loading-not-1151 avia_image' src=\"https:\/\/www.symphonie-florale.com\/fleuriste-juvignac-montpellier\/wp-content\/uploads\/2017\/05\/photophore-noir-symphonie-florale-juvignac-montpellier13.jpg\" alt='photophore noir et fleur en tissu' title='photophore noir et fleurs en tissu'  height=\"1728\" width=\"1152\"  itemprop=\"thumbnailUrl\" srcset=\"https:\/\/www.symphonie-florale.com\/fleuriste-juvignac-montpellier\/wp-content\/uploads\/2017\/05\/photophore-noir-symphonie-florale-juvignac-montpellier13.jpg 1152w, https:\/\/www.symphonie-florale.com\/fleuriste-juvignac-montpellier\/wp-content\/uploads\/2017\/05\/photophore-noir-symphonie-florale-juvignac-montpellier13-200x300.jpg 200w, https:\/\/www.symphonie-florale.com\/fleuriste-juvignac-montpellier\/wp-content\/uploads\/2017\/05\/photophore-noir-symphonie-florale-juvignac-montpellier13-768x1152.jpg 768w, https:\/\/www.symphonie-florale.com\/fleuriste-juvignac-montpellier\/wp-content\/uploads\/2017\/05\/photophore-noir-symphonie-florale-juvignac-montpellier13-687x1030.jpg 687w, https:\/\/www.symphonie-florale.com\/fleuriste-juvignac-montpellier\/wp-content\/uploads\/2017\/05\/photophore-noir-symphonie-florale-juvignac-montpellier13-1000x1500.jpg 1000w, https:\/\/www.symphonie-florale.com\/fleuriste-juvignac-montpellier\/wp-content\/uploads\/2017\/05\/photophore-noir-symphonie-florale-juvignac-montpellier13-470x705.jpg 470w, https:\/\/www.symphonie-florale.com\/fleuriste-juvignac-montpellier\/wp-content\/uploads\/2017\/05\/photophore-noir-symphonie-florale-juvignac-montpellier13-450x675.jpg 450w\" sizes=\"(max-width: 1152px) 100vw, 1152px\" \/><\/div><\/div><\/div><br \/>\n\n<style type=\"text\/css\" data-created_by=\"avia_inline_auto\" id=\"style-css-av-av_hr-a6de236e6c183bbbd700292deacd2b52\">\n#top .hr.hr-invisible.av-av_hr-a6de236e6c183bbbd700292deacd2b52{\nheight:20px;\n}\n<\/style>\n<div  class='hr av-av_hr-a6de236e6c183bbbd700292deacd2b52 hr-invisible  avia-builder-el-7  el_after_av_image  el_before_av_textblock  '><span class='hr-inner '><span class=\"hr-inner-style\"><\/span><\/span><\/div><br \/>\n<section class=\"av_textblock_section \"  itemscope=\"itemscope\" itemtype=\"https:\/\/schema.org\/CreativeWork\" ><div class='avia_textblock  '   itemprop=\"text\" ><p>Dispos\u00e9es dans les<a href=\"https:\/\/www.symphonie-florale.com\/fleuriste-juvignac-montpellier\/la-vitrine\/photophores-noirs-lampes-artisanales\/\"> photophores noirs<\/a> en m\u00e9tal et en bambou ou dans des vases en serpentins blancs, elles apporteront une touche de gaiet\u00e9 et de couleurs \u00e0 votre int\u00e9rieur.<\/p>\n<\/div><\/section><\/p><\/div>\n<style type=\"text\/css\" data-created_by=\"avia_inline_auto\" id=\"style-css-av-av_one_half-9c1d454dc06f7247226bc4e8f931daae\">\n.flex_column.av-av_one_half-9c1d454dc06f7247226bc4e8f931daae{\nborder-radius:0px 0px 0px 0px;\n-webkit-border-radius:0px 0px 0px 0px;\n-moz-border-radius:0px 0px 0px 0px;\n}\n<\/style>\n<div class='flex_column av-av_one_half-9c1d454dc06f7247226bc4e8f931daae av_one_half  avia-builder-el-9  el_after_av_one_half  avia-builder-el-last  no_margin flex_column_div av-zero-column-padding column-top-margin'   ><p>\n<style type=\"text\/css\" data-created_by=\"avia_inline_auto\" id=\"style-css-av-av_image-2db2b8e45affee9d39e3cd84b5318c56\">\n.avia-image-container.av-av_image-2db2b8e45affee9d39e3cd84b5318c56 .av-image-caption-overlay-center{\ncolor:#ffffff;\n}\n<\/style>\n<div  class='avia-image-container av-av_image-2db2b8e45affee9d39e3cd84b5318c56 av-styling- av-hover-grow avia-align-right  avia-builder-el-10  el_before_av_hr  avia-builder-el-first  '  itemprop=\"image\" itemscope=\"itemscope\" itemtype=\"https:\/\/schema.org\/ImageObject\" ><div class=\"avia-image-container-inner\"><div class=\"avia-image-overlay-wrap\"><img class='wp-image-1162 avia-img-lazy-loading-not-1162 avia_image' src=\"https:\/\/www.symphonie-florale.com\/fleuriste-juvignac-montpellier\/wp-content\/uploads\/2017\/05\/photophore-noir-symphonie-florale-juvignac-montpellier24.jpg\" alt='fleur en tissu' title='fleurs en tissu'  height=\"1728\" width=\"1152\"  itemprop=\"thumbnailUrl\" srcset=\"https:\/\/www.symphonie-florale.com\/fleuriste-juvignac-montpellier\/wp-content\/uploads\/2017\/05\/photophore-noir-symphonie-florale-juvignac-montpellier24.jpg 1152w, https:\/\/www.symphonie-florale.com\/fleuriste-juvignac-montpellier\/wp-content\/uploads\/2017\/05\/photophore-noir-symphonie-florale-juvignac-montpellier24-200x300.jpg 200w, https:\/\/www.symphonie-florale.com\/fleuriste-juvignac-montpellier\/wp-content\/uploads\/2017\/05\/photophore-noir-symphonie-florale-juvignac-montpellier24-768x1152.jpg 768w, https:\/\/www.symphonie-florale.com\/fleuriste-juvignac-montpellier\/wp-content\/uploads\/2017\/05\/photophore-noir-symphonie-florale-juvignac-montpellier24-687x1030.jpg 687w, https:\/\/www.symphonie-florale.com\/fleuriste-juvignac-montpellier\/wp-content\/uploads\/2017\/05\/photophore-noir-symphonie-florale-juvignac-montpellier24-1000x1500.jpg 1000w, https:\/\/www.symphonie-florale.com\/fleuriste-juvignac-montpellier\/wp-content\/uploads\/2017\/05\/photophore-noir-symphonie-florale-juvignac-montpellier24-470x705.jpg 470w, https:\/\/www.symphonie-florale.com\/fleuriste-juvignac-montpellier\/wp-content\/uploads\/2017\/05\/photophore-noir-symphonie-florale-juvignac-montpellier24-450x675.jpg 450w\" sizes=\"(max-width: 1152px) 100vw, 1152px\" \/><\/div><\/div><\/div><br \/>\n\n<style type=\"text\/css\" data-created_by=\"avia_inline_auto\" id=\"style-css-av-av_hr-a6de236e6c183bbbd700292deacd2b52\">\n#top .hr.hr-invisible.av-av_hr-a6de236e6c183bbbd700292deacd2b52{\nheight:20px;\n}\n<\/style>\n<div  class='hr av-av_hr-a6de236e6c183bbbd700292deacd2b52 hr-invisible  avia-builder-el-11  el_after_av_image  el_before_av_image  '><span class='hr-inner '><span class=\"hr-inner-style\"><\/span><\/span><\/div><br \/>\n\n<style type=\"text\/css\" data-created_by=\"avia_inline_auto\" id=\"style-css-av-av_image-300d9f1b37f20ebd75b8807d80497855\">\n.avia-image-container.av-av_image-300d9f1b37f20ebd75b8807d80497855 .av-image-caption-overlay-center{\ncolor:#ffffff;\n}\n<\/style>\n<div  class='avia-image-container av-av_image-300d9f1b37f20ebd75b8807d80497855 av-styling- av-hover-grow avia-align-right  avia-builder-el-12  el_after_av_hr  avia-builder-el-last  '  itemprop=\"image\" itemscope=\"itemscope\" itemtype=\"https:\/\/schema.org\/ImageObject\" ><div class=\"avia-image-container-inner\"><div class=\"avia-image-overlay-wrap\"><img class='wp-image-1201 avia-img-lazy-loading-not-1201 avia_image' src=\"https:\/\/www.symphonie-florale.com\/fleuriste-juvignac-montpellier\/wp-content\/uploads\/2017\/05\/photophore-noir-symphonie-florale-juvignac-montpellier27-1.jpg\" alt='vases blancs en serpentin et fleur en tissu' title='vases blancs en serpentin et fleurs en tissu'  height=\"2037\" width=\"1500\"  itemprop=\"thumbnailUrl\" srcset=\"https:\/\/www.symphonie-florale.com\/fleuriste-juvignac-montpellier\/wp-content\/uploads\/2017\/05\/photophore-noir-symphonie-florale-juvignac-montpellier27-1.jpg 1500w, https:\/\/www.symphonie-florale.com\/fleuriste-juvignac-montpellier\/wp-content\/uploads\/2017\/05\/photophore-noir-symphonie-florale-juvignac-montpellier27-1-221x300.jpg 221w, https:\/\/www.symphonie-florale.com\/fleuriste-juvignac-montpellier\/wp-content\/uploads\/2017\/05\/photophore-noir-symphonie-florale-juvignac-montpellier27-1-768x1043.jpg 768w, https:\/\/www.symphonie-florale.com\/fleuriste-juvignac-montpellier\/wp-content\/uploads\/2017\/05\/photophore-noir-symphonie-florale-juvignac-montpellier27-1-758x1030.jpg 758w, https:\/\/www.symphonie-florale.com\/fleuriste-juvignac-montpellier\/wp-content\/uploads\/2017\/05\/photophore-noir-symphonie-florale-juvignac-montpellier27-1-1105x1500.jpg 1105w, https:\/\/www.symphonie-florale.com\/fleuriste-juvignac-montpellier\/wp-content\/uploads\/2017\/05\/photophore-noir-symphonie-florale-juvignac-montpellier27-1-519x705.jpg 519w, https:\/\/www.symphonie-florale.com\/fleuriste-juvignac-montpellier\/wp-content\/uploads\/2017\/05\/photophore-noir-symphonie-florale-juvignac-montpellier27-1-450x611.jpg 450w\" sizes=\"(max-width: 1500px) 100vw, 1500px\" \/><\/div><\/div><\/div><\/p><\/div><\/p>\n","protected":false},"excerpt":{"rendered":"","protected":false},"author":1,"featured_media":0,"parent":13,"menu_order":0,"comment_status":"closed","ping_status":"closed","template":"","meta":[],"yoast_head":"<!-- This site is optimized with the Yoast SEO plugin v17.1 - https:\/\/yoast.com\/wordpress\/plugins\/seo\/ -->\n<title>fleur en tissu l&#039;excellence de la fleur en tissus pour un printemps r\u00e9sussi<\/title>\n<meta name=\"description\" content=\"Fleur en tissu : Laissez-vous s\u00e9duire par ces magnifiques fleurs en tissu aux couleurs de printemps : ce vieux rose et ce blanc cr\u00e9meux\" \/>\n<meta name=\"robots\" content=\"index, follow, max-snippet:-1, max-image-preview:large, max-video-preview:-1\" \/>\n<link rel=\"canonical\" href=\"https:\/\/www.symphonie-florale.com\/fleuriste-juvignac-montpellier\/la-vitrine\/fleur-en-tissu\/\" \/>\n<meta property=\"og:locale\" content=\"fr_FR\" \/>\n<meta property=\"og:type\" content=\"article\" \/>\n<meta property=\"og:title\" content=\"fleur en tissu l&#039;excellence de la fleur en tissus pour un printemps r\u00e9sussi\" \/>\n<meta property=\"og:description\" content=\"Fleur en tissu : Laissez-vous s\u00e9duire par ces magnifiques fleurs en tissu aux couleurs de printemps : ce vieux rose et ce blanc cr\u00e9meux\" \/>\n<meta property=\"og:url\" content=\"https:\/\/www.symphonie-florale.com\/fleuriste-juvignac-montpellier\/la-vitrine\/fleur-en-tissu\/\" \/>\n<meta property=\"og:site_name\" content=\"Symphonie Florale\" \/>\n<meta property=\"article:modified_time\" content=\"2017-05-10T08:27:00+00:00\" \/>\n<meta name=\"twitter:label1\" content=\"Dur\u00e9e de lecture est.\" \/>\n\t<meta name=\"twitter:data1\" content=\"3 minutes\" \/>\n<script type=\"application\/ld+json\" class=\"yoast-schema-graph\">{\"@context\":\"https:\/\/schema.org\",\"@graph\":[{\"@type\":\"WebSite\",\"@id\":\"https:\/\/www.symphonie-florale.com\/fleuriste-juvignac-montpellier\/#website\",\"url\":\"https:\/\/www.symphonie-florale.com\/fleuriste-juvignac-montpellier\/\",\"name\":\"Symphonie Florale\",\"description\":\"Fleuriste \\u00e0 Juvignac Montpellier\",\"potentialAction\":[{\"@type\":\"SearchAction\",\"target\":{\"@type\":\"EntryPoint\",\"urlTemplate\":\"https:\/\/www.symphonie-florale.com\/fleuriste-juvignac-montpellier\/?s={search_term_string}\"},\"query-input\":\"required name=search_term_string\"}],\"inLanguage\":\"fr-FR\"},{\"@type\":\"WebPage\",\"@id\":\"https:\/\/www.symphonie-florale.com\/fleuriste-juvignac-montpellier\/la-vitrine\/fleur-en-tissu\/#webpage\",\"url\":\"https:\/\/www.symphonie-florale.com\/fleuriste-juvignac-montpellier\/la-vitrine\/fleur-en-tissu\/\",\"name\":\"fleur en tissu l'excellence de la fleur en tissus pour un printemps r\\u00e9sussi\",\"isPartOf\":{\"@id\":\"https:\/\/www.symphonie-florale.com\/fleuriste-juvignac-montpellier\/#website\"},\"datePublished\":\"2017-05-09T13:23:20+00:00\",\"dateModified\":\"2017-05-10T08:27:00+00:00\",\"description\":\"Fleur en tissu : Laissez-vous s\\u00e9duire par ces magnifiques fleurs en tissu aux couleurs de printemps : ce vieux rose et ce blanc cr\\u00e9meux\",\"breadcrumb\":{\"@id\":\"https:\/\/www.symphonie-florale.com\/fleuriste-juvignac-montpellier\/la-vitrine\/fleur-en-tissu\/#breadcrumb\"},\"inLanguage\":\"fr-FR\",\"potentialAction\":[{\"@type\":\"ReadAction\",\"target\":[\"https:\/\/www.symphonie-florale.com\/fleuriste-juvignac-montpellier\/la-vitrine\/fleur-en-tissu\/\"]}]},{\"@type\":\"BreadcrumbList\",\"@id\":\"https:\/\/www.symphonie-florale.com\/fleuriste-juvignac-montpellier\/la-vitrine\/fleur-en-tissu\/#breadcrumb\",\"itemListElement\":[{\"@type\":\"ListItem\",\"position\":1,\"name\":\"Accueil\",\"item\":\"https:\/\/www.symphonie-florale.com\/fleuriste-juvignac-montpellier\/\"},{\"@type\":\"ListItem\",\"position\":2,\"name\":\"La vitrine\",\"item\":\"https:\/\/www.symphonie-florale.com\/fleuriste-juvignac-montpellier\/la-vitrine\/\"},{\"@type\":\"ListItem\",\"position\":3,\"name\":\"L&rsquo;excellence de la fleur en tissu\"}]}]}<\/script>\n<!-- \/ Yoast SEO plugin. -->","yoast_head_json":{"title":"fleur en tissu l'excellence de la fleur en tissus pour un printemps r\u00e9sussi","description":"Fleur en tissu : Laissez-vous s\u00e9duire par ces magnifiques fleurs en tissu aux couleurs de printemps : ce vieux rose et ce blanc cr\u00e9meux","robots":{"index":"index","follow":"follow","max-snippet":"max-snippet:-1","max-image-preview":"max-image-preview:large","max-video-preview":"max-video-preview:-1"},"canonical":"https:\/\/www.symphonie-florale.com\/fleuriste-juvignac-montpellier\/la-vitrine\/fleur-en-tissu\/","og_locale":"fr_FR","og_type":"article","og_title":"fleur en tissu l'excellence de la fleur en tissus pour un printemps r\u00e9sussi","og_description":"Fleur en tissu : Laissez-vous s\u00e9duire par ces magnifiques fleurs en tissu aux couleurs de printemps : ce vieux rose et ce blanc cr\u00e9meux","og_url":"https:\/\/www.symphonie-florale.com\/fleuriste-juvignac-montpellier\/la-vitrine\/fleur-en-tissu\/","og_site_name":"Symphonie Florale","article_modified_time":"2017-05-10T08:27:00+00:00","twitter_misc":{"Dur\u00e9e de lecture est.":"3 minutes"},"schema":{"@context":"https:\/\/schema.org","@graph":[{"@type":"WebSite","@id":"https:\/\/www.symphonie-florale.com\/fleuriste-juvignac-montpellier\/#website","url":"https:\/\/www.symphonie-florale.com\/fleuriste-juvignac-montpellier\/","name":"Symphonie Florale","description":"Fleuriste \u00e0 Juvignac Montpellier","potentialAction":[{"@type":"SearchAction","target":{"@type":"EntryPoint","urlTemplate":"https:\/\/www.symphonie-florale.com\/fleuriste-juvignac-montpellier\/?s={search_term_string}"},"query-input":"required name=search_term_string"}],"inLanguage":"fr-FR"},{"@type":"WebPage","@id":"https:\/\/www.symphonie-florale.com\/fleuriste-juvignac-montpellier\/la-vitrine\/fleur-en-tissu\/#webpage","url":"https:\/\/www.symphonie-florale.com\/fleuriste-juvignac-montpellier\/la-vitrine\/fleur-en-tissu\/","name":"fleur en tissu l'excellence de la fleur en tissus pour un printemps r\u00e9sussi","isPartOf":{"@id":"https:\/\/www.symphonie-florale.com\/fleuriste-juvignac-montpellier\/#website"},"datePublished":"2017-05-09T13:23:20+00:00","dateModified":"2017-05-10T08:27:00+00:00","description":"Fleur en tissu : Laissez-vous s\u00e9duire par ces magnifiques fleurs en tissu aux couleurs de printemps : ce vieux rose et ce blanc cr\u00e9meux","breadcrumb":{"@id":"https:\/\/www.symphonie-florale.com\/fleuriste-juvignac-montpellier\/la-vitrine\/fleur-en-tissu\/#breadcrumb"},"inLanguage":"fr-FR","potentialAction":[{"@type":"ReadAction","target":["https:\/\/www.symphonie-florale.com\/fleuriste-juvignac-montpellier\/la-vitrine\/fleur-en-tissu\/"]}]},{"@type":"BreadcrumbList","@id":"https:\/\/www.symphonie-florale.com\/fleuriste-juvignac-montpellier\/la-vitrine\/fleur-en-tissu\/#breadcrumb","itemListElement":[{"@type":"ListItem","position":1,"name":"Accueil","item":"https:\/\/www.symphonie-florale.com\/fleuriste-juvignac-montpellier\/"},{"@type":"ListItem","position":2,"name":"La vitrine","item":"https:\/\/www.symphonie-florale.com\/fleuriste-juvignac-montpellier\/la-vitrine\/"},{"@type":"ListItem","position":3,"name":"L&rsquo;excellence de la fleur en tissu"}]}]}},"_links":{"self":[{"href":"https:\/\/www.symphonie-florale.com\/fleuriste-juvignac-montpellier\/wp-json\/wp\/v2\/pages\/1197"}],"collection":[{"href":"https:\/\/www.symphonie-florale.com\/fleuriste-juvignac-montpellier\/wp-json\/wp\/v2\/pages"}],"about":[{"href":"https:\/\/www.symphonie-florale.com\/fleuriste-juvignac-montpellier\/wp-json\/wp\/v2\/types\/page"}],"author":[{"embeddable":true,"href":"https:\/\/www.symphonie-florale.com\/fleuriste-juvignac-montpellier\/wp-json\/wp\/v2\/users\/1"}],"replies":[{"embeddable":true,"href":"https:\/\/www.symphonie-florale.com\/fleuriste-juvignac-montpellier\/wp-json\/wp\/v2\/comments?post=1197"}],"version-history":[{"count":6,"href":"https:\/\/www.symphonie-florale.com\/fleuriste-juvignac-montpellier\/wp-json\/wp\/v2\/pages\/1197\/revisions"}],"predecessor-version":[{"id":1209,"href":"https:\/\/www.symphonie-florale.com\/fleuriste-juvignac-montpellier\/wp-json\/wp\/v2\/pages\/1197\/revisions\/1209"}],"up":[{"embeddable":true,"href":"https:\/\/www.symphonie-florale.com\/fleuriste-juvignac-montpellier\/wp-json\/wp\/v2\/pages\/13"}],"wp:attachment":[{"href":"https:\/\/www.symphonie-florale.com\/fleuriste-juvignac-montpellier\/wp-json\/wp\/v2\/media?parent=1197"}],"curies":[{"name":"wp","href":"https:\/\/api.w.org\/{rel}","templated":true}]}}