{"id":13,"date":"2014-09-27T17:08:24","date_gmt":"2014-09-27T16:08:24","guid":{"rendered":"http:\/\/www.symphonie-florale.com\/fleuriste-juvignac-montpellier\/?page_id=13"},"modified":"2021-09-19T08:21:48","modified_gmt":"2021-09-19T07:21:48","slug":"la-vitrine","status":"publish","type":"page","link":"https:\/\/www.symphonie-florale.com\/fleuriste-juvignac-montpellier\/la-vitrine\/","title":{"rendered":"La vitrine"},"content":{"rendered":"<div class='flex_column av-8zzl9-8c9ad730aed6b8326b9b7ddf995392a0 av_one_half  avia-builder-el-0  el_before_av_one_half  avia-builder-el-first  first flex_column_div '   ><style type=\"text\/css\" data-created_by=\"avia_inline_auto\" id=\"style-css-av-8vq9t-26c447406d29b1721ec2dcb31ef4b035\">\n.avia-image-container.av-8vq9t-26c447406d29b1721ec2dcb31ef4b035 .av-image-caption-overlay-center{\ncolor:#ffffff;\n}\n<\/style>\n<div  class='avia-image-container av-8vq9t-26c447406d29b1721ec2dcb31ef4b035 av-styling- avia_animated_image avia_animate_when_almost_visible left-to-right avia-align-left  avia-builder-el-1  avia-builder-el-no-sibling  '  itemprop=\"image\" itemscope=\"itemscope\" itemtype=\"https:\/\/schema.org\/ImageObject\" ><div class=\"avia-image-container-inner\"><div class=\"avia-image-overlay-wrap\"><a href=\"https:\/\/www.symphonie-florale.com\/fleuriste-juvignac-montpellier\/la-vitrine\/les-pommes-rouges-decoratives-montpellier\/\" class='avia_image' ><img width=\"484\" height=\"300\" class='wp-image-1862 avia-img-lazy-loading-not-1862 avia_image' src=\"https:\/\/www.symphonie-florale.com\/fleuriste-juvignac-montpellier\/wp-content\/uploads\/2019\/09\/les-pommes-rouges-decoratives-montpellier-symphonie-florale-1.jpg\" alt='les pommes rouges decoratives montpellier symphonie florale' title='les pommes rouges decoratives montpellier symphonie florale'  itemprop=\"thumbnailUrl\" srcset=\"https:\/\/www.symphonie-florale.com\/fleuriste-juvignac-montpellier\/wp-content\/uploads\/2019\/09\/les-pommes-rouges-decoratives-montpellier-symphonie-florale-1.jpg 484w, https:\/\/www.symphonie-florale.com\/fleuriste-juvignac-montpellier\/wp-content\/uploads\/2019\/09\/les-pommes-rouges-decoratives-montpellier-symphonie-florale-1-300x186.jpg 300w\" sizes=\"(max-width: 484px) 100vw, 484px\" \/><\/a><\/div><\/div><\/div><\/div>\n<style type=\"text\/css\" data-created_by=\"avia_inline_auto\" id=\"style-css-av-80m4t-3f2e8f303365a0e1b8ff165df080ea66\">\n.flex_column.av-80m4t-3f2e8f303365a0e1b8ff165df080ea66{\nborder-radius:0px 0px 0px 0px;\n-webkit-border-radius:0px 0px 0px 0px;\n-moz-border-radius:0px 0px 0px 0px;\n}\n<\/style>\n<div class='flex_column av-80m4t-3f2e8f303365a0e1b8ff165df080ea66 av_one_half  avia-builder-el-2  el_after_av_one_half  el_before_av_one_half  flex_column_div av-zero-column-padding '   ><section class=\"av_textblock_section \"  itemscope=\"itemscope\" itemtype=\"https:\/\/schema.org\/CreativeWork\" ><div class='avia_textblock  '   itemprop=\"text\" ><h3>Les pommes rouges d\u00e9coratives et les buis noirs sont \u00e0 l\u2019honneur cet automne<\/h3>\n<p style=\"text-align: justify;\">\nVenez d\u00e9couvrir nos magnifiques pommes laqu\u00e9es rouges et nos buis noirs qui sublimeront la d\u00e9coration de votre int\u00e9rieur cet automne.<\/p>\n<\/div><\/section><br \/>\n<div  class='avia-button-wrap avia-button-left  avia-builder-el-4  el_after_av_textblock  avia-builder-el-last ' >\n<style type=\"text\/css\" data-created_by=\"avia_inline_auto\" id=\"style-css-av-741r9-db17fffa1d91c223e0c71f69a6959ad4\">\n#top #wrap_all .avia-button.av-741r9-db17fffa1d91c223e0c71f69a6959ad4{\nbackground-color:#8ebc19;\nborder-color:#8ebc19;\ncolor:#ffffff;\ntransition:all 0.4s ease-in-out;\n-webkit-transition:all 0.4s ease-in-out;\n-moz-transition:all 0.4s ease-in-out;\n-ms-transition:all 0.4s ease-in-out;\n-o-transition:all 0.4s ease-in-out;\n}\n<\/style>\n<a href='https:\/\/www.symphonie-florale.com\/fleuriste-juvignac-montpellier\/la-vitrine\/les-pommes-rouges-decoratives-montpellier\/'  class='avia-button av-741r9-db17fffa1d91c223e0c71f69a6959ad4 avia-icon_select-yes-left-icon avia-size-small avia-position-left ' ><span class='avia_button_icon avia_button_icon_left' aria-hidden='true' data-av_icon='\ue875' data-av_iconfont='entypo-fontello'><\/span><span class='avia_iconbox_title' >En savoir plus<\/span><\/a><\/div><\/p><\/div><div class='flex_column av-6a5wp-375c0508d3e11862d13e862de8cdb9df av_one_half  avia-builder-el-5  el_after_av_one_half  el_before_av_one_half  first flex_column_div column-top-margin'   ><style type=\"text\/css\" data-created_by=\"avia_inline_auto\" id=\"style-css-av-5wddp-7cd8814c8b5aa12f7cce9dd3ebfc1b70\">\n.avia-image-container.av-5wddp-7cd8814c8b5aa12f7cce9dd3ebfc1b70 .av-image-caption-overlay-center{\ncolor:#ffffff;\n}\n<\/style>\n<div  class='avia-image-container av-5wddp-7cd8814c8b5aa12f7cce9dd3ebfc1b70 av-styling- avia_animated_image avia_animate_when_almost_visible left-to-right avia-align-left  avia-builder-el-6  avia-builder-el-no-sibling  '  itemprop=\"image\" itemscope=\"itemscope\" itemtype=\"https:\/\/schema.org\/ImageObject\" ><div class=\"avia-image-container-inner\"><div class=\"avia-image-overlay-wrap\"><a href=\"https:\/\/www.symphonie-florale.com\/fleuriste-juvignac-montpellier\/la-vitrine\/les-lianes-en-bois-naturel-exotique-montpellier\/\" class='avia_image' ><img width=\"484\" height=\"300\" class='wp-image-1861 avia-img-lazy-loading-not-1861 avia_image' src=\"https:\/\/www.symphonie-florale.com\/fleuriste-juvignac-montpellier\/wp-content\/uploads\/2019\/09\/les-lianes-en-bois-exotique-naturel-montpellier-symphonie-florale.jpg\" alt='les lianes en bois exotique naturel montpellier symphonie florale' title='les lianes en bois exotique naturel montpellier symphonie florale'  itemprop=\"thumbnailUrl\" srcset=\"https:\/\/www.symphonie-florale.com\/fleuriste-juvignac-montpellier\/wp-content\/uploads\/2019\/09\/les-lianes-en-bois-exotique-naturel-montpellier-symphonie-florale.jpg 484w, https:\/\/www.symphonie-florale.com\/fleuriste-juvignac-montpellier\/wp-content\/uploads\/2019\/09\/les-lianes-en-bois-exotique-naturel-montpellier-symphonie-florale-300x186.jpg 300w\" sizes=\"(max-width: 484px) 100vw, 484px\" \/><\/a><\/div><\/div><\/div><\/div>\n<style type=\"text\/css\" data-created_by=\"avia_inline_auto\" id=\"style-css-av-j3l5-8bb3ff291bcf6e9d97d896303f72c3a4\">\n.flex_column.av-j3l5-8bb3ff291bcf6e9d97d896303f72c3a4{\nborder-radius:0px 0px 0px 0px;\n-webkit-border-radius:0px 0px 0px 0px;\n-moz-border-radius:0px 0px 0px 0px;\n}\n<\/style>\n<div class='flex_column av-j3l5-8bb3ff291bcf6e9d97d896303f72c3a4 av_one_half  avia-builder-el-7  el_after_av_one_half  el_before_av_one_half  flex_column_div av-zero-column-padding column-top-margin'   ><section class=\"av_textblock_section \"  itemscope=\"itemscope\" itemtype=\"https:\/\/schema.org\/CreativeWork\" ><div class='avia_textblock  '   itemprop=\"text\" ><h3>Les lianes en bois naturel exotique<\/h3>\n<p>Nous avons le plaisir de vous pr\u00e9senter notre pr\u00e9cieuse collection de d\u00e9coration \u00e0 base d\u2019\u00e9l\u00e9ments naturels : les lianes en bois naturel exotique.<\/p>\n<\/div><\/section><br \/>\n<div  class='avia-button-wrap avia-button-left  avia-builder-el-9  el_after_av_textblock  avia-builder-el-last ' >\n<style type=\"text\/css\" data-created_by=\"avia_inline_auto\" id=\"style-css-av-3vdg5-cfe3194d4f7f72dc3717d808c7b4bddc\">\n#top #wrap_all .avia-button.av-3vdg5-cfe3194d4f7f72dc3717d808c7b4bddc{\nbackground-color:#8ebc19;\nborder-color:#8ebc19;\ncolor:#ffffff;\ntransition:all 0.4s ease-in-out;\n-webkit-transition:all 0.4s ease-in-out;\n-moz-transition:all 0.4s ease-in-out;\n-ms-transition:all 0.4s ease-in-out;\n-o-transition:all 0.4s ease-in-out;\n}\n<\/style>\n<a href='https:\/\/www.symphonie-florale.com\/fleuriste-juvignac-montpellier\/la-vitrine\/les-lianes-en-bois-naturel-exotique-montpellier\/'  class='avia-button av-3vdg5-cfe3194d4f7f72dc3717d808c7b4bddc avia-icon_select-yes-left-icon avia-size-small avia-position-left ' ><span class='avia_button_icon avia_button_icon_left' aria-hidden='true' data-av_icon='\ue875' data-av_iconfont='entypo-fontello'><\/span><span class='avia_iconbox_title' >En savoir plus<\/span><\/a><\/div><\/p><\/div><div class='flex_column av-35w0d-b76f7de85caddc947a03eab9109a3c90 av_one_half  avia-builder-el-10  el_after_av_one_half  el_before_av_one_half  first flex_column_div column-top-margin'   ><style type=\"text\/css\" data-created_by=\"avia_inline_auto\" id=\"style-css-av-a4o5-7e782ed8a9f7ebeb9229fb02e43f815a\">\n.avia-image-container.av-a4o5-7e782ed8a9f7ebeb9229fb02e43f815a .av-image-caption-overlay-center{\ncolor:#ffffff;\n}\n<\/style>\n<div  class='avia-image-container av-a4o5-7e782ed8a9f7ebeb9229fb02e43f815a av-styling- avia_animated_image avia_animate_when_almost_visible left-to-right avia-align-left  avia-builder-el-11  avia-builder-el-no-sibling  '  itemprop=\"image\" itemscope=\"itemscope\" itemtype=\"https:\/\/schema.org\/ImageObject\" ><div class=\"avia-image-container-inner\"><div class=\"avia-image-overlay-wrap\"><a href=\"https:\/\/www.symphonie-florale.com\/fleuriste-juvignac-montpellier\/la-vitrine\/le-terrarium-montpellier-symphonie-florale\/\" class='avia_image' ><img width=\"484\" height=\"300\" class='wp-image-1863 avia-img-lazy-loading-not-1863 avia_image' src=\"https:\/\/www.symphonie-florale.com\/fleuriste-juvignac-montpellier\/wp-content\/uploads\/2019\/09\/les-terrarium-montpellier-symphonie-florale.jpg\" alt='les terrarium montpellier symphonie florale' title='les terrarium montpellier symphonie florale'  itemprop=\"thumbnailUrl\" srcset=\"https:\/\/www.symphonie-florale.com\/fleuriste-juvignac-montpellier\/wp-content\/uploads\/2019\/09\/les-terrarium-montpellier-symphonie-florale.jpg 484w, https:\/\/www.symphonie-florale.com\/fleuriste-juvignac-montpellier\/wp-content\/uploads\/2019\/09\/les-terrarium-montpellier-symphonie-florale-300x186.jpg 300w\" sizes=\"(max-width: 484px) 100vw, 484px\" \/><\/a><\/div><\/div><\/div><\/div>\n<style type=\"text\/css\" data-created_by=\"avia_inline_auto\" id=\"style-css-av-23fo9-2cd2b1deb92b125f3ffef1446a98a281\">\n.flex_column.av-23fo9-2cd2b1deb92b125f3ffef1446a98a281{\nborder-radius:0px 0px 0px 0px;\n-webkit-border-radius:0px 0px 0px 0px;\n-moz-border-radius:0px 0px 0px 0px;\n}\n<\/style>\n<div class='flex_column av-23fo9-2cd2b1deb92b125f3ffef1446a98a281 av_one_half  avia-builder-el-12  el_after_av_one_half  avia-builder-el-last  flex_column_div av-zero-column-padding column-top-margin'   ><section class=\"av_textblock_section \"  itemscope=\"itemscope\" itemtype=\"https:\/\/schema.org\/CreativeWork\" ><div class='avia_textblock  '   itemprop=\"text\" ><h3>Le terrarium, la tendance du moment<\/h3>\n<p>Le terrarium est \u00e0 nouveau la tendance d\u00e9co du moment ! De jolis jardins miniatures vous attendent dans notre boutique. Nous les avons confectionn\u00e9 nous-m\u00eame pour vous offrir de jolis jardins d\u2019int\u00e9rieurs miniatures. Ils sont compos\u00e9s d\u2019\u00e9l\u00e9ments naturels, tels que des galets, du sable, de la terre, du bois\u2026<\/p>\n<\/div><\/section><br \/>\n<div  class='avia-button-wrap avia-button-left  avia-builder-el-14  el_after_av_textblock  avia-builder-el-last ' >\n<style type=\"text\/css\" data-created_by=\"avia_inline_auto\" id=\"style-css-av-tpj5-da1007ec96e43b950009ab8e4a2a13e4\">\n#top #wrap_all .avia-button.av-tpj5-da1007ec96e43b950009ab8e4a2a13e4{\nbackground-color:#8ebc19;\nborder-color:#8ebc19;\ncolor:#ffffff;\ntransition:all 0.4s ease-in-out;\n-webkit-transition:all 0.4s ease-in-out;\n-moz-transition:all 0.4s ease-in-out;\n-ms-transition:all 0.4s ease-in-out;\n-o-transition:all 0.4s ease-in-out;\n}\n<\/style>\n<a href='https:\/\/www.symphonie-florale.com\/fleuriste-juvignac-montpellier\/la-vitrine\/le-terrarium-montpellier-symphonie-florale\/'  class='avia-button av-tpj5-da1007ec96e43b950009ab8e4a2a13e4 avia-icon_select-yes-left-icon avia-size-small avia-position-left ' ><span class='avia_button_icon avia_button_icon_left' aria-hidden='true' data-av_icon='\ue875' data-av_iconfont='entypo-fontello'><\/span><span class='avia_iconbox_title' >En savoir plus<\/span><\/a><\/div><\/p><\/div><\/p>\n","protected":false},"excerpt":{"rendered":"","protected":false},"author":1,"featured_media":0,"parent":0,"menu_order":0,"comment_status":"open","ping_status":"open","template":"","meta":[],"yoast_head":"<!-- This site is optimized with the Yoast SEO plugin v17.1 - https:\/\/yoast.com\/wordpress\/plugins\/seo\/ -->\n<title>vitrine automne d\u00e9coration montpellier symphonie florale<\/title>\n<meta name=\"description\" content=\"Notre boutique s&#039;habille aux couleurs chaudes de l&#039;automne.Vous d\u00e9couvrirez des physalis ou lanternes chinoises, guzmanias...\" \/>\n<meta name=\"robots\" content=\"index, follow, max-snippet:-1, max-image-preview:large, max-video-preview:-1\" \/>\n<link rel=\"canonical\" href=\"https:\/\/www.symphonie-florale.com\/fleuriste-juvignac-montpellier\/la-vitrine\/\" \/>\n<meta property=\"og:locale\" content=\"fr_FR\" \/>\n<meta property=\"og:type\" content=\"article\" \/>\n<meta property=\"og:title\" content=\"vitrine automne d\u00e9coration montpellier symphonie florale\" \/>\n<meta property=\"og:description\" content=\"Notre boutique s&#039;habille aux couleurs chaudes de l&#039;automne.Vous d\u00e9couvrirez des physalis ou lanternes chinoises, guzmanias...\" \/>\n<meta property=\"og:url\" content=\"https:\/\/www.symphonie-florale.com\/fleuriste-juvignac-montpellier\/la-vitrine\/\" \/>\n<meta property=\"og:site_name\" content=\"Symphonie Florale\" \/>\n<meta property=\"article:modified_time\" content=\"2021-09-19T07:21:48+00:00\" \/>\n<meta name=\"twitter:label1\" content=\"Dur\u00e9e de lecture est.\" \/>\n\t<meta name=\"twitter:data1\" content=\"2 minutes\" \/>\n<script type=\"application\/ld+json\" class=\"yoast-schema-graph\">{\"@context\":\"https:\/\/schema.org\",\"@graph\":[{\"@type\":\"WebSite\",\"@id\":\"https:\/\/www.symphonie-florale.com\/fleuriste-juvignac-montpellier\/#website\",\"url\":\"https:\/\/www.symphonie-florale.com\/fleuriste-juvignac-montpellier\/\",\"name\":\"Symphonie Florale\",\"description\":\"Fleuriste \\u00e0 Juvignac Montpellier\",\"potentialAction\":[{\"@type\":\"SearchAction\",\"target\":{\"@type\":\"EntryPoint\",\"urlTemplate\":\"https:\/\/www.symphonie-florale.com\/fleuriste-juvignac-montpellier\/?s={search_term_string}\"},\"query-input\":\"required name=search_term_string\"}],\"inLanguage\":\"fr-FR\"},{\"@type\":\"WebPage\",\"@id\":\"https:\/\/www.symphonie-florale.com\/fleuriste-juvignac-montpellier\/la-vitrine\/#webpage\",\"url\":\"https:\/\/www.symphonie-florale.com\/fleuriste-juvignac-montpellier\/la-vitrine\/\",\"name\":\"vitrine automne d\\u00e9coration montpellier symphonie florale\",\"isPartOf\":{\"@id\":\"https:\/\/www.symphonie-florale.com\/fleuriste-juvignac-montpellier\/#website\"},\"datePublished\":\"2014-09-27T16:08:24+00:00\",\"dateModified\":\"2021-09-19T07:21:48+00:00\",\"description\":\"Notre boutique s'habille aux couleurs chaudes de l'automne.Vous d\\u00e9couvrirez des physalis ou lanternes chinoises, guzmanias...\",\"breadcrumb\":{\"@id\":\"https:\/\/www.symphonie-florale.com\/fleuriste-juvignac-montpellier\/la-vitrine\/#breadcrumb\"},\"inLanguage\":\"fr-FR\",\"potentialAction\":[{\"@type\":\"ReadAction\",\"target\":[\"https:\/\/www.symphonie-florale.com\/fleuriste-juvignac-montpellier\/la-vitrine\/\"]}]},{\"@type\":\"BreadcrumbList\",\"@id\":\"https:\/\/www.symphonie-florale.com\/fleuriste-juvignac-montpellier\/la-vitrine\/#breadcrumb\",\"itemListElement\":[{\"@type\":\"ListItem\",\"position\":1,\"name\":\"Accueil\",\"item\":\"https:\/\/www.symphonie-florale.com\/fleuriste-juvignac-montpellier\/\"},{\"@type\":\"ListItem\",\"position\":2,\"name\":\"La vitrine\"}]}]}<\/script>\n<!-- \/ Yoast SEO plugin. -->","yoast_head_json":{"title":"vitrine automne d\u00e9coration montpellier symphonie florale","description":"Notre boutique s'habille aux couleurs chaudes de l'automne.Vous d\u00e9couvrirez des physalis ou lanternes chinoises, guzmanias...","robots":{"index":"index","follow":"follow","max-snippet":"max-snippet:-1","max-image-preview":"max-image-preview:large","max-video-preview":"max-video-preview:-1"},"canonical":"https:\/\/www.symphonie-florale.com\/fleuriste-juvignac-montpellier\/la-vitrine\/","og_locale":"fr_FR","og_type":"article","og_title":"vitrine automne d\u00e9coration montpellier symphonie florale","og_description":"Notre boutique s'habille aux couleurs chaudes de l'automne.Vous d\u00e9couvrirez des physalis ou lanternes chinoises, guzmanias...","og_url":"https:\/\/www.symphonie-florale.com\/fleuriste-juvignac-montpellier\/la-vitrine\/","og_site_name":"Symphonie Florale","article_modified_time":"2021-09-19T07:21:48+00:00","twitter_misc":{"Dur\u00e9e de lecture est.":"2 minutes"},"schema":{"@context":"https:\/\/schema.org","@graph":[{"@type":"WebSite","@id":"https:\/\/www.symphonie-florale.com\/fleuriste-juvignac-montpellier\/#website","url":"https:\/\/www.symphonie-florale.com\/fleuriste-juvignac-montpellier\/","name":"Symphonie Florale","description":"Fleuriste \u00e0 Juvignac Montpellier","potentialAction":[{"@type":"SearchAction","target":{"@type":"EntryPoint","urlTemplate":"https:\/\/www.symphonie-florale.com\/fleuriste-juvignac-montpellier\/?s={search_term_string}"},"query-input":"required name=search_term_string"}],"inLanguage":"fr-FR"},{"@type":"WebPage","@id":"https:\/\/www.symphonie-florale.com\/fleuriste-juvignac-montpellier\/la-vitrine\/#webpage","url":"https:\/\/www.symphonie-florale.com\/fleuriste-juvignac-montpellier\/la-vitrine\/","name":"vitrine automne d\u00e9coration montpellier symphonie florale","isPartOf":{"@id":"https:\/\/www.symphonie-florale.com\/fleuriste-juvignac-montpellier\/#website"},"datePublished":"2014-09-27T16:08:24+00:00","dateModified":"2021-09-19T07:21:48+00:00","description":"Notre boutique s'habille aux couleurs chaudes de l'automne.Vous d\u00e9couvrirez des physalis ou lanternes chinoises, guzmanias...","breadcrumb":{"@id":"https:\/\/www.symphonie-florale.com\/fleuriste-juvignac-montpellier\/la-vitrine\/#breadcrumb"},"inLanguage":"fr-FR","potentialAction":[{"@type":"ReadAction","target":["https:\/\/www.symphonie-florale.com\/fleuriste-juvignac-montpellier\/la-vitrine\/"]}]},{"@type":"BreadcrumbList","@id":"https:\/\/www.symphonie-florale.com\/fleuriste-juvignac-montpellier\/la-vitrine\/#breadcrumb","itemListElement":[{"@type":"ListItem","position":1,"name":"Accueil","item":"https:\/\/www.symphonie-florale.com\/fleuriste-juvignac-montpellier\/"},{"@type":"ListItem","position":2,"name":"La vitrine"}]}]}},"_links":{"self":[{"href":"https:\/\/www.symphonie-florale.com\/fleuriste-juvignac-montpellier\/wp-json\/wp\/v2\/pages\/13"}],"collection":[{"href":"https:\/\/www.symphonie-florale.com\/fleuriste-juvignac-montpellier\/wp-json\/wp\/v2\/pages"}],"about":[{"href":"https:\/\/www.symphonie-florale.com\/fleuriste-juvignac-montpellier\/wp-json\/wp\/v2\/types\/page"}],"author":[{"embeddable":true,"href":"https:\/\/www.symphonie-florale.com\/fleuriste-juvignac-montpellier\/wp-json\/wp\/v2\/users\/1"}],"replies":[{"embeddable":true,"href":"https:\/\/www.symphonie-florale.com\/fleuriste-juvignac-montpellier\/wp-json\/wp\/v2\/comments?post=13"}],"version-history":[{"count":50,"href":"https:\/\/www.symphonie-florale.com\/fleuriste-juvignac-montpellier\/wp-json\/wp\/v2\/pages\/13\/revisions"}],"predecessor-version":[{"id":1864,"href":"https:\/\/www.symphonie-florale.com\/fleuriste-juvignac-montpellier\/wp-json\/wp\/v2\/pages\/13\/revisions\/1864"}],"wp:attachment":[{"href":"https:\/\/www.symphonie-florale.com\/fleuriste-juvignac-montpellier\/wp-json\/wp\/v2\/media?parent=13"}],"curies":[{"name":"wp","href":"https:\/\/api.w.org\/{rel}","templated":true}]}}