{"id":15,"date":"2014-09-27T17:08:37","date_gmt":"2014-09-27T16:08:37","guid":{"rendered":"http:\/\/www.symphonie-florale.com\/fleuriste-juvignac-montpellier\/?page_id=15"},"modified":"2019-11-25T22:45:56","modified_gmt":"2019-11-25T21:45:56","slug":"decoration","status":"publish","type":"page","link":"https:\/\/www.symphonie-florale.com\/fleuriste-juvignac-montpellier\/decoration\/","title":{"rendered":"D\u00e9coration"},"content":{"rendered":"<div class='flex_column av-21v47-59521e3970569a69ec542504a84862be av_one_full  avia-builder-el-0  el_before_av_masonry_gallery  avia-builder-el-no-sibling  first flex_column_div '   ><section class=\"av_textblock_section \"  itemscope=\"itemscope\" itemtype=\"https:\/\/schema.org\/CreativeWork\" ><div class='avia_textblock  '   itemprop=\"text\" ><p><h2>D\u00e9coration d&rsquo;int\u00e9rieur<\/h2>\n<p>Luminaires, bougies, vases, parfums d\u2019int\u00e9rieurs, donnez du style et de la personnalit\u00e9 \u00e0 votre int\u00e9rieur !<br \/>En plus de <a href=\"https:\/\/www.symphonie-florale.com\/fleuriste-juvignac-montpellier\/compositions-florales\/\">nos compositions florales<\/a>, nous vous proposons une large gamme d\u2019accessoires de d\u00e9coration qui mettront en valeur vos fleurs et illumineront votre maison.<br \/><\/br>Retrouvez chaque mois nos articles avec de nouveaux accessoires tendances et design accompagn\u00e9s de conseils d\u00e9coratifs.<\/p>\n<\/div><\/section><\/div>\n<div id='av-masonry-1' class='av-masonry av-p0uz-0a58943a227a49a8fd818f428f603601 noHover av-fixed-size av-large-gap av-hover-overlay-active av-masonry-animation-active av-masonry-col-flexible av-caption-always av-caption-style- av-masonry-gallery   '><div class=\"av-masonry-container isotope av-js-disabled\"><div class='av-masonry-entry isotope-item av-masonry-item-no-image '><\/div><a href=\"https:\/\/www.symphonie-florale.com\/fleuriste-juvignac-montpellier\/wp-content\/uploads\/2019\/11\/deco-nature-noel-2019.jpg\" data-srcset=\"https:\/\/www.symphonie-florale.com\/fleuriste-juvignac-montpellier\/wp-content\/uploads\/2019\/11\/deco-nature-noel-2019.jpg 484w, https:\/\/www.symphonie-florale.com\/fleuriste-juvignac-montpellier\/wp-content\/uploads\/2019\/11\/deco-nature-noel-2019-300x186.jpg 300w\" data-sizes=\"(max-width: 484px) 100vw, 484px\"  aria-label=\"image deco-nature-noel-2019\"  id='av-masonry-1-item-1962' data-av-masonry-item='1962' class='av-masonry-entry isotope-item post-1962 attachment type-attachment status-inherit hentry  av-masonry-item-with-image' title=\"deco-nature-noel-2019\" alt=\"deco-nature-noel-2019\"   itemprop=\"thumbnailUrl\" ><div class='av-inner-masonry-sizer'><\/div><figure class='av-inner-masonry main_color'><div class=\"av-masonry-outerimage-container\"><div class='av-masonry-image-container' style=\"background-image: url(https:\/\/www.symphonie-florale.com\/fleuriste-juvignac-montpellier\/wp-content\/uploads\/2019\/11\/deco-nature-noel-2019.jpg);\"  title=\"deco-nature-noel-2019\"   alt=\"deco-nature-noel-2019\" ><\/div><\/div><figcaption class='av-inner-masonry-content site-background'><div class='av-inner-masonry-content-pos'><div class='av-inner-masonry-content-pos-content'><div class='avia-arrow'><\/div><div class='av-masonry-entry-content entry-content'  itemprop=\"text\" >D\u00e9coration de No\u00ebl<\/div><\/div><\/div><\/figcaption><\/figure><\/a><!--end av-masonry entry--><a href=\"https:\/\/www.symphonie-florale.com\/fleuriste-juvignac-montpellier\/wp-content\/uploads\/2018\/05\/vignettes-page-vitrine-symphonie-florale-photophore-corde-tressee.jpg\" data-srcset=\"https:\/\/www.symphonie-florale.com\/fleuriste-juvignac-montpellier\/wp-content\/uploads\/2018\/05\/vignettes-page-vitrine-symphonie-florale-photophore-corde-tressee.jpg 484w, https:\/\/www.symphonie-florale.com\/fleuriste-juvignac-montpellier\/wp-content\/uploads\/2018\/05\/vignettes-page-vitrine-symphonie-florale-photophore-corde-tressee-300x186.jpg 300w, https:\/\/www.symphonie-florale.com\/fleuriste-juvignac-montpellier\/wp-content\/uploads\/2018\/05\/vignettes-page-vitrine-symphonie-florale-photophore-corde-tressee-450x279.jpg 450w\" data-sizes=\"(max-width: 484px) 100vw, 484px\"  aria-label=\"image vignettes-page-vitrine-symphonie-florale-photophore-corde-tressee\"  id='av-masonry-1-item-1468' data-av-masonry-item='1468' class='av-masonry-entry isotope-item post-1468 attachment type-attachment status-inherit hentry  av-masonry-item-with-image' title=\"vignettes-page-vitrine-symphonie-florale-photophore-corde-tressee\" alt=\"vignettes-page-vitrine-symphonie-florale-photophore-corde-tressee\"   itemprop=\"thumbnailUrl\" ><div class='av-inner-masonry-sizer'><\/div><figure class='av-inner-masonry main_color'><div class=\"av-masonry-outerimage-container\"><div class='av-masonry-image-container' style=\"background-image: url(https:\/\/www.symphonie-florale.com\/fleuriste-juvignac-montpellier\/wp-content\/uploads\/2018\/05\/vignettes-page-vitrine-symphonie-florale-photophore-corde-tressee.jpg);\"  title=\"vignettes-page-vitrine-symphonie-florale-photophore-corde-tressee\"   alt=\"vignettes-page-vitrine-symphonie-florale-photophore-corde-tressee\" ><\/div><\/div><figcaption class='av-inner-masonry-content site-background'><div class='av-inner-masonry-content-pos'><div class='av-inner-masonry-content-pos-content'><div class='avia-arrow'><\/div><div class='av-masonry-entry-content entry-content'  itemprop=\"text\" >Photophores<\/div><\/div><\/div><\/figcaption><\/figure><\/a><!--end av-masonry entry--><a href=\"https:\/\/www.symphonie-florale.com\/fleuriste-juvignac-montpellier\/wp-content\/uploads\/2014\/09\/fleuriste-montpellier-juvignac-hibou-decoratif.jpg\" data-srcset=\"https:\/\/www.symphonie-florale.com\/fleuriste-juvignac-montpellier\/wp-content\/uploads\/2014\/09\/fleuriste-montpellier-juvignac-hibou-decoratif.jpg 600w, https:\/\/www.symphonie-florale.com\/fleuriste-juvignac-montpellier\/wp-content\/uploads\/2014\/09\/fleuriste-montpellier-juvignac-hibou-decoratif-200x300.jpg 200w, https:\/\/www.symphonie-florale.com\/fleuriste-juvignac-montpellier\/wp-content\/uploads\/2014\/09\/fleuriste-montpellier-juvignac-hibou-decoratif-470x705.jpg 470w, https:\/\/www.symphonie-florale.com\/fleuriste-juvignac-montpellier\/wp-content\/uploads\/2014\/09\/fleuriste-montpellier-juvignac-hibou-decoratif-450x675.jpg 450w\" data-sizes=\"(max-width: 600px) 100vw, 600px\"  aria-label=\"image fleuriste-montpellier-juvignac-hibou-decoratif\"  id='av-masonry-1-item-421' data-av-masonry-item='421' class='av-masonry-entry isotope-item post-421 attachment type-attachment status-inherit hentry  av-masonry-item-with-image' title=\"fleuriste-montpellier-juvignac-hibou-decoratif\" alt=\"fleuriste-montpellier-juvignac-hibou-decoratif\"   itemprop=\"thumbnailUrl\" ><div class='av-inner-masonry-sizer'><\/div><figure class='av-inner-masonry main_color'><div class=\"av-masonry-outerimage-container\"><div class='av-masonry-image-container' style=\"background-image: url(https:\/\/www.symphonie-florale.com\/fleuriste-juvignac-montpellier\/wp-content\/uploads\/2014\/09\/fleuriste-montpellier-juvignac-hibou-decoratif-470x705.jpg);\"  title=\"fleuriste-montpellier-juvignac-hibou-decoratif\"   alt=\"fleuriste-montpellier-juvignac-hibou-decoratif\" ><\/div><\/div><figcaption class='av-inner-masonry-content site-background'><div class='av-inner-masonry-content-pos'><div class='av-inner-masonry-content-pos-content'><div class='avia-arrow'><\/div><div class='av-masonry-entry-content entry-content'  itemprop=\"text\" >Accessoires<\/div><\/div><\/div><\/figcaption><\/figure><\/a><!--end av-masonry entry--><a href=\"https:\/\/www.symphonie-florale.com\/fleuriste-juvignac-montpellier\/wp-content\/uploads\/2014\/09\/fleuriste-montpellier-juvignac-ensemble-bougies.jpg\" data-srcset=\"https:\/\/www.symphonie-florale.com\/fleuriste-juvignac-montpellier\/wp-content\/uploads\/2014\/09\/fleuriste-montpellier-juvignac-ensemble-bougies.jpg 684w, https:\/\/www.symphonie-florale.com\/fleuriste-juvignac-montpellier\/wp-content\/uploads\/2014\/09\/fleuriste-montpellier-juvignac-ensemble-bougies-228x300.jpg 228w, https:\/\/www.symphonie-florale.com\/fleuriste-juvignac-montpellier\/wp-content\/uploads\/2014\/09\/fleuriste-montpellier-juvignac-ensemble-bougies-535x705.jpg 535w, https:\/\/www.symphonie-florale.com\/fleuriste-juvignac-montpellier\/wp-content\/uploads\/2014\/09\/fleuriste-montpellier-juvignac-ensemble-bougies-450x592.jpg 450w\" data-sizes=\"(max-width: 684px) 100vw, 684px\"  aria-label=\"image fleuriste-montpellier-juvignac-ensemble-bougies\"  id='av-masonry-1-item-422' data-av-masonry-item='422' class='av-masonry-entry isotope-item post-422 attachment type-attachment status-inherit hentry  av-masonry-item-with-image' title=\"fleuriste-montpellier-juvignac-ensemble-bougies\" alt=\"fleuriste-montpellier-juvignac-ensemble-bougies\"   itemprop=\"thumbnailUrl\" ><div class='av-inner-masonry-sizer'><\/div><figure class='av-inner-masonry main_color'><div class=\"av-masonry-outerimage-container\"><div class='av-masonry-image-container' style=\"background-image: url(https:\/\/www.symphonie-florale.com\/fleuriste-juvignac-montpellier\/wp-content\/uploads\/2014\/09\/fleuriste-montpellier-juvignac-ensemble-bougies-535x705.jpg);\"  title=\"fleuriste-montpellier-juvignac-ensemble-bougies\"   alt=\"fleuriste-montpellier-juvignac-ensemble-bougies\" ><\/div><\/div><figcaption class='av-inner-masonry-content site-background'><div class='av-inner-masonry-content-pos'><div class='av-inner-masonry-content-pos-content'><div class='avia-arrow'><\/div><div class='av-masonry-entry-content entry-content'  itemprop=\"text\" >Bougies<\/div><\/div><\/div><\/figcaption><\/figure><\/a><!--end av-masonry entry--><\/div><a class='av-masonry-pagination av-masonry-load-more' href='#load-more'  data-ids='1962,1468,421,422,423'  data-action=''  data-link='category'  data-post_type='post, page, attachment, revision, nav_menu_item, custom_css, customize_changeset, oembed_cache, user_request, wp_block, wp_template, portfolio, avia_framework_post'  data-items='4'  data-size='fixed'  data-image_size='masonry'  data-gap='large'  data-overlay_fx='active'  data-animation='active'  data-offset='0'  data-container_links='active'  data-link_dest=''  data-lightbox_text=''  data-lazy_loading='disabled'  data-container_class='av-masonry-gallery'  data-paginate='load_more'  data-caption_elements='excerpt'  data-caption_display='always'  data-caption_styling=''  data-wc_prod_visible=''  data-wc_prod_hidden=''  data-wc_prod_featured=''  data-prod_order_by=''  data-prod_order=''  data-sort='no'  data-columns='flexible'  data-auto_ratio='1.7'  data-set_breadcrumb='1'  data-custom_markup=''  data-query_orderby='date'  data-query_order='DESC'  data-color=''  data-custom_bg=''  data-custom_class=''  data-orientation=''  data-date_filter=''  data-date_filter_start=''  data-date_filter_end=''  data-date_filter_format='yy\/mm\/dd'  data-id=''  data-avno='5fb34f7c87'>Charger plus<\/a><\/div>\n","protected":false},"excerpt":{"rendered":"","protected":false},"author":1,"featured_media":0,"parent":0,"menu_order":0,"comment_status":"open","ping_status":"open","template":"","meta":[],"yoast_head":"<!-- This site is optimized with the Yoast SEO plugin v17.1 - https:\/\/yoast.com\/wordpress\/plugins\/seo\/ -->\n<title>D\u00e9coration d&#039;int\u00e9rieur Symphonie Florale<\/title>\n<meta name=\"description\" content=\"Objets de d\u00e9coration d&#039;int\u00e9rieur, vases, bougies, luminaires, parfums d&#039;int\u00e9rieur, accessoires tendances et modernes\" \/>\n<meta name=\"robots\" content=\"index, follow, max-snippet:-1, max-image-preview:large, max-video-preview:-1\" \/>\n<link rel=\"canonical\" href=\"https:\/\/www.symphonie-florale.com\/fleuriste-juvignac-montpellier\/decoration\/\" \/>\n<meta property=\"og:locale\" content=\"fr_FR\" \/>\n<meta property=\"og:type\" content=\"article\" \/>\n<meta property=\"og:title\" content=\"D\u00e9coration d&#039;int\u00e9rieur Symphonie Florale\" \/>\n<meta property=\"og:description\" content=\"Objets de d\u00e9coration d&#039;int\u00e9rieur, vases, bougies, luminaires, parfums d&#039;int\u00e9rieur, accessoires tendances et modernes\" \/>\n<meta property=\"og:url\" content=\"https:\/\/www.symphonie-florale.com\/fleuriste-juvignac-montpellier\/decoration\/\" \/>\n<meta property=\"og:site_name\" content=\"Symphonie Florale\" \/>\n<meta property=\"article:modified_time\" content=\"2019-11-25T21:45:56+00:00\" \/>\n<meta name=\"twitter:label1\" content=\"Dur\u00e9e de lecture est.\" \/>\n\t<meta name=\"twitter:data1\" content=\"1 minute\" \/>\n<script type=\"application\/ld+json\" class=\"yoast-schema-graph\">{\"@context\":\"https:\/\/schema.org\",\"@graph\":[{\"@type\":\"WebSite\",\"@id\":\"https:\/\/www.symphonie-florale.com\/fleuriste-juvignac-montpellier\/#website\",\"url\":\"https:\/\/www.symphonie-florale.com\/fleuriste-juvignac-montpellier\/\",\"name\":\"Symphonie Florale\",\"description\":\"Fleuriste \\u00e0 Juvignac Montpellier\",\"potentialAction\":[{\"@type\":\"SearchAction\",\"target\":{\"@type\":\"EntryPoint\",\"urlTemplate\":\"https:\/\/www.symphonie-florale.com\/fleuriste-juvignac-montpellier\/?s={search_term_string}\"},\"query-input\":\"required name=search_term_string\"}],\"inLanguage\":\"fr-FR\"},{\"@type\":\"WebPage\",\"@id\":\"https:\/\/www.symphonie-florale.com\/fleuriste-juvignac-montpellier\/decoration\/#webpage\",\"url\":\"https:\/\/www.symphonie-florale.com\/fleuriste-juvignac-montpellier\/decoration\/\",\"name\":\"D\\u00e9coration d'int\\u00e9rieur Symphonie Florale\",\"isPartOf\":{\"@id\":\"https:\/\/www.symphonie-florale.com\/fleuriste-juvignac-montpellier\/#website\"},\"datePublished\":\"2014-09-27T16:08:37+00:00\",\"dateModified\":\"2019-11-25T21:45:56+00:00\",\"description\":\"Objets de d\\u00e9coration d'int\\u00e9rieur, vases, bougies, luminaires, parfums d'int\\u00e9rieur, accessoires tendances et modernes\",\"breadcrumb\":{\"@id\":\"https:\/\/www.symphonie-florale.com\/fleuriste-juvignac-montpellier\/decoration\/#breadcrumb\"},\"inLanguage\":\"fr-FR\",\"potentialAction\":[{\"@type\":\"ReadAction\",\"target\":[\"https:\/\/www.symphonie-florale.com\/fleuriste-juvignac-montpellier\/decoration\/\"]}]},{\"@type\":\"BreadcrumbList\",\"@id\":\"https:\/\/www.symphonie-florale.com\/fleuriste-juvignac-montpellier\/decoration\/#breadcrumb\",\"itemListElement\":[{\"@type\":\"ListItem\",\"position\":1,\"name\":\"Accueil\",\"item\":\"https:\/\/www.symphonie-florale.com\/fleuriste-juvignac-montpellier\/\"},{\"@type\":\"ListItem\",\"position\":2,\"name\":\"D\\u00e9coration\"}]}]}<\/script>\n<!-- \/ Yoast SEO plugin. -->","yoast_head_json":{"title":"D\u00e9coration d'int\u00e9rieur Symphonie Florale","description":"Objets de d\u00e9coration d'int\u00e9rieur, vases, bougies, luminaires, parfums d'int\u00e9rieur, accessoires tendances et modernes","robots":{"index":"index","follow":"follow","max-snippet":"max-snippet:-1","max-image-preview":"max-image-preview:large","max-video-preview":"max-video-preview:-1"},"canonical":"https:\/\/www.symphonie-florale.com\/fleuriste-juvignac-montpellier\/decoration\/","og_locale":"fr_FR","og_type":"article","og_title":"D\u00e9coration d'int\u00e9rieur Symphonie Florale","og_description":"Objets de d\u00e9coration d'int\u00e9rieur, vases, bougies, luminaires, parfums d'int\u00e9rieur, accessoires tendances et modernes","og_url":"https:\/\/www.symphonie-florale.com\/fleuriste-juvignac-montpellier\/decoration\/","og_site_name":"Symphonie Florale","article_modified_time":"2019-11-25T21:45:56+00:00","twitter_misc":{"Dur\u00e9e de lecture est.":"1 minute"},"schema":{"@context":"https:\/\/schema.org","@graph":[{"@type":"WebSite","@id":"https:\/\/www.symphonie-florale.com\/fleuriste-juvignac-montpellier\/#website","url":"https:\/\/www.symphonie-florale.com\/fleuriste-juvignac-montpellier\/","name":"Symphonie Florale","description":"Fleuriste \u00e0 Juvignac Montpellier","potentialAction":[{"@type":"SearchAction","target":{"@type":"EntryPoint","urlTemplate":"https:\/\/www.symphonie-florale.com\/fleuriste-juvignac-montpellier\/?s={search_term_string}"},"query-input":"required name=search_term_string"}],"inLanguage":"fr-FR"},{"@type":"WebPage","@id":"https:\/\/www.symphonie-florale.com\/fleuriste-juvignac-montpellier\/decoration\/#webpage","url":"https:\/\/www.symphonie-florale.com\/fleuriste-juvignac-montpellier\/decoration\/","name":"D\u00e9coration d'int\u00e9rieur Symphonie Florale","isPartOf":{"@id":"https:\/\/www.symphonie-florale.com\/fleuriste-juvignac-montpellier\/#website"},"datePublished":"2014-09-27T16:08:37+00:00","dateModified":"2019-11-25T21:45:56+00:00","description":"Objets de d\u00e9coration d'int\u00e9rieur, vases, bougies, luminaires, parfums d'int\u00e9rieur, accessoires tendances et modernes","breadcrumb":{"@id":"https:\/\/www.symphonie-florale.com\/fleuriste-juvignac-montpellier\/decoration\/#breadcrumb"},"inLanguage":"fr-FR","potentialAction":[{"@type":"ReadAction","target":["https:\/\/www.symphonie-florale.com\/fleuriste-juvignac-montpellier\/decoration\/"]}]},{"@type":"BreadcrumbList","@id":"https:\/\/www.symphonie-florale.com\/fleuriste-juvignac-montpellier\/decoration\/#breadcrumb","itemListElement":[{"@type":"ListItem","position":1,"name":"Accueil","item":"https:\/\/www.symphonie-florale.com\/fleuriste-juvignac-montpellier\/"},{"@type":"ListItem","position":2,"name":"D\u00e9coration"}]}]}},"_links":{"self":[{"href":"https:\/\/www.symphonie-florale.com\/fleuriste-juvignac-montpellier\/wp-json\/wp\/v2\/pages\/15"}],"collection":[{"href":"https:\/\/www.symphonie-florale.com\/fleuriste-juvignac-montpellier\/wp-json\/wp\/v2\/pages"}],"about":[{"href":"https:\/\/www.symphonie-florale.com\/fleuriste-juvignac-montpellier\/wp-json\/wp\/v2\/types\/page"}],"author":[{"embeddable":true,"href":"https:\/\/www.symphonie-florale.com\/fleuriste-juvignac-montpellier\/wp-json\/wp\/v2\/users\/1"}],"replies":[{"embeddable":true,"href":"https:\/\/www.symphonie-florale.com\/fleuriste-juvignac-montpellier\/wp-json\/wp\/v2\/comments?post=15"}],"version-history":[{"count":10,"href":"https:\/\/www.symphonie-florale.com\/fleuriste-juvignac-montpellier\/wp-json\/wp\/v2\/pages\/15\/revisions"}],"predecessor-version":[{"id":1970,"href":"https:\/\/www.symphonie-florale.com\/fleuriste-juvignac-montpellier\/wp-json\/wp\/v2\/pages\/15\/revisions\/1970"}],"wp:attachment":[{"href":"https:\/\/www.symphonie-florale.com\/fleuriste-juvignac-montpellier\/wp-json\/wp\/v2\/media?parent=15"}],"curies":[{"name":"wp","href":"https:\/\/api.w.org\/{rel}","templated":true}]}}