{"id":1534,"date":"2018-09-18T10:40:50","date_gmt":"2018-09-18T09:40:50","guid":{"rendered":"http:\/\/www.symphonie-florale.com\/fleuriste-juvignac-montpellier\/?page_id=1534"},"modified":"2018-09-18T10:41:36","modified_gmt":"2018-09-18T09:41:36","slug":"objets-deco","status":"publish","type":"page","link":"https:\/\/www.symphonie-florale.com\/fleuriste-juvignac-montpellier\/la-vitrine\/objets-deco\/","title":{"rendered":"D\u00e9coration contemporaine Laurent Tr\u00e9bout"},"content":{"rendered":"\n<style type=\"text\/css\" data-created_by=\"avia_inline_auto\" id=\"style-css-av-av_heading-5ab91d4c5df8e1914d2449cf61ec216d\">\n#top .av-special-heading.av-av_heading-5ab91d4c5df8e1914d2449cf61ec216d{\npadding-bottom:10px;\n}\n<\/style>\n<div  class='av-special-heading av-av_heading-5ab91d4c5df8e1914d2449cf61ec216d av-special-heading-h1 blockquote modern-quote  avia-builder-el-0  el_before_av_textblock  avia-builder-el-first  '><h1 class='av-special-heading-tag '  itemprop=\"headline\"  >D\u00e9coration contemporaine Laurent Tr\u00e9bout<\/h1><div class='special-heading-border'><div class='special-heading-inner-border'><\/div><\/div><\/div>\n<section class=\"av_textblock_section \"  itemscope=\"itemscope\" itemtype=\"https:\/\/schema.org\/CreativeWork\" ><div class='avia_textblock  '   itemprop=\"text\" ><p>Vous d\u00e9couvrirez de magnifiques sculptures sign\u00e9es Laurent Tr\u00e9bout chez Symphonie Florale \u00e0 Juvignac.<\/p>\n<p>Des cr\u00e9ations uniques contemporaines intitul\u00e9es \u00ab\u00a0Toi et moi\u00a0\u00bb. Ces d\u00e9corations ont la particularit\u00e9s de projeter l&rsquo;ombre de la cr\u00e9ation gr\u00e2ce \u00e0 des lumi\u00e8res int\u00e9gr\u00e9es.<\/p>\n<p>De magnifiques objets d\u00e9co \u00e0 poser sur une enfilade ou une table devant un mur.<\/p>\n<\/div><\/section>\n\n<style type=\"text\/css\" data-created_by=\"avia_inline_auto\" id=\"style-css-av-5m58on-572ac10691139393717a445f7719e8d8\">\n#top .hr.hr-invisible.av-5m58on-572ac10691139393717a445f7719e8d8{\nheight:50px;\n}\n<\/style>\n<div  class='hr av-5m58on-572ac10691139393717a445f7719e8d8 hr-invisible  avia-builder-el-2  el_after_av_textblock  el_before_av_two_fifth  '><span class='hr-inner '><span class=\"hr-inner-style\"><\/span><\/span><\/div>\n\n<style type=\"text\/css\" data-created_by=\"avia_inline_auto\" id=\"style-css-av-5cqpyf-447f059ac69c801d534a8f4946b7a337\">\n.flex_column.av-5cqpyf-447f059ac69c801d534a8f4946b7a337{\nborder-radius:0px 0px 0px 0px;\n-webkit-border-radius:0px 0px 0px 0px;\n-moz-border-radius:0px 0px 0px 0px;\n}\n<\/style>\n<div class='flex_column av-5cqpyf-447f059ac69c801d534a8f4946b7a337 av_two_fifth  avia-builder-el-3  el_after_av_hr  el_before_av_three_fifth  first no_margin flex_column_div av-zero-column-padding '   ><style type=\"text\/css\" data-created_by=\"avia_inline_auto\" id=\"style-css-av-56tkcf-6b337cfc4139903f0186e884a1df915a\">\n.avia-image-container.av-56tkcf-6b337cfc4139903f0186e884a1df915a .av-image-caption-overlay-center{\ncolor:#ffffff;\n}\n<\/style>\n<div  class='avia-image-container av-56tkcf-6b337cfc4139903f0186e884a1df915a av-styling- av-hover-grow avia_animated_image avia_animate_when_almost_visible left-to-right avia-align-left  avia-builder-el-4  avia-builder-el-no-sibling  '  itemprop=\"image\" itemscope=\"itemscope\" itemtype=\"https:\/\/schema.org\/ImageObject\" ><div class=\"avia-image-container-inner\"><div class=\"avia-image-overlay-wrap\"><img class='wp-image-1506 avia-img-lazy-loading-not-1506 avia_image' src=\"https:\/\/www.symphonie-florale.com\/fleuriste-juvignac-montpellier\/wp-content\/uploads\/2018\/09\/sculture-laurent-trebout-toi-et-moi-symphonie-florale-2.jpg\" alt='sculpture-laurent-trebout-toi-et-moi-symphonie-florale-2' title='sculpture-laurent-trebout-toi-et-moi-symphonie-florale-2'  height=\"1200\" width=\"800\"  itemprop=\"thumbnailUrl\" srcset=\"https:\/\/www.symphonie-florale.com\/fleuriste-juvignac-montpellier\/wp-content\/uploads\/2018\/09\/sculture-laurent-trebout-toi-et-moi-symphonie-florale-2.jpg 800w, https:\/\/www.symphonie-florale.com\/fleuriste-juvignac-montpellier\/wp-content\/uploads\/2018\/09\/sculture-laurent-trebout-toi-et-moi-symphonie-florale-2-200x300.jpg 200w, https:\/\/www.symphonie-florale.com\/fleuriste-juvignac-montpellier\/wp-content\/uploads\/2018\/09\/sculture-laurent-trebout-toi-et-moi-symphonie-florale-2-768x1152.jpg 768w, https:\/\/www.symphonie-florale.com\/fleuriste-juvignac-montpellier\/wp-content\/uploads\/2018\/09\/sculture-laurent-trebout-toi-et-moi-symphonie-florale-2-687x1030.jpg 687w, https:\/\/www.symphonie-florale.com\/fleuriste-juvignac-montpellier\/wp-content\/uploads\/2018\/09\/sculture-laurent-trebout-toi-et-moi-symphonie-florale-2-470x705.jpg 470w, https:\/\/www.symphonie-florale.com\/fleuriste-juvignac-montpellier\/wp-content\/uploads\/2018\/09\/sculture-laurent-trebout-toi-et-moi-symphonie-florale-2-450x675.jpg 450w\" sizes=\"(max-width: 800px) 100vw, 800px\" \/><\/div><\/div><\/div><\/div>\n\n<style type=\"text\/css\" data-created_by=\"avia_inline_auto\" id=\"style-css-av-53krvb-f2f77ea1bee1ac984099143c8976b229\">\n.flex_column.av-53krvb-f2f77ea1bee1ac984099143c8976b229{\nborder-radius:0px 0px 0px 0px;\n-webkit-border-radius:0px 0px 0px 0px;\n-moz-border-radius:0px 0px 0px 0px;\n}\n<\/style>\n<div class='flex_column av-53krvb-f2f77ea1bee1ac984099143c8976b229 av_three_fifth  avia-builder-el-5  el_after_av_two_fifth  el_before_av_hr  no_margin flex_column_div av-zero-column-padding '   ><style type=\"text\/css\" data-created_by=\"avia_inline_auto\" id=\"style-css-av-4uw7jz-439c28e249211a0050cbbf39ce86c461\">\n.avia-image-container.av-4uw7jz-439c28e249211a0050cbbf39ce86c461 .av-image-caption-overlay-center{\ncolor:#ffffff;\n}\n<\/style>\n<div  class='avia-image-container av-4uw7jz-439c28e249211a0050cbbf39ce86c461 av-styling- av-hover-grow avia_animated_image avia_animate_when_almost_visible top-to-bottom avia-align-left  avia-builder-el-6  avia-builder-el-no-sibling  '  itemprop=\"image\" itemscope=\"itemscope\" itemtype=\"https:\/\/schema.org\/ImageObject\" ><div class=\"avia-image-container-inner\"><div class=\"avia-image-overlay-wrap\"><img class='wp-image-1505 avia-img-lazy-loading-not-1505 avia_image' src=\"https:\/\/www.symphonie-florale.com\/fleuriste-juvignac-montpellier\/wp-content\/uploads\/2018\/09\/sculture-laurent-trebout-toi-et-moi-symphonie-florale.jpg\" alt='sculpture-laurent-trebout-toi-et-moi-symphonie-florale' title='sculpture-laurent-trebout-toi-et-moi-symphonie-florale'  height=\"734\" width=\"800\"  itemprop=\"thumbnailUrl\" srcset=\"https:\/\/www.symphonie-florale.com\/fleuriste-juvignac-montpellier\/wp-content\/uploads\/2018\/09\/sculture-laurent-trebout-toi-et-moi-symphonie-florale.jpg 800w, https:\/\/www.symphonie-florale.com\/fleuriste-juvignac-montpellier\/wp-content\/uploads\/2018\/09\/sculture-laurent-trebout-toi-et-moi-symphonie-florale-300x275.jpg 300w, https:\/\/www.symphonie-florale.com\/fleuriste-juvignac-montpellier\/wp-content\/uploads\/2018\/09\/sculture-laurent-trebout-toi-et-moi-symphonie-florale-768x705.jpg 768w, https:\/\/www.symphonie-florale.com\/fleuriste-juvignac-montpellier\/wp-content\/uploads\/2018\/09\/sculture-laurent-trebout-toi-et-moi-symphonie-florale-705x647.jpg 705w, https:\/\/www.symphonie-florale.com\/fleuriste-juvignac-montpellier\/wp-content\/uploads\/2018\/09\/sculture-laurent-trebout-toi-et-moi-symphonie-florale-450x413.jpg 450w\" sizes=\"(max-width: 800px) 100vw, 800px\" \/><\/div><\/div><\/div><\/div>\n\n<style type=\"text\/css\" data-created_by=\"avia_inline_auto\" id=\"style-css-av-4e1we7-f415fefa3aa396eeffb53b9f79014200\">\n#top .hr.hr-invisible.av-4e1we7-f415fefa3aa396eeffb53b9f79014200{\nheight:20px;\n}\n<\/style>\n<div  class='hr av-4e1we7-f415fefa3aa396eeffb53b9f79014200 hr-invisible  avia-builder-el-7  el_after_av_three_fifth  el_before_av_one_third  '><span class='hr-inner '><span class=\"hr-inner-style\"><\/span><\/span><\/div>\n\n<style type=\"text\/css\" data-created_by=\"avia_inline_auto\" id=\"style-css-av-45wlr3-1f145cfb379b6d217d5d9b9716ba5b2e\">\n.flex_column.av-45wlr3-1f145cfb379b6d217d5d9b9716ba5b2e{\nborder-radius:0px 0px 0px 0px;\n-webkit-border-radius:0px 0px 0px 0px;\n-moz-border-radius:0px 0px 0px 0px;\n}\n<\/style>\n<div class='flex_column av-45wlr3-1f145cfb379b6d217d5d9b9716ba5b2e av_one_third  avia-builder-el-8  el_after_av_hr  el_before_av_two_third  first no_margin flex_column_div av-zero-column-padding '   ><style type=\"text\/css\" data-created_by=\"avia_inline_auto\" id=\"style-css-av-44dy5r-7def98289000dc3c1552e660e6dd7b41\">\n.avia-image-container.av-44dy5r-7def98289000dc3c1552e660e6dd7b41 .av-image-caption-overlay-center{\ncolor:#ffffff;\n}\n<\/style>\n<div  class='avia-image-container av-44dy5r-7def98289000dc3c1552e660e6dd7b41 av-styling- av-hover-grow avia_animated_image avia_animate_when_almost_visible left-to-right avia-align-left  avia-builder-el-9  avia-builder-el-no-sibling  '  itemprop=\"image\" itemscope=\"itemscope\" itemtype=\"https:\/\/schema.org\/ImageObject\" ><div class=\"avia-image-container-inner\"><div class=\"avia-image-overlay-wrap\"><img class='wp-image-1454 avia-img-lazy-loading-not-1454 avia_image' src=\"https:\/\/www.symphonie-florale.com\/fleuriste-juvignac-montpellier\/wp-content\/uploads\/2018\/05\/objet-deco-reflexion-mur-lumiere-symphonie-florale.jpg\" alt='objet-deco-reflexion-mur-lumiere-symphonie-florale' title='objet-deco-reflexion-mur-lumiere-symphonie-florale'  height=\"1350\" width=\"900\"  itemprop=\"thumbnailUrl\" srcset=\"https:\/\/www.symphonie-florale.com\/fleuriste-juvignac-montpellier\/wp-content\/uploads\/2018\/05\/objet-deco-reflexion-mur-lumiere-symphonie-florale.jpg 900w, https:\/\/www.symphonie-florale.com\/fleuriste-juvignac-montpellier\/wp-content\/uploads\/2018\/05\/objet-deco-reflexion-mur-lumiere-symphonie-florale-200x300.jpg 200w, https:\/\/www.symphonie-florale.com\/fleuriste-juvignac-montpellier\/wp-content\/uploads\/2018\/05\/objet-deco-reflexion-mur-lumiere-symphonie-florale-768x1152.jpg 768w, https:\/\/www.symphonie-florale.com\/fleuriste-juvignac-montpellier\/wp-content\/uploads\/2018\/05\/objet-deco-reflexion-mur-lumiere-symphonie-florale-687x1030.jpg 687w, https:\/\/www.symphonie-florale.com\/fleuriste-juvignac-montpellier\/wp-content\/uploads\/2018\/05\/objet-deco-reflexion-mur-lumiere-symphonie-florale-470x705.jpg 470w, https:\/\/www.symphonie-florale.com\/fleuriste-juvignac-montpellier\/wp-content\/uploads\/2018\/05\/objet-deco-reflexion-mur-lumiere-symphonie-florale-450x675.jpg 450w\" sizes=\"(max-width: 900px) 100vw, 900px\" \/><\/div><\/div><\/div><\/div>\n\n<style type=\"text\/css\" data-created_by=\"avia_inline_auto\" id=\"style-css-av-e87sf-72f79d6533ef99487074cd519bbdd2ca\">\n.flex_column.av-e87sf-72f79d6533ef99487074cd519bbdd2ca{\nborder-radius:0px 0px 0px 0px;\n-webkit-border-radius:0px 0px 0px 0px;\n-moz-border-radius:0px 0px 0px 0px;\n}\n<\/style>\n<div class='flex_column av-e87sf-72f79d6533ef99487074cd519bbdd2ca av_two_third  avia-builder-el-10  el_after_av_one_third  avia-builder-el-last  no_margin flex_column_div av-zero-column-padding '   ><style type=\"text\/css\" data-created_by=\"avia_inline_auto\" id=\"style-css-av-3seu3j-8d7370b7a57399b7ddd8db60c6c7041b\">\n.avia-image-container.av-3seu3j-8d7370b7a57399b7ddd8db60c6c7041b .av-image-caption-overlay-center{\ncolor:#ffffff;\n}\n<\/style>\n<div  class='avia-image-container av-3seu3j-8d7370b7a57399b7ddd8db60c6c7041b av-styling- av-hover-grow avia_animated_image avia_animate_when_almost_visible right-to-left avia-align-left  avia-builder-el-11  avia-builder-el-no-sibling  '  itemprop=\"image\" itemscope=\"itemscope\" itemtype=\"https:\/\/schema.org\/ImageObject\" ><div class=\"avia-image-container-inner\"><div class=\"avia-image-overlay-wrap\"><img class='wp-image-1453 avia-img-lazy-loading-not-1453 avia_image' src=\"https:\/\/www.symphonie-florale.com\/fleuriste-juvignac-montpellier\/wp-content\/uploads\/2018\/05\/objet-deco-symphonie-florale.jpg\" alt='objet-deco-symphonie-florale' title='objet-deco-symphonie-florale'  height=\"600\" width=\"900\"  itemprop=\"thumbnailUrl\" srcset=\"https:\/\/www.symphonie-florale.com\/fleuriste-juvignac-montpellier\/wp-content\/uploads\/2018\/05\/objet-deco-symphonie-florale.jpg 900w, https:\/\/www.symphonie-florale.com\/fleuriste-juvignac-montpellier\/wp-content\/uploads\/2018\/05\/objet-deco-symphonie-florale-300x200.jpg 300w, https:\/\/www.symphonie-florale.com\/fleuriste-juvignac-montpellier\/wp-content\/uploads\/2018\/05\/objet-deco-symphonie-florale-768x512.jpg 768w, https:\/\/www.symphonie-florale.com\/fleuriste-juvignac-montpellier\/wp-content\/uploads\/2018\/05\/objet-deco-symphonie-florale-705x470.jpg 705w, https:\/\/www.symphonie-florale.com\/fleuriste-juvignac-montpellier\/wp-content\/uploads\/2018\/05\/objet-deco-symphonie-florale-450x300.jpg 450w\" sizes=\"(max-width: 900px) 100vw, 900px\" \/><\/div><\/div><\/div><\/div>\n","protected":false},"excerpt":{"rendered":"","protected":false},"author":1,"featured_media":0,"parent":13,"menu_order":0,"comment_status":"closed","ping_status":"closed","template":"","meta":[],"yoast_head":"<!-- This site is optimized with the Yoast SEO plugin v17.1 - https:\/\/yoast.com\/wordpress\/plugins\/seo\/ -->\n<title>objets deco tendance et contemporains I Symphonie Florale<\/title>\n<meta name=\"description\" content=\"objets deco tendance et contemporain, d\u00e9couvrez de magnifiques sculptures sign\u00e9es Laurent Tr\u00e9bout, cr\u00e9ations et d\u00e9coration unique et contemporaine\" \/>\n<meta name=\"robots\" content=\"index, follow, max-snippet:-1, max-image-preview:large, max-video-preview:-1\" \/>\n<link rel=\"canonical\" href=\"https:\/\/www.symphonie-florale.com\/fleuriste-juvignac-montpellier\/la-vitrine\/objets-deco\/\" \/>\n<meta property=\"og:locale\" content=\"fr_FR\" \/>\n<meta property=\"og:type\" content=\"article\" \/>\n<meta property=\"og:title\" content=\"objets deco tendance et contemporains I Symphonie Florale\" \/>\n<meta property=\"og:description\" content=\"objets deco tendance et contemporain, d\u00e9couvrez de magnifiques sculptures sign\u00e9es Laurent Tr\u00e9bout, cr\u00e9ations et d\u00e9coration unique et contemporaine\" \/>\n<meta property=\"og:url\" content=\"https:\/\/www.symphonie-florale.com\/fleuriste-juvignac-montpellier\/la-vitrine\/objets-deco\/\" \/>\n<meta property=\"og:site_name\" content=\"Symphonie Florale\" \/>\n<meta property=\"article:modified_time\" content=\"2018-09-18T09:41:36+00:00\" \/>\n<meta name=\"twitter:label1\" content=\"Dur\u00e9e de lecture est.\" \/>\n\t<meta name=\"twitter:data1\" content=\"4 minutes\" \/>\n<script type=\"application\/ld+json\" class=\"yoast-schema-graph\">{\"@context\":\"https:\/\/schema.org\",\"@graph\":[{\"@type\":\"WebSite\",\"@id\":\"https:\/\/www.symphonie-florale.com\/fleuriste-juvignac-montpellier\/#website\",\"url\":\"https:\/\/www.symphonie-florale.com\/fleuriste-juvignac-montpellier\/\",\"name\":\"Symphonie Florale\",\"description\":\"Fleuriste \\u00e0 Juvignac Montpellier\",\"potentialAction\":[{\"@type\":\"SearchAction\",\"target\":{\"@type\":\"EntryPoint\",\"urlTemplate\":\"https:\/\/www.symphonie-florale.com\/fleuriste-juvignac-montpellier\/?s={search_term_string}\"},\"query-input\":\"required name=search_term_string\"}],\"inLanguage\":\"fr-FR\"},{\"@type\":\"WebPage\",\"@id\":\"https:\/\/www.symphonie-florale.com\/fleuriste-juvignac-montpellier\/la-vitrine\/objets-deco\/#webpage\",\"url\":\"https:\/\/www.symphonie-florale.com\/fleuriste-juvignac-montpellier\/la-vitrine\/objets-deco\/\",\"name\":\"objets deco tendance et contemporains I Symphonie Florale\",\"isPartOf\":{\"@id\":\"https:\/\/www.symphonie-florale.com\/fleuriste-juvignac-montpellier\/#website\"},\"datePublished\":\"2018-09-18T09:40:50+00:00\",\"dateModified\":\"2018-09-18T09:41:36+00:00\",\"description\":\"objets deco tendance et contemporain, d\\u00e9couvrez de magnifiques sculptures sign\\u00e9es Laurent Tr\\u00e9bout, cr\\u00e9ations et d\\u00e9coration unique et contemporaine\",\"breadcrumb\":{\"@id\":\"https:\/\/www.symphonie-florale.com\/fleuriste-juvignac-montpellier\/la-vitrine\/objets-deco\/#breadcrumb\"},\"inLanguage\":\"fr-FR\",\"potentialAction\":[{\"@type\":\"ReadAction\",\"target\":[\"https:\/\/www.symphonie-florale.com\/fleuriste-juvignac-montpellier\/la-vitrine\/objets-deco\/\"]}]},{\"@type\":\"BreadcrumbList\",\"@id\":\"https:\/\/www.symphonie-florale.com\/fleuriste-juvignac-montpellier\/la-vitrine\/objets-deco\/#breadcrumb\",\"itemListElement\":[{\"@type\":\"ListItem\",\"position\":1,\"name\":\"Accueil\",\"item\":\"https:\/\/www.symphonie-florale.com\/fleuriste-juvignac-montpellier\/\"},{\"@type\":\"ListItem\",\"position\":2,\"name\":\"La vitrine\",\"item\":\"https:\/\/www.symphonie-florale.com\/fleuriste-juvignac-montpellier\/la-vitrine\/\"},{\"@type\":\"ListItem\",\"position\":3,\"name\":\"D\\u00e9coration contemporaine Laurent Tr\\u00e9bout\"}]}]}<\/script>\n<!-- \/ Yoast SEO plugin. -->","yoast_head_json":{"title":"objets deco tendance et contemporains I Symphonie Florale","description":"objets deco tendance et contemporain, d\u00e9couvrez de magnifiques sculptures sign\u00e9es Laurent Tr\u00e9bout, cr\u00e9ations et d\u00e9coration unique et contemporaine","robots":{"index":"index","follow":"follow","max-snippet":"max-snippet:-1","max-image-preview":"max-image-preview:large","max-video-preview":"max-video-preview:-1"},"canonical":"https:\/\/www.symphonie-florale.com\/fleuriste-juvignac-montpellier\/la-vitrine\/objets-deco\/","og_locale":"fr_FR","og_type":"article","og_title":"objets deco tendance et contemporains I Symphonie Florale","og_description":"objets deco tendance et contemporain, d\u00e9couvrez de magnifiques sculptures sign\u00e9es Laurent Tr\u00e9bout, cr\u00e9ations et d\u00e9coration unique et contemporaine","og_url":"https:\/\/www.symphonie-florale.com\/fleuriste-juvignac-montpellier\/la-vitrine\/objets-deco\/","og_site_name":"Symphonie Florale","article_modified_time":"2018-09-18T09:41:36+00:00","twitter_misc":{"Dur\u00e9e de lecture est.":"4 minutes"},"schema":{"@context":"https:\/\/schema.org","@graph":[{"@type":"WebSite","@id":"https:\/\/www.symphonie-florale.com\/fleuriste-juvignac-montpellier\/#website","url":"https:\/\/www.symphonie-florale.com\/fleuriste-juvignac-montpellier\/","name":"Symphonie Florale","description":"Fleuriste \u00e0 Juvignac Montpellier","potentialAction":[{"@type":"SearchAction","target":{"@type":"EntryPoint","urlTemplate":"https:\/\/www.symphonie-florale.com\/fleuriste-juvignac-montpellier\/?s={search_term_string}"},"query-input":"required name=search_term_string"}],"inLanguage":"fr-FR"},{"@type":"WebPage","@id":"https:\/\/www.symphonie-florale.com\/fleuriste-juvignac-montpellier\/la-vitrine\/objets-deco\/#webpage","url":"https:\/\/www.symphonie-florale.com\/fleuriste-juvignac-montpellier\/la-vitrine\/objets-deco\/","name":"objets deco tendance et contemporains I Symphonie Florale","isPartOf":{"@id":"https:\/\/www.symphonie-florale.com\/fleuriste-juvignac-montpellier\/#website"},"datePublished":"2018-09-18T09:40:50+00:00","dateModified":"2018-09-18T09:41:36+00:00","description":"objets deco tendance et contemporain, d\u00e9couvrez de magnifiques sculptures sign\u00e9es Laurent Tr\u00e9bout, cr\u00e9ations et d\u00e9coration unique et contemporaine","breadcrumb":{"@id":"https:\/\/www.symphonie-florale.com\/fleuriste-juvignac-montpellier\/la-vitrine\/objets-deco\/#breadcrumb"},"inLanguage":"fr-FR","potentialAction":[{"@type":"ReadAction","target":["https:\/\/www.symphonie-florale.com\/fleuriste-juvignac-montpellier\/la-vitrine\/objets-deco\/"]}]},{"@type":"BreadcrumbList","@id":"https:\/\/www.symphonie-florale.com\/fleuriste-juvignac-montpellier\/la-vitrine\/objets-deco\/#breadcrumb","itemListElement":[{"@type":"ListItem","position":1,"name":"Accueil","item":"https:\/\/www.symphonie-florale.com\/fleuriste-juvignac-montpellier\/"},{"@type":"ListItem","position":2,"name":"La vitrine","item":"https:\/\/www.symphonie-florale.com\/fleuriste-juvignac-montpellier\/la-vitrine\/"},{"@type":"ListItem","position":3,"name":"D\u00e9coration contemporaine Laurent Tr\u00e9bout"}]}]}},"_links":{"self":[{"href":"https:\/\/www.symphonie-florale.com\/fleuriste-juvignac-montpellier\/wp-json\/wp\/v2\/pages\/1534"}],"collection":[{"href":"https:\/\/www.symphonie-florale.com\/fleuriste-juvignac-montpellier\/wp-json\/wp\/v2\/pages"}],"about":[{"href":"https:\/\/www.symphonie-florale.com\/fleuriste-juvignac-montpellier\/wp-json\/wp\/v2\/types\/page"}],"author":[{"embeddable":true,"href":"https:\/\/www.symphonie-florale.com\/fleuriste-juvignac-montpellier\/wp-json\/wp\/v2\/users\/1"}],"replies":[{"embeddable":true,"href":"https:\/\/www.symphonie-florale.com\/fleuriste-juvignac-montpellier\/wp-json\/wp\/v2\/comments?post=1534"}],"version-history":[{"count":2,"href":"https:\/\/www.symphonie-florale.com\/fleuriste-juvignac-montpellier\/wp-json\/wp\/v2\/pages\/1534\/revisions"}],"predecessor-version":[{"id":1536,"href":"https:\/\/www.symphonie-florale.com\/fleuriste-juvignac-montpellier\/wp-json\/wp\/v2\/pages\/1534\/revisions\/1536"}],"up":[{"embeddable":true,"href":"https:\/\/www.symphonie-florale.com\/fleuriste-juvignac-montpellier\/wp-json\/wp\/v2\/pages\/13"}],"wp:attachment":[{"href":"https:\/\/www.symphonie-florale.com\/fleuriste-juvignac-montpellier\/wp-json\/wp\/v2\/media?parent=1534"}],"curies":[{"name":"wp","href":"https:\/\/api.w.org\/{rel}","templated":true}]}}