{"id":1603,"date":"2018-11-20T12:31:52","date_gmt":"2018-11-20T11:31:52","guid":{"rendered":"http:\/\/www.symphonie-florale.com\/fleuriste-juvignac-montpellier\/?page_id=1603"},"modified":"2018-11-20T12:31:52","modified_gmt":"2018-11-20T11:31:52","slug":"scene-de-la-foret-lumineuse","status":"publish","type":"page","link":"https:\/\/www.symphonie-florale.com\/fleuriste-juvignac-montpellier\/la-vitrine\/scene-de-la-foret-lumineuse\/","title":{"rendered":"Sc\u00e8ne de la for\u00eat lumineuse&#8230;"},"content":{"rendered":"\n<style type=\"text\/css\" data-created_by=\"avia_inline_auto\" id=\"style-css-av-149eixq-fa189002bd5ffedb0c9a01c04449400f\">\n.flex_column.av-149eixq-fa189002bd5ffedb0c9a01c04449400f{\nborder-radius:0px 0px 0px 0px;\n-webkit-border-radius:0px 0px 0px 0px;\n-moz-border-radius:0px 0px 0px 0px;\n}\n<\/style>\n<div class='flex_column av-149eixq-fa189002bd5ffedb0c9a01c04449400f av_one_half  avia-builder-el-0  el_before_av_one_half  avia-builder-el-first  first no_margin flex_column_div av-zero-column-padding '   ><p><section class=\"av_textblock_section \"  itemscope=\"itemscope\" itemtype=\"https:\/\/schema.org\/CreativeWork\" ><div class='avia_textblock  '   itemprop=\"text\" ><p>Venez d\u00e9couvrir la sc\u00e8ne de la for\u00eat lumineuse&#8230; vous rencontrerez des cerfs, des oiseaux, des anges, des sapins, des tra\u00eeneaux&#8230; et plein d&rsquo;autres merveilles&#8230;<\/p>\n<\/div><\/section><br \/>\n\n<style type=\"text\/css\" data-created_by=\"avia_inline_auto\" id=\"style-css-av-3swva6-db75216db0a43b6d485fbe829877c132\">\n#top .hr.hr-invisible.av-3swva6-db75216db0a43b6d485fbe829877c132{\nheight:20px;\n}\n<\/style>\n<div  class='hr av-3swva6-db75216db0a43b6d485fbe829877c132 hr-invisible  avia-builder-el-2  el_after_av_textblock  el_before_av_image  '><span class='hr-inner '><span class=\"hr-inner-style\"><\/span><\/span><\/div><br \/>\n\n<style type=\"text\/css\" data-created_by=\"avia_inline_auto\" id=\"style-css-av-3k2ky6-d435b81ea650e2ae8d08462fe0f63769\">\n.avia-image-container.av-3k2ky6-d435b81ea650e2ae8d08462fe0f63769 .av-image-caption-overlay-center{\ncolor:#ffffff;\n}\n<\/style>\n<div  class='avia-image-container av-3k2ky6-d435b81ea650e2ae8d08462fe0f63769 av-styling- av-hover-grow avia-align-left  avia-builder-el-3  el_after_av_hr  el_before_av_hr  '  itemprop=\"image\" itemscope=\"itemscope\" itemtype=\"https:\/\/schema.org\/ImageObject\" ><div class=\"avia-image-container-inner\"><div class=\"avia-image-overlay-wrap\"><img class='wp-image-1584 avia-img-lazy-loading-not-1584 avia_image' src=\"https:\/\/www.symphonie-florale.com\/fleuriste-juvignac-montpellier\/wp-content\/uploads\/2018\/11\/symphonie-florale-fleuriste-montpellier-deco-noel-10.jpg\" alt='symphonie-florale-fleuriste-montpellier-deco-noel-10' title='symphonie-florale-fleuriste-montpellier-deco-noel-10'  height=\"800\" width=\"1200\"  itemprop=\"thumbnailUrl\" srcset=\"https:\/\/www.symphonie-florale.com\/fleuriste-juvignac-montpellier\/wp-content\/uploads\/2018\/11\/symphonie-florale-fleuriste-montpellier-deco-noel-10.jpg 1200w, https:\/\/www.symphonie-florale.com\/fleuriste-juvignac-montpellier\/wp-content\/uploads\/2018\/11\/symphonie-florale-fleuriste-montpellier-deco-noel-10-300x200.jpg 300w, https:\/\/www.symphonie-florale.com\/fleuriste-juvignac-montpellier\/wp-content\/uploads\/2018\/11\/symphonie-florale-fleuriste-montpellier-deco-noel-10-768x512.jpg 768w, https:\/\/www.symphonie-florale.com\/fleuriste-juvignac-montpellier\/wp-content\/uploads\/2018\/11\/symphonie-florale-fleuriste-montpellier-deco-noel-10-1030x687.jpg 1030w, https:\/\/www.symphonie-florale.com\/fleuriste-juvignac-montpellier\/wp-content\/uploads\/2018\/11\/symphonie-florale-fleuriste-montpellier-deco-noel-10-705x470.jpg 705w, https:\/\/www.symphonie-florale.com\/fleuriste-juvignac-montpellier\/wp-content\/uploads\/2018\/11\/symphonie-florale-fleuriste-montpellier-deco-noel-10-450x300.jpg 450w\" sizes=\"(max-width: 1200px) 100vw, 1200px\" \/><\/div><\/div><\/div><br \/>\n\n<style type=\"text\/css\" data-created_by=\"avia_inline_auto\" id=\"style-css-av-xj03pa-63246aeefe30d231bee9407306f6d2ba\">\n#top .hr.hr-invisible.av-xj03pa-63246aeefe30d231bee9407306f6d2ba{\nheight:20px;\n}\n<\/style>\n<div  class='hr av-xj03pa-63246aeefe30d231bee9407306f6d2ba hr-invisible  avia-builder-el-4  el_after_av_image  el_before_av_image  '><span class='hr-inner '><span class=\"hr-inner-style\"><\/span><\/span><\/div><br \/>\n\n<style type=\"text\/css\" data-created_by=\"avia_inline_auto\" id=\"style-css-av-t9p75a-ba8e34e44a548cf64f112de34a365b87\">\n.avia-image-container.av-t9p75a-ba8e34e44a548cf64f112de34a365b87 .av-image-caption-overlay-center{\ncolor:#ffffff;\n}\n<\/style>\n<div  class='avia-image-container av-t9p75a-ba8e34e44a548cf64f112de34a365b87 av-styling- av-hover-grow avia-align-left  avia-builder-el-5  el_after_av_hr  el_before_av_hr  '  itemprop=\"image\" itemscope=\"itemscope\" itemtype=\"https:\/\/schema.org\/ImageObject\" ><div class=\"avia-image-container-inner\"><div class=\"avia-image-overlay-wrap\"><img class='wp-image-1575 avia-img-lazy-loading-not-1575 avia_image' src=\"https:\/\/www.symphonie-florale.com\/fleuriste-juvignac-montpellier\/wp-content\/uploads\/2018\/11\/symphonie-florale-fleuriste-montpellier-deco-noel-1.jpg\" alt='decoration-noel-symphonie-florale-fleuriste-juvignac-montpellier' title='symphonie-florale-fleuriste-montpellier-deco-noel-1'  height=\"800\" width=\"1200\"  itemprop=\"thumbnailUrl\" srcset=\"https:\/\/www.symphonie-florale.com\/fleuriste-juvignac-montpellier\/wp-content\/uploads\/2018\/11\/symphonie-florale-fleuriste-montpellier-deco-noel-1.jpg 1200w, https:\/\/www.symphonie-florale.com\/fleuriste-juvignac-montpellier\/wp-content\/uploads\/2018\/11\/symphonie-florale-fleuriste-montpellier-deco-noel-1-300x200.jpg 300w, https:\/\/www.symphonie-florale.com\/fleuriste-juvignac-montpellier\/wp-content\/uploads\/2018\/11\/symphonie-florale-fleuriste-montpellier-deco-noel-1-768x512.jpg 768w, https:\/\/www.symphonie-florale.com\/fleuriste-juvignac-montpellier\/wp-content\/uploads\/2018\/11\/symphonie-florale-fleuriste-montpellier-deco-noel-1-1030x687.jpg 1030w, https:\/\/www.symphonie-florale.com\/fleuriste-juvignac-montpellier\/wp-content\/uploads\/2018\/11\/symphonie-florale-fleuriste-montpellier-deco-noel-1-705x470.jpg 705w, https:\/\/www.symphonie-florale.com\/fleuriste-juvignac-montpellier\/wp-content\/uploads\/2018\/11\/symphonie-florale-fleuriste-montpellier-deco-noel-1-450x300.jpg 450w\" sizes=\"(max-width: 1200px) 100vw, 1200px\" \/><\/div><\/div><\/div><br \/>\n\n<style type=\"text\/css\" data-created_by=\"avia_inline_auto\" id=\"style-css-av-3q927i-60f464291133cf14ece104b1fd053c33\">\n#top .hr.hr-invisible.av-3q927i-60f464291133cf14ece104b1fd053c33{\nheight:20px;\n}\n<\/style>\n<div  class='hr av-3q927i-60f464291133cf14ece104b1fd053c33 hr-invisible  avia-builder-el-6  el_after_av_image  el_before_av_image  '><span class='hr-inner '><span class=\"hr-inner-style\"><\/span><\/span><\/div><br \/>\n\n<style type=\"text\/css\" data-created_by=\"avia_inline_auto\" id=\"style-css-av-2hiz8u-458e1a93dfe9bd4f9ac9de6256ae6bf4\">\n.avia-image-container.av-2hiz8u-458e1a93dfe9bd4f9ac9de6256ae6bf4 .av-image-caption-overlay-center{\ncolor:#ffffff;\n}\n<\/style>\n<div  class='avia-image-container av-2hiz8u-458e1a93dfe9bd4f9ac9de6256ae6bf4 av-styling- av-hover-grow avia-align-left  avia-builder-el-7  el_after_av_hr  avia-builder-el-last  '  itemprop=\"image\" itemscope=\"itemscope\" itemtype=\"https:\/\/schema.org\/ImageObject\" ><div class=\"avia-image-container-inner\"><div class=\"avia-image-overlay-wrap\"><img class='wp-image-1587 avia-img-lazy-loading-not-1587 avia_image' src=\"https:\/\/www.symphonie-florale.com\/fleuriste-juvignac-montpellier\/wp-content\/uploads\/2018\/11\/decoration-noel-symphonie-florale-fleuriste-juvignac-montpellier-12-1.jpg\" alt='decoration-noel-symphonie-florale-fleuriste-juvignac-montpellier' title='decoration-noel-symphonie-florale-fleuriste-juvignac-montpellier-12'  height=\"614\" width=\"1050\"  itemprop=\"thumbnailUrl\" srcset=\"https:\/\/www.symphonie-florale.com\/fleuriste-juvignac-montpellier\/wp-content\/uploads\/2018\/11\/decoration-noel-symphonie-florale-fleuriste-juvignac-montpellier-12-1.jpg 1050w, https:\/\/www.symphonie-florale.com\/fleuriste-juvignac-montpellier\/wp-content\/uploads\/2018\/11\/decoration-noel-symphonie-florale-fleuriste-juvignac-montpellier-12-1-300x175.jpg 300w, https:\/\/www.symphonie-florale.com\/fleuriste-juvignac-montpellier\/wp-content\/uploads\/2018\/11\/decoration-noel-symphonie-florale-fleuriste-juvignac-montpellier-12-1-768x449.jpg 768w, https:\/\/www.symphonie-florale.com\/fleuriste-juvignac-montpellier\/wp-content\/uploads\/2018\/11\/decoration-noel-symphonie-florale-fleuriste-juvignac-montpellier-12-1-1030x602.jpg 1030w, https:\/\/www.symphonie-florale.com\/fleuriste-juvignac-montpellier\/wp-content\/uploads\/2018\/11\/decoration-noel-symphonie-florale-fleuriste-juvignac-montpellier-12-1-705x412.jpg 705w, https:\/\/www.symphonie-florale.com\/fleuriste-juvignac-montpellier\/wp-content\/uploads\/2018\/11\/decoration-noel-symphonie-florale-fleuriste-juvignac-montpellier-12-1-450x263.jpg 450w\" sizes=\"(max-width: 1050px) 100vw, 1050px\" \/><\/div><\/div><\/div><\/p><\/div>\n<style type=\"text\/css\" data-created_by=\"avia_inline_auto\" id=\"style-css-av-gv4lfi-6c706736d7cd4f9da88678ec7245b132\">\n.flex_column.av-gv4lfi-6c706736d7cd4f9da88678ec7245b132{\nborder-radius:0px 0px 0px 0px;\n-webkit-border-radius:0px 0px 0px 0px;\n-moz-border-radius:0px 0px 0px 0px;\n}\n<\/style>\n<div class='flex_column av-gv4lfi-6c706736d7cd4f9da88678ec7245b132 av_one_half  avia-builder-el-8  el_after_av_one_half  avia-builder-el-last  no_margin flex_column_div av-zero-column-padding '   ><p>\n<style type=\"text\/css\" data-created_by=\"avia_inline_auto\" id=\"style-css-av-fl7uz2-84915a2fa6652413ec3ef16b42f8cb86\">\n.avia-image-container.av-fl7uz2-84915a2fa6652413ec3ef16b42f8cb86 .av-image-caption-overlay-center{\ncolor:#ffffff;\n}\n<\/style>\n<div  class='avia-image-container av-fl7uz2-84915a2fa6652413ec3ef16b42f8cb86 av-styling- av-hover-grow avia-align-left  avia-builder-el-9  el_before_av_hr  avia-builder-el-first  '  itemprop=\"image\" itemscope=\"itemscope\" itemtype=\"https:\/\/schema.org\/ImageObject\" ><div class=\"avia-image-container-inner\"><div class=\"avia-image-overlay-wrap\"><img class='wp-image-1582 avia-img-lazy-loading-not-1582 avia_image' src=\"https:\/\/www.symphonie-florale.com\/fleuriste-juvignac-montpellier\/wp-content\/uploads\/2018\/11\/symphonie-florale-fleuriste-montpellier-deco-noel-8.jpg\" alt='decoration-noel-symphonie-florale-fleuriste-juvignac-montpellier' title='symphonie-florale-fleuriste-montpellier-deco-noel-8'  height=\"800\" width=\"1200\"  itemprop=\"thumbnailUrl\" srcset=\"https:\/\/www.symphonie-florale.com\/fleuriste-juvignac-montpellier\/wp-content\/uploads\/2018\/11\/symphonie-florale-fleuriste-montpellier-deco-noel-8.jpg 1200w, https:\/\/www.symphonie-florale.com\/fleuriste-juvignac-montpellier\/wp-content\/uploads\/2018\/11\/symphonie-florale-fleuriste-montpellier-deco-noel-8-300x200.jpg 300w, https:\/\/www.symphonie-florale.com\/fleuriste-juvignac-montpellier\/wp-content\/uploads\/2018\/11\/symphonie-florale-fleuriste-montpellier-deco-noel-8-768x512.jpg 768w, https:\/\/www.symphonie-florale.com\/fleuriste-juvignac-montpellier\/wp-content\/uploads\/2018\/11\/symphonie-florale-fleuriste-montpellier-deco-noel-8-1030x687.jpg 1030w, https:\/\/www.symphonie-florale.com\/fleuriste-juvignac-montpellier\/wp-content\/uploads\/2018\/11\/symphonie-florale-fleuriste-montpellier-deco-noel-8-705x470.jpg 705w, https:\/\/www.symphonie-florale.com\/fleuriste-juvignac-montpellier\/wp-content\/uploads\/2018\/11\/symphonie-florale-fleuriste-montpellier-deco-noel-8-450x300.jpg 450w\" sizes=\"(max-width: 1200px) 100vw, 1200px\" \/><\/div><\/div><\/div><br \/>\n\n<style type=\"text\/css\" data-created_by=\"avia_inline_auto\" id=\"style-css-av-dpmy3i-5a3844c4ed1f25b13cea90f583c2f345\">\n#top .hr.hr-invisible.av-dpmy3i-5a3844c4ed1f25b13cea90f583c2f345{\nheight:20px;\n}\n<\/style>\n<div  class='hr av-dpmy3i-5a3844c4ed1f25b13cea90f583c2f345 hr-invisible  avia-builder-el-10  el_after_av_image  el_before_av_image  '><span class='hr-inner '><span class=\"hr-inner-style\"><\/span><\/span><\/div><br \/>\n\n<style type=\"text\/css\" data-created_by=\"avia_inline_auto\" id=\"style-css-av-1806by-5ed6bfbadfa92c34df737c9f38d3c0ec\">\n.avia-image-container.av-1806by-5ed6bfbadfa92c34df737c9f38d3c0ec .av-image-caption-overlay-center{\ncolor:#ffffff;\n}\n<\/style>\n<div  class='avia-image-container av-1806by-5ed6bfbadfa92c34df737c9f38d3c0ec av-styling- av-hover-grow avia-align-left  avia-builder-el-11  el_after_av_hr  avia-builder-el-last  '  itemprop=\"image\" itemscope=\"itemscope\" itemtype=\"https:\/\/schema.org\/ImageObject\" ><div class=\"avia-image-container-inner\"><div class=\"avia-image-overlay-wrap\"><img class='wp-image-1579 avia-img-lazy-loading-not-1579 avia_image' src=\"https:\/\/www.symphonie-florale.com\/fleuriste-juvignac-montpellier\/wp-content\/uploads\/2018\/11\/symphonie-florale-fleuriste-montpellier-deco-noel-5.jpg\" alt='symphonie-florale-fleuriste-montpellier-deco-noel-10' title='symphonie-florale-fleuriste-montpellier-deco-noel-5'  height=\"1050\" width=\"700\"  itemprop=\"thumbnailUrl\" srcset=\"https:\/\/www.symphonie-florale.com\/fleuriste-juvignac-montpellier\/wp-content\/uploads\/2018\/11\/symphonie-florale-fleuriste-montpellier-deco-noel-5.jpg 700w, https:\/\/www.symphonie-florale.com\/fleuriste-juvignac-montpellier\/wp-content\/uploads\/2018\/11\/symphonie-florale-fleuriste-montpellier-deco-noel-5-200x300.jpg 200w, https:\/\/www.symphonie-florale.com\/fleuriste-juvignac-montpellier\/wp-content\/uploads\/2018\/11\/symphonie-florale-fleuriste-montpellier-deco-noel-5-687x1030.jpg 687w, https:\/\/www.symphonie-florale.com\/fleuriste-juvignac-montpellier\/wp-content\/uploads\/2018\/11\/symphonie-florale-fleuriste-montpellier-deco-noel-5-470x705.jpg 470w, https:\/\/www.symphonie-florale.com\/fleuriste-juvignac-montpellier\/wp-content\/uploads\/2018\/11\/symphonie-florale-fleuriste-montpellier-deco-noel-5-450x675.jpg 450w\" sizes=\"(max-width: 700px) 100vw, 700px\" \/><\/div><\/div><\/div><\/p><\/div><\/p>\n","protected":false},"excerpt":{"rendered":"","protected":false},"author":1,"featured_media":0,"parent":13,"menu_order":0,"comment_status":"closed","ping_status":"closed","template":"","meta":[],"yoast_head":"<!-- This site is optimized with the Yoast SEO plugin v17.1 - https:\/\/yoast.com\/wordpress\/plugins\/seo\/ -->\n<title>Sc\u00e8ne de la for\u00eat lumineuse... - Symphonie Florale<\/title>\n<meta name=\"robots\" content=\"index, follow, max-snippet:-1, max-image-preview:large, max-video-preview:-1\" \/>\n<link rel=\"canonical\" href=\"https:\/\/www.symphonie-florale.com\/fleuriste-juvignac-montpellier\/la-vitrine\/scene-de-la-foret-lumineuse\/\" \/>\n<meta property=\"og:locale\" content=\"fr_FR\" \/>\n<meta property=\"og:type\" content=\"article\" \/>\n<meta property=\"og:title\" content=\"Sc\u00e8ne de la for\u00eat lumineuse... - Symphonie Florale\" \/>\n<meta property=\"og:url\" content=\"https:\/\/www.symphonie-florale.com\/fleuriste-juvignac-montpellier\/la-vitrine\/scene-de-la-foret-lumineuse\/\" \/>\n<meta property=\"og:site_name\" content=\"Symphonie Florale\" \/>\n<meta name=\"twitter:label1\" content=\"Dur\u00e9e de lecture est.\" \/>\n\t<meta name=\"twitter:data1\" content=\"3 minutes\" \/>\n<script type=\"application\/ld+json\" class=\"yoast-schema-graph\">{\"@context\":\"https:\/\/schema.org\",\"@graph\":[{\"@type\":\"WebSite\",\"@id\":\"https:\/\/www.symphonie-florale.com\/fleuriste-juvignac-montpellier\/#website\",\"url\":\"https:\/\/www.symphonie-florale.com\/fleuriste-juvignac-montpellier\/\",\"name\":\"Symphonie Florale\",\"description\":\"Fleuriste \\u00e0 Juvignac Montpellier\",\"potentialAction\":[{\"@type\":\"SearchAction\",\"target\":{\"@type\":\"EntryPoint\",\"urlTemplate\":\"https:\/\/www.symphonie-florale.com\/fleuriste-juvignac-montpellier\/?s={search_term_string}\"},\"query-input\":\"required name=search_term_string\"}],\"inLanguage\":\"fr-FR\"},{\"@type\":\"WebPage\",\"@id\":\"https:\/\/www.symphonie-florale.com\/fleuriste-juvignac-montpellier\/la-vitrine\/scene-de-la-foret-lumineuse\/#webpage\",\"url\":\"https:\/\/www.symphonie-florale.com\/fleuriste-juvignac-montpellier\/la-vitrine\/scene-de-la-foret-lumineuse\/\",\"name\":\"Sc\\u00e8ne de la for\\u00eat lumineuse... - Symphonie Florale\",\"isPartOf\":{\"@id\":\"https:\/\/www.symphonie-florale.com\/fleuriste-juvignac-montpellier\/#website\"},\"datePublished\":\"2018-11-20T11:31:52+00:00\",\"dateModified\":\"2018-11-20T11:31:52+00:00\",\"breadcrumb\":{\"@id\":\"https:\/\/www.symphonie-florale.com\/fleuriste-juvignac-montpellier\/la-vitrine\/scene-de-la-foret-lumineuse\/#breadcrumb\"},\"inLanguage\":\"fr-FR\",\"potentialAction\":[{\"@type\":\"ReadAction\",\"target\":[\"https:\/\/www.symphonie-florale.com\/fleuriste-juvignac-montpellier\/la-vitrine\/scene-de-la-foret-lumineuse\/\"]}]},{\"@type\":\"BreadcrumbList\",\"@id\":\"https:\/\/www.symphonie-florale.com\/fleuriste-juvignac-montpellier\/la-vitrine\/scene-de-la-foret-lumineuse\/#breadcrumb\",\"itemListElement\":[{\"@type\":\"ListItem\",\"position\":1,\"name\":\"Accueil\",\"item\":\"https:\/\/www.symphonie-florale.com\/fleuriste-juvignac-montpellier\/\"},{\"@type\":\"ListItem\",\"position\":2,\"name\":\"La vitrine\",\"item\":\"https:\/\/www.symphonie-florale.com\/fleuriste-juvignac-montpellier\/la-vitrine\/\"},{\"@type\":\"ListItem\",\"position\":3,\"name\":\"Sc\\u00e8ne de la for\\u00eat lumineuse&#8230;\"}]}]}<\/script>\n<!-- \/ Yoast SEO plugin. -->","yoast_head_json":{"title":"Sc\u00e8ne de la for\u00eat lumineuse... - Symphonie Florale","robots":{"index":"index","follow":"follow","max-snippet":"max-snippet:-1","max-image-preview":"max-image-preview:large","max-video-preview":"max-video-preview:-1"},"canonical":"https:\/\/www.symphonie-florale.com\/fleuriste-juvignac-montpellier\/la-vitrine\/scene-de-la-foret-lumineuse\/","og_locale":"fr_FR","og_type":"article","og_title":"Sc\u00e8ne de la for\u00eat lumineuse... - Symphonie Florale","og_url":"https:\/\/www.symphonie-florale.com\/fleuriste-juvignac-montpellier\/la-vitrine\/scene-de-la-foret-lumineuse\/","og_site_name":"Symphonie Florale","twitter_misc":{"Dur\u00e9e de lecture est.":"3 minutes"},"schema":{"@context":"https:\/\/schema.org","@graph":[{"@type":"WebSite","@id":"https:\/\/www.symphonie-florale.com\/fleuriste-juvignac-montpellier\/#website","url":"https:\/\/www.symphonie-florale.com\/fleuriste-juvignac-montpellier\/","name":"Symphonie Florale","description":"Fleuriste \u00e0 Juvignac Montpellier","potentialAction":[{"@type":"SearchAction","target":{"@type":"EntryPoint","urlTemplate":"https:\/\/www.symphonie-florale.com\/fleuriste-juvignac-montpellier\/?s={search_term_string}"},"query-input":"required name=search_term_string"}],"inLanguage":"fr-FR"},{"@type":"WebPage","@id":"https:\/\/www.symphonie-florale.com\/fleuriste-juvignac-montpellier\/la-vitrine\/scene-de-la-foret-lumineuse\/#webpage","url":"https:\/\/www.symphonie-florale.com\/fleuriste-juvignac-montpellier\/la-vitrine\/scene-de-la-foret-lumineuse\/","name":"Sc\u00e8ne de la for\u00eat lumineuse... - Symphonie Florale","isPartOf":{"@id":"https:\/\/www.symphonie-florale.com\/fleuriste-juvignac-montpellier\/#website"},"datePublished":"2018-11-20T11:31:52+00:00","dateModified":"2018-11-20T11:31:52+00:00","breadcrumb":{"@id":"https:\/\/www.symphonie-florale.com\/fleuriste-juvignac-montpellier\/la-vitrine\/scene-de-la-foret-lumineuse\/#breadcrumb"},"inLanguage":"fr-FR","potentialAction":[{"@type":"ReadAction","target":["https:\/\/www.symphonie-florale.com\/fleuriste-juvignac-montpellier\/la-vitrine\/scene-de-la-foret-lumineuse\/"]}]},{"@type":"BreadcrumbList","@id":"https:\/\/www.symphonie-florale.com\/fleuriste-juvignac-montpellier\/la-vitrine\/scene-de-la-foret-lumineuse\/#breadcrumb","itemListElement":[{"@type":"ListItem","position":1,"name":"Accueil","item":"https:\/\/www.symphonie-florale.com\/fleuriste-juvignac-montpellier\/"},{"@type":"ListItem","position":2,"name":"La vitrine","item":"https:\/\/www.symphonie-florale.com\/fleuriste-juvignac-montpellier\/la-vitrine\/"},{"@type":"ListItem","position":3,"name":"Sc\u00e8ne de la for\u00eat lumineuse&#8230;"}]}]}},"_links":{"self":[{"href":"https:\/\/www.symphonie-florale.com\/fleuriste-juvignac-montpellier\/wp-json\/wp\/v2\/pages\/1603"}],"collection":[{"href":"https:\/\/www.symphonie-florale.com\/fleuriste-juvignac-montpellier\/wp-json\/wp\/v2\/pages"}],"about":[{"href":"https:\/\/www.symphonie-florale.com\/fleuriste-juvignac-montpellier\/wp-json\/wp\/v2\/types\/page"}],"author":[{"embeddable":true,"href":"https:\/\/www.symphonie-florale.com\/fleuriste-juvignac-montpellier\/wp-json\/wp\/v2\/users\/1"}],"replies":[{"embeddable":true,"href":"https:\/\/www.symphonie-florale.com\/fleuriste-juvignac-montpellier\/wp-json\/wp\/v2\/comments?post=1603"}],"version-history":[{"count":1,"href":"https:\/\/www.symphonie-florale.com\/fleuriste-juvignac-montpellier\/wp-json\/wp\/v2\/pages\/1603\/revisions"}],"predecessor-version":[{"id":1604,"href":"https:\/\/www.symphonie-florale.com\/fleuriste-juvignac-montpellier\/wp-json\/wp\/v2\/pages\/1603\/revisions\/1604"}],"up":[{"embeddable":true,"href":"https:\/\/www.symphonie-florale.com\/fleuriste-juvignac-montpellier\/wp-json\/wp\/v2\/pages\/13"}],"wp:attachment":[{"href":"https:\/\/www.symphonie-florale.com\/fleuriste-juvignac-montpellier\/wp-json\/wp\/v2\/media?parent=1603"}],"curies":[{"name":"wp","href":"https:\/\/api.w.org\/{rel}","templated":true}]}}