{"id":17,"date":"2014-09-27T17:08:54","date_gmt":"2014-09-27T16:08:54","guid":{"rendered":"http:\/\/www.symphonie-florale.com\/fleuriste-juvignac-montpellier\/?page_id=17"},"modified":"2021-04-16T10:51:04","modified_gmt":"2021-04-16T09:51:04","slug":"compositions-florales","status":"publish","type":"page","link":"https:\/\/www.symphonie-florale.com\/fleuriste-juvignac-montpellier\/compositions-florales\/","title":{"rendered":"Compositions florales"},"content":{"rendered":"<div class='flex_column av-32o71-e0526fc35087aee111b5bdd7951f7642 av_one_half  avia-builder-el-0  el_before_av_one_half  avia-builder-el-first  first flex_column_div '   ><section class=\"av_textblock_section \"  itemscope=\"itemscope\" itemtype=\"https:\/\/schema.org\/CreativeWork\" ><div class='avia_textblock  '   itemprop=\"text\" ><h2>Nos compositions florales<\/h2>\n<p>Notre artisanat est bas\u00e9 sur un assortiment de fleurs fra\u00eeches. Notre sensibilit\u00e9 cr\u00e9ative, notre savoir-faire, notre approvisionnement de fleurs du moment, suivant la saison, font que les cr\u00e9ations diff\u00e8rent des visuels qui n\u2019ont que valeur illustrative.<\/p>\n<\/div><\/section><\/div>\n<div class='flex_column av-254k1-739cb13f0cfa2725ba9198db3be99dda av_one_half  avia-builder-el-2  el_after_av_one_half  el_before_av_masonry_gallery  avia-builder-el-last  flex_column_div '   ><style type=\"text\/css\" data-created_by=\"avia_inline_auto\" id=\"style-css-av-1edwh-61845bef02c01f2a1444ba7154d06a99\">\n.avia_message_box.av-1edwh-61845bef02c01f2a1444ba7154d06a99{\nbackground-color:#8ebc19;\ncolor:#ffffff;\n}\n<\/style>\n<div id='avia-messagebox-' class='avia_message_box av_notification av-1edwh-61845bef02c01f2a1444ba7154d06a99 avia-color-custom avia-size-large avia-icon_select-no avia-border-  avia-builder-el-3  avia-builder-el-no-sibling  ' ><span class='avia_message_box_title' >ATTENTION<\/span><div class=\"avia_message_box_content\"><p>Chaque composition est unique. Les compositions florales sur le site ne sont que des exemples. Nous ne pourrons reproduire les m\u00eame compositions lors de votre commande.<\/p>\n<\/div><\/div><\/div>\n<div id='av-masonry-1' class='av-masonry av-vvp5-50fd4f4203cf02c0814de70cd16bc11b noHover av-fixed-size av-large-gap av-hover-overlay-active av-masonry-animation-active av-masonry-col-3 av-caption-always av-caption-style- av-masonry-gallery   '><div class=\"av-masonry-container isotope av-js-disabled\"><div class='av-masonry-entry isotope-item av-masonry-item-no-image '><\/div><a href=\"https:\/\/www.symphonie-florale.com\/fleuriste-juvignac-montpellier\/wp-content\/uploads\/2021\/04\/symphonie-florale-fleuriste-juvignac-101-1030x687.jpg\" data-srcset=\"https:\/\/www.symphonie-florale.com\/fleuriste-juvignac-montpellier\/wp-content\/uploads\/2021\/04\/symphonie-florale-fleuriste-juvignac-101-1030x687.jpg 1030w, https:\/\/www.symphonie-florale.com\/fleuriste-juvignac-montpellier\/wp-content\/uploads\/2021\/04\/symphonie-florale-fleuriste-juvignac-101-300x200.jpg 300w, https:\/\/www.symphonie-florale.com\/fleuriste-juvignac-montpellier\/wp-content\/uploads\/2021\/04\/symphonie-florale-fleuriste-juvignac-101-768x512.jpg 768w, https:\/\/www.symphonie-florale.com\/fleuriste-juvignac-montpellier\/wp-content\/uploads\/2021\/04\/symphonie-florale-fleuriste-juvignac-101-1536x1024.jpg 1536w, https:\/\/www.symphonie-florale.com\/fleuriste-juvignac-montpellier\/wp-content\/uploads\/2021\/04\/symphonie-florale-fleuriste-juvignac-101-2048x1365.jpg 2048w, https:\/\/www.symphonie-florale.com\/fleuriste-juvignac-montpellier\/wp-content\/uploads\/2021\/04\/symphonie-florale-fleuriste-juvignac-101-1500x1000.jpg 1500w, https:\/\/www.symphonie-florale.com\/fleuriste-juvignac-montpellier\/wp-content\/uploads\/2021\/04\/symphonie-florale-fleuriste-juvignac-101-705x470.jpg 705w\" data-sizes=\"(max-width: 1030px) 100vw, 1030px\"  aria-label=\"image symphonie-florale-fleuriste-juvignac (101)\"  id='av-masonry-1-item-2442' data-av-masonry-item='2442' class='av-masonry-entry isotope-item post-2442 attachment type-attachment status-inherit hentry  av-masonry-item-with-image' title=\"symphonie-florale-fleuriste-juvignac (101)\" alt=\"symphonie-florale-fleuriste-juvignac (101)\"   itemprop=\"thumbnailUrl\" ><div class='av-inner-masonry-sizer'><\/div><figure class='av-inner-masonry main_color'><div class=\"av-masonry-outerimage-container\"><div class='av-masonry-image-container' style=\"background-image: url(https:\/\/www.symphonie-florale.com\/fleuriste-juvignac-montpellier\/wp-content\/uploads\/2021\/04\/symphonie-florale-fleuriste-juvignac-101-705x470.jpg);\"  title=\"symphonie-florale-fleuriste-juvignac (101)\"   alt=\"symphonie-florale-fleuriste-juvignac (101)\" ><\/div><\/div><figcaption class='av-inner-masonry-content site-background'><div class='av-inner-masonry-content-pos'><div class='av-inner-masonry-content-pos-content'><div class='avia-arrow'><\/div><div class='av-masonry-entry-content entry-content'  itemprop=\"text\" >Toutes saisons<\/div><\/div><\/div><\/figcaption><\/figure><\/a><!--end av-masonry entry--><a href=\"https:\/\/www.symphonie-florale.com\/fleuriste-juvignac-montpellier\/wp-content\/uploads\/2014\/09\/fleuriste-montpellier-juvignac-amarelis-baies-de-roses-crete-de-coq.jpg\" data-srcset=\"https:\/\/www.symphonie-florale.com\/fleuriste-juvignac-montpellier\/wp-content\/uploads\/2014\/09\/fleuriste-montpellier-juvignac-amarelis-baies-de-roses-crete-de-coq.jpg 700w, https:\/\/www.symphonie-florale.com\/fleuriste-juvignac-montpellier\/wp-content\/uploads\/2014\/09\/fleuriste-montpellier-juvignac-amarelis-baies-de-roses-crete-de-coq-300x226.jpg 300w, https:\/\/www.symphonie-florale.com\/fleuriste-juvignac-montpellier\/wp-content\/uploads\/2014\/09\/fleuriste-montpellier-juvignac-amarelis-baies-de-roses-crete-de-coq-450x340.jpg 450w\" data-sizes=\"(max-width: 700px) 100vw, 700px\"  aria-label=\"image fleuriste-montpellier-juvignac-amarelis baies de roses crete de coq\"  id='av-masonry-1-item-147' data-av-masonry-item='147' class='av-masonry-entry isotope-item post-147 attachment type-attachment status-inherit hentry  av-masonry-item-with-image' title=\"fleuriste-montpellier-juvignac-amarelis baies de roses crete de coq\" alt=\"fleuriste-montpellier-juvignac-amarelis baies de roses crete de coq\"   itemprop=\"thumbnailUrl\" ><div class='av-inner-masonry-sizer'><\/div><figure class='av-inner-masonry main_color'><div class=\"av-masonry-outerimage-container\"><div class='av-masonry-image-container' style=\"background-image: url(https:\/\/www.symphonie-florale.com\/fleuriste-juvignac-montpellier\/wp-content\/uploads\/2014\/09\/fleuriste-montpellier-juvignac-amarelis-baies-de-roses-crete-de-coq.jpg);\"  title=\"fleuriste-montpellier-juvignac-amarelis baies de roses crete de coq\"   alt=\"fleuriste-montpellier-juvignac-amarelis baies de roses crete de coq\" ><\/div><\/div><figcaption class='av-inner-masonry-content site-background'><div class='av-inner-masonry-content-pos'><div class='av-inner-masonry-content-pos-content'><div class='avia-arrow'><\/div><div class='av-masonry-entry-content entry-content'  itemprop=\"text\" >Automne<\/div><\/div><\/div><\/figcaption><\/figure><\/a><!--end av-masonry entry--><a href=\"https:\/\/www.symphonie-florale.com\/fleuriste-juvignac-montpellier\/wp-content\/uploads\/2014\/09\/fleuriste-montpellier-juvignac-blanc-d-ivoire.jpg\" data-srcset=\"https:\/\/www.symphonie-florale.com\/fleuriste-juvignac-montpellier\/wp-content\/uploads\/2014\/09\/fleuriste-montpellier-juvignac-blanc-d-ivoire.jpg 596w, https:\/\/www.symphonie-florale.com\/fleuriste-juvignac-montpellier\/wp-content\/uploads\/2014\/09\/fleuriste-montpellier-juvignac-blanc-d-ivoire-198x300.jpg 198w, https:\/\/www.symphonie-florale.com\/fleuriste-juvignac-montpellier\/wp-content\/uploads\/2014\/09\/fleuriste-montpellier-juvignac-blanc-d-ivoire-466x705.jpg 466w, https:\/\/www.symphonie-florale.com\/fleuriste-juvignac-montpellier\/wp-content\/uploads\/2014\/09\/fleuriste-montpellier-juvignac-blanc-d-ivoire-450x679.jpg 450w\" data-sizes=\"(max-width: 596px) 100vw, 596px\"  aria-label=\"image fleuriste-montpellier-juvignac-blanc d ivoire\"  id='av-masonry-1-item-148' data-av-masonry-item='148' class='av-masonry-entry isotope-item post-148 attachment type-attachment status-inherit hentry  av-masonry-item-with-image' title=\"fleuriste-montpellier-juvignac-blanc d ivoire\" alt=\"fleuriste-montpellier-juvignac-blanc d ivoire\"   itemprop=\"thumbnailUrl\" ><div class='av-inner-masonry-sizer'><\/div><figure class='av-inner-masonry main_color'><div class=\"av-masonry-outerimage-container\"><div class='av-masonry-image-container' style=\"background-image: url(https:\/\/www.symphonie-florale.com\/fleuriste-juvignac-montpellier\/wp-content\/uploads\/2014\/09\/fleuriste-montpellier-juvignac-blanc-d-ivoire-466x705.jpg);\"  title=\"fleuriste-montpellier-juvignac-blanc d ivoire\"   alt=\"fleuriste-montpellier-juvignac-blanc d ivoire\" ><\/div><\/div><figcaption class='av-inner-masonry-content site-background'><div class='av-inner-masonry-content-pos'><div class='av-inner-masonry-content-pos-content'><div class='avia-arrow'><\/div><div class='av-masonry-entry-content entry-content'  itemprop=\"text\" >Hiver<\/div><\/div><\/div><\/figcaption><\/figure><\/a><!--end av-masonry entry--><a href=\"https:\/\/www.symphonie-florale.com\/fleuriste-juvignac-montpellier\/wp-content\/uploads\/2021\/04\/symphonie-florale-fleuriste-juvignac-104-1030x687.jpg\" data-srcset=\"https:\/\/www.symphonie-florale.com\/fleuriste-juvignac-montpellier\/wp-content\/uploads\/2021\/04\/symphonie-florale-fleuriste-juvignac-104-1030x687.jpg 1030w, https:\/\/www.symphonie-florale.com\/fleuriste-juvignac-montpellier\/wp-content\/uploads\/2021\/04\/symphonie-florale-fleuriste-juvignac-104-300x200.jpg 300w, https:\/\/www.symphonie-florale.com\/fleuriste-juvignac-montpellier\/wp-content\/uploads\/2021\/04\/symphonie-florale-fleuriste-juvignac-104-768x512.jpg 768w, https:\/\/www.symphonie-florale.com\/fleuriste-juvignac-montpellier\/wp-content\/uploads\/2021\/04\/symphonie-florale-fleuriste-juvignac-104-1536x1024.jpg 1536w, https:\/\/www.symphonie-florale.com\/fleuriste-juvignac-montpellier\/wp-content\/uploads\/2021\/04\/symphonie-florale-fleuriste-juvignac-104-2048x1365.jpg 2048w, https:\/\/www.symphonie-florale.com\/fleuriste-juvignac-montpellier\/wp-content\/uploads\/2021\/04\/symphonie-florale-fleuriste-juvignac-104-1500x1000.jpg 1500w, https:\/\/www.symphonie-florale.com\/fleuriste-juvignac-montpellier\/wp-content\/uploads\/2021\/04\/symphonie-florale-fleuriste-juvignac-104-705x470.jpg 705w\" data-sizes=\"(max-width: 1030px) 100vw, 1030px\"  aria-label=\"image symphonie-florale-fleuriste-juvignac (104)\"  id='av-masonry-1-item-2445' data-av-masonry-item='2445' class='av-masonry-entry isotope-item post-2445 attachment type-attachment status-inherit hentry  av-masonry-item-with-image' title=\"symphonie-florale-fleuriste-juvignac (104)\" alt=\"symphonie-florale-fleuriste-juvignac (104)\"   itemprop=\"thumbnailUrl\" ><div class='av-inner-masonry-sizer'><\/div><figure class='av-inner-masonry main_color'><div class=\"av-masonry-outerimage-container\"><div class='av-masonry-image-container' style=\"background-image: url(https:\/\/www.symphonie-florale.com\/fleuriste-juvignac-montpellier\/wp-content\/uploads\/2021\/04\/symphonie-florale-fleuriste-juvignac-104-705x470.jpg);\"  title=\"symphonie-florale-fleuriste-juvignac (104)\"   alt=\"symphonie-florale-fleuriste-juvignac (104)\" ><\/div><\/div><figcaption class='av-inner-masonry-content site-background'><div class='av-inner-masonry-content-pos'><div class='av-inner-masonry-content-pos-content'><div class='avia-arrow'><\/div><div class='av-masonry-entry-content entry-content'  itemprop=\"text\" >Printemps<\/div><\/div><\/div><\/figcaption><\/figure><\/a><!--end av-masonry entry--><a href=\"https:\/\/www.symphonie-florale.com\/fleuriste-juvignac-montpellier\/wp-content\/uploads\/2014\/09\/fleuriste-montpellier-juvignac-transparence-pastel-2.jpg\" data-srcset=\"https:\/\/www.symphonie-florale.com\/fleuriste-juvignac-montpellier\/wp-content\/uploads\/2014\/09\/fleuriste-montpellier-juvignac-transparence-pastel-2.jpg 700w, https:\/\/www.symphonie-florale.com\/fleuriste-juvignac-montpellier\/wp-content\/uploads\/2014\/09\/fleuriste-montpellier-juvignac-transparence-pastel-2-300x230.jpg 300w, https:\/\/www.symphonie-florale.com\/fleuriste-juvignac-montpellier\/wp-content\/uploads\/2014\/09\/fleuriste-montpellier-juvignac-transparence-pastel-2-450x345.jpg 450w\" data-sizes=\"(max-width: 700px) 100vw, 700px\"  aria-label=\"image fleuriste-montpellier-juvignac-transparence-pastel-2\"  id='av-masonry-1-item-150' data-av-masonry-item='150' class='av-masonry-entry isotope-item post-150 attachment type-attachment status-inherit hentry  av-masonry-item-with-image' title=\"fleuriste-montpellier-juvignac-transparence-pastel-2\" alt=\"fleuriste-montpellier-juvignac-transparence-pastel-2\"   itemprop=\"thumbnailUrl\" ><div class='av-inner-masonry-sizer'><\/div><figure class='av-inner-masonry main_color'><div class=\"av-masonry-outerimage-container\"><div class='av-masonry-image-container' style=\"background-image: url(https:\/\/www.symphonie-florale.com\/fleuriste-juvignac-montpellier\/wp-content\/uploads\/2014\/09\/fleuriste-montpellier-juvignac-transparence-pastel-2.jpg);\"  title=\"fleuriste-montpellier-juvignac-transparence-pastel-2\"   alt=\"fleuriste-montpellier-juvignac-transparence-pastel-2\" ><\/div><\/div><figcaption class='av-inner-masonry-content site-background'><div class='av-inner-masonry-content-pos'><div class='av-inner-masonry-content-pos-content'><div class='avia-arrow'><\/div><div class='av-masonry-entry-content entry-content'  itemprop=\"text\" >Et\u00e9<\/div><\/div><\/div><\/figcaption><\/figure><\/a><!--end av-masonry entry--><a href=\"https:\/\/www.symphonie-florale.com\/fleuriste-juvignac-montpellier\/wp-content\/uploads\/2014\/09\/fleuriste-montpellier-juvignac-hommage4.jpg\" data-srcset=\"https:\/\/www.symphonie-florale.com\/fleuriste-juvignac-montpellier\/wp-content\/uploads\/2014\/09\/fleuriste-montpellier-juvignac-hommage4.jpg 850w, https:\/\/www.symphonie-florale.com\/fleuriste-juvignac-montpellier\/wp-content\/uploads\/2014\/09\/fleuriste-montpellier-juvignac-hommage4-300x198.jpg 300w, https:\/\/www.symphonie-florale.com\/fleuriste-juvignac-montpellier\/wp-content\/uploads\/2014\/09\/fleuriste-montpellier-juvignac-hommage4-705x466.jpg 705w, https:\/\/www.symphonie-florale.com\/fleuriste-juvignac-montpellier\/wp-content\/uploads\/2014\/09\/fleuriste-montpellier-juvignac-hommage4-450x298.jpg 450w\" data-sizes=\"(max-width: 850px) 100vw, 850px\"  aria-label=\"image fleuriste-montpellier-juvignac-hommage4\"  id='av-masonry-1-item-151' data-av-masonry-item='151' class='av-masonry-entry isotope-item post-151 attachment type-attachment status-inherit hentry  av-masonry-item-with-image' title=\"fleuriste-montpellier-juvignac-hommage4\" alt=\"fleuriste-montpellier-juvignac-hommage4\"   itemprop=\"thumbnailUrl\" ><div class='av-inner-masonry-sizer'><\/div><figure class='av-inner-masonry main_color'><div class=\"av-masonry-outerimage-container\"><div class='av-masonry-image-container' style=\"background-image: url(https:\/\/www.symphonie-florale.com\/fleuriste-juvignac-montpellier\/wp-content\/uploads\/2014\/09\/fleuriste-montpellier-juvignac-hommage4-705x466.jpg);\"  title=\"fleuriste-montpellier-juvignac-hommage4\"   alt=\"fleuriste-montpellier-juvignac-hommage4\" ><\/div><\/div><figcaption class='av-inner-masonry-content site-background'><div class='av-inner-masonry-content-pos'><div class='av-inner-masonry-content-pos-content'><div class='avia-arrow'><\/div><div class='av-masonry-entry-content entry-content'  itemprop=\"text\" >Dernier hommage<\/div><\/div><\/div><\/figcaption><\/figure><\/a><!--end av-masonry entry--><\/div><\/div>\n","protected":false},"excerpt":{"rendered":"","protected":false},"author":1,"featured_media":0,"parent":0,"menu_order":0,"comment_status":"open","ping_status":"open","template":"","meta":[],"yoast_head":"<!-- This site is optimized with the Yoast SEO plugin v17.1 - https:\/\/yoast.com\/wordpress\/plugins\/seo\/ -->\n<title>Compositions florales - Symphonie Florale<\/title>\n<meta name=\"description\" content=\"Symphonie florale \u00e0 juvignac montpellier, fleuriste, cr\u00e9ation de compositions florales, objets de d\u00e9coration d&#039;int\u00e9rieur\" \/>\n<meta name=\"robots\" content=\"index, follow, max-snippet:-1, max-image-preview:large, max-video-preview:-1\" \/>\n<link rel=\"canonical\" href=\"https:\/\/www.symphonie-florale.com\/fleuriste-juvignac-montpellier\/compositions-florales\/\" \/>\n<meta property=\"og:locale\" content=\"fr_FR\" \/>\n<meta property=\"og:type\" content=\"article\" \/>\n<meta property=\"og:title\" content=\"Compositions florales - Symphonie Florale\" \/>\n<meta property=\"og:description\" content=\"Symphonie florale \u00e0 juvignac montpellier, fleuriste, cr\u00e9ation de compositions florales, objets de d\u00e9coration d&#039;int\u00e9rieur\" \/>\n<meta property=\"og:url\" content=\"https:\/\/www.symphonie-florale.com\/fleuriste-juvignac-montpellier\/compositions-florales\/\" \/>\n<meta property=\"og:site_name\" content=\"Symphonie Florale\" \/>\n<meta property=\"article:modified_time\" content=\"2021-04-16T09:51:04+00:00\" \/>\n<meta name=\"twitter:label1\" content=\"Dur\u00e9e de lecture est.\" \/>\n\t<meta name=\"twitter:data1\" content=\"1 minute\" \/>\n<script type=\"application\/ld+json\" class=\"yoast-schema-graph\">{\"@context\":\"https:\/\/schema.org\",\"@graph\":[{\"@type\":\"WebSite\",\"@id\":\"https:\/\/www.symphonie-florale.com\/fleuriste-juvignac-montpellier\/#website\",\"url\":\"https:\/\/www.symphonie-florale.com\/fleuriste-juvignac-montpellier\/\",\"name\":\"Symphonie Florale\",\"description\":\"Fleuriste \\u00e0 Juvignac Montpellier\",\"potentialAction\":[{\"@type\":\"SearchAction\",\"target\":{\"@type\":\"EntryPoint\",\"urlTemplate\":\"https:\/\/www.symphonie-florale.com\/fleuriste-juvignac-montpellier\/?s={search_term_string}\"},\"query-input\":\"required name=search_term_string\"}],\"inLanguage\":\"fr-FR\"},{\"@type\":\"WebPage\",\"@id\":\"https:\/\/www.symphonie-florale.com\/fleuriste-juvignac-montpellier\/compositions-florales\/#webpage\",\"url\":\"https:\/\/www.symphonie-florale.com\/fleuriste-juvignac-montpellier\/compositions-florales\/\",\"name\":\"Compositions florales - Symphonie Florale\",\"isPartOf\":{\"@id\":\"https:\/\/www.symphonie-florale.com\/fleuriste-juvignac-montpellier\/#website\"},\"datePublished\":\"2014-09-27T16:08:54+00:00\",\"dateModified\":\"2021-04-16T09:51:04+00:00\",\"description\":\"Symphonie florale \\u00e0 juvignac montpellier, fleuriste, cr\\u00e9ation de compositions florales, objets de d\\u00e9coration d'int\\u00e9rieur\",\"breadcrumb\":{\"@id\":\"https:\/\/www.symphonie-florale.com\/fleuriste-juvignac-montpellier\/compositions-florales\/#breadcrumb\"},\"inLanguage\":\"fr-FR\",\"potentialAction\":[{\"@type\":\"ReadAction\",\"target\":[\"https:\/\/www.symphonie-florale.com\/fleuriste-juvignac-montpellier\/compositions-florales\/\"]}]},{\"@type\":\"BreadcrumbList\",\"@id\":\"https:\/\/www.symphonie-florale.com\/fleuriste-juvignac-montpellier\/compositions-florales\/#breadcrumb\",\"itemListElement\":[{\"@type\":\"ListItem\",\"position\":1,\"name\":\"Accueil\",\"item\":\"https:\/\/www.symphonie-florale.com\/fleuriste-juvignac-montpellier\/\"},{\"@type\":\"ListItem\",\"position\":2,\"name\":\"Compositions florales\"}]}]}<\/script>\n<!-- \/ Yoast SEO plugin. -->","yoast_head_json":{"title":"Compositions florales - Symphonie Florale","description":"Symphonie florale \u00e0 juvignac montpellier, fleuriste, cr\u00e9ation de compositions florales, objets de d\u00e9coration d'int\u00e9rieur","robots":{"index":"index","follow":"follow","max-snippet":"max-snippet:-1","max-image-preview":"max-image-preview:large","max-video-preview":"max-video-preview:-1"},"canonical":"https:\/\/www.symphonie-florale.com\/fleuriste-juvignac-montpellier\/compositions-florales\/","og_locale":"fr_FR","og_type":"article","og_title":"Compositions florales - Symphonie Florale","og_description":"Symphonie florale \u00e0 juvignac montpellier, fleuriste, cr\u00e9ation de compositions florales, objets de d\u00e9coration d'int\u00e9rieur","og_url":"https:\/\/www.symphonie-florale.com\/fleuriste-juvignac-montpellier\/compositions-florales\/","og_site_name":"Symphonie Florale","article_modified_time":"2021-04-16T09:51:04+00:00","twitter_misc":{"Dur\u00e9e de lecture est.":"1 minute"},"schema":{"@context":"https:\/\/schema.org","@graph":[{"@type":"WebSite","@id":"https:\/\/www.symphonie-florale.com\/fleuriste-juvignac-montpellier\/#website","url":"https:\/\/www.symphonie-florale.com\/fleuriste-juvignac-montpellier\/","name":"Symphonie Florale","description":"Fleuriste \u00e0 Juvignac Montpellier","potentialAction":[{"@type":"SearchAction","target":{"@type":"EntryPoint","urlTemplate":"https:\/\/www.symphonie-florale.com\/fleuriste-juvignac-montpellier\/?s={search_term_string}"},"query-input":"required name=search_term_string"}],"inLanguage":"fr-FR"},{"@type":"WebPage","@id":"https:\/\/www.symphonie-florale.com\/fleuriste-juvignac-montpellier\/compositions-florales\/#webpage","url":"https:\/\/www.symphonie-florale.com\/fleuriste-juvignac-montpellier\/compositions-florales\/","name":"Compositions florales - Symphonie Florale","isPartOf":{"@id":"https:\/\/www.symphonie-florale.com\/fleuriste-juvignac-montpellier\/#website"},"datePublished":"2014-09-27T16:08:54+00:00","dateModified":"2021-04-16T09:51:04+00:00","description":"Symphonie florale \u00e0 juvignac montpellier, fleuriste, cr\u00e9ation de compositions florales, objets de d\u00e9coration d'int\u00e9rieur","breadcrumb":{"@id":"https:\/\/www.symphonie-florale.com\/fleuriste-juvignac-montpellier\/compositions-florales\/#breadcrumb"},"inLanguage":"fr-FR","potentialAction":[{"@type":"ReadAction","target":["https:\/\/www.symphonie-florale.com\/fleuriste-juvignac-montpellier\/compositions-florales\/"]}]},{"@type":"BreadcrumbList","@id":"https:\/\/www.symphonie-florale.com\/fleuriste-juvignac-montpellier\/compositions-florales\/#breadcrumb","itemListElement":[{"@type":"ListItem","position":1,"name":"Accueil","item":"https:\/\/www.symphonie-florale.com\/fleuriste-juvignac-montpellier\/"},{"@type":"ListItem","position":2,"name":"Compositions florales"}]}]}},"_links":{"self":[{"href":"https:\/\/www.symphonie-florale.com\/fleuriste-juvignac-montpellier\/wp-json\/wp\/v2\/pages\/17"}],"collection":[{"href":"https:\/\/www.symphonie-florale.com\/fleuriste-juvignac-montpellier\/wp-json\/wp\/v2\/pages"}],"about":[{"href":"https:\/\/www.symphonie-florale.com\/fleuriste-juvignac-montpellier\/wp-json\/wp\/v2\/types\/page"}],"author":[{"embeddable":true,"href":"https:\/\/www.symphonie-florale.com\/fleuriste-juvignac-montpellier\/wp-json\/wp\/v2\/users\/1"}],"replies":[{"embeddable":true,"href":"https:\/\/www.symphonie-florale.com\/fleuriste-juvignac-montpellier\/wp-json\/wp\/v2\/comments?post=17"}],"version-history":[{"count":11,"href":"https:\/\/www.symphonie-florale.com\/fleuriste-juvignac-montpellier\/wp-json\/wp\/v2\/pages\/17\/revisions"}],"predecessor-version":[{"id":2453,"href":"https:\/\/www.symphonie-florale.com\/fleuriste-juvignac-montpellier\/wp-json\/wp\/v2\/pages\/17\/revisions\/2453"}],"wp:attachment":[{"href":"https:\/\/www.symphonie-florale.com\/fleuriste-juvignac-montpellier\/wp-json\/wp\/v2\/media?parent=17"}],"curies":[{"name":"wp","href":"https:\/\/api.w.org\/{rel}","templated":true}]}}