{"id":1735,"date":"2019-04-10T22:37:08","date_gmt":"2019-04-10T21:37:08","guid":{"rendered":"http:\/\/www.symphonie-florale.com\/fleuriste-juvignac-montpellier\/?page_id=1735"},"modified":"2019-04-10T22:40:08","modified_gmt":"2019-04-10T21:40:08","slug":"de-jolis-vases-noirs-en-fer","status":"publish","type":"page","link":"https:\/\/www.symphonie-florale.com\/fleuriste-juvignac-montpellier\/la-vitrine\/de-jolis-vases-noirs-en-fer\/","title":{"rendered":"De jolies vases noirs en fer"},"content":{"rendered":"\n<style type=\"text\/css\" data-created_by=\"avia_inline_auto\" id=\"style-css-av-1atdom8-590dd1811ae522dba88e816c0510202b\">\n.flex_column.av-1atdom8-590dd1811ae522dba88e816c0510202b{\nborder-radius:0px 0px 0px 0px;\n-webkit-border-radius:0px 0px 0px 0px;\n-moz-border-radius:0px 0px 0px 0px;\n}\n<\/style>\n<div class='flex_column av-1atdom8-590dd1811ae522dba88e816c0510202b av_one_full  avia-builder-el-0  el_before_av_one_half  avia-builder-el-first  first flex_column_div av-zero-column-padding '   ><section class=\"av_textblock_section \"  itemscope=\"itemscope\" itemtype=\"https:\/\/schema.org\/CreativeWork\" ><div class='avia_textblock  '   itemprop=\"text\" ><p><span style=\"font-size: 12pt;\">Vous d\u00e9couvrirez de jolies plantes aux fleurs blanches appel\u00e9es gypsophiles d\u00e9pos\u00e9es dans des vases noirs en fer.\u00a0<\/span><\/p>\n<p><span style=\"font-size: 12pt;\">Les vases peuvent \u00eatre suspendus mais aussi sur pieds.<\/span><\/p>\n<\/div><\/section><\/div>\n\n<style type=\"text\/css\" data-created_by=\"avia_inline_auto\" id=\"style-css-av-17czdhc-3f0db0da8daec845fbf8bd65b148d360\">\n.flex_column.av-17czdhc-3f0db0da8daec845fbf8bd65b148d360{\nborder-radius:0px 0px 0px 0px;\n-webkit-border-radius:0px 0px 0px 0px;\n-moz-border-radius:0px 0px 0px 0px;\n}\n<\/style>\n<div class='flex_column av-17czdhc-3f0db0da8daec845fbf8bd65b148d360 av_one_half  avia-builder-el-2  el_after_av_one_full  el_before_av_one_half  first no_margin flex_column_div av-zero-column-padding column-top-margin'   ><p>\n<style type=\"text\/css\" data-created_by=\"avia_inline_auto\" id=\"style-css-av-15rs1og-22c4c58b1077391a17c3ead99f1155c2\">\n.avia-image-container.av-15rs1og-22c4c58b1077391a17c3ead99f1155c2 .av-image-caption-overlay-center{\ncolor:#ffffff;\n}\n<\/style>\n<div  class='avia-image-container av-15rs1og-22c4c58b1077391a17c3ead99f1155c2 av-styling- av-hover-grow avia-align-left  avia-builder-el-3  el_before_av_hr  avia-builder-el-first  '  itemprop=\"image\" itemscope=\"itemscope\" itemtype=\"https:\/\/schema.org\/ImageObject\" ><div class=\"avia-image-container-inner\"><div class=\"avia-image-overlay-wrap\"><img class='wp-image-1736 avia-img-lazy-loading-not-1736 avia_image' src=\"https:\/\/www.symphonie-florale.com\/fleuriste-juvignac-montpellier\/wp-content\/uploads\/2019\/04\/symphonie-florale-fleuriste-juvignac-montpellier-vitrine-printemps-2019-132-e1554932279653.jpg\" alt='symphonie-florale-fleuriste-juvignac-montpellier-vitrine-printemps-2019 (132)' title='symphonie-florale-fleuriste-juvignac-montpellier-vitrine-printemps-2019 (132)'  height=\"1800\" width=\"1200\"  itemprop=\"thumbnailUrl\" srcset=\"https:\/\/www.symphonie-florale.com\/fleuriste-juvignac-montpellier\/wp-content\/uploads\/2019\/04\/symphonie-florale-fleuriste-juvignac-montpellier-vitrine-printemps-2019-132-e1554932279653.jpg 1200w, https:\/\/www.symphonie-florale.com\/fleuriste-juvignac-montpellier\/wp-content\/uploads\/2019\/04\/symphonie-florale-fleuriste-juvignac-montpellier-vitrine-printemps-2019-132-e1554932279653-200x300.jpg 200w, https:\/\/www.symphonie-florale.com\/fleuriste-juvignac-montpellier\/wp-content\/uploads\/2019\/04\/symphonie-florale-fleuriste-juvignac-montpellier-vitrine-printemps-2019-132-e1554932279653-768x1152.jpg 768w, https:\/\/www.symphonie-florale.com\/fleuriste-juvignac-montpellier\/wp-content\/uploads\/2019\/04\/symphonie-florale-fleuriste-juvignac-montpellier-vitrine-printemps-2019-132-e1554932279653-687x1030.jpg 687w, https:\/\/www.symphonie-florale.com\/fleuriste-juvignac-montpellier\/wp-content\/uploads\/2019\/04\/symphonie-florale-fleuriste-juvignac-montpellier-vitrine-printemps-2019-132-e1554932279653-1000x1500.jpg 1000w, https:\/\/www.symphonie-florale.com\/fleuriste-juvignac-montpellier\/wp-content\/uploads\/2019\/04\/symphonie-florale-fleuriste-juvignac-montpellier-vitrine-printemps-2019-132-e1554932279653-470x705.jpg 470w, https:\/\/www.symphonie-florale.com\/fleuriste-juvignac-montpellier\/wp-content\/uploads\/2019\/04\/symphonie-florale-fleuriste-juvignac-montpellier-vitrine-printemps-2019-132-e1554932279653-450x675.jpg 450w\" sizes=\"(max-width: 1200px) 100vw, 1200px\" \/><\/div><\/div><\/div><br \/>\n\n<style type=\"text\/css\" data-created_by=\"avia_inline_auto\" id=\"style-css-av-1514wcw-6bc5e8d0a664c5eec60ff91b82eb4ada\">\n#top .hr.hr-invisible.av-1514wcw-6bc5e8d0a664c5eec60ff91b82eb4ada{\nheight:20px;\n}\n<\/style>\n<div  class='hr av-1514wcw-6bc5e8d0a664c5eec60ff91b82eb4ada hr-invisible  avia-builder-el-4  el_after_av_image  el_before_av_image  '><span class='hr-inner '><span class=\"hr-inner-style\"><\/span><\/span><\/div><br \/>\n\n<style type=\"text\/css\" data-created_by=\"avia_inline_auto\" id=\"style-css-av-3hws34-9f9cde743d8046e09b85e444f4287fd0\">\n.avia-image-container.av-3hws34-9f9cde743d8046e09b85e444f4287fd0 .av-image-caption-overlay-center{\ncolor:#ffffff;\n}\n<\/style>\n<div  class='avia-image-container av-3hws34-9f9cde743d8046e09b85e444f4287fd0 av-styling- av-hover-grow avia-align-left  avia-builder-el-5  el_after_av_hr  avia-builder-el-last  '  itemprop=\"image\" itemscope=\"itemscope\" itemtype=\"https:\/\/schema.org\/ImageObject\" ><div class=\"avia-image-container-inner\"><div class=\"avia-image-overlay-wrap\"><img class='wp-image-1732 avia-img-lazy-loading-not-1732 avia_image' src=\"https:\/\/www.symphonie-florale.com\/fleuriste-juvignac-montpellier\/wp-content\/uploads\/2019\/04\/symphonie-florale-fleuriste-juvignac-montpellier-vitrine-printemps-2019-123-e1554931797866.jpg\" alt='symphonie-florale-fleuriste-juvignac-montpellier-vitrine-printemps-2019 (123)' title='symphonie-florale-fleuriste-juvignac-montpellier-vitrine-printemps-2019 (123)'  height=\"1800\" width=\"1200\"  itemprop=\"thumbnailUrl\" srcset=\"https:\/\/www.symphonie-florale.com\/fleuriste-juvignac-montpellier\/wp-content\/uploads\/2019\/04\/symphonie-florale-fleuriste-juvignac-montpellier-vitrine-printemps-2019-123-e1554931797866.jpg 1200w, https:\/\/www.symphonie-florale.com\/fleuriste-juvignac-montpellier\/wp-content\/uploads\/2019\/04\/symphonie-florale-fleuriste-juvignac-montpellier-vitrine-printemps-2019-123-e1554931797866-200x300.jpg 200w, https:\/\/www.symphonie-florale.com\/fleuriste-juvignac-montpellier\/wp-content\/uploads\/2019\/04\/symphonie-florale-fleuriste-juvignac-montpellier-vitrine-printemps-2019-123-e1554931797866-768x1152.jpg 768w, https:\/\/www.symphonie-florale.com\/fleuriste-juvignac-montpellier\/wp-content\/uploads\/2019\/04\/symphonie-florale-fleuriste-juvignac-montpellier-vitrine-printemps-2019-123-e1554931797866-687x1030.jpg 687w, https:\/\/www.symphonie-florale.com\/fleuriste-juvignac-montpellier\/wp-content\/uploads\/2019\/04\/symphonie-florale-fleuriste-juvignac-montpellier-vitrine-printemps-2019-123-e1554931797866-1000x1500.jpg 1000w, https:\/\/www.symphonie-florale.com\/fleuriste-juvignac-montpellier\/wp-content\/uploads\/2019\/04\/symphonie-florale-fleuriste-juvignac-montpellier-vitrine-printemps-2019-123-e1554931797866-470x705.jpg 470w, https:\/\/www.symphonie-florale.com\/fleuriste-juvignac-montpellier\/wp-content\/uploads\/2019\/04\/symphonie-florale-fleuriste-juvignac-montpellier-vitrine-printemps-2019-123-e1554931797866-450x675.jpg 450w\" sizes=\"(max-width: 1200px) 100vw, 1200px\" \/><\/div><\/div><\/div><\/p><\/div>\n\n<style type=\"text\/css\" data-created_by=\"avia_inline_auto\" id=\"style-css-av-10o4gpc-80b346937bedc9cd6e5feee2853aae1d\">\n.flex_column.av-10o4gpc-80b346937bedc9cd6e5feee2853aae1d{\nborder-radius:0px 0px 0px 0px;\n-webkit-border-radius:0px 0px 0px 0px;\n-moz-border-radius:0px 0px 0px 0px;\n}\n<\/style>\n<div class='flex_column av-10o4gpc-80b346937bedc9cd6e5feee2853aae1d av_one_half  avia-builder-el-6  el_after_av_one_half  avia-builder-el-last  no_margin flex_column_div av-zero-column-padding column-top-margin'   ><p>\n<style type=\"text\/css\" data-created_by=\"avia_inline_auto\" id=\"style-css-av-3hws34-64776f3166d2ab1b596550d4ebabd4bd\">\n.avia-image-container.av-3hws34-64776f3166d2ab1b596550d4ebabd4bd .av-image-caption-overlay-center{\ncolor:#ffffff;\n}\n<\/style>\n<div  class='avia-image-container av-3hws34-64776f3166d2ab1b596550d4ebabd4bd av-styling- av-hover-grow avia-align-left  avia-builder-el-7  el_before_av_hr  avia-builder-el-first  '  itemprop=\"image\" itemscope=\"itemscope\" itemtype=\"https:\/\/schema.org\/ImageObject\" ><div class=\"avia-image-container-inner\"><div class=\"avia-image-overlay-wrap\"><img class='wp-image-1734 avia-img-lazy-loading-not-1734 avia_image' src=\"https:\/\/www.symphonie-florale.com\/fleuriste-juvignac-montpellier\/wp-content\/uploads\/2019\/04\/symphonie-florale-fleuriste-juvignac-montpellier-vitrine-printemps-2019-128-e1554931651353.jpg\" alt='symphonie-florale-fleuriste-juvignac-montpellier-vitrine-printemps-2019 (128)' title='symphonie-florale-fleuriste-juvignac-montpellier-vitrine-printemps-2019 (128)'  height=\"1200\" width=\"1800\"  itemprop=\"thumbnailUrl\"  \/><\/div><\/div><\/div><br \/>\n\n<style type=\"text\/css\" data-created_by=\"avia_inline_auto\" id=\"style-css-av-y0sbls-f8f502383310a08e6a2b09f267d7a7e9\">\n#top .hr.hr-invisible.av-y0sbls-f8f502383310a08e6a2b09f267d7a7e9{\nheight:20px;\n}\n<\/style>\n<div  class='hr av-y0sbls-f8f502383310a08e6a2b09f267d7a7e9 hr-invisible  avia-builder-el-8  el_after_av_image  el_before_av_image  '><span class='hr-inner '><span class=\"hr-inner-style\"><\/span><\/span><\/div><br \/>\n\n<style type=\"text\/css\" data-created_by=\"avia_inline_auto\" id=\"style-css-av-3hws34-8c0419432a89309a12ba2b3fbfd7e7da\">\n.avia-image-container.av-3hws34-8c0419432a89309a12ba2b3fbfd7e7da .av-image-caption-overlay-center{\ncolor:#ffffff;\n}\n<\/style>\n<div  class='avia-image-container av-3hws34-8c0419432a89309a12ba2b3fbfd7e7da av-styling- av-hover-grow avia-align-left  avia-builder-el-9  el_after_av_hr  avia-builder-el-last  '  itemprop=\"image\" itemscope=\"itemscope\" itemtype=\"https:\/\/schema.org\/ImageObject\" ><div class=\"avia-image-container-inner\"><div class=\"avia-image-overlay-wrap\"><img class='wp-image-1703 avia-img-lazy-loading-not-1703 avia_image' src=\"https:\/\/www.symphonie-florale.com\/fleuriste-juvignac-montpellier\/wp-content\/uploads\/2019\/04\/symphonie-florale-fleuriste-juvignac-montpellier-vitrine-printemps-2019-1-1-e1554927421198.jpg\" alt='symphonie-florale-fleuriste-juvignac-montpellier-vitrine-printemps-2019 (1)' title='symphonie-florale-fleuriste-juvignac-montpellier-vitrine-printemps-2019 (1)'  height=\"1800\" width=\"1200\"  itemprop=\"thumbnailUrl\" srcset=\"https:\/\/www.symphonie-florale.com\/fleuriste-juvignac-montpellier\/wp-content\/uploads\/2019\/04\/symphonie-florale-fleuriste-juvignac-montpellier-vitrine-printemps-2019-1-1-e1554927421198.jpg 1200w, https:\/\/www.symphonie-florale.com\/fleuriste-juvignac-montpellier\/wp-content\/uploads\/2019\/04\/symphonie-florale-fleuriste-juvignac-montpellier-vitrine-printemps-2019-1-1-e1554927421198-200x300.jpg 200w, https:\/\/www.symphonie-florale.com\/fleuriste-juvignac-montpellier\/wp-content\/uploads\/2019\/04\/symphonie-florale-fleuriste-juvignac-montpellier-vitrine-printemps-2019-1-1-e1554927421198-768x1152.jpg 768w, https:\/\/www.symphonie-florale.com\/fleuriste-juvignac-montpellier\/wp-content\/uploads\/2019\/04\/symphonie-florale-fleuriste-juvignac-montpellier-vitrine-printemps-2019-1-1-e1554927421198-687x1030.jpg 687w, https:\/\/www.symphonie-florale.com\/fleuriste-juvignac-montpellier\/wp-content\/uploads\/2019\/04\/symphonie-florale-fleuriste-juvignac-montpellier-vitrine-printemps-2019-1-1-e1554927421198-1000x1500.jpg 1000w, https:\/\/www.symphonie-florale.com\/fleuriste-juvignac-montpellier\/wp-content\/uploads\/2019\/04\/symphonie-florale-fleuriste-juvignac-montpellier-vitrine-printemps-2019-1-1-e1554927421198-470x705.jpg 470w, https:\/\/www.symphonie-florale.com\/fleuriste-juvignac-montpellier\/wp-content\/uploads\/2019\/04\/symphonie-florale-fleuriste-juvignac-montpellier-vitrine-printemps-2019-1-1-e1554927421198-450x675.jpg 450w\" sizes=\"(max-width: 1200px) 100vw, 1200px\" \/><\/div><\/div><\/div><\/p><\/div>\n","protected":false},"excerpt":{"rendered":"","protected":false},"author":1,"featured_media":0,"parent":13,"menu_order":0,"comment_status":"closed","ping_status":"closed","template":"","meta":[],"yoast_head":"<!-- This site is optimized with the Yoast SEO plugin v17.1 - https:\/\/yoast.com\/wordpress\/plugins\/seo\/ -->\n<title>vases noirs en fer avec gypsophiles I Symphonie florale<\/title>\n<meta name=\"description\" content=\"vases noirs en fer avec gypsophiles chez Symphonie florale, d\u00e9coration printemps, d\u00e9coration cosy, nature, d\u00e9coration d&#039;int\u00e9rieur\" \/>\n<meta name=\"robots\" content=\"index, follow, max-snippet:-1, max-image-preview:large, max-video-preview:-1\" \/>\n<link rel=\"canonical\" href=\"https:\/\/www.symphonie-florale.com\/fleuriste-juvignac-montpellier\/la-vitrine\/de-jolis-vases-noirs-en-fer\/\" \/>\n<meta property=\"og:locale\" content=\"fr_FR\" \/>\n<meta property=\"og:type\" content=\"article\" \/>\n<meta property=\"og:title\" content=\"vases noirs en fer avec gypsophiles I Symphonie florale\" \/>\n<meta property=\"og:description\" content=\"vases noirs en fer avec gypsophiles chez Symphonie florale, d\u00e9coration printemps, d\u00e9coration cosy, nature, d\u00e9coration d&#039;int\u00e9rieur\" \/>\n<meta property=\"og:url\" content=\"https:\/\/www.symphonie-florale.com\/fleuriste-juvignac-montpellier\/la-vitrine\/de-jolis-vases-noirs-en-fer\/\" \/>\n<meta property=\"og:site_name\" content=\"Symphonie Florale\" \/>\n<meta property=\"article:modified_time\" content=\"2019-04-10T21:40:08+00:00\" \/>\n<meta name=\"twitter:label1\" content=\"Dur\u00e9e de lecture est.\" \/>\n\t<meta name=\"twitter:data1\" content=\"3 minutes\" \/>\n<script type=\"application\/ld+json\" class=\"yoast-schema-graph\">{\"@context\":\"https:\/\/schema.org\",\"@graph\":[{\"@type\":\"WebSite\",\"@id\":\"https:\/\/www.symphonie-florale.com\/fleuriste-juvignac-montpellier\/#website\",\"url\":\"https:\/\/www.symphonie-florale.com\/fleuriste-juvignac-montpellier\/\",\"name\":\"Symphonie Florale\",\"description\":\"Fleuriste \\u00e0 Juvignac Montpellier\",\"potentialAction\":[{\"@type\":\"SearchAction\",\"target\":{\"@type\":\"EntryPoint\",\"urlTemplate\":\"https:\/\/www.symphonie-florale.com\/fleuriste-juvignac-montpellier\/?s={search_term_string}\"},\"query-input\":\"required name=search_term_string\"}],\"inLanguage\":\"fr-FR\"},{\"@type\":\"WebPage\",\"@id\":\"https:\/\/www.symphonie-florale.com\/fleuriste-juvignac-montpellier\/la-vitrine\/de-jolis-vases-noirs-en-fer\/#webpage\",\"url\":\"https:\/\/www.symphonie-florale.com\/fleuriste-juvignac-montpellier\/la-vitrine\/de-jolis-vases-noirs-en-fer\/\",\"name\":\"vases noirs en fer avec gypsophiles I Symphonie florale\",\"isPartOf\":{\"@id\":\"https:\/\/www.symphonie-florale.com\/fleuriste-juvignac-montpellier\/#website\"},\"datePublished\":\"2019-04-10T21:37:08+00:00\",\"dateModified\":\"2019-04-10T21:40:08+00:00\",\"description\":\"vases noirs en fer avec gypsophiles chez Symphonie florale, d\\u00e9coration printemps, d\\u00e9coration cosy, nature, d\\u00e9coration d'int\\u00e9rieur\",\"breadcrumb\":{\"@id\":\"https:\/\/www.symphonie-florale.com\/fleuriste-juvignac-montpellier\/la-vitrine\/de-jolis-vases-noirs-en-fer\/#breadcrumb\"},\"inLanguage\":\"fr-FR\",\"potentialAction\":[{\"@type\":\"ReadAction\",\"target\":[\"https:\/\/www.symphonie-florale.com\/fleuriste-juvignac-montpellier\/la-vitrine\/de-jolis-vases-noirs-en-fer\/\"]}]},{\"@type\":\"BreadcrumbList\",\"@id\":\"https:\/\/www.symphonie-florale.com\/fleuriste-juvignac-montpellier\/la-vitrine\/de-jolis-vases-noirs-en-fer\/#breadcrumb\",\"itemListElement\":[{\"@type\":\"ListItem\",\"position\":1,\"name\":\"Accueil\",\"item\":\"https:\/\/www.symphonie-florale.com\/fleuriste-juvignac-montpellier\/\"},{\"@type\":\"ListItem\",\"position\":2,\"name\":\"La vitrine\",\"item\":\"https:\/\/www.symphonie-florale.com\/fleuriste-juvignac-montpellier\/la-vitrine\/\"},{\"@type\":\"ListItem\",\"position\":3,\"name\":\"De jolies vases noirs en fer\"}]}]}<\/script>\n<!-- \/ Yoast SEO plugin. -->","yoast_head_json":{"title":"vases noirs en fer avec gypsophiles I Symphonie florale","description":"vases noirs en fer avec gypsophiles chez Symphonie florale, d\u00e9coration printemps, d\u00e9coration cosy, nature, d\u00e9coration d'int\u00e9rieur","robots":{"index":"index","follow":"follow","max-snippet":"max-snippet:-1","max-image-preview":"max-image-preview:large","max-video-preview":"max-video-preview:-1"},"canonical":"https:\/\/www.symphonie-florale.com\/fleuriste-juvignac-montpellier\/la-vitrine\/de-jolis-vases-noirs-en-fer\/","og_locale":"fr_FR","og_type":"article","og_title":"vases noirs en fer avec gypsophiles I Symphonie florale","og_description":"vases noirs en fer avec gypsophiles chez Symphonie florale, d\u00e9coration printemps, d\u00e9coration cosy, nature, d\u00e9coration d'int\u00e9rieur","og_url":"https:\/\/www.symphonie-florale.com\/fleuriste-juvignac-montpellier\/la-vitrine\/de-jolis-vases-noirs-en-fer\/","og_site_name":"Symphonie Florale","article_modified_time":"2019-04-10T21:40:08+00:00","twitter_misc":{"Dur\u00e9e de lecture est.":"3 minutes"},"schema":{"@context":"https:\/\/schema.org","@graph":[{"@type":"WebSite","@id":"https:\/\/www.symphonie-florale.com\/fleuriste-juvignac-montpellier\/#website","url":"https:\/\/www.symphonie-florale.com\/fleuriste-juvignac-montpellier\/","name":"Symphonie Florale","description":"Fleuriste \u00e0 Juvignac Montpellier","potentialAction":[{"@type":"SearchAction","target":{"@type":"EntryPoint","urlTemplate":"https:\/\/www.symphonie-florale.com\/fleuriste-juvignac-montpellier\/?s={search_term_string}"},"query-input":"required name=search_term_string"}],"inLanguage":"fr-FR"},{"@type":"WebPage","@id":"https:\/\/www.symphonie-florale.com\/fleuriste-juvignac-montpellier\/la-vitrine\/de-jolis-vases-noirs-en-fer\/#webpage","url":"https:\/\/www.symphonie-florale.com\/fleuriste-juvignac-montpellier\/la-vitrine\/de-jolis-vases-noirs-en-fer\/","name":"vases noirs en fer avec gypsophiles I Symphonie florale","isPartOf":{"@id":"https:\/\/www.symphonie-florale.com\/fleuriste-juvignac-montpellier\/#website"},"datePublished":"2019-04-10T21:37:08+00:00","dateModified":"2019-04-10T21:40:08+00:00","description":"vases noirs en fer avec gypsophiles chez Symphonie florale, d\u00e9coration printemps, d\u00e9coration cosy, nature, d\u00e9coration d'int\u00e9rieur","breadcrumb":{"@id":"https:\/\/www.symphonie-florale.com\/fleuriste-juvignac-montpellier\/la-vitrine\/de-jolis-vases-noirs-en-fer\/#breadcrumb"},"inLanguage":"fr-FR","potentialAction":[{"@type":"ReadAction","target":["https:\/\/www.symphonie-florale.com\/fleuriste-juvignac-montpellier\/la-vitrine\/de-jolis-vases-noirs-en-fer\/"]}]},{"@type":"BreadcrumbList","@id":"https:\/\/www.symphonie-florale.com\/fleuriste-juvignac-montpellier\/la-vitrine\/de-jolis-vases-noirs-en-fer\/#breadcrumb","itemListElement":[{"@type":"ListItem","position":1,"name":"Accueil","item":"https:\/\/www.symphonie-florale.com\/fleuriste-juvignac-montpellier\/"},{"@type":"ListItem","position":2,"name":"La vitrine","item":"https:\/\/www.symphonie-florale.com\/fleuriste-juvignac-montpellier\/la-vitrine\/"},{"@type":"ListItem","position":3,"name":"De jolies vases noirs en fer"}]}]}},"_links":{"self":[{"href":"https:\/\/www.symphonie-florale.com\/fleuriste-juvignac-montpellier\/wp-json\/wp\/v2\/pages\/1735"}],"collection":[{"href":"https:\/\/www.symphonie-florale.com\/fleuriste-juvignac-montpellier\/wp-json\/wp\/v2\/pages"}],"about":[{"href":"https:\/\/www.symphonie-florale.com\/fleuriste-juvignac-montpellier\/wp-json\/wp\/v2\/types\/page"}],"author":[{"embeddable":true,"href":"https:\/\/www.symphonie-florale.com\/fleuriste-juvignac-montpellier\/wp-json\/wp\/v2\/users\/1"}],"replies":[{"embeddable":true,"href":"https:\/\/www.symphonie-florale.com\/fleuriste-juvignac-montpellier\/wp-json\/wp\/v2\/comments?post=1735"}],"version-history":[{"count":3,"href":"https:\/\/www.symphonie-florale.com\/fleuriste-juvignac-montpellier\/wp-json\/wp\/v2\/pages\/1735\/revisions"}],"predecessor-version":[{"id":1740,"href":"https:\/\/www.symphonie-florale.com\/fleuriste-juvignac-montpellier\/wp-json\/wp\/v2\/pages\/1735\/revisions\/1740"}],"up":[{"embeddable":true,"href":"https:\/\/www.symphonie-florale.com\/fleuriste-juvignac-montpellier\/wp-json\/wp\/v2\/pages\/13"}],"wp:attachment":[{"href":"https:\/\/www.symphonie-florale.com\/fleuriste-juvignac-montpellier\/wp-json\/wp\/v2\/media?parent=1735"}],"curies":[{"name":"wp","href":"https:\/\/api.w.org\/{rel}","templated":true}]}}