{"id":621,"date":"2015-04-20T09:20:46","date_gmt":"2015-04-20T08:20:46","guid":{"rendered":"http:\/\/www.symphonie-florale.com\/fleuriste-juvignac-montpellier\/?page_id=621"},"modified":"2015-04-20T09:51:42","modified_gmt":"2015-04-20T08:51:42","slug":"mille-et-une-orchidees","status":"publish","type":"page","link":"https:\/\/www.symphonie-florale.com\/fleuriste-juvignac-montpellier\/mille-et-une-orchidees\/","title":{"rendered":"Mille et une orchid\u00e9es"},"content":{"rendered":"<section class=\"av_textblock_section \"  itemscope=\"itemscope\" itemtype=\"https:\/\/schema.org\/CreativeWork\" ><div class='avia_textblock  '   itemprop=\"text\" ><p>Bonne nouvelle pour les amateurs d&rsquo;orchid\u00e9es ! Vous en trouverez de toutes les couleurs dans notre boutique : orchid\u00e9es vandas, orchid\u00e9es phalaenopsis roses et blanches, orchid\u00e9es miltonias&#8230;<\/p>\n<\/div><\/section>\n<div class='flex_column av-av_one_third-2a9015ff38129c418a3f2eafba3e9512 av_one_third  avia-builder-el-1  el_after_av_textblock  el_before_av_one_third  first flex_column_div column-top-margin'   ><p><section class=\"av_textblock_section \"  itemscope=\"itemscope\" itemtype=\"https:\/\/schema.org\/CreativeWork\" ><div class='avia_textblock  '   itemprop=\"text\" ><p>Dans leur milieu naturel, les orchid\u00e9es vivent accroch\u00e9es aux branches des arbres, dans les for\u00eats tropicales.<\/p>\n<p>Elles n\u00e9cessitent beaucoup de lumi\u00e8re mais elles n\u2019aiment pas le soleil direct.<\/p>\n<p>Pr\u00e9sent\u00e9es dans notre boutique sur des grands coussins de couleurs, elles ne vous laisseront pas indiff\u00e9rents !<\/p>\n<\/div><\/section><br \/>\n\n<style type=\"text\/css\" data-created_by=\"avia_inline_auto\" id=\"style-css-av-av_image-7a0b1693ebede2d3ef3212297d3a6e69\">\n.avia-image-container.av-av_image-7a0b1693ebede2d3ef3212297d3a6e69 .av-image-caption-overlay-center{\ncolor:#ffffff;\n}\n<\/style>\n<div  class='avia-image-container av-av_image-7a0b1693ebede2d3ef3212297d3a6e69 av-styling- avia_animated_image avia_animate_when_almost_visible left-to-right avia-align-left  avia-builder-el-3  el_after_av_textblock  avia-builder-el-last  '  itemprop=\"image\" itemscope=\"itemscope\" itemtype=\"https:\/\/schema.org\/ImageObject\" ><div class=\"avia-image-container-inner\"><div class=\"avia-image-overlay-wrap\"><img width=\"300\" height=\"200\" class='wp-image-622 avia-img-lazy-loading-not-622 avia_image' src=\"https:\/\/www.symphonie-florale.com\/fleuriste-juvignac-montpellier\/wp-content\/uploads\/2015\/04\/IMG_9274-300x200.jpg\" alt='orchid\u00e9e blanche' title='orchid\u00e9e blanche'   itemprop=\"thumbnailUrl\" srcset=\"https:\/\/www.symphonie-florale.com\/fleuriste-juvignac-montpellier\/wp-content\/uploads\/2015\/04\/IMG_9274-300x200.jpg 300w, https:\/\/www.symphonie-florale.com\/fleuriste-juvignac-montpellier\/wp-content\/uploads\/2015\/04\/IMG_9274-705x470.jpg 705w, https:\/\/www.symphonie-florale.com\/fleuriste-juvignac-montpellier\/wp-content\/uploads\/2015\/04\/IMG_9274-450x300.jpg 450w, https:\/\/www.symphonie-florale.com\/fleuriste-juvignac-montpellier\/wp-content\/uploads\/2015\/04\/IMG_9274.jpg 900w\" sizes=\"(max-width: 300px) 100vw, 300px\" \/><\/div><\/div><\/div><\/p><\/div>\n<div class='flex_column av-av_one_third-61f1f3fb8a14755dafdb04b8bcedc67a av_one_third  avia-builder-el-4  el_after_av_one_third  el_before_av_one_third  flex_column_div column-top-margin'   ><style type=\"text\/css\" data-created_by=\"avia_inline_auto\" id=\"style-css-av-av_image-62265e64048962005c54935d470502a9\">\n.avia-image-container.av-av_image-62265e64048962005c54935d470502a9 .av-image-caption-overlay-center{\ncolor:#ffffff;\n}\n<\/style>\n<div  class='avia-image-container av-av_image-62265e64048962005c54935d470502a9 av-styling- avia_animated_image avia_animate_when_almost_visible top-to-bottom avia-align-left  avia-builder-el-5  avia-builder-el-no-sibling  '  itemprop=\"image\" itemscope=\"itemscope\" itemtype=\"https:\/\/schema.org\/ImageObject\" ><div class=\"avia-image-container-inner\"><div class=\"avia-image-overlay-wrap\"><img width=\"600\" height=\"900\" class='wp-image-625 avia-img-lazy-loading-not-625 avia_image' src=\"https:\/\/www.symphonie-florale.com\/fleuriste-juvignac-montpellier\/wp-content\/uploads\/2015\/04\/IMG_9407.jpg\" alt='orchid\u00e9e sur coussin de couleurs' title='orchid\u00e9e sur coussin de couleurs'   itemprop=\"thumbnailUrl\" srcset=\"https:\/\/www.symphonie-florale.com\/fleuriste-juvignac-montpellier\/wp-content\/uploads\/2015\/04\/IMG_9407.jpg 600w, https:\/\/www.symphonie-florale.com\/fleuriste-juvignac-montpellier\/wp-content\/uploads\/2015\/04\/IMG_9407-200x300.jpg 200w, https:\/\/www.symphonie-florale.com\/fleuriste-juvignac-montpellier\/wp-content\/uploads\/2015\/04\/IMG_9407-470x705.jpg 470w, https:\/\/www.symphonie-florale.com\/fleuriste-juvignac-montpellier\/wp-content\/uploads\/2015\/04\/IMG_9407-450x675.jpg 450w\" sizes=\"(max-width: 600px) 100vw, 600px\" \/><\/div><\/div><\/div><\/div>\n<div class='flex_column av-av_one_third-61f1f3fb8a14755dafdb04b8bcedc67a av_one_third  avia-builder-el-6  el_after_av_one_third  el_before_av_one_full  flex_column_div column-top-margin'   ><style type=\"text\/css\" data-created_by=\"avia_inline_auto\" id=\"style-css-av-av_image-83d4991946d67c043882de1f7155767a\">\n.avia-image-container.av-av_image-83d4991946d67c043882de1f7155767a .av-image-caption-overlay-center{\ncolor:#ffffff;\n}\n<\/style>\n<div  class='avia-image-container av-av_image-83d4991946d67c043882de1f7155767a av-styling- avia_animated_image avia_animate_when_almost_visible right-to-left avia-align-left  avia-builder-el-7  avia-builder-el-no-sibling  '  itemprop=\"image\" itemscope=\"itemscope\" itemtype=\"https:\/\/schema.org\/ImageObject\" ><div class=\"avia-image-container-inner\"><div class=\"avia-image-overlay-wrap\"><img width=\"600\" height=\"900\" class='wp-image-626 avia-img-lazy-loading-not-626 avia_image' src=\"https:\/\/www.symphonie-florale.com\/fleuriste-juvignac-montpellier\/wp-content\/uploads\/2015\/04\/IMG_9282.jpg\" alt='orchid\u00e9es roses' title='orchid\u00e9es roses'   itemprop=\"thumbnailUrl\" srcset=\"https:\/\/www.symphonie-florale.com\/fleuriste-juvignac-montpellier\/wp-content\/uploads\/2015\/04\/IMG_9282.jpg 600w, https:\/\/www.symphonie-florale.com\/fleuriste-juvignac-montpellier\/wp-content\/uploads\/2015\/04\/IMG_9282-200x300.jpg 200w, https:\/\/www.symphonie-florale.com\/fleuriste-juvignac-montpellier\/wp-content\/uploads\/2015\/04\/IMG_9282-470x705.jpg 470w, https:\/\/www.symphonie-florale.com\/fleuriste-juvignac-montpellier\/wp-content\/uploads\/2015\/04\/IMG_9282-450x675.jpg 450w\" sizes=\"(max-width: 600px) 100vw, 600px\" \/><\/div><\/div><\/div><\/div>\n<div class='flex_column av-av_one_full-2a9015ff38129c418a3f2eafba3e9512 av_one_full  avia-builder-el-8  el_after_av_one_third  el_before_av_one_third  first flex_column_div column-top-margin'   ><section class=\"av_textblock_section \"  itemscope=\"itemscope\" itemtype=\"https:\/\/schema.org\/CreativeWork\" ><div class='avia_textblock  '   itemprop=\"text\" ><h2 style=\"color: #95bb11;\">Comment entretenir des orchid\u00e9es ?<\/h2>\n<p>1. V\u00e9rifiez les racines : si celles-ci sont gris\u00e2tres, vous pouvez effectuer un arrosage.<\/p>\n<p>2. Attention \u00e0 l\u2019exc\u00e8s d\u2019eau ! Arrosez abondamment une fois par semaine seulement et \u00e9goutez bien votre pot. Ne laissez surtout pas d\u2019eau dans la soucoupe et \u00e9vitez d\u2019arroser le coeur du feuillage.<\/p>\n<p>3. Pensez \u00e0 nettoyer les feuilles avec un chiffon humide \u00e0 l&rsquo;eau ti\u00e8de<\/p>\n<\/div><\/section><\/div><div class='flex_column av-av_one_third-2a9015ff38129c418a3f2eafba3e9512 av_one_third  avia-builder-el-10  el_after_av_one_full  el_before_av_one_third  first flex_column_div column-top-margin'   ><style type=\"text\/css\" data-created_by=\"avia_inline_auto\" id=\"style-css-av-av_image-695a1f8dfc11d63de2484fefc2097866\">\n.avia-image-container.av-av_image-695a1f8dfc11d63de2484fefc2097866 .av-image-caption-overlay-center{\ncolor:#ffffff;\n}\n<\/style>\n<div  class='avia-image-container av-av_image-695a1f8dfc11d63de2484fefc2097866 av-styling- avia_animated_image avia_animate_when_almost_visible left-to-right avia-align-left  avia-builder-el-11  avia-builder-el-no-sibling  '  itemprop=\"image\" itemscope=\"itemscope\" itemtype=\"https:\/\/schema.org\/ImageObject\" ><div class=\"avia-image-container-inner\"><div class=\"avia-image-overlay-wrap\"><img width=\"600\" height=\"900\" class='wp-image-628 avia-img-lazy-loading-not-628 avia_image' src=\"https:\/\/www.symphonie-florale.com\/fleuriste-juvignac-montpellier\/wp-content\/uploads\/2015\/04\/IMG_9269.jpg\" alt='orchid\u00e9e blanche sur coussin de couleurs' title='orchid\u00e9e blanche sur coussin de couleurs'   itemprop=\"thumbnailUrl\" srcset=\"https:\/\/www.symphonie-florale.com\/fleuriste-juvignac-montpellier\/wp-content\/uploads\/2015\/04\/IMG_9269.jpg 600w, https:\/\/www.symphonie-florale.com\/fleuriste-juvignac-montpellier\/wp-content\/uploads\/2015\/04\/IMG_9269-200x300.jpg 200w, https:\/\/www.symphonie-florale.com\/fleuriste-juvignac-montpellier\/wp-content\/uploads\/2015\/04\/IMG_9269-470x705.jpg 470w, https:\/\/www.symphonie-florale.com\/fleuriste-juvignac-montpellier\/wp-content\/uploads\/2015\/04\/IMG_9269-450x675.jpg 450w\" sizes=\"(max-width: 600px) 100vw, 600px\" \/><\/div><\/div><\/div><\/div><\/p>\n<div class='flex_column av-av_one_third-61f1f3fb8a14755dafdb04b8bcedc67a av_one_third  avia-builder-el-12  el_after_av_one_third  el_before_av_one_third  flex_column_div column-top-margin'   ><style type=\"text\/css\" data-created_by=\"avia_inline_auto\" id=\"style-css-av-av_image-64028b1a77001afc942a9183aab55881\">\n.avia-image-container.av-av_image-64028b1a77001afc942a9183aab55881 .av-image-caption-overlay-center{\ncolor:#ffffff;\n}\n<\/style>\n<div  class='avia-image-container av-av_image-64028b1a77001afc942a9183aab55881 av-styling- avia_animated_image avia_animate_when_almost_visible top-to-bottom avia-align-left  avia-builder-el-13  avia-builder-el-no-sibling  '  itemprop=\"image\" itemscope=\"itemscope\" itemtype=\"https:\/\/schema.org\/ImageObject\" ><div class=\"avia-image-container-inner\"><div class=\"avia-image-overlay-wrap\"><img width=\"600\" height=\"900\" class='wp-image-624 avia-img-lazy-loading-not-624 avia_image' src=\"https:\/\/www.symphonie-florale.com\/fleuriste-juvignac-montpellier\/wp-content\/uploads\/2015\/04\/IMG_9384.jpg\" alt='orchid\u00e9e rose suspendue' title='orchid\u00e9e rose suspendue'   itemprop=\"thumbnailUrl\" srcset=\"https:\/\/www.symphonie-florale.com\/fleuriste-juvignac-montpellier\/wp-content\/uploads\/2015\/04\/IMG_9384.jpg 600w, https:\/\/www.symphonie-florale.com\/fleuriste-juvignac-montpellier\/wp-content\/uploads\/2015\/04\/IMG_9384-200x300.jpg 200w, https:\/\/www.symphonie-florale.com\/fleuriste-juvignac-montpellier\/wp-content\/uploads\/2015\/04\/IMG_9384-470x705.jpg 470w, https:\/\/www.symphonie-florale.com\/fleuriste-juvignac-montpellier\/wp-content\/uploads\/2015\/04\/IMG_9384-450x675.jpg 450w\" sizes=\"(max-width: 600px) 100vw, 600px\" \/><\/div><\/div><\/div><\/div>\n<div class='flex_column av-av_one_third-61f1f3fb8a14755dafdb04b8bcedc67a av_one_third  avia-builder-el-14  el_after_av_one_third  el_before_av_one_full  flex_column_div column-top-margin'   ><style type=\"text\/css\" data-created_by=\"avia_inline_auto\" id=\"style-css-av-av_image-1db13d60ab04e78dcbceae6b1928c179\">\n.avia-image-container.av-av_image-1db13d60ab04e78dcbceae6b1928c179 .av-image-caption-overlay-center{\ncolor:#ffffff;\n}\n<\/style>\n<div  class='avia-image-container av-av_image-1db13d60ab04e78dcbceae6b1928c179 av-styling- avia_animated_image avia_animate_when_almost_visible right-to-left avia-align-left  avia-builder-el-15  avia-builder-el-no-sibling  '  itemprop=\"image\" itemscope=\"itemscope\" itemtype=\"https:\/\/schema.org\/ImageObject\" ><div class=\"avia-image-container-inner\"><div class=\"avia-image-overlay-wrap\"><img width=\"600\" height=\"900\" class='wp-image-627 avia-img-lazy-loading-not-627 avia_image' src=\"https:\/\/www.symphonie-florale.com\/fleuriste-juvignac-montpellier\/wp-content\/uploads\/2015\/04\/IMG_9261.jpg\" alt='orchid\u00e9e blanche sur coussin de couleurs' title='orchid\u00e9e blanche sur coussin de couleurs'   itemprop=\"thumbnailUrl\" srcset=\"https:\/\/www.symphonie-florale.com\/fleuriste-juvignac-montpellier\/wp-content\/uploads\/2015\/04\/IMG_9261.jpg 600w, https:\/\/www.symphonie-florale.com\/fleuriste-juvignac-montpellier\/wp-content\/uploads\/2015\/04\/IMG_9261-200x300.jpg 200w, https:\/\/www.symphonie-florale.com\/fleuriste-juvignac-montpellier\/wp-content\/uploads\/2015\/04\/IMG_9261-470x705.jpg 470w, https:\/\/www.symphonie-florale.com\/fleuriste-juvignac-montpellier\/wp-content\/uploads\/2015\/04\/IMG_9261-450x675.jpg 450w\" sizes=\"(max-width: 600px) 100vw, 600px\" \/><\/div><\/div><\/div><\/div>\n<div class='flex_column av-av_one_full-2a9015ff38129c418a3f2eafba3e9512 av_one_full  avia-builder-el-16  el_after_av_one_third  avia-builder-el-last  first flex_column_div column-top-margin'   ><style type=\"text\/css\" data-created_by=\"avia_inline_auto\" id=\"style-css-av-av_image-9fc8d62799d5bdca6818b2622757f126\">\n.avia-image-container.av-av_image-9fc8d62799d5bdca6818b2622757f126 .av-image-caption-overlay-center{\ncolor:#ffffff;\n}\n<\/style>\n<div  class='avia-image-container av-av_image-9fc8d62799d5bdca6818b2622757f126 av-styling- avia_animated_image avia_animate_when_almost_visible bottom-to-top avia-align-center  avia-builder-el-17  avia-builder-el-no-sibling  '  itemprop=\"image\" itemscope=\"itemscope\" itemtype=\"https:\/\/schema.org\/ImageObject\" ><div class=\"avia-image-container-inner\"><div class=\"avia-image-overlay-wrap\"><img width=\"900\" height=\"600\" class='wp-image-623 avia-img-lazy-loading-not-623 avia_image' src=\"https:\/\/www.symphonie-florale.com\/fleuriste-juvignac-montpellier\/wp-content\/uploads\/2015\/04\/IMG_9368.jpg\" alt='rideau d&#039;orchid\u00e9es roses' title='rideau d&#039;orchid\u00e9es roses'   itemprop=\"thumbnailUrl\" srcset=\"https:\/\/www.symphonie-florale.com\/fleuriste-juvignac-montpellier\/wp-content\/uploads\/2015\/04\/IMG_9368.jpg 900w, https:\/\/www.symphonie-florale.com\/fleuriste-juvignac-montpellier\/wp-content\/uploads\/2015\/04\/IMG_9368-300x200.jpg 300w, https:\/\/www.symphonie-florale.com\/fleuriste-juvignac-montpellier\/wp-content\/uploads\/2015\/04\/IMG_9368-705x470.jpg 705w, https:\/\/www.symphonie-florale.com\/fleuriste-juvignac-montpellier\/wp-content\/uploads\/2015\/04\/IMG_9368-450x300.jpg 450w\" sizes=\"(max-width: 900px) 100vw, 900px\" \/><\/div><\/div><\/div><\/div>\n","protected":false},"excerpt":{"rendered":"","protected":false},"author":1,"featured_media":0,"parent":0,"menu_order":0,"comment_status":"open","ping_status":"open","template":"","meta":[],"yoast_head":"<!-- This site is optimized with the Yoast SEO plugin v17.1 - https:\/\/yoast.com\/wordpress\/plugins\/seo\/ -->\n<title>Mille et une orchid\u00e9es - Symphonie Florale<\/title>\n<meta name=\"description\" content=\"Venez d\u00e9couvrir dans notre boutique \u00e0 Juvignac, proche Montpellier, notre collection d&#039;orchid\u00e9es: orchid\u00e9es vandas, orchid\u00e9es phalaenopsis roses et blanches\" \/>\n<meta name=\"robots\" content=\"index, follow, max-snippet:-1, max-image-preview:large, max-video-preview:-1\" \/>\n<link rel=\"canonical\" href=\"https:\/\/www.symphonie-florale.com\/fleuriste-juvignac-montpellier\/mille-et-une-orchidees\/\" \/>\n<meta property=\"og:locale\" content=\"fr_FR\" \/>\n<meta property=\"og:type\" content=\"article\" \/>\n<meta property=\"og:title\" content=\"Mille et une orchid\u00e9es - Symphonie Florale\" \/>\n<meta property=\"og:description\" content=\"Venez d\u00e9couvrir dans notre boutique \u00e0 Juvignac, proche Montpellier, notre collection d&#039;orchid\u00e9es: orchid\u00e9es vandas, orchid\u00e9es phalaenopsis roses et blanches\" \/>\n<meta property=\"og:url\" content=\"https:\/\/www.symphonie-florale.com\/fleuriste-juvignac-montpellier\/mille-et-une-orchidees\/\" \/>\n<meta property=\"og:site_name\" content=\"Symphonie Florale\" \/>\n<meta property=\"article:modified_time\" content=\"2015-04-20T08:51:42+00:00\" \/>\n<meta name=\"twitter:label1\" content=\"Dur\u00e9e de lecture est.\" \/>\n\t<meta name=\"twitter:data1\" content=\"2 minutes\" \/>\n<script type=\"application\/ld+json\" class=\"yoast-schema-graph\">{\"@context\":\"https:\/\/schema.org\",\"@graph\":[{\"@type\":\"WebSite\",\"@id\":\"https:\/\/www.symphonie-florale.com\/fleuriste-juvignac-montpellier\/#website\",\"url\":\"https:\/\/www.symphonie-florale.com\/fleuriste-juvignac-montpellier\/\",\"name\":\"Symphonie Florale\",\"description\":\"Fleuriste \\u00e0 Juvignac Montpellier\",\"potentialAction\":[{\"@type\":\"SearchAction\",\"target\":{\"@type\":\"EntryPoint\",\"urlTemplate\":\"https:\/\/www.symphonie-florale.com\/fleuriste-juvignac-montpellier\/?s={search_term_string}\"},\"query-input\":\"required name=search_term_string\"}],\"inLanguage\":\"fr-FR\"},{\"@type\":\"WebPage\",\"@id\":\"https:\/\/www.symphonie-florale.com\/fleuriste-juvignac-montpellier\/mille-et-une-orchidees\/#webpage\",\"url\":\"https:\/\/www.symphonie-florale.com\/fleuriste-juvignac-montpellier\/mille-et-une-orchidees\/\",\"name\":\"Mille et une orchid\\u00e9es - Symphonie Florale\",\"isPartOf\":{\"@id\":\"https:\/\/www.symphonie-florale.com\/fleuriste-juvignac-montpellier\/#website\"},\"datePublished\":\"2015-04-20T08:20:46+00:00\",\"dateModified\":\"2015-04-20T08:51:42+00:00\",\"description\":\"Venez d\\u00e9couvrir dans notre boutique \\u00e0 Juvignac, proche Montpellier, notre collection d'orchid\\u00e9es: orchid\\u00e9es vandas, orchid\\u00e9es phalaenopsis roses et blanches\",\"breadcrumb\":{\"@id\":\"https:\/\/www.symphonie-florale.com\/fleuriste-juvignac-montpellier\/mille-et-une-orchidees\/#breadcrumb\"},\"inLanguage\":\"fr-FR\",\"potentialAction\":[{\"@type\":\"ReadAction\",\"target\":[\"https:\/\/www.symphonie-florale.com\/fleuriste-juvignac-montpellier\/mille-et-une-orchidees\/\"]}]},{\"@type\":\"BreadcrumbList\",\"@id\":\"https:\/\/www.symphonie-florale.com\/fleuriste-juvignac-montpellier\/mille-et-une-orchidees\/#breadcrumb\",\"itemListElement\":[{\"@type\":\"ListItem\",\"position\":1,\"name\":\"Accueil\",\"item\":\"https:\/\/www.symphonie-florale.com\/fleuriste-juvignac-montpellier\/\"},{\"@type\":\"ListItem\",\"position\":2,\"name\":\"Mille et une orchid\\u00e9es\"}]}]}<\/script>\n<!-- \/ Yoast SEO plugin. -->","yoast_head_json":{"title":"Mille et une orchid\u00e9es - Symphonie Florale","description":"Venez d\u00e9couvrir dans notre boutique \u00e0 Juvignac, proche Montpellier, notre collection d'orchid\u00e9es: orchid\u00e9es vandas, orchid\u00e9es phalaenopsis roses et blanches","robots":{"index":"index","follow":"follow","max-snippet":"max-snippet:-1","max-image-preview":"max-image-preview:large","max-video-preview":"max-video-preview:-1"},"canonical":"https:\/\/www.symphonie-florale.com\/fleuriste-juvignac-montpellier\/mille-et-une-orchidees\/","og_locale":"fr_FR","og_type":"article","og_title":"Mille et une orchid\u00e9es - Symphonie Florale","og_description":"Venez d\u00e9couvrir dans notre boutique \u00e0 Juvignac, proche Montpellier, notre collection d'orchid\u00e9es: orchid\u00e9es vandas, orchid\u00e9es phalaenopsis roses et blanches","og_url":"https:\/\/www.symphonie-florale.com\/fleuriste-juvignac-montpellier\/mille-et-une-orchidees\/","og_site_name":"Symphonie Florale","article_modified_time":"2015-04-20T08:51:42+00:00","twitter_misc":{"Dur\u00e9e de lecture est.":"2 minutes"},"schema":{"@context":"https:\/\/schema.org","@graph":[{"@type":"WebSite","@id":"https:\/\/www.symphonie-florale.com\/fleuriste-juvignac-montpellier\/#website","url":"https:\/\/www.symphonie-florale.com\/fleuriste-juvignac-montpellier\/","name":"Symphonie Florale","description":"Fleuriste \u00e0 Juvignac Montpellier","potentialAction":[{"@type":"SearchAction","target":{"@type":"EntryPoint","urlTemplate":"https:\/\/www.symphonie-florale.com\/fleuriste-juvignac-montpellier\/?s={search_term_string}"},"query-input":"required name=search_term_string"}],"inLanguage":"fr-FR"},{"@type":"WebPage","@id":"https:\/\/www.symphonie-florale.com\/fleuriste-juvignac-montpellier\/mille-et-une-orchidees\/#webpage","url":"https:\/\/www.symphonie-florale.com\/fleuriste-juvignac-montpellier\/mille-et-une-orchidees\/","name":"Mille et une orchid\u00e9es - Symphonie Florale","isPartOf":{"@id":"https:\/\/www.symphonie-florale.com\/fleuriste-juvignac-montpellier\/#website"},"datePublished":"2015-04-20T08:20:46+00:00","dateModified":"2015-04-20T08:51:42+00:00","description":"Venez d\u00e9couvrir dans notre boutique \u00e0 Juvignac, proche Montpellier, notre collection d'orchid\u00e9es: orchid\u00e9es vandas, orchid\u00e9es phalaenopsis roses et blanches","breadcrumb":{"@id":"https:\/\/www.symphonie-florale.com\/fleuriste-juvignac-montpellier\/mille-et-une-orchidees\/#breadcrumb"},"inLanguage":"fr-FR","potentialAction":[{"@type":"ReadAction","target":["https:\/\/www.symphonie-florale.com\/fleuriste-juvignac-montpellier\/mille-et-une-orchidees\/"]}]},{"@type":"BreadcrumbList","@id":"https:\/\/www.symphonie-florale.com\/fleuriste-juvignac-montpellier\/mille-et-une-orchidees\/#breadcrumb","itemListElement":[{"@type":"ListItem","position":1,"name":"Accueil","item":"https:\/\/www.symphonie-florale.com\/fleuriste-juvignac-montpellier\/"},{"@type":"ListItem","position":2,"name":"Mille et une orchid\u00e9es"}]}]}},"_links":{"self":[{"href":"https:\/\/www.symphonie-florale.com\/fleuriste-juvignac-montpellier\/wp-json\/wp\/v2\/pages\/621"}],"collection":[{"href":"https:\/\/www.symphonie-florale.com\/fleuriste-juvignac-montpellier\/wp-json\/wp\/v2\/pages"}],"about":[{"href":"https:\/\/www.symphonie-florale.com\/fleuriste-juvignac-montpellier\/wp-json\/wp\/v2\/types\/page"}],"author":[{"embeddable":true,"href":"https:\/\/www.symphonie-florale.com\/fleuriste-juvignac-montpellier\/wp-json\/wp\/v2\/users\/1"}],"replies":[{"embeddable":true,"href":"https:\/\/www.symphonie-florale.com\/fleuriste-juvignac-montpellier\/wp-json\/wp\/v2\/comments?post=621"}],"version-history":[{"count":10,"href":"https:\/\/www.symphonie-florale.com\/fleuriste-juvignac-montpellier\/wp-json\/wp\/v2\/pages\/621\/revisions"}],"predecessor-version":[{"id":631,"href":"https:\/\/www.symphonie-florale.com\/fleuriste-juvignac-montpellier\/wp-json\/wp\/v2\/pages\/621\/revisions\/631"}],"wp:attachment":[{"href":"https:\/\/www.symphonie-florale.com\/fleuriste-juvignac-montpellier\/wp-json\/wp\/v2\/media?parent=621"}],"curies":[{"name":"wp","href":"https:\/\/api.w.org\/{rel}","templated":true}]}}