{"id":652,"date":"2015-05-15T11:03:50","date_gmt":"2015-05-15T10:03:50","guid":{"rendered":"http:\/\/www.symphonie-florale.com\/fleuriste-juvignac-montpellier\/?page_id=652"},"modified":"2015-05-15T13:54:21","modified_gmt":"2015-05-15T12:54:21","slug":"un-ete-tout-blanc","status":"publish","type":"page","link":"https:\/\/www.symphonie-florale.com\/fleuriste-juvignac-montpellier\/la-vitrine\/un-ete-tout-blanc\/","title":{"rendered":"Un \u00e9t\u00e9 tout blanc"},"content":{"rendered":"<div class='flex_column av-av_one_half-2a9015ff38129c418a3f2eafba3e9512 av_one_half  avia-builder-el-0  el_before_av_one_half  avia-builder-el-first  first flex_column_div '   ><section class=\"av_textblock_section \"  itemscope=\"itemscope\" itemtype=\"https:\/\/schema.org\/CreativeWork\" ><div class='avia_textblock  '   itemprop=\"text\" ><p style=\"font-size: 16px; line-height: 25px;\">La sobri\u00e9t\u00e9 est parfois la meilleure des id\u00e9es pour une d\u00e9coration d\u2019\u00e9t\u00e9 chic et intemporelle. Pour cela, rien de tel que le blanc.<\/p>\n<p style=\"font-size: 16px; line-height: 25px;\">Pur, tendre, chaleureux, vous le d\u00e9couvrirez sous diff\u00e9rentes formes et objets : luminaires plumes \u00e0 suspendre ou \u00e0 poser, guirlandes de papillons, roses blanches, vases, objets d\u00e9coratifs&#8230;<\/p>\n<\/div><\/section><\/div>\n<div class='flex_column av-av_one_half-61f1f3fb8a14755dafdb04b8bcedc67a av_one_half  avia-builder-el-2  el_after_av_one_half  el_before_av_two_third  flex_column_div '   ><style type=\"text\/css\" data-created_by=\"avia_inline_auto\" id=\"style-css-av-av_image-f0727693a9066647e5fddc201820d31d\">\n.avia-image-container.av-av_image-f0727693a9066647e5fddc201820d31d .av-image-caption-overlay-center{\ncolor:#ffffff;\n}\n<\/style>\n<div  class='avia-image-container av-av_image-f0727693a9066647e5fddc201820d31d av-styling- avia_animated_image avia_animate_when_almost_visible right-to-left avia-align-right  avia-builder-el-3  avia-builder-el-no-sibling  '  itemprop=\"image\" itemscope=\"itemscope\" itemtype=\"https:\/\/schema.org\/ImageObject\" ><div class=\"avia-image-container-inner\"><div class=\"avia-image-overlay-wrap\"><img width=\"900\" height=\"598\" class='wp-image-655 avia-img-lazy-loading-not-655 avia_image' src=\"https:\/\/www.symphonie-florale.com\/fleuriste-juvignac-montpellier\/wp-content\/uploads\/2015\/05\/lampes-plumes-guirlandes-papillons.jpg\" alt='lampes-plumes-guirlandes-papillons' title='lampes-plumes-guirlandes-papillons'   itemprop=\"thumbnailUrl\" srcset=\"https:\/\/www.symphonie-florale.com\/fleuriste-juvignac-montpellier\/wp-content\/uploads\/2015\/05\/lampes-plumes-guirlandes-papillons.jpg 900w, https:\/\/www.symphonie-florale.com\/fleuriste-juvignac-montpellier\/wp-content\/uploads\/2015\/05\/lampes-plumes-guirlandes-papillons-300x199.jpg 300w, https:\/\/www.symphonie-florale.com\/fleuriste-juvignac-montpellier\/wp-content\/uploads\/2015\/05\/lampes-plumes-guirlandes-papillons-705x468.jpg 705w, https:\/\/www.symphonie-florale.com\/fleuriste-juvignac-montpellier\/wp-content\/uploads\/2015\/05\/lampes-plumes-guirlandes-papillons-450x299.jpg 450w\" sizes=\"(max-width: 900px) 100vw, 900px\" \/><\/div><\/div><\/div><\/div>\n<div class='flex_column av-av_two_third-2a9015ff38129c418a3f2eafba3e9512 av_two_third  avia-builder-el-4  el_after_av_one_half  el_before_av_one_third  first flex_column_div column-top-margin'   ><style type=\"text\/css\" data-created_by=\"avia_inline_auto\" id=\"style-css-av-av_image-a6860b00777436c6e7bde271bb3d7ad5\">\n.avia-image-container.av-av_image-a6860b00777436c6e7bde271bb3d7ad5 .av-image-caption-overlay-center{\ncolor:#ffffff;\n}\n<\/style>\n<div  class='avia-image-container av-av_image-a6860b00777436c6e7bde271bb3d7ad5 av-styling- avia_animated_image avia_animate_when_almost_visible left-to-right avia-align-left  avia-builder-el-5  avia-builder-el-no-sibling  '  itemprop=\"image\" itemscope=\"itemscope\" itemtype=\"https:\/\/schema.org\/ImageObject\" ><div class=\"avia-image-container-inner\"><div class=\"avia-image-overlay-wrap\"><img width=\"900\" height=\"600\" class='wp-image-663 avia-img-lazy-loading-not-663 avia_image' src=\"https:\/\/www.symphonie-florale.com\/fleuriste-juvignac-montpellier\/wp-content\/uploads\/2015\/05\/comptoir-lampes-plumes-a-poser.jpg\" alt='comptoir-lampes-plumes-a-poser' title='comptoir-lampes-plumes-a-poser'   itemprop=\"thumbnailUrl\" srcset=\"https:\/\/www.symphonie-florale.com\/fleuriste-juvignac-montpellier\/wp-content\/uploads\/2015\/05\/comptoir-lampes-plumes-a-poser.jpg 900w, https:\/\/www.symphonie-florale.com\/fleuriste-juvignac-montpellier\/wp-content\/uploads\/2015\/05\/comptoir-lampes-plumes-a-poser-300x200.jpg 300w, https:\/\/www.symphonie-florale.com\/fleuriste-juvignac-montpellier\/wp-content\/uploads\/2015\/05\/comptoir-lampes-plumes-a-poser-705x470.jpg 705w, https:\/\/www.symphonie-florale.com\/fleuriste-juvignac-montpellier\/wp-content\/uploads\/2015\/05\/comptoir-lampes-plumes-a-poser-450x300.jpg 450w\" sizes=\"(max-width: 900px) 100vw, 900px\" \/><\/div><\/div><\/div><\/div>\n<div class='flex_column av-av_one_third-61f1f3fb8a14755dafdb04b8bcedc67a av_one_third  avia-builder-el-6  el_after_av_two_third  el_before_av_one_full  flex_column_div column-top-margin'   ><style type=\"text\/css\" data-created_by=\"avia_inline_auto\" id=\"style-css-av-av_image-7ccfd3eeea2b09b4bfaf700d53494053\">\n.avia-image-container.av-av_image-7ccfd3eeea2b09b4bfaf700d53494053 .av-image-caption-overlay-center{\ncolor:#ffffff;\n}\n<\/style>\n<div  class='avia-image-container av-av_image-7ccfd3eeea2b09b4bfaf700d53494053 av-styling- avia_animated_image avia_animate_when_almost_visible right-to-left avia-align-right  avia-builder-el-7  avia-builder-el-no-sibling  '  itemprop=\"image\" itemscope=\"itemscope\" itemtype=\"https:\/\/schema.org\/ImageObject\" ><div class=\"avia-image-container-inner\"><div class=\"avia-image-overlay-wrap\"><img width=\"600\" height=\"900\" class='wp-image-653 avia-img-lazy-loading-not-653 avia_image' src=\"https:\/\/www.symphonie-florale.com\/fleuriste-juvignac-montpellier\/wp-content\/uploads\/2015\/05\/guirlandes-papillons-blancs.jpg\" alt='guirlandes-papillons-blancs' title='guirlandes-papillons-blancs'   itemprop=\"thumbnailUrl\" srcset=\"https:\/\/www.symphonie-florale.com\/fleuriste-juvignac-montpellier\/wp-content\/uploads\/2015\/05\/guirlandes-papillons-blancs.jpg 600w, https:\/\/www.symphonie-florale.com\/fleuriste-juvignac-montpellier\/wp-content\/uploads\/2015\/05\/guirlandes-papillons-blancs-200x300.jpg 200w, https:\/\/www.symphonie-florale.com\/fleuriste-juvignac-montpellier\/wp-content\/uploads\/2015\/05\/guirlandes-papillons-blancs-470x705.jpg 470w, https:\/\/www.symphonie-florale.com\/fleuriste-juvignac-montpellier\/wp-content\/uploads\/2015\/05\/guirlandes-papillons-blancs-450x675.jpg 450w\" sizes=\"(max-width: 600px) 100vw, 600px\" \/><\/div><\/div><\/div><\/div>\n<div class='flex_column av-av_one_full-2a9015ff38129c418a3f2eafba3e9512 av_one_full  avia-builder-el-8  el_after_av_one_third  el_before_av_one_third  first flex_column_div column-top-margin'   ><section class=\"av_textblock_section \"  itemscope=\"itemscope\" itemtype=\"https:\/\/schema.org\/CreativeWork\" ><div class='avia_textblock  '   itemprop=\"text\" ><p style=\"font-size: 16px; line-height: 20px;\">Ambiance cocooning garantie avec ses magnifiques lampes confectionn\u00e9es en plumes blanches, qui offriront \u00e0 votre pi\u00e8ce une lumi\u00e8re douce et apaisante \u2026<\/p>\n<\/div><\/section><\/div><div class='flex_column av-av_one_third-2a9015ff38129c418a3f2eafba3e9512 av_one_third  avia-builder-el-10  el_after_av_one_full  el_before_av_two_third  first flex_column_div column-top-margin'   ><style type=\"text\/css\" data-created_by=\"avia_inline_auto\" id=\"style-css-av-av_image-99e8b9b96e0c9c077a558c88aeac4f9d\">\n.avia-image-container.av-av_image-99e8b9b96e0c9c077a558c88aeac4f9d .av-image-caption-overlay-center{\ncolor:#ffffff;\n}\n<\/style>\n<div  class='avia-image-container av-av_image-99e8b9b96e0c9c077a558c88aeac4f9d av-styling- avia_animated_image avia_animate_when_almost_visible left-to-right avia-align-left  avia-builder-el-11  avia-builder-el-no-sibling  '  itemprop=\"image\" itemscope=\"itemscope\" itemtype=\"https:\/\/schema.org\/ImageObject\" ><div class=\"avia-image-container-inner\"><div class=\"avia-image-overlay-wrap\"><img width=\"600\" height=\"900\" class='wp-image-657 avia-img-lazy-loading-not-657 avia_image' src=\"https:\/\/www.symphonie-florale.com\/fleuriste-juvignac-montpellier\/wp-content\/uploads\/2015\/05\/papillons-blancs.jpg\" alt='papillons-blancs' title='papillons-blancs'   itemprop=\"thumbnailUrl\" srcset=\"https:\/\/www.symphonie-florale.com\/fleuriste-juvignac-montpellier\/wp-content\/uploads\/2015\/05\/papillons-blancs.jpg 600w, https:\/\/www.symphonie-florale.com\/fleuriste-juvignac-montpellier\/wp-content\/uploads\/2015\/05\/papillons-blancs-200x300.jpg 200w, https:\/\/www.symphonie-florale.com\/fleuriste-juvignac-montpellier\/wp-content\/uploads\/2015\/05\/papillons-blancs-470x705.jpg 470w, https:\/\/www.symphonie-florale.com\/fleuriste-juvignac-montpellier\/wp-content\/uploads\/2015\/05\/papillons-blancs-450x675.jpg 450w\" sizes=\"(max-width: 600px) 100vw, 600px\" \/><\/div><\/div><\/div><\/div><\/p>\n<div class='flex_column av-av_two_third-61f1f3fb8a14755dafdb04b8bcedc67a av_two_third  avia-builder-el-12  el_after_av_one_third  el_before_av_two_third  flex_column_div column-top-margin'   ><style type=\"text\/css\" data-created_by=\"avia_inline_auto\" id=\"style-css-av-av_image-264d0740d937e5b73ddb58ff3eb3886c\">\n.avia-image-container.av-av_image-264d0740d937e5b73ddb58ff3eb3886c .av-image-caption-overlay-center{\ncolor:#ffffff;\n}\n<\/style>\n<div  class='avia-image-container av-av_image-264d0740d937e5b73ddb58ff3eb3886c av-styling- avia_animated_image avia_animate_when_almost_visible right-to-left avia-align-right  avia-builder-el-13  avia-builder-el-no-sibling  '  itemprop=\"image\" itemscope=\"itemscope\" itemtype=\"https:\/\/schema.org\/ImageObject\" ><div class=\"avia-image-container-inner\"><div class=\"avia-image-overlay-wrap\"><img width=\"900\" height=\"600\" class='wp-image-654 avia-img-lazy-loading-not-654 avia_image' src=\"https:\/\/www.symphonie-florale.com\/fleuriste-juvignac-montpellier\/wp-content\/uploads\/2015\/05\/lampes-plumes-a-poser.jpg\" alt='lampes-plumes-a-poser' title='lampes-plumes-a-poser'   itemprop=\"thumbnailUrl\" srcset=\"https:\/\/www.symphonie-florale.com\/fleuriste-juvignac-montpellier\/wp-content\/uploads\/2015\/05\/lampes-plumes-a-poser.jpg 900w, https:\/\/www.symphonie-florale.com\/fleuriste-juvignac-montpellier\/wp-content\/uploads\/2015\/05\/lampes-plumes-a-poser-300x200.jpg 300w, https:\/\/www.symphonie-florale.com\/fleuriste-juvignac-montpellier\/wp-content\/uploads\/2015\/05\/lampes-plumes-a-poser-705x470.jpg 705w, https:\/\/www.symphonie-florale.com\/fleuriste-juvignac-montpellier\/wp-content\/uploads\/2015\/05\/lampes-plumes-a-poser-450x300.jpg 450w\" sizes=\"(max-width: 900px) 100vw, 900px\" \/><\/div><\/div><\/div><\/div>\n<div class='flex_column av-av_two_third-2a9015ff38129c418a3f2eafba3e9512 av_two_third  avia-builder-el-14  el_after_av_two_third  el_before_av_one_third  first flex_column_div column-top-margin'   ><style type=\"text\/css\" data-created_by=\"avia_inline_auto\" id=\"style-css-av-av_image-17166477357998d7896cd4ad114e9952\">\n.avia-image-container.av-av_image-17166477357998d7896cd4ad114e9952 .av-image-caption-overlay-center{\ncolor:#ffffff;\n}\n<\/style>\n<div  class='avia-image-container av-av_image-17166477357998d7896cd4ad114e9952 av-styling- avia_animated_image avia_animate_when_almost_visible left-to-right avia-align-left  avia-builder-el-15  avia-builder-el-no-sibling  '  itemprop=\"image\" itemscope=\"itemscope\" itemtype=\"https:\/\/schema.org\/ImageObject\" ><div class=\"avia-image-container-inner\"><div class=\"avia-image-overlay-wrap\"><img width=\"900\" height=\"600\" class='wp-image-659 avia-img-lazy-loading-not-659 avia_image' src=\"https:\/\/www.symphonie-florale.com\/fleuriste-juvignac-montpellier\/wp-content\/uploads\/2015\/05\/roses-blanches.jpg\" alt='roses-blanches' title='roses-blanches'   itemprop=\"thumbnailUrl\" srcset=\"https:\/\/www.symphonie-florale.com\/fleuriste-juvignac-montpellier\/wp-content\/uploads\/2015\/05\/roses-blanches.jpg 900w, https:\/\/www.symphonie-florale.com\/fleuriste-juvignac-montpellier\/wp-content\/uploads\/2015\/05\/roses-blanches-300x200.jpg 300w, https:\/\/www.symphonie-florale.com\/fleuriste-juvignac-montpellier\/wp-content\/uploads\/2015\/05\/roses-blanches-705x470.jpg 705w, https:\/\/www.symphonie-florale.com\/fleuriste-juvignac-montpellier\/wp-content\/uploads\/2015\/05\/roses-blanches-450x300.jpg 450w\" sizes=\"(max-width: 900px) 100vw, 900px\" \/><\/div><\/div><\/div><\/div>\n<div class='flex_column av-av_one_third-61f1f3fb8a14755dafdb04b8bcedc67a av_one_third  avia-builder-el-16  el_after_av_two_third  avia-builder-el-last  flex_column_div column-top-margin'   ><style type=\"text\/css\" data-created_by=\"avia_inline_auto\" id=\"style-css-av-av_image-f968b0da9d50b921a58cfcabefc17673\">\n.avia-image-container.av-av_image-f968b0da9d50b921a58cfcabefc17673 .av-image-caption-overlay-center{\ncolor:#ffffff;\n}\n<\/style>\n<div  class='avia-image-container av-av_image-f968b0da9d50b921a58cfcabefc17673 av-styling- avia_animated_image avia_animate_when_almost_visible right-to-left avia-align-right  avia-builder-el-17  avia-builder-el-no-sibling  '  itemprop=\"image\" itemscope=\"itemscope\" itemtype=\"https:\/\/schema.org\/ImageObject\" ><div class=\"avia-image-container-inner\"><div class=\"avia-image-overlay-wrap\"><img width=\"500\" height=\"851\" class='wp-image-661 avia-img-lazy-loading-not-661 avia_image' src=\"https:\/\/www.symphonie-florale.com\/fleuriste-juvignac-montpellier\/wp-content\/uploads\/2015\/05\/vases-roses-blanches.jpg\" alt='vases-roses-blanches' title='vases-roses-blanches'   itemprop=\"thumbnailUrl\" srcset=\"https:\/\/www.symphonie-florale.com\/fleuriste-juvignac-montpellier\/wp-content\/uploads\/2015\/05\/vases-roses-blanches.jpg 500w, https:\/\/www.symphonie-florale.com\/fleuriste-juvignac-montpellier\/wp-content\/uploads\/2015\/05\/vases-roses-blanches-176x300.jpg 176w, https:\/\/www.symphonie-florale.com\/fleuriste-juvignac-montpellier\/wp-content\/uploads\/2015\/05\/vases-roses-blanches-414x705.jpg 414w, https:\/\/www.symphonie-florale.com\/fleuriste-juvignac-montpellier\/wp-content\/uploads\/2015\/05\/vases-roses-blanches-450x765.jpg 450w\" sizes=\"(max-width: 500px) 100vw, 500px\" \/><\/div><\/div><\/div><\/div>\n","protected":false},"excerpt":{"rendered":"","protected":false},"author":1,"featured_media":0,"parent":13,"menu_order":0,"comment_status":"open","ping_status":"open","template":"","meta":[],"yoast_head":"<!-- This site is optimized with the Yoast SEO plugin v17.1 - https:\/\/yoast.com\/wordpress\/plugins\/seo\/ -->\n<title>D\u00e9coration en blanc<\/title>\n<meta name=\"description\" content=\"blanc, plumes blanches, cocooning, lampes, lampe blanche, luminaires plumes, papillons blancs, papillon blanc, luminaire plume, lumi\u00e8re douce\" \/>\n<meta name=\"robots\" content=\"index, follow, max-snippet:-1, max-image-preview:large, max-video-preview:-1\" \/>\n<link rel=\"canonical\" href=\"https:\/\/www.symphonie-florale.com\/fleuriste-juvignac-montpellier\/la-vitrine\/un-ete-tout-blanc\/\" \/>\n<meta property=\"og:locale\" content=\"fr_FR\" \/>\n<meta property=\"og:type\" content=\"article\" \/>\n<meta property=\"og:title\" content=\"D\u00e9coration en blanc\" \/>\n<meta property=\"og:description\" content=\"blanc, plumes blanches, cocooning, lampes, lampe blanche, luminaires plumes, papillons blancs, papillon blanc, luminaire plume, lumi\u00e8re douce\" \/>\n<meta property=\"og:url\" content=\"https:\/\/www.symphonie-florale.com\/fleuriste-juvignac-montpellier\/la-vitrine\/un-ete-tout-blanc\/\" \/>\n<meta property=\"og:site_name\" content=\"Symphonie Florale\" \/>\n<meta property=\"article:modified_time\" content=\"2015-05-15T12:54:21+00:00\" \/>\n<meta name=\"twitter:label1\" content=\"Dur\u00e9e de lecture est.\" \/>\n\t<meta name=\"twitter:data1\" content=\"2 minutes\" \/>\n<script type=\"application\/ld+json\" class=\"yoast-schema-graph\">{\"@context\":\"https:\/\/schema.org\",\"@graph\":[{\"@type\":\"WebSite\",\"@id\":\"https:\/\/www.symphonie-florale.com\/fleuriste-juvignac-montpellier\/#website\",\"url\":\"https:\/\/www.symphonie-florale.com\/fleuriste-juvignac-montpellier\/\",\"name\":\"Symphonie Florale\",\"description\":\"Fleuriste \\u00e0 Juvignac Montpellier\",\"potentialAction\":[{\"@type\":\"SearchAction\",\"target\":{\"@type\":\"EntryPoint\",\"urlTemplate\":\"https:\/\/www.symphonie-florale.com\/fleuriste-juvignac-montpellier\/?s={search_term_string}\"},\"query-input\":\"required name=search_term_string\"}],\"inLanguage\":\"fr-FR\"},{\"@type\":\"WebPage\",\"@id\":\"https:\/\/www.symphonie-florale.com\/fleuriste-juvignac-montpellier\/la-vitrine\/un-ete-tout-blanc\/#webpage\",\"url\":\"https:\/\/www.symphonie-florale.com\/fleuriste-juvignac-montpellier\/la-vitrine\/un-ete-tout-blanc\/\",\"name\":\"D\\u00e9coration en blanc\",\"isPartOf\":{\"@id\":\"https:\/\/www.symphonie-florale.com\/fleuriste-juvignac-montpellier\/#website\"},\"datePublished\":\"2015-05-15T10:03:50+00:00\",\"dateModified\":\"2015-05-15T12:54:21+00:00\",\"description\":\"blanc, plumes blanches, cocooning, lampes, lampe blanche, luminaires plumes, papillons blancs, papillon blanc, luminaire plume, lumi\\u00e8re douce\",\"breadcrumb\":{\"@id\":\"https:\/\/www.symphonie-florale.com\/fleuriste-juvignac-montpellier\/la-vitrine\/un-ete-tout-blanc\/#breadcrumb\"},\"inLanguage\":\"fr-FR\",\"potentialAction\":[{\"@type\":\"ReadAction\",\"target\":[\"https:\/\/www.symphonie-florale.com\/fleuriste-juvignac-montpellier\/la-vitrine\/un-ete-tout-blanc\/\"]}]},{\"@type\":\"BreadcrumbList\",\"@id\":\"https:\/\/www.symphonie-florale.com\/fleuriste-juvignac-montpellier\/la-vitrine\/un-ete-tout-blanc\/#breadcrumb\",\"itemListElement\":[{\"@type\":\"ListItem\",\"position\":1,\"name\":\"Accueil\",\"item\":\"https:\/\/www.symphonie-florale.com\/fleuriste-juvignac-montpellier\/\"},{\"@type\":\"ListItem\",\"position\":2,\"name\":\"La vitrine\",\"item\":\"https:\/\/www.symphonie-florale.com\/fleuriste-juvignac-montpellier\/la-vitrine\/\"},{\"@type\":\"ListItem\",\"position\":3,\"name\":\"Un \\u00e9t\\u00e9 tout blanc\"}]}]}<\/script>\n<!-- \/ Yoast SEO plugin. -->","yoast_head_json":{"title":"D\u00e9coration en blanc","description":"blanc, plumes blanches, cocooning, lampes, lampe blanche, luminaires plumes, papillons blancs, papillon blanc, luminaire plume, lumi\u00e8re douce","robots":{"index":"index","follow":"follow","max-snippet":"max-snippet:-1","max-image-preview":"max-image-preview:large","max-video-preview":"max-video-preview:-1"},"canonical":"https:\/\/www.symphonie-florale.com\/fleuriste-juvignac-montpellier\/la-vitrine\/un-ete-tout-blanc\/","og_locale":"fr_FR","og_type":"article","og_title":"D\u00e9coration en blanc","og_description":"blanc, plumes blanches, cocooning, lampes, lampe blanche, luminaires plumes, papillons blancs, papillon blanc, luminaire plume, lumi\u00e8re douce","og_url":"https:\/\/www.symphonie-florale.com\/fleuriste-juvignac-montpellier\/la-vitrine\/un-ete-tout-blanc\/","og_site_name":"Symphonie Florale","article_modified_time":"2015-05-15T12:54:21+00:00","twitter_misc":{"Dur\u00e9e de lecture est.":"2 minutes"},"schema":{"@context":"https:\/\/schema.org","@graph":[{"@type":"WebSite","@id":"https:\/\/www.symphonie-florale.com\/fleuriste-juvignac-montpellier\/#website","url":"https:\/\/www.symphonie-florale.com\/fleuriste-juvignac-montpellier\/","name":"Symphonie Florale","description":"Fleuriste \u00e0 Juvignac Montpellier","potentialAction":[{"@type":"SearchAction","target":{"@type":"EntryPoint","urlTemplate":"https:\/\/www.symphonie-florale.com\/fleuriste-juvignac-montpellier\/?s={search_term_string}"},"query-input":"required name=search_term_string"}],"inLanguage":"fr-FR"},{"@type":"WebPage","@id":"https:\/\/www.symphonie-florale.com\/fleuriste-juvignac-montpellier\/la-vitrine\/un-ete-tout-blanc\/#webpage","url":"https:\/\/www.symphonie-florale.com\/fleuriste-juvignac-montpellier\/la-vitrine\/un-ete-tout-blanc\/","name":"D\u00e9coration en blanc","isPartOf":{"@id":"https:\/\/www.symphonie-florale.com\/fleuriste-juvignac-montpellier\/#website"},"datePublished":"2015-05-15T10:03:50+00:00","dateModified":"2015-05-15T12:54:21+00:00","description":"blanc, plumes blanches, cocooning, lampes, lampe blanche, luminaires plumes, papillons blancs, papillon blanc, luminaire plume, lumi\u00e8re douce","breadcrumb":{"@id":"https:\/\/www.symphonie-florale.com\/fleuriste-juvignac-montpellier\/la-vitrine\/un-ete-tout-blanc\/#breadcrumb"},"inLanguage":"fr-FR","potentialAction":[{"@type":"ReadAction","target":["https:\/\/www.symphonie-florale.com\/fleuriste-juvignac-montpellier\/la-vitrine\/un-ete-tout-blanc\/"]}]},{"@type":"BreadcrumbList","@id":"https:\/\/www.symphonie-florale.com\/fleuriste-juvignac-montpellier\/la-vitrine\/un-ete-tout-blanc\/#breadcrumb","itemListElement":[{"@type":"ListItem","position":1,"name":"Accueil","item":"https:\/\/www.symphonie-florale.com\/fleuriste-juvignac-montpellier\/"},{"@type":"ListItem","position":2,"name":"La vitrine","item":"https:\/\/www.symphonie-florale.com\/fleuriste-juvignac-montpellier\/la-vitrine\/"},{"@type":"ListItem","position":3,"name":"Un \u00e9t\u00e9 tout blanc"}]}]}},"_links":{"self":[{"href":"https:\/\/www.symphonie-florale.com\/fleuriste-juvignac-montpellier\/wp-json\/wp\/v2\/pages\/652"}],"collection":[{"href":"https:\/\/www.symphonie-florale.com\/fleuriste-juvignac-montpellier\/wp-json\/wp\/v2\/pages"}],"about":[{"href":"https:\/\/www.symphonie-florale.com\/fleuriste-juvignac-montpellier\/wp-json\/wp\/v2\/types\/page"}],"author":[{"embeddable":true,"href":"https:\/\/www.symphonie-florale.com\/fleuriste-juvignac-montpellier\/wp-json\/wp\/v2\/users\/1"}],"replies":[{"embeddable":true,"href":"https:\/\/www.symphonie-florale.com\/fleuriste-juvignac-montpellier\/wp-json\/wp\/v2\/comments?post=652"}],"version-history":[{"count":12,"href":"https:\/\/www.symphonie-florale.com\/fleuriste-juvignac-montpellier\/wp-json\/wp\/v2\/pages\/652\/revisions"}],"predecessor-version":[{"id":692,"href":"https:\/\/www.symphonie-florale.com\/fleuriste-juvignac-montpellier\/wp-json\/wp\/v2\/pages\/652\/revisions\/692"}],"up":[{"embeddable":true,"href":"https:\/\/www.symphonie-florale.com\/fleuriste-juvignac-montpellier\/wp-json\/wp\/v2\/pages\/13"}],"wp:attachment":[{"href":"https:\/\/www.symphonie-florale.com\/fleuriste-juvignac-montpellier\/wp-json\/wp\/v2\/media?parent=652"}],"curies":[{"name":"wp","href":"https:\/\/api.w.org\/{rel}","templated":true}]}}