{"id":717,"date":"2015-10-07T09:51:55","date_gmt":"2015-10-07T08:51:55","guid":{"rendered":"http:\/\/www.symphonie-florale.com\/fleuriste-juvignac-montpellier\/?page_id=717"},"modified":"2015-10-07T09:55:53","modified_gmt":"2015-10-07T08:55:53","slug":"les-pommes-rouges-de-lautomne","status":"publish","type":"page","link":"https:\/\/www.symphonie-florale.com\/fleuriste-juvignac-montpellier\/la-vitrine\/les-pommes-rouges-de-lautomne\/","title":{"rendered":"Les pommes rouges de l&rsquo;automne"},"content":{"rendered":"<p><div class='flex_column av-av_one_half-2a9015ff38129c418a3f2eafba3e9512 av_one_half  avia-builder-el-0  el_before_av_one_half  avia-builder-el-first  first flex_column_div '   ><section class=\"av_textblock_section \"  itemscope=\"itemscope\" itemtype=\"https:\/\/schema.org\/CreativeWork\" ><div class='avia_textblock  '   itemprop=\"text\" ><p style=\"font-size: 16px; line-height: 25px;\">Venez adopter sans h\u00e9siter ces magnifiques pommes d\u2019amour d\u00e9coratives !<\/p>\n<p style=\"font-size: 16px; line-height: 25px;\">Tr\u00e8s tendances, elles apporteront du peps \u00e0 votre int\u00e9rieur gr\u00e2ce \u00e0 leur couleur tr\u00e8s punchy.<\/p>\n<p style=\"font-size: 16px; line-height: 25px;\">D\u00e9coration enflamm\u00e9e, pleine de passion et de gourmandises garantie ! Les pommes sont peintes avec une laque haute r\u00e9sistance qui permet un maintien de qualit\u00e9 dans le temps.<\/p>\n<\/div><\/section><\/div> <div class='flex_column av-av_one_half-61f1f3fb8a14755dafdb04b8bcedc67a av_one_half  avia-builder-el-2  el_after_av_one_half  el_before_av_one_third  flex_column_div '   ><style type=\"text\/css\" data-created_by=\"avia_inline_auto\" id=\"style-css-av-av_image-5d7d9544e07b190899ecd9cc3fd14a15\">\n.avia-image-container.av-av_image-5d7d9544e07b190899ecd9cc3fd14a15 .av-image-caption-overlay-center{\ncolor:#ffffff;\n}\n<\/style>\n<div  class='avia-image-container av-av_image-5d7d9544e07b190899ecd9cc3fd14a15 av-styling- avia_animated_image avia_animate_when_almost_visible left-to-right avia-align-left  avia-builder-el-3  avia-builder-el-no-sibling  '  itemprop=\"image\" itemscope=\"itemscope\" itemtype=\"https:\/\/schema.org\/ImageObject\" ><div class=\"avia-image-container-inner\"><div class=\"avia-image-overlay-wrap\"><img width=\"514\" height=\"343\" class='wp-image-719 avia-img-lazy-loading-not-719 avia_image' src=\"https:\/\/www.symphonie-florale.com\/fleuriste-juvignac-montpellier\/wp-content\/uploads\/2015\/10\/pommes-rouges-automne_03.jpg\" alt='coupe de pommes rouges' title='coupe de pommes rouges'   itemprop=\"thumbnailUrl\" srcset=\"https:\/\/www.symphonie-florale.com\/fleuriste-juvignac-montpellier\/wp-content\/uploads\/2015\/10\/pommes-rouges-automne_03.jpg 514w, https:\/\/www.symphonie-florale.com\/fleuriste-juvignac-montpellier\/wp-content\/uploads\/2015\/10\/pommes-rouges-automne_03-300x200.jpg 300w, https:\/\/www.symphonie-florale.com\/fleuriste-juvignac-montpellier\/wp-content\/uploads\/2015\/10\/pommes-rouges-automne_03-450x300.jpg 450w\" sizes=\"(max-width: 514px) 100vw, 514px\" \/><\/div><\/div><\/div><\/div> <div class='flex_column av-av_one_third-2a9015ff38129c418a3f2eafba3e9512 av_one_third  avia-builder-el-4  el_after_av_one_half  el_before_av_two_third  first flex_column_div column-top-margin'   ><style type=\"text\/css\" data-created_by=\"avia_inline_auto\" id=\"style-css-av-av_image-9c7846a78ade9308bf68cbf4affcb155\">\n.avia-image-container.av-av_image-9c7846a78ade9308bf68cbf4affcb155 .av-image-caption-overlay-center{\ncolor:#ffffff;\n}\n<\/style>\n<div  class='avia-image-container av-av_image-9c7846a78ade9308bf68cbf4affcb155 av-styling- avia_animated_image avia_animate_when_almost_visible right-to-left avia-align-left  avia-builder-el-5  avia-builder-el-no-sibling  '  itemprop=\"image\" itemscope=\"itemscope\" itemtype=\"https:\/\/schema.org\/ImageObject\" ><div class=\"avia-image-container-inner\"><div class=\"avia-image-overlay-wrap\"><img width=\"296\" height=\"447\" class='wp-image-720 avia-img-lazy-loading-not-720 avia_image' src=\"https:\/\/www.symphonie-florale.com\/fleuriste-juvignac-montpellier\/wp-content\/uploads\/2015\/10\/pommes-rouges-automne_07.jpg\" alt='arbre de pommes rouges' title='arbre de pommes rouges'   itemprop=\"thumbnailUrl\" srcset=\"https:\/\/www.symphonie-florale.com\/fleuriste-juvignac-montpellier\/wp-content\/uploads\/2015\/10\/pommes-rouges-automne_07.jpg 296w, https:\/\/www.symphonie-florale.com\/fleuriste-juvignac-montpellier\/wp-content\/uploads\/2015\/10\/pommes-rouges-automne_07-198x300.jpg 198w\" sizes=\"(max-width: 296px) 100vw, 296px\" \/><\/div><\/div><\/div><\/div> <div class='flex_column av-av_two_third-61f1f3fb8a14755dafdb04b8bcedc67a av_two_third  avia-builder-el-6  el_after_av_one_third  el_before_av_one_full  flex_column_div column-top-margin'   ><style type=\"text\/css\" data-created_by=\"avia_inline_auto\" id=\"style-css-av-av_image-662122a20aa68dbe7e8ac8e17effaf0b\">\n.avia-image-container.av-av_image-662122a20aa68dbe7e8ac8e17effaf0b .av-image-caption-overlay-center{\ncolor:#ffffff;\n}\n<\/style>\n<div  class='avia-image-container av-av_image-662122a20aa68dbe7e8ac8e17effaf0b av-styling- avia_animated_image avia_animate_when_almost_visible right-to-left avia-align-right  avia-builder-el-7  avia-builder-el-no-sibling  '  itemprop=\"image\" itemscope=\"itemscope\" itemtype=\"https:\/\/schema.org\/ImageObject\" ><div class=\"avia-image-container-inner\"><div class=\"avia-image-overlay-wrap\"><img width=\"660\" height=\"443\" class='wp-image-721 avia-img-lazy-loading-not-721 avia_image' src=\"https:\/\/www.symphonie-florale.com\/fleuriste-juvignac-montpellier\/wp-content\/uploads\/2015\/10\/pommes-rouges-automne_09.jpg\" alt='pr\u00e9sentoir pommes rouges' title='pr\u00e9sentoir pommes rouges'   itemprop=\"thumbnailUrl\" srcset=\"https:\/\/www.symphonie-florale.com\/fleuriste-juvignac-montpellier\/wp-content\/uploads\/2015\/10\/pommes-rouges-automne_09.jpg 660w, https:\/\/www.symphonie-florale.com\/fleuriste-juvignac-montpellier\/wp-content\/uploads\/2015\/10\/pommes-rouges-automne_09-300x201.jpg 300w, https:\/\/www.symphonie-florale.com\/fleuriste-juvignac-montpellier\/wp-content\/uploads\/2015\/10\/pommes-rouges-automne_09-450x302.jpg 450w\" sizes=\"(max-width: 660px) 100vw, 660px\" \/><\/div><\/div><\/div><\/div> <div class='flex_column av-av_one_full-2a9015ff38129c418a3f2eafba3e9512 av_one_full  avia-builder-el-8  el_after_av_two_third  el_before_av_two_third  first flex_column_div column-top-margin'   ><section class=\"av_textblock_section \"  itemscope=\"itemscope\" itemtype=\"https:\/\/schema.org\/CreativeWork\" ><div class='avia_textblock  '   itemprop=\"text\" ><p style=\"font-size: 16px; line-height: 25px;\">Dans de grands vases transparents ou encore dans une coupe \u00e0 fruits, ou simplement en guise de d\u00e9coration de table, vous pourrez les poser ou vous voulez, les pommes d\u2019amour se marieront aussi bien dans un int\u00e9rieur contemporain que classique.<\/p>\n<\/div><\/section><\/div> <div class='flex_column av-av_two_third-2a9015ff38129c418a3f2eafba3e9512 av_two_third  avia-builder-el-10  el_after_av_one_full  el_before_av_one_third  first flex_column_div column-top-margin'   ><style type=\"text\/css\" data-created_by=\"avia_inline_auto\" id=\"style-css-av-av_image-f771c60cf3a63a2e86b650b27c4da52a\">\n.avia-image-container.av-av_image-f771c60cf3a63a2e86b650b27c4da52a .av-image-caption-overlay-center{\ncolor:#ffffff;\n}\n<\/style>\n<div  class='avia-image-container av-av_image-f771c60cf3a63a2e86b650b27c4da52a av-styling- avia_animated_image avia_animate_when_almost_visible left-to-right avia-align-left  avia-builder-el-11  avia-builder-el-no-sibling  '  itemprop=\"image\" itemscope=\"itemscope\" itemtype=\"https:\/\/schema.org\/ImageObject\" ><div class=\"avia-image-container-inner\"><div class=\"avia-image-overlay-wrap\"><img width=\"667\" height=\"450\" class='wp-image-722 avia-img-lazy-loading-not-722 avia_image' src=\"https:\/\/www.symphonie-florale.com\/fleuriste-juvignac-montpellier\/wp-content\/uploads\/2015\/10\/pommes-rouges-automne_13.jpg\" alt='vases de pommes rouges' title='vases de pommes rouges'   itemprop=\"thumbnailUrl\" srcset=\"https:\/\/www.symphonie-florale.com\/fleuriste-juvignac-montpellier\/wp-content\/uploads\/2015\/10\/pommes-rouges-automne_13.jpg 667w, https:\/\/www.symphonie-florale.com\/fleuriste-juvignac-montpellier\/wp-content\/uploads\/2015\/10\/pommes-rouges-automne_13-300x202.jpg 300w, https:\/\/www.symphonie-florale.com\/fleuriste-juvignac-montpellier\/wp-content\/uploads\/2015\/10\/pommes-rouges-automne_13-450x303.jpg 450w\" sizes=\"(max-width: 667px) 100vw, 667px\" \/><\/div><\/div><\/div><\/div><div class='flex_column av-av_one_third-61f1f3fb8a14755dafdb04b8bcedc67a av_one_third  avia-builder-el-12  el_after_av_two_third  avia-builder-el-last  flex_column_div column-top-margin'   ><style type=\"text\/css\" data-created_by=\"avia_inline_auto\" id=\"style-css-av-av_image-a30683e67edb20eab42b6213baccb8f9\">\n.avia-image-container.av-av_image-a30683e67edb20eab42b6213baccb8f9 .av-image-caption-overlay-center{\ncolor:#ffffff;\n}\n<\/style>\n<div  class='avia-image-container av-av_image-a30683e67edb20eab42b6213baccb8f9 av-styling- avia_animated_image avia_animate_when_almost_visible right-to-left avia-align-right  avia-builder-el-13  avia-builder-el-no-sibling  '  itemprop=\"image\" itemscope=\"itemscope\" itemtype=\"https:\/\/schema.org\/ImageObject\" ><div class=\"avia-image-container-inner\"><div class=\"avia-image-overlay-wrap\"><img width=\"293\" height=\"450\" class='wp-image-723 avia-img-lazy-loading-not-723 avia_image' src=\"https:\/\/www.symphonie-florale.com\/fleuriste-juvignac-montpellier\/wp-content\/uploads\/2015\/10\/pommes-rouges-automne_15.jpg\" alt='coupe de pommes rouges' title='coupe de pommes rouges'   itemprop=\"thumbnailUrl\" srcset=\"https:\/\/www.symphonie-florale.com\/fleuriste-juvignac-montpellier\/wp-content\/uploads\/2015\/10\/pommes-rouges-automne_15.jpg 293w, https:\/\/www.symphonie-florale.com\/fleuriste-juvignac-montpellier\/wp-content\/uploads\/2015\/10\/pommes-rouges-automne_15-195x300.jpg 195w\" sizes=\"(max-width: 293px) 100vw, 293px\" \/><\/div><\/div><\/div><\/div><\/p>\n","protected":false},"excerpt":{"rendered":"","protected":false},"author":1,"featured_media":0,"parent":13,"menu_order":0,"comment_status":"open","ping_status":"open","template":"","meta":[],"yoast_head":"<!-- This site is optimized with the Yoast SEO plugin v17.1 - https:\/\/yoast.com\/wordpress\/plugins\/seo\/ -->\n<title>Les pommes rouges de l&#039;automne - Symphonie Florale<\/title>\n<meta name=\"robots\" content=\"index, follow, max-snippet:-1, max-image-preview:large, max-video-preview:-1\" \/>\n<link rel=\"canonical\" href=\"https:\/\/www.symphonie-florale.com\/fleuriste-juvignac-montpellier\/la-vitrine\/les-pommes-rouges-de-lautomne\/\" \/>\n<meta property=\"og:locale\" content=\"fr_FR\" \/>\n<meta property=\"og:type\" content=\"article\" \/>\n<meta property=\"og:title\" content=\"Les pommes rouges de l&#039;automne - Symphonie Florale\" \/>\n<meta property=\"og:url\" content=\"https:\/\/www.symphonie-florale.com\/fleuriste-juvignac-montpellier\/la-vitrine\/les-pommes-rouges-de-lautomne\/\" \/>\n<meta property=\"og:site_name\" content=\"Symphonie Florale\" \/>\n<meta property=\"article:modified_time\" content=\"2015-10-07T08:55:53+00:00\" \/>\n<meta name=\"twitter:label1\" content=\"Dur\u00e9e de lecture est.\" \/>\n\t<meta name=\"twitter:data1\" content=\"1 minute\" \/>\n<script type=\"application\/ld+json\" class=\"yoast-schema-graph\">{\"@context\":\"https:\/\/schema.org\",\"@graph\":[{\"@type\":\"WebSite\",\"@id\":\"https:\/\/www.symphonie-florale.com\/fleuriste-juvignac-montpellier\/#website\",\"url\":\"https:\/\/www.symphonie-florale.com\/fleuriste-juvignac-montpellier\/\",\"name\":\"Symphonie Florale\",\"description\":\"Fleuriste \\u00e0 Juvignac Montpellier\",\"potentialAction\":[{\"@type\":\"SearchAction\",\"target\":{\"@type\":\"EntryPoint\",\"urlTemplate\":\"https:\/\/www.symphonie-florale.com\/fleuriste-juvignac-montpellier\/?s={search_term_string}\"},\"query-input\":\"required name=search_term_string\"}],\"inLanguage\":\"fr-FR\"},{\"@type\":\"WebPage\",\"@id\":\"https:\/\/www.symphonie-florale.com\/fleuriste-juvignac-montpellier\/la-vitrine\/les-pommes-rouges-de-lautomne\/#webpage\",\"url\":\"https:\/\/www.symphonie-florale.com\/fleuriste-juvignac-montpellier\/la-vitrine\/les-pommes-rouges-de-lautomne\/\",\"name\":\"Les pommes rouges de l'automne - Symphonie Florale\",\"isPartOf\":{\"@id\":\"https:\/\/www.symphonie-florale.com\/fleuriste-juvignac-montpellier\/#website\"},\"datePublished\":\"2015-10-07T08:51:55+00:00\",\"dateModified\":\"2015-10-07T08:55:53+00:00\",\"breadcrumb\":{\"@id\":\"https:\/\/www.symphonie-florale.com\/fleuriste-juvignac-montpellier\/la-vitrine\/les-pommes-rouges-de-lautomne\/#breadcrumb\"},\"inLanguage\":\"fr-FR\",\"potentialAction\":[{\"@type\":\"ReadAction\",\"target\":[\"https:\/\/www.symphonie-florale.com\/fleuriste-juvignac-montpellier\/la-vitrine\/les-pommes-rouges-de-lautomne\/\"]}]},{\"@type\":\"BreadcrumbList\",\"@id\":\"https:\/\/www.symphonie-florale.com\/fleuriste-juvignac-montpellier\/la-vitrine\/les-pommes-rouges-de-lautomne\/#breadcrumb\",\"itemListElement\":[{\"@type\":\"ListItem\",\"position\":1,\"name\":\"Accueil\",\"item\":\"https:\/\/www.symphonie-florale.com\/fleuriste-juvignac-montpellier\/\"},{\"@type\":\"ListItem\",\"position\":2,\"name\":\"La vitrine\",\"item\":\"https:\/\/www.symphonie-florale.com\/fleuriste-juvignac-montpellier\/la-vitrine\/\"},{\"@type\":\"ListItem\",\"position\":3,\"name\":\"Les pommes rouges de l&rsquo;automne\"}]}]}<\/script>\n<!-- \/ Yoast SEO plugin. -->","yoast_head_json":{"title":"Les pommes rouges de l'automne - Symphonie Florale","robots":{"index":"index","follow":"follow","max-snippet":"max-snippet:-1","max-image-preview":"max-image-preview:large","max-video-preview":"max-video-preview:-1"},"canonical":"https:\/\/www.symphonie-florale.com\/fleuriste-juvignac-montpellier\/la-vitrine\/les-pommes-rouges-de-lautomne\/","og_locale":"fr_FR","og_type":"article","og_title":"Les pommes rouges de l'automne - Symphonie Florale","og_url":"https:\/\/www.symphonie-florale.com\/fleuriste-juvignac-montpellier\/la-vitrine\/les-pommes-rouges-de-lautomne\/","og_site_name":"Symphonie Florale","article_modified_time":"2015-10-07T08:55:53+00:00","twitter_misc":{"Dur\u00e9e de lecture est.":"1 minute"},"schema":{"@context":"https:\/\/schema.org","@graph":[{"@type":"WebSite","@id":"https:\/\/www.symphonie-florale.com\/fleuriste-juvignac-montpellier\/#website","url":"https:\/\/www.symphonie-florale.com\/fleuriste-juvignac-montpellier\/","name":"Symphonie Florale","description":"Fleuriste \u00e0 Juvignac Montpellier","potentialAction":[{"@type":"SearchAction","target":{"@type":"EntryPoint","urlTemplate":"https:\/\/www.symphonie-florale.com\/fleuriste-juvignac-montpellier\/?s={search_term_string}"},"query-input":"required name=search_term_string"}],"inLanguage":"fr-FR"},{"@type":"WebPage","@id":"https:\/\/www.symphonie-florale.com\/fleuriste-juvignac-montpellier\/la-vitrine\/les-pommes-rouges-de-lautomne\/#webpage","url":"https:\/\/www.symphonie-florale.com\/fleuriste-juvignac-montpellier\/la-vitrine\/les-pommes-rouges-de-lautomne\/","name":"Les pommes rouges de l'automne - Symphonie Florale","isPartOf":{"@id":"https:\/\/www.symphonie-florale.com\/fleuriste-juvignac-montpellier\/#website"},"datePublished":"2015-10-07T08:51:55+00:00","dateModified":"2015-10-07T08:55:53+00:00","breadcrumb":{"@id":"https:\/\/www.symphonie-florale.com\/fleuriste-juvignac-montpellier\/la-vitrine\/les-pommes-rouges-de-lautomne\/#breadcrumb"},"inLanguage":"fr-FR","potentialAction":[{"@type":"ReadAction","target":["https:\/\/www.symphonie-florale.com\/fleuriste-juvignac-montpellier\/la-vitrine\/les-pommes-rouges-de-lautomne\/"]}]},{"@type":"BreadcrumbList","@id":"https:\/\/www.symphonie-florale.com\/fleuriste-juvignac-montpellier\/la-vitrine\/les-pommes-rouges-de-lautomne\/#breadcrumb","itemListElement":[{"@type":"ListItem","position":1,"name":"Accueil","item":"https:\/\/www.symphonie-florale.com\/fleuriste-juvignac-montpellier\/"},{"@type":"ListItem","position":2,"name":"La vitrine","item":"https:\/\/www.symphonie-florale.com\/fleuriste-juvignac-montpellier\/la-vitrine\/"},{"@type":"ListItem","position":3,"name":"Les pommes rouges de l&rsquo;automne"}]}]}},"_links":{"self":[{"href":"https:\/\/www.symphonie-florale.com\/fleuriste-juvignac-montpellier\/wp-json\/wp\/v2\/pages\/717"}],"collection":[{"href":"https:\/\/www.symphonie-florale.com\/fleuriste-juvignac-montpellier\/wp-json\/wp\/v2\/pages"}],"about":[{"href":"https:\/\/www.symphonie-florale.com\/fleuriste-juvignac-montpellier\/wp-json\/wp\/v2\/types\/page"}],"author":[{"embeddable":true,"href":"https:\/\/www.symphonie-florale.com\/fleuriste-juvignac-montpellier\/wp-json\/wp\/v2\/users\/1"}],"replies":[{"embeddable":true,"href":"https:\/\/www.symphonie-florale.com\/fleuriste-juvignac-montpellier\/wp-json\/wp\/v2\/comments?post=717"}],"version-history":[{"count":5,"href":"https:\/\/www.symphonie-florale.com\/fleuriste-juvignac-montpellier\/wp-json\/wp\/v2\/pages\/717\/revisions"}],"predecessor-version":[{"id":725,"href":"https:\/\/www.symphonie-florale.com\/fleuriste-juvignac-montpellier\/wp-json\/wp\/v2\/pages\/717\/revisions\/725"}],"up":[{"embeddable":true,"href":"https:\/\/www.symphonie-florale.com\/fleuriste-juvignac-montpellier\/wp-json\/wp\/v2\/pages\/13"}],"wp:attachment":[{"href":"https:\/\/www.symphonie-florale.com\/fleuriste-juvignac-montpellier\/wp-json\/wp\/v2\/media?parent=717"}],"curies":[{"name":"wp","href":"https:\/\/api.w.org\/{rel}","templated":true}]}}