{"id":8,"date":"2014-09-27T17:07:36","date_gmt":"2014-09-27T16:07:36","guid":{"rendered":"http:\/\/www.symphonie-florale.com\/fleuriste-juvignac-montpellier\/?page_id=8"},"modified":"2021-09-19T08:17:00","modified_gmt":"2021-09-19T07:17:00","slug":"accueil","status":"publish","type":"page","link":"https:\/\/www.symphonie-florale.com\/fleuriste-juvignac-montpellier\/","title":{"rendered":"Accueil"},"content":{"rendered":"<div id='layer_slider_1'  class='avia-layerslider main_color avia-shadow  avia-builder-el-0  el_before_av_section  avia-builder-el-first  container_wrap sidebar_right'  style='height: 451px; max-width: 1500px; margin: 0 auto;'  ><\/div>\n<div class='flex_column av-vgkq-ba2c1c6da06d3a776dbdd8ed059c530a av_one_full first flex_column_div '   ><style type=\"text\/css\" data-created_by=\"avia_inline_auto\" id=\"style-css-av-skd2-e5a87b419aede349a0b5693c41c8259e\">\n#top .av-special-heading.av-skd2-e5a87b419aede349a0b5693c41c8259e{\npadding-bottom:4px;\ncolor:#cdcdcc;\nfont-size:20px;\n}\n.av-special-heading.av-skd2-e5a87b419aede349a0b5693c41c8259e .special-heading-inner-border{\nborder-color:#cdcdcc;\n}\n.av-special-heading.av-skd2-e5a87b419aede349a0b5693c41c8259e .av-subheading{\nfont-size:14px;\n}\n<\/style>\n<div  class='av-special-heading av-skd2-e5a87b419aede349a0b5693c41c8259e av-special-heading-h1 custom-color-heading blockquote classic-quote av-inherit-size '><h1 class='av-special-heading-tag '  itemprop=\"headline\"  >Le pouvoir des fleurs par Symphonie Florale<\/h1><div class='av_custom_color av-subheading av-subheading_below '><p style=\"font-family:'Open Sans', 'HelveticaNeue', 'Helvetica Neue', Helvetica, Arial, sans-serif;\">Symphonie Florale \u00e0 Juvignac, vous fait d\u00e9couvrir le monde des fleurs, des couleurs, des parfums et des envies.<br \/>\nDepuis 30 ans, notre \u00e9quipe qualifi\u00e9e ne cesse d&rsquo;innover en art florale pour vous aider \u00e0 exprimer toutes les \u00e9motions de la vie.<\/p>\n<\/div><div class='special-heading-border'><div class='special-heading-inner-border'><\/div><\/div><\/div><\/div>\n<div class='flex_column av-2qr8-4e84e7220b62167263db22295ddda71f av_one_third first flex_column_div '   ><p>\n<style type=\"text\/css\" data-created_by=\"avia_inline_auto\" id=\"style-css-av-ogb2-6e802cf4f3604109ddc0fee97e502445\">\n.avia-image-container.av-ogb2-6e802cf4f3604109ddc0fee97e502445 .av-image-caption-overlay-center{\ncolor:#ffffff;\n}\n<\/style>\n<div  class='avia-image-container av-ogb2-6e802cf4f3604109ddc0fee97e502445 av-styling- avia_animated_image avia_animate_when_almost_visible left-to-right avia-align-center '  itemprop=\"image\" itemscope=\"itemscope\" itemtype=\"https:\/\/schema.org\/ImageObject\" ><div class=\"avia-image-container-inner\"><div class=\"avia-image-overlay-wrap\"><a href=\"https:\/\/www.symphonie-florale.com\/fleuriste-juvignac-montpellier\/la-vitrine\/les-gypsophiles\/\" class='avia_image' ><img width=\"310\" height=\"164\" class='wp-image-1742 avia-img-lazy-loading-not-1742 avia_image' src=\"https:\/\/www.symphonie-florale.com\/fleuriste-juvignac-montpellier\/wp-content\/uploads\/2019\/04\/gypsophiles-symphonie-florale-fleuriste-juvignac.jpg\" alt='gypsophiles-symphonie-florale-fleuriste-juvignac' title='gypsophiles-symphonie-florale-fleuriste-juvignac'  itemprop=\"thumbnailUrl\" srcset=\"https:\/\/www.symphonie-florale.com\/fleuriste-juvignac-montpellier\/wp-content\/uploads\/2019\/04\/gypsophiles-symphonie-florale-fleuriste-juvignac.jpg 310w, https:\/\/www.symphonie-florale.com\/fleuriste-juvignac-montpellier\/wp-content\/uploads\/2019\/04\/gypsophiles-symphonie-florale-fleuriste-juvignac-300x159.jpg 300w\" sizes=\"(max-width: 310px) 100vw, 310px\" \/><\/a><\/div><\/div><\/div><br \/>\n<section class=\"av_textblock_section \"  itemscope=\"itemscope\" itemtype=\"https:\/\/schema.org\/CreativeWork\" ><div class='avia_textblock  '   itemprop=\"text\" ><h3>Les gypsophiles et le bambou\u2026<\/h3>\n<p>Vous d\u00e9couvrirez dans notre boutique de printemps nos magnifiques compositions r\u00e9alis\u00e9es avec de jolies petites fleurs blanches, nomm\u00e9es gypsophiles.<\/p>\n<\/div><\/section><br \/>\n<div  class='avia-button-wrap avia-button-left ' >\n<style type=\"text\/css\" data-created_by=\"avia_inline_auto\" id=\"style-css-av-l5aw-58f451a4201faff40aa9be80eee113be\">\n#top #wrap_all .avia-button.av-l5aw-58f451a4201faff40aa9be80eee113be{\nbackground-color:#6f6e6a;\nborder-color:#6f6e6a;\ncolor:#8ebc19;\ntransition:all 0.4s ease-in-out;\n-webkit-transition:all 0.4s ease-in-out;\n-moz-transition:all 0.4s ease-in-out;\n-ms-transition:all 0.4s ease-in-out;\n-o-transition:all 0.4s ease-in-out;\n}\n<\/style>\n<a href='https:\/\/www.symphonie-florale.com\/fleuriste-juvignac-montpellier\/la-vitrine\/les-gypsophiles\/'  class='avia-button av-l5aw-58f451a4201faff40aa9be80eee113be avia-icon_select-yes-left-icon avia-size-small avia-position-left ' ><span class='avia_button_icon avia_button_icon_left' aria-hidden='true' data-av_icon='\ue879' data-av_iconfont='entypo-fontello'><\/span><span class='avia_iconbox_title' >En savoir plus<\/span><\/a><\/div><\/p><\/div>\n<style type=\"text\/css\" data-created_by=\"avia_inline_auto\" id=\"style-css-av-hypc-e06368d419bd0a48c666aaaf9732b522\">\n.flex_column.av-hypc-e06368d419bd0a48c666aaaf9732b522{\nborder-radius:0px 0px 0px 0px;\n-webkit-border-radius:0px 0px 0px 0px;\n-moz-border-radius:0px 0px 0px 0px;\n}\n<\/style>\n<div class='flex_column av-hypc-e06368d419bd0a48c666aaaf9732b522 av_one_third flex_column_div av-zero-column-padding '   ><p>\n<style type=\"text\/css\" data-created_by=\"avia_inline_auto\" id=\"style-css-av-fkc6-a612b02c3b2ef58f54e7f50922be2c97\">\n.avia-image-container.av-fkc6-a612b02c3b2ef58f54e7f50922be2c97 .av-image-caption-overlay-center{\ncolor:#ffffff;\n}\n<\/style>\n<div  class='avia-image-container av-fkc6-a612b02c3b2ef58f54e7f50922be2c97 av-styling- avia_animated_image avia_animate_when_almost_visible right-to-left avia-align-center '  itemprop=\"image\" itemscope=\"itemscope\" itemtype=\"https:\/\/schema.org\/ImageObject\" ><div class=\"avia-image-container-inner\"><div class=\"avia-image-overlay-wrap\"><a href=\"https:\/\/www.symphonie-florale.com\/fleuriste-juvignac-montpellier\/la-vitrine\/de-jolis-vases-noirs-en-fer\/\" class='avia_image' ><img width=\"310\" height=\"164\" class='wp-image-1743 avia-img-lazy-loading-not-1743 avia_image' src=\"https:\/\/www.symphonie-florale.com\/fleuriste-juvignac-montpellier\/wp-content\/uploads\/2019\/04\/symphonie-florale-fleuriste-juvignac-printemps.jpg\" alt='symphonie-florale-fleuriste-juvignac-printemps' title='symphonie-florale-fleuriste-juvignac-printemps'  itemprop=\"thumbnailUrl\" srcset=\"https:\/\/www.symphonie-florale.com\/fleuriste-juvignac-montpellier\/wp-content\/uploads\/2019\/04\/symphonie-florale-fleuriste-juvignac-printemps.jpg 310w, https:\/\/www.symphonie-florale.com\/fleuriste-juvignac-montpellier\/wp-content\/uploads\/2019\/04\/symphonie-florale-fleuriste-juvignac-printemps-300x159.jpg 300w\" sizes=\"(max-width: 310px) 100vw, 310px\" \/><\/a><\/div><\/div><\/div><br \/>\n<section class=\"av_textblock_section \"  itemscope=\"itemscope\" itemtype=\"https:\/\/schema.org\/CreativeWork\" ><div class='avia_textblock  '   itemprop=\"text\" ><h3>De jolis vases noirs en fer&#8230;<\/h3>\n<p>Vous d\u00e9couvrirez de jolies plantes aux fleurs blanches appel\u00e9es gypsophiles d\u00e9pos\u00e9es dans des vases noirs en fer.<\/p>\n<p>Les vases peuvent \u00eatre suspendus mais aussi sur pieds.<\/p>\n<\/div><\/section><br \/>\n<div  class='avia-button-wrap avia-button-left ' >\n<style type=\"text\/css\" data-created_by=\"avia_inline_auto\" id=\"style-css-av-b2jq-03f3b7b0fd915820f7193d865dad7977\">\n#top #wrap_all .avia-button.av-b2jq-03f3b7b0fd915820f7193d865dad7977{\nbackground-color:#6f6e6a;\nborder-color:#6f6e6a;\ncolor:#8ebc19;\ntransition:all 0.4s ease-in-out;\n-webkit-transition:all 0.4s ease-in-out;\n-moz-transition:all 0.4s ease-in-out;\n-ms-transition:all 0.4s ease-in-out;\n-o-transition:all 0.4s ease-in-out;\n}\n<\/style>\n<a href='https:\/\/www.symphonie-florale.com\/fleuriste-juvignac-montpellier\/la-vitrine\/le-retour-des-plantes-grasses\/'  class='avia-button av-b2jq-03f3b7b0fd915820f7193d865dad7977 avia-icon_select-yes-left-icon avia-size-small avia-position-left ' ><span class='avia_button_icon avia_button_icon_left' aria-hidden='true' data-av_icon='\ue879' data-av_iconfont='entypo-fontello'><\/span><span class='avia_iconbox_title' >En savoir plus<\/span><\/a><\/div><\/p><\/div>\n<style type=\"text\/css\" data-created_by=\"avia_inline_auto\" id=\"style-css-av-xl4-270ef75a74c43b3a990a1346a3db7f7a\">\n.flex_column.av-xl4-270ef75a74c43b3a990a1346a3db7f7a{\nborder-radius:0px 0px 0px 0px;\n-webkit-border-radius:0px 0px 0px 0px;\n-moz-border-radius:0px 0px 0px 0px;\n}\n<\/style>\n<div class='flex_column av-xl4-270ef75a74c43b3a990a1346a3db7f7a av_one_third flex_column_div av-zero-column-padding '   ><p>\n<style type=\"text\/css\" data-created_by=\"avia_inline_auto\" id=\"style-css-av-6wnc-77b7d6e616d5d908b03c19977b61f348\">\n.avia-image-container.av-6wnc-77b7d6e616d5d908b03c19977b61f348 .av-image-caption-overlay-center{\ncolor:#ffffff;\n}\n<\/style>\n<div  class='avia-image-container av-6wnc-77b7d6e616d5d908b03c19977b61f348 av-styling- avia_animated_image avia_animate_when_almost_visible top-to-bottom avia-align-center '  itemprop=\"image\" itemscope=\"itemscope\" itemtype=\"https:\/\/schema.org\/ImageObject\" ><div class=\"avia-image-container-inner\"><div class=\"avia-image-overlay-wrap\"><a href=\"https:\/\/www.symphonie-florale.com\/fleuriste-juvignac-montpellier\/la-vitrine\/vases-souffles-artisanaux-vanessa-mitrani\/\" class='avia_image' ><img width=\"310\" height=\"164\" class='wp-image-1744 avia-img-lazy-loading-not-1744 avia_image' src=\"https:\/\/www.symphonie-florale.com\/fleuriste-juvignac-montpellier\/wp-content\/uploads\/2019\/04\/vases-soufles-vanessa-mitrani-symphonie-florale-montpellier-juvignac.jpg\" alt='vases-soufles-vanessa-mitrani-symphonie-florale-montpellier-juvignac' title='vases-soufles-vanessa-mitrani-symphonie-florale-montpellier-juvignac'  itemprop=\"thumbnailUrl\" srcset=\"https:\/\/www.symphonie-florale.com\/fleuriste-juvignac-montpellier\/wp-content\/uploads\/2019\/04\/vases-soufles-vanessa-mitrani-symphonie-florale-montpellier-juvignac.jpg 310w, https:\/\/www.symphonie-florale.com\/fleuriste-juvignac-montpellier\/wp-content\/uploads\/2019\/04\/vases-soufles-vanessa-mitrani-symphonie-florale-montpellier-juvignac-300x159.jpg 300w\" sizes=\"(max-width: 310px) 100vw, 310px\" \/><\/a><\/div><\/div><\/div><br \/>\n<section class=\"av_textblock_section \"  itemscope=\"itemscope\" itemtype=\"https:\/\/schema.org\/CreativeWork\" ><div class='avia_textblock  '   itemprop=\"text\" ><h3>Les vases souffl\u00e9s artisanaux Vanessa Mitrani<\/h3>\n<p>Vous d\u00e9couvrirez \u00e0 l\u2019\u00e9tage de la boutique, de magnifiques vases artisanaux souffl\u00e9s dans du m\u00e9tal, sing\u00e9s Vanessa Mitrani.<\/p>\n<p>Chaque mod\u00e8le est une cr\u00e9ation unique.<\/p>\n<\/div><\/section><br \/>\n<div  class='avia-button-wrap avia-button-left ' >\n<style type=\"text\/css\" data-created_by=\"avia_inline_auto\" id=\"style-css-av-3nei-d0e26b0115ae687059a66087d936b8ab\">\n#top #wrap_all .avia-button.av-3nei-d0e26b0115ae687059a66087d936b8ab{\nbackground-color:#6f6e6a;\nborder-color:#6f6e6a;\ncolor:#8ebc19;\ntransition:all 0.4s ease-in-out;\n-webkit-transition:all 0.4s ease-in-out;\n-moz-transition:all 0.4s ease-in-out;\n-ms-transition:all 0.4s ease-in-out;\n-o-transition:all 0.4s ease-in-out;\n}\n<\/style>\n<a href='https:\/\/www.symphonie-florale.com\/fleuriste-juvignac-montpellier\/la-vitrine\/vases-souffles-artisanaux-vanessa-mitrani\/'  class='avia-button av-3nei-d0e26b0115ae687059a66087d936b8ab avia-icon_select-yes-left-icon avia-size-small avia-position-left ' ><span class='avia_button_icon avia_button_icon_left' aria-hidden='true' data-av_icon='\ue879' data-av_iconfont='entypo-fontello'><\/span><span class='avia_iconbox_title' >En savoir plus<\/span><\/a><\/div><\/p><\/div><\/p>\n","protected":false},"excerpt":{"rendered":"","protected":false},"author":1,"featured_media":0,"parent":0,"menu_order":0,"comment_status":"open","ping_status":"open","template":"","meta":[],"yoast_head":"<!-- This site is optimized with the Yoast SEO plugin v17.1 - https:\/\/yoast.com\/wordpress\/plugins\/seo\/ -->\n<title>Symphonie florale fleuriste juvignac montpellier<\/title>\n<meta name=\"description\" content=\"symphonie florale, fleuriste \u00e0 Juvignac, montpellier, cr\u00e9ation de compositions florales, art florale, d\u00e9coration d&#039;int\u00e9rieur, bougies, vases...\" \/>\n<meta name=\"robots\" content=\"index, follow, max-snippet:-1, max-image-preview:large, max-video-preview:-1\" \/>\n<link rel=\"canonical\" href=\"https:\/\/www.symphonie-florale.com\/fleuriste-juvignac-montpellier\/\" \/>\n<meta property=\"og:locale\" content=\"fr_FR\" \/>\n<meta property=\"og:type\" content=\"article\" \/>\n<meta property=\"og:title\" content=\"Symphonie florale fleuriste juvignac montpellier\" \/>\n<meta property=\"og:description\" content=\"symphonie florale, fleuriste \u00e0 Juvignac, montpellier, cr\u00e9ation de compositions florales, art florale, d\u00e9coration d&#039;int\u00e9rieur, bougies, vases...\" \/>\n<meta property=\"og:url\" content=\"https:\/\/www.symphonie-florale.com\/fleuriste-juvignac-montpellier\/\" \/>\n<meta property=\"og:site_name\" content=\"Symphonie Florale\" \/>\n<meta property=\"article:modified_time\" content=\"2021-09-19T07:17:00+00:00\" \/>\n<meta name=\"twitter:label1\" content=\"Dur\u00e9e de lecture est.\" \/>\n\t<meta name=\"twitter:data1\" content=\"2 minutes\" \/>\n<script type=\"application\/ld+json\" class=\"yoast-schema-graph\">{\"@context\":\"https:\/\/schema.org\",\"@graph\":[{\"@type\":\"WebSite\",\"@id\":\"https:\/\/www.symphonie-florale.com\/fleuriste-juvignac-montpellier\/#website\",\"url\":\"https:\/\/www.symphonie-florale.com\/fleuriste-juvignac-montpellier\/\",\"name\":\"Symphonie Florale\",\"description\":\"Fleuriste \\u00e0 Juvignac Montpellier\",\"potentialAction\":[{\"@type\":\"SearchAction\",\"target\":{\"@type\":\"EntryPoint\",\"urlTemplate\":\"https:\/\/www.symphonie-florale.com\/fleuriste-juvignac-montpellier\/?s={search_term_string}\"},\"query-input\":\"required name=search_term_string\"}],\"inLanguage\":\"fr-FR\"},{\"@type\":\"WebPage\",\"@id\":\"https:\/\/www.symphonie-florale.com\/fleuriste-juvignac-montpellier\/#webpage\",\"url\":\"https:\/\/www.symphonie-florale.com\/fleuriste-juvignac-montpellier\/\",\"name\":\"Symphonie florale fleuriste juvignac montpellier\",\"isPartOf\":{\"@id\":\"https:\/\/www.symphonie-florale.com\/fleuriste-juvignac-montpellier\/#website\"},\"datePublished\":\"2014-09-27T16:07:36+00:00\",\"dateModified\":\"2021-09-19T07:17:00+00:00\",\"description\":\"symphonie florale, fleuriste \\u00e0 Juvignac, montpellier, cr\\u00e9ation de compositions florales, art florale, d\\u00e9coration d'int\\u00e9rieur, bougies, vases...\",\"breadcrumb\":{\"@id\":\"https:\/\/www.symphonie-florale.com\/fleuriste-juvignac-montpellier\/#breadcrumb\"},\"inLanguage\":\"fr-FR\",\"potentialAction\":[{\"@type\":\"ReadAction\",\"target\":[\"https:\/\/www.symphonie-florale.com\/fleuriste-juvignac-montpellier\/\"]}]},{\"@type\":\"BreadcrumbList\",\"@id\":\"https:\/\/www.symphonie-florale.com\/fleuriste-juvignac-montpellier\/#breadcrumb\",\"itemListElement\":[{\"@type\":\"ListItem\",\"position\":1,\"name\":\"Accueil\",\"item\":\"https:\/\/www.symphonie-florale.com\/fleuriste-juvignac-montpellier\/\"},{\"@type\":\"ListItem\",\"position\":2,\"name\":\"Accueil\"}]}]}<\/script>\n<!-- \/ Yoast SEO plugin. -->","yoast_head_json":{"title":"Symphonie florale fleuriste juvignac montpellier","description":"symphonie florale, fleuriste \u00e0 Juvignac, montpellier, cr\u00e9ation de compositions florales, art florale, d\u00e9coration d'int\u00e9rieur, bougies, vases...","robots":{"index":"index","follow":"follow","max-snippet":"max-snippet:-1","max-image-preview":"max-image-preview:large","max-video-preview":"max-video-preview:-1"},"canonical":"https:\/\/www.symphonie-florale.com\/fleuriste-juvignac-montpellier\/","og_locale":"fr_FR","og_type":"article","og_title":"Symphonie florale fleuriste juvignac montpellier","og_description":"symphonie florale, fleuriste \u00e0 Juvignac, montpellier, cr\u00e9ation de compositions florales, art florale, d\u00e9coration d'int\u00e9rieur, bougies, vases...","og_url":"https:\/\/www.symphonie-florale.com\/fleuriste-juvignac-montpellier\/","og_site_name":"Symphonie Florale","article_modified_time":"2021-09-19T07:17:00+00:00","twitter_misc":{"Dur\u00e9e de lecture est.":"2 minutes"},"schema":{"@context":"https:\/\/schema.org","@graph":[{"@type":"WebSite","@id":"https:\/\/www.symphonie-florale.com\/fleuriste-juvignac-montpellier\/#website","url":"https:\/\/www.symphonie-florale.com\/fleuriste-juvignac-montpellier\/","name":"Symphonie Florale","description":"Fleuriste \u00e0 Juvignac Montpellier","potentialAction":[{"@type":"SearchAction","target":{"@type":"EntryPoint","urlTemplate":"https:\/\/www.symphonie-florale.com\/fleuriste-juvignac-montpellier\/?s={search_term_string}"},"query-input":"required name=search_term_string"}],"inLanguage":"fr-FR"},{"@type":"WebPage","@id":"https:\/\/www.symphonie-florale.com\/fleuriste-juvignac-montpellier\/#webpage","url":"https:\/\/www.symphonie-florale.com\/fleuriste-juvignac-montpellier\/","name":"Symphonie florale fleuriste juvignac montpellier","isPartOf":{"@id":"https:\/\/www.symphonie-florale.com\/fleuriste-juvignac-montpellier\/#website"},"datePublished":"2014-09-27T16:07:36+00:00","dateModified":"2021-09-19T07:17:00+00:00","description":"symphonie florale, fleuriste \u00e0 Juvignac, montpellier, cr\u00e9ation de compositions florales, art florale, d\u00e9coration d'int\u00e9rieur, bougies, vases...","breadcrumb":{"@id":"https:\/\/www.symphonie-florale.com\/fleuriste-juvignac-montpellier\/#breadcrumb"},"inLanguage":"fr-FR","potentialAction":[{"@type":"ReadAction","target":["https:\/\/www.symphonie-florale.com\/fleuriste-juvignac-montpellier\/"]}]},{"@type":"BreadcrumbList","@id":"https:\/\/www.symphonie-florale.com\/fleuriste-juvignac-montpellier\/#breadcrumb","itemListElement":[{"@type":"ListItem","position":1,"name":"Accueil","item":"https:\/\/www.symphonie-florale.com\/fleuriste-juvignac-montpellier\/"},{"@type":"ListItem","position":2,"name":"Accueil"}]}]}},"_links":{"self":[{"href":"https:\/\/www.symphonie-florale.com\/fleuriste-juvignac-montpellier\/wp-json\/wp\/v2\/pages\/8"}],"collection":[{"href":"https:\/\/www.symphonie-florale.com\/fleuriste-juvignac-montpellier\/wp-json\/wp\/v2\/pages"}],"about":[{"href":"https:\/\/www.symphonie-florale.com\/fleuriste-juvignac-montpellier\/wp-json\/wp\/v2\/types\/page"}],"author":[{"embeddable":true,"href":"https:\/\/www.symphonie-florale.com\/fleuriste-juvignac-montpellier\/wp-json\/wp\/v2\/users\/1"}],"replies":[{"embeddable":true,"href":"https:\/\/www.symphonie-florale.com\/fleuriste-juvignac-montpellier\/wp-json\/wp\/v2\/comments?post=8"}],"version-history":[{"count":81,"href":"https:\/\/www.symphonie-florale.com\/fleuriste-juvignac-montpellier\/wp-json\/wp\/v2\/pages\/8\/revisions"}],"predecessor-version":[{"id":1755,"href":"https:\/\/www.symphonie-florale.com\/fleuriste-juvignac-montpellier\/wp-json\/wp\/v2\/pages\/8\/revisions\/1755"}],"wp:attachment":[{"href":"https:\/\/www.symphonie-florale.com\/fleuriste-juvignac-montpellier\/wp-json\/wp\/v2\/media?parent=8"}],"curies":[{"name":"wp","href":"https:\/\/api.w.org\/{rel}","templated":true}]}}