{"id":837,"date":"2016-01-27T10:53:09","date_gmt":"2016-01-27T09:53:09","guid":{"rendered":"http:\/\/www.symphonie-florale.com\/fleuriste-juvignac-montpellier\/?page_id=837"},"modified":"2016-01-27T14:18:12","modified_gmt":"2016-01-27T13:18:12","slug":"les-plantes-grasses","status":"publish","type":"page","link":"https:\/\/www.symphonie-florale.com\/fleuriste-juvignac-montpellier\/la-vitrine\/les-plantes-grasses\/","title":{"rendered":"Les plantes grasses"},"content":{"rendered":"\n<style type=\"text\/css\" data-created_by=\"avia_inline_auto\" id=\"style-css-av-av_one_full-9497bbf8bff73ea4c6992cc17fa9ec36\">\n.flex_column.av-av_one_full-9497bbf8bff73ea4c6992cc17fa9ec36{\nborder-radius:0px 0px 0px 0px;\n-webkit-border-radius:0px 0px 0px 0px;\n-moz-border-radius:0px 0px 0px 0px;\n}\n<\/style>\n<div class='flex_column av-av_one_full-9497bbf8bff73ea4c6992cc17fa9ec36 av_one_full  avia-builder-el-0  el_before_av_one_half  avia-builder-el-first  first flex_column_div av-zero-column-padding '   ><section class=\"av_textblock_section \"  itemscope=\"itemscope\" itemtype=\"https:\/\/schema.org\/CreativeWork\" ><div class='avia_textblock  '   itemprop=\"text\" ><p>Gros plan sur nos plantes grasses :<\/p>\n<p>Les plantes grasses ont un tr\u00e8s gros avantage : elles n\u2019ont pas besoin de beaucoup d\u2019entretien ! Aux feuillages particuli\u00e8rement attrayants, ces magnifiques plantes originaires du Mexique, comme l\u2019echeveria, ne vous laisseront pas indiff\u00e9rents.<\/p>\n<\/div><\/section><\/div>\n\n<style type=\"text\/css\" data-created_by=\"avia_inline_auto\" id=\"style-css-av-av_one_half-4f71affefb2767b0d4aacb5c1c60140d\">\n.flex_column.av-av_one_half-4f71affefb2767b0d4aacb5c1c60140d{\nborder-radius:0px 0px 0px 0px;\n-webkit-border-radius:0px 0px 0px 0px;\n-moz-border-radius:0px 0px 0px 0px;\n}\n<\/style>\n<div class='flex_column av-av_one_half-4f71affefb2767b0d4aacb5c1c60140d av_one_half  avia-builder-el-2  el_after_av_one_full  el_before_av_one_half  first no_margin flex_column_div av-zero-column-padding column-top-margin'   ><p>\n<style type=\"text\/css\" data-created_by=\"avia_inline_auto\" id=\"style-css-av-av_image-16b1142415bcad72c28923e78e76429c\">\n.avia-image-container.av-av_image-16b1142415bcad72c28923e78e76429c .av-image-caption-overlay-center{\ncolor:#ffffff;\n}\n<\/style>\n<div  class='avia-image-container av-av_image-16b1142415bcad72c28923e78e76429c av-styling- av-hover-grow avia-align-left  avia-builder-el-3  el_before_av_hr  avia-builder-el-first  '  itemprop=\"image\" itemscope=\"itemscope\" itemtype=\"https:\/\/schema.org\/ImageObject\" ><div class=\"avia-image-container-inner\"><div class=\"avia-image-overlay-wrap\"><img class='wp-image-838 avia-img-lazy-loading-not-838 avia_image' src=\"https:\/\/www.symphonie-florale.com\/fleuriste-juvignac-montpellier\/wp-content\/uploads\/2016\/01\/symphonie-florale-fleuriste-juvignac-montpellier-plantes-grasses_03.jpg\" alt='symphonie-florale-fleuriste-juvignac-montpellier-plantes-grasses_03' title='symphonie-florale-fleuriste-juvignac-montpellier-plantes-grasses_03'  height=\"319\" width=\"478\"  itemprop=\"thumbnailUrl\" srcset=\"https:\/\/www.symphonie-florale.com\/fleuriste-juvignac-montpellier\/wp-content\/uploads\/2016\/01\/symphonie-florale-fleuriste-juvignac-montpellier-plantes-grasses_03.jpg 478w, https:\/\/www.symphonie-florale.com\/fleuriste-juvignac-montpellier\/wp-content\/uploads\/2016\/01\/symphonie-florale-fleuriste-juvignac-montpellier-plantes-grasses_03-300x200.jpg 300w, https:\/\/www.symphonie-florale.com\/fleuriste-juvignac-montpellier\/wp-content\/uploads\/2016\/01\/symphonie-florale-fleuriste-juvignac-montpellier-plantes-grasses_03-450x300.jpg 450w\" sizes=\"(max-width: 478px) 100vw, 478px\" \/><\/div><\/div><\/div><br \/>\n\n<style type=\"text\/css\" data-created_by=\"avia_inline_auto\" id=\"style-css-av-av_hr-a6de236e6c183bbbd700292deacd2b52\">\n#top .hr.hr-invisible.av-av_hr-a6de236e6c183bbbd700292deacd2b52{\nheight:20px;\n}\n<\/style>\n<div  class='hr av-av_hr-a6de236e6c183bbbd700292deacd2b52 hr-invisible  avia-builder-el-4  el_after_av_image  el_before_av_image  '><span class='hr-inner '><span class=\"hr-inner-style\"><\/span><\/span><\/div><br \/>\n\n<style type=\"text\/css\" data-created_by=\"avia_inline_auto\" id=\"style-css-av-av_image-37a0495c06cbd2b9c1f1a2f5a093153a\">\n.avia-image-container.av-av_image-37a0495c06cbd2b9c1f1a2f5a093153a .av-image-caption-overlay-center{\ncolor:#ffffff;\n}\n<\/style>\n<div  class='avia-image-container av-av_image-37a0495c06cbd2b9c1f1a2f5a093153a av-styling- av-hover-grow avia-align-left  avia-builder-el-5  el_after_av_hr  avia-builder-el-last  '  itemprop=\"image\" itemscope=\"itemscope\" itemtype=\"https:\/\/schema.org\/ImageObject\" ><div class=\"avia-image-container-inner\"><div class=\"avia-image-overlay-wrap\"><img class='wp-image-840 avia-img-lazy-loading-not-840 avia_image' src=\"https:\/\/www.symphonie-florale.com\/fleuriste-juvignac-montpellier\/wp-content\/uploads\/2016\/01\/symphonie-florale-fleuriste-juvignac-montpellier-plantes-grasses_08.jpg\" alt='symphonie-florale-fleuriste-juvignac-montpellier-plantes-grasses_08' title='symphonie-florale-fleuriste-juvignac-montpellier-plantes-grasses_08'  height=\"722\" width=\"479\"  itemprop=\"thumbnailUrl\" srcset=\"https:\/\/www.symphonie-florale.com\/fleuriste-juvignac-montpellier\/wp-content\/uploads\/2016\/01\/symphonie-florale-fleuriste-juvignac-montpellier-plantes-grasses_08.jpg 479w, https:\/\/www.symphonie-florale.com\/fleuriste-juvignac-montpellier\/wp-content\/uploads\/2016\/01\/symphonie-florale-fleuriste-juvignac-montpellier-plantes-grasses_08-199x300.jpg 199w, https:\/\/www.symphonie-florale.com\/fleuriste-juvignac-montpellier\/wp-content\/uploads\/2016\/01\/symphonie-florale-fleuriste-juvignac-montpellier-plantes-grasses_08-468x705.jpg 468w, https:\/\/www.symphonie-florale.com\/fleuriste-juvignac-montpellier\/wp-content\/uploads\/2016\/01\/symphonie-florale-fleuriste-juvignac-montpellier-plantes-grasses_08-450x678.jpg 450w\" sizes=\"(max-width: 479px) 100vw, 479px\" \/><\/div><\/div><\/div><\/p><\/div>\n<style type=\"text\/css\" data-created_by=\"avia_inline_auto\" id=\"style-css-av-av_one_half-9c1d454dc06f7247226bc4e8f931daae\">\n.flex_column.av-av_one_half-9c1d454dc06f7247226bc4e8f931daae{\nborder-radius:0px 0px 0px 0px;\n-webkit-border-radius:0px 0px 0px 0px;\n-moz-border-radius:0px 0px 0px 0px;\n}\n<\/style>\n<div class='flex_column av-av_one_half-9c1d454dc06f7247226bc4e8f931daae av_one_half  avia-builder-el-6  el_after_av_one_half  avia-builder-el-last  no_margin flex_column_div av-zero-column-padding column-top-margin'   ><p>\n<style type=\"text\/css\" data-created_by=\"avia_inline_auto\" id=\"style-css-av-av_image-6d70a3511a9dc9180bbc0cc0e734a517\">\n.avia-image-container.av-av_image-6d70a3511a9dc9180bbc0cc0e734a517 .av-image-caption-overlay-center{\ncolor:#ffffff;\n}\n<\/style>\n<div  class='avia-image-container av-av_image-6d70a3511a9dc9180bbc0cc0e734a517 av-styling- av-hover-grow avia-align-left  avia-builder-el-7  el_before_av_hr  avia-builder-el-first  '  itemprop=\"image\" itemscope=\"itemscope\" itemtype=\"https:\/\/schema.org\/ImageObject\" ><div class=\"avia-image-container-inner\"><div class=\"avia-image-overlay-wrap\"><img class='wp-image-839 avia-img-lazy-loading-not-839 avia_image' src=\"https:\/\/www.symphonie-florale.com\/fleuriste-juvignac-montpellier\/wp-content\/uploads\/2016\/01\/symphonie-florale-fleuriste-juvignac-montpellier-plantes-grasses_05.jpg\" alt='symphonie-florale-fleuriste-juvignac-montpellier-plantes-grasses_05' title='symphonie-florale-fleuriste-juvignac-montpellier-plantes-grasses_05'  height=\"843\" width=\"562\"  itemprop=\"thumbnailUrl\" srcset=\"https:\/\/www.symphonie-florale.com\/fleuriste-juvignac-montpellier\/wp-content\/uploads\/2016\/01\/symphonie-florale-fleuriste-juvignac-montpellier-plantes-grasses_05.jpg 562w, https:\/\/www.symphonie-florale.com\/fleuriste-juvignac-montpellier\/wp-content\/uploads\/2016\/01\/symphonie-florale-fleuriste-juvignac-montpellier-plantes-grasses_05-200x300.jpg 200w, https:\/\/www.symphonie-florale.com\/fleuriste-juvignac-montpellier\/wp-content\/uploads\/2016\/01\/symphonie-florale-fleuriste-juvignac-montpellier-plantes-grasses_05-470x705.jpg 470w, https:\/\/www.symphonie-florale.com\/fleuriste-juvignac-montpellier\/wp-content\/uploads\/2016\/01\/symphonie-florale-fleuriste-juvignac-montpellier-plantes-grasses_05-450x675.jpg 450w\" sizes=\"(max-width: 562px) 100vw, 562px\" \/><\/div><\/div><\/div><br \/>\n\n<style type=\"text\/css\" data-created_by=\"avia_inline_auto\" id=\"style-css-av-av_hr-a6de236e6c183bbbd700292deacd2b52\">\n#top .hr.hr-invisible.av-av_hr-a6de236e6c183bbbd700292deacd2b52{\nheight:20px;\n}\n<\/style>\n<div  class='hr av-av_hr-a6de236e6c183bbbd700292deacd2b52 hr-invisible  avia-builder-el-8  el_after_av_image  el_before_av_textblock  '><span class='hr-inner '><span class=\"hr-inner-style\"><\/span><\/span><\/div><br \/>\n<section class=\"av_textblock_section \"  itemscope=\"itemscope\" itemtype=\"https:\/\/schema.org\/CreativeWork\" ><div class='avia_textblock  '   itemprop=\"text\" ><p>Aucune difficult\u00e9 d\u2019entretien, les plantes grasses se plaisent \u00e0 l\u2019int\u00e9rieur et aiment beaucoup la lumi\u00e8re. Attention : pas de lumi\u00e8re directe et pas d\u2019exc\u00e8s d\u2019eau ! Dans le r\u00f4le de plante d\u00e9corative, vous trouverez \u00e9galement le kalancho\u00e9, plante grasse originaire de Madagascar (photo ci-dessus).<\/p>\n<p>Tr\u00e8s facile \u00e0 entretenir, le kalancho\u00e9 peut vivre pendant des ann\u00e9es.<\/p>\n<\/div><\/section><\/p><\/div><\/p>\n","protected":false},"excerpt":{"rendered":"","protected":false},"author":1,"featured_media":0,"parent":13,"menu_order":0,"comment_status":"closed","ping_status":"closed","template":"","meta":[],"yoast_head":"<!-- This site is optimized with the Yoast SEO plugin v17.1 - https:\/\/yoast.com\/wordpress\/plugins\/seo\/ -->\n<title>Les plantes grasses - Symphonie Florale<\/title>\n<meta name=\"description\" content=\"Les plantes grasses ont un tr\u00e8s gros avantage : elles n\u2019ont pas besoin de beaucoup d\u2019entretien ! Aux feuillages particuli\u00e8rement attrayants\" \/>\n<meta name=\"robots\" content=\"index, follow, max-snippet:-1, max-image-preview:large, max-video-preview:-1\" \/>\n<link rel=\"canonical\" href=\"https:\/\/www.symphonie-florale.com\/fleuriste-juvignac-montpellier\/la-vitrine\/les-plantes-grasses\/\" \/>\n<meta property=\"og:locale\" content=\"fr_FR\" \/>\n<meta property=\"og:type\" content=\"article\" \/>\n<meta property=\"og:title\" content=\"Les plantes grasses - Symphonie Florale\" \/>\n<meta property=\"og:description\" content=\"Les plantes grasses ont un tr\u00e8s gros avantage : elles n\u2019ont pas besoin de beaucoup d\u2019entretien ! Aux feuillages particuli\u00e8rement attrayants\" \/>\n<meta property=\"og:url\" content=\"https:\/\/www.symphonie-florale.com\/fleuriste-juvignac-montpellier\/la-vitrine\/les-plantes-grasses\/\" \/>\n<meta property=\"og:site_name\" content=\"Symphonie Florale\" \/>\n<meta property=\"article:modified_time\" content=\"2016-01-27T13:18:12+00:00\" \/>\n<meta name=\"twitter:label1\" content=\"Dur\u00e9e de lecture est.\" \/>\n\t<meta name=\"twitter:data1\" content=\"3 minutes\" \/>\n<script type=\"application\/ld+json\" class=\"yoast-schema-graph\">{\"@context\":\"https:\/\/schema.org\",\"@graph\":[{\"@type\":\"WebSite\",\"@id\":\"https:\/\/www.symphonie-florale.com\/fleuriste-juvignac-montpellier\/#website\",\"url\":\"https:\/\/www.symphonie-florale.com\/fleuriste-juvignac-montpellier\/\",\"name\":\"Symphonie Florale\",\"description\":\"Fleuriste \\u00e0 Juvignac Montpellier\",\"potentialAction\":[{\"@type\":\"SearchAction\",\"target\":{\"@type\":\"EntryPoint\",\"urlTemplate\":\"https:\/\/www.symphonie-florale.com\/fleuriste-juvignac-montpellier\/?s={search_term_string}\"},\"query-input\":\"required name=search_term_string\"}],\"inLanguage\":\"fr-FR\"},{\"@type\":\"WebPage\",\"@id\":\"https:\/\/www.symphonie-florale.com\/fleuriste-juvignac-montpellier\/la-vitrine\/les-plantes-grasses\/#webpage\",\"url\":\"https:\/\/www.symphonie-florale.com\/fleuriste-juvignac-montpellier\/la-vitrine\/les-plantes-grasses\/\",\"name\":\"Les plantes grasses - Symphonie Florale\",\"isPartOf\":{\"@id\":\"https:\/\/www.symphonie-florale.com\/fleuriste-juvignac-montpellier\/#website\"},\"datePublished\":\"2016-01-27T09:53:09+00:00\",\"dateModified\":\"2016-01-27T13:18:12+00:00\",\"description\":\"Les plantes grasses ont un tr\\u00e8s gros avantage : elles n\\u2019ont pas besoin de beaucoup d\\u2019entretien ! Aux feuillages particuli\\u00e8rement attrayants\",\"breadcrumb\":{\"@id\":\"https:\/\/www.symphonie-florale.com\/fleuriste-juvignac-montpellier\/la-vitrine\/les-plantes-grasses\/#breadcrumb\"},\"inLanguage\":\"fr-FR\",\"potentialAction\":[{\"@type\":\"ReadAction\",\"target\":[\"https:\/\/www.symphonie-florale.com\/fleuriste-juvignac-montpellier\/la-vitrine\/les-plantes-grasses\/\"]}]},{\"@type\":\"BreadcrumbList\",\"@id\":\"https:\/\/www.symphonie-florale.com\/fleuriste-juvignac-montpellier\/la-vitrine\/les-plantes-grasses\/#breadcrumb\",\"itemListElement\":[{\"@type\":\"ListItem\",\"position\":1,\"name\":\"Accueil\",\"item\":\"https:\/\/www.symphonie-florale.com\/fleuriste-juvignac-montpellier\/\"},{\"@type\":\"ListItem\",\"position\":2,\"name\":\"La vitrine\",\"item\":\"https:\/\/www.symphonie-florale.com\/fleuriste-juvignac-montpellier\/la-vitrine\/\"},{\"@type\":\"ListItem\",\"position\":3,\"name\":\"Les plantes grasses\"}]}]}<\/script>\n<!-- \/ Yoast SEO plugin. -->","yoast_head_json":{"title":"Les plantes grasses - Symphonie Florale","description":"Les plantes grasses ont un tr\u00e8s gros avantage : elles n\u2019ont pas besoin de beaucoup d\u2019entretien ! Aux feuillages particuli\u00e8rement attrayants","robots":{"index":"index","follow":"follow","max-snippet":"max-snippet:-1","max-image-preview":"max-image-preview:large","max-video-preview":"max-video-preview:-1"},"canonical":"https:\/\/www.symphonie-florale.com\/fleuriste-juvignac-montpellier\/la-vitrine\/les-plantes-grasses\/","og_locale":"fr_FR","og_type":"article","og_title":"Les plantes grasses - Symphonie Florale","og_description":"Les plantes grasses ont un tr\u00e8s gros avantage : elles n\u2019ont pas besoin de beaucoup d\u2019entretien ! Aux feuillages particuli\u00e8rement attrayants","og_url":"https:\/\/www.symphonie-florale.com\/fleuriste-juvignac-montpellier\/la-vitrine\/les-plantes-grasses\/","og_site_name":"Symphonie Florale","article_modified_time":"2016-01-27T13:18:12+00:00","twitter_misc":{"Dur\u00e9e de lecture est.":"3 minutes"},"schema":{"@context":"https:\/\/schema.org","@graph":[{"@type":"WebSite","@id":"https:\/\/www.symphonie-florale.com\/fleuriste-juvignac-montpellier\/#website","url":"https:\/\/www.symphonie-florale.com\/fleuriste-juvignac-montpellier\/","name":"Symphonie Florale","description":"Fleuriste \u00e0 Juvignac Montpellier","potentialAction":[{"@type":"SearchAction","target":{"@type":"EntryPoint","urlTemplate":"https:\/\/www.symphonie-florale.com\/fleuriste-juvignac-montpellier\/?s={search_term_string}"},"query-input":"required name=search_term_string"}],"inLanguage":"fr-FR"},{"@type":"WebPage","@id":"https:\/\/www.symphonie-florale.com\/fleuriste-juvignac-montpellier\/la-vitrine\/les-plantes-grasses\/#webpage","url":"https:\/\/www.symphonie-florale.com\/fleuriste-juvignac-montpellier\/la-vitrine\/les-plantes-grasses\/","name":"Les plantes grasses - Symphonie Florale","isPartOf":{"@id":"https:\/\/www.symphonie-florale.com\/fleuriste-juvignac-montpellier\/#website"},"datePublished":"2016-01-27T09:53:09+00:00","dateModified":"2016-01-27T13:18:12+00:00","description":"Les plantes grasses ont un tr\u00e8s gros avantage : elles n\u2019ont pas besoin de beaucoup d\u2019entretien ! Aux feuillages particuli\u00e8rement attrayants","breadcrumb":{"@id":"https:\/\/www.symphonie-florale.com\/fleuriste-juvignac-montpellier\/la-vitrine\/les-plantes-grasses\/#breadcrumb"},"inLanguage":"fr-FR","potentialAction":[{"@type":"ReadAction","target":["https:\/\/www.symphonie-florale.com\/fleuriste-juvignac-montpellier\/la-vitrine\/les-plantes-grasses\/"]}]},{"@type":"BreadcrumbList","@id":"https:\/\/www.symphonie-florale.com\/fleuriste-juvignac-montpellier\/la-vitrine\/les-plantes-grasses\/#breadcrumb","itemListElement":[{"@type":"ListItem","position":1,"name":"Accueil","item":"https:\/\/www.symphonie-florale.com\/fleuriste-juvignac-montpellier\/"},{"@type":"ListItem","position":2,"name":"La vitrine","item":"https:\/\/www.symphonie-florale.com\/fleuriste-juvignac-montpellier\/la-vitrine\/"},{"@type":"ListItem","position":3,"name":"Les plantes grasses"}]}]}},"_links":{"self":[{"href":"https:\/\/www.symphonie-florale.com\/fleuriste-juvignac-montpellier\/wp-json\/wp\/v2\/pages\/837"}],"collection":[{"href":"https:\/\/www.symphonie-florale.com\/fleuriste-juvignac-montpellier\/wp-json\/wp\/v2\/pages"}],"about":[{"href":"https:\/\/www.symphonie-florale.com\/fleuriste-juvignac-montpellier\/wp-json\/wp\/v2\/types\/page"}],"author":[{"embeddable":true,"href":"https:\/\/www.symphonie-florale.com\/fleuriste-juvignac-montpellier\/wp-json\/wp\/v2\/users\/1"}],"replies":[{"embeddable":true,"href":"https:\/\/www.symphonie-florale.com\/fleuriste-juvignac-montpellier\/wp-json\/wp\/v2\/comments?post=837"}],"version-history":[{"count":4,"href":"https:\/\/www.symphonie-florale.com\/fleuriste-juvignac-montpellier\/wp-json\/wp\/v2\/pages\/837\/revisions"}],"predecessor-version":[{"id":894,"href":"https:\/\/www.symphonie-florale.com\/fleuriste-juvignac-montpellier\/wp-json\/wp\/v2\/pages\/837\/revisions\/894"}],"up":[{"embeddable":true,"href":"https:\/\/www.symphonie-florale.com\/fleuriste-juvignac-montpellier\/wp-json\/wp\/v2\/pages\/13"}],"wp:attachment":[{"href":"https:\/\/www.symphonie-florale.com\/fleuriste-juvignac-montpellier\/wp-json\/wp\/v2\/media?parent=837"}],"curies":[{"name":"wp","href":"https:\/\/api.w.org\/{rel}","templated":true}]}}