{"id":843,"date":"2016-01-27T11:12:24","date_gmt":"2016-01-27T10:12:24","guid":{"rendered":"http:\/\/www.symphonie-florale.com\/fleuriste-juvignac-montpellier\/?page_id=843"},"modified":"2016-01-27T11:21:29","modified_gmt":"2016-01-27T10:21:29","slug":"les-fleurs-exotiques","status":"publish","type":"page","link":"https:\/\/www.symphonie-florale.com\/fleuriste-juvignac-montpellier\/la-vitrine\/les-fleurs-exotiques\/","title":{"rendered":"Les fleurs exotiques"},"content":{"rendered":"\n<style type=\"text\/css\" data-created_by=\"avia_inline_auto\" id=\"style-css-av-av_one_full-9497bbf8bff73ea4c6992cc17fa9ec36\">\n.flex_column.av-av_one_full-9497bbf8bff73ea4c6992cc17fa9ec36{\nborder-radius:0px 0px 0px 0px;\n-webkit-border-radius:0px 0px 0px 0px;\n-moz-border-radius:0px 0px 0px 0px;\n}\n<\/style>\n<div class='flex_column av-av_one_full-9497bbf8bff73ea4c6992cc17fa9ec36 av_one_full  avia-builder-el-0  el_before_av_one_third  avia-builder-el-first  first flex_column_div av-zero-column-padding '   ><p><section class=\"av_textblock_section \"  itemscope=\"itemscope\" itemtype=\"https:\/\/schema.org\/CreativeWork\" ><div class='avia_textblock  '   itemprop=\"text\" ><p>D\u00e9couvrez nos magnifiques vases africains compos\u00e9s d\u2019heliconias, d\u2019ananas roses naturels, d\u2019anthurium et d\u2019alpinias. \u00a0Ces magnifiques fleurs exotiques originaires d\u2019Am\u00e9rique du sud ont l\u2019avantage de tenir pendant une longue dur\u00e9e !<\/p>\n<\/div><\/section><br \/>\n\n<style type=\"text\/css\" data-created_by=\"avia_inline_auto\" id=\"style-css-av-av_hr-a6de236e6c183bbbd700292deacd2b52\">\n#top .hr.hr-invisible.av-av_hr-a6de236e6c183bbbd700292deacd2b52{\nheight:20px;\n}\n<\/style>\n<div  class='hr av-av_hr-a6de236e6c183bbbd700292deacd2b52 hr-invisible  avia-builder-el-2  el_after_av_textblock  avia-builder-el-last  '><span class='hr-inner '><span class=\"hr-inner-style\"><\/span><\/span><\/div><\/p><\/div>\n\n<style type=\"text\/css\" data-created_by=\"avia_inline_auto\" id=\"style-css-av-av_one_third-4f71affefb2767b0d4aacb5c1c60140d\">\n.flex_column.av-av_one_third-4f71affefb2767b0d4aacb5c1c60140d{\nborder-radius:0px 0px 0px 0px;\n-webkit-border-radius:0px 0px 0px 0px;\n-moz-border-radius:0px 0px 0px 0px;\n}\n<\/style>\n<div class='flex_column av-av_one_third-4f71affefb2767b0d4aacb5c1c60140d av_one_third  avia-builder-el-3  el_after_av_one_full  el_before_av_two_third  first no_margin flex_column_div av-zero-column-padding column-top-margin'   ><p>\n<style type=\"text\/css\" data-created_by=\"avia_inline_auto\" id=\"style-css-av-av_image-b5fa3a53833919a9862cb23d79a99a64\">\n.avia-image-container.av-av_image-b5fa3a53833919a9862cb23d79a99a64 .av-image-caption-overlay-center{\ncolor:#ffffff;\n}\n<\/style>\n<div  class='avia-image-container av-av_image-b5fa3a53833919a9862cb23d79a99a64 av-styling- av-hover-grow avia-align-left  avia-builder-el-4  el_before_av_hr  avia-builder-el-first  '  itemprop=\"image\" itemscope=\"itemscope\" itemtype=\"https:\/\/schema.org\/ImageObject\" ><div class=\"avia-image-container-inner\"><div class=\"avia-image-overlay-wrap\"><img class='wp-image-844 avia-img-lazy-loading-not-844 avia_image' src=\"https:\/\/www.symphonie-florale.com\/fleuriste-juvignac-montpellier\/wp-content\/uploads\/2016\/01\/symphonie-florale-fleuriste-montpellier-juvignac-fleurs-exotiques_03.jpg\" alt='symphonie-florale-fleuriste-montpellier-juvignac-fleurs-exotiques_03' title='symphonie-florale-fleuriste-montpellier-juvignac-fleurs-exotiques_03'  height=\"499\" width=\"336\"  itemprop=\"thumbnailUrl\" srcset=\"https:\/\/www.symphonie-florale.com\/fleuriste-juvignac-montpellier\/wp-content\/uploads\/2016\/01\/symphonie-florale-fleuriste-montpellier-juvignac-fleurs-exotiques_03.jpg 336w, https:\/\/www.symphonie-florale.com\/fleuriste-juvignac-montpellier\/wp-content\/uploads\/2016\/01\/symphonie-florale-fleuriste-montpellier-juvignac-fleurs-exotiques_03-202x300.jpg 202w\" sizes=\"(max-width: 336px) 100vw, 336px\" \/><\/div><\/div><\/div><br \/>\n\n<style type=\"text\/css\" data-created_by=\"avia_inline_auto\" id=\"style-css-av-av_hr-a6de236e6c183bbbd700292deacd2b52\">\n#top .hr.hr-invisible.av-av_hr-a6de236e6c183bbbd700292deacd2b52{\nheight:20px;\n}\n<\/style>\n<div  class='hr av-av_hr-a6de236e6c183bbbd700292deacd2b52 hr-invisible  avia-builder-el-5  el_after_av_image  el_before_av_image  '><span class='hr-inner '><span class=\"hr-inner-style\"><\/span><\/span><\/div><br \/>\n\n<style type=\"text\/css\" data-created_by=\"avia_inline_auto\" id=\"style-css-av-av_image-47872d599e467c55352a3887c63fbce0\">\n.avia-image-container.av-av_image-47872d599e467c55352a3887c63fbce0 .av-image-caption-overlay-center{\ncolor:#ffffff;\n}\n<\/style>\n<div  class='avia-image-container av-av_image-47872d599e467c55352a3887c63fbce0 av-styling- av-hover-grow avia-align-left  avia-builder-el-6  el_after_av_hr  el_before_av_hr  '  itemprop=\"image\" itemscope=\"itemscope\" itemtype=\"https:\/\/schema.org\/ImageObject\" ><div class=\"avia-image-container-inner\"><div class=\"avia-image-overlay-wrap\"><img class='wp-image-846 avia-img-lazy-loading-not-846 avia_image' src=\"https:\/\/www.symphonie-florale.com\/fleuriste-juvignac-montpellier\/wp-content\/uploads\/2016\/01\/symphonie-florale-fleuriste-montpellier-juvignac-fleurs-exotiques_09.jpg\" alt='symphonie-florale-fleuriste-montpellier-juvignac-fleurs-exotiques_09' title='symphonie-florale-fleuriste-montpellier-juvignac-fleurs-exotiques_09'  height=\"222\" width=\"335\"  itemprop=\"thumbnailUrl\" srcset=\"https:\/\/www.symphonie-florale.com\/fleuriste-juvignac-montpellier\/wp-content\/uploads\/2016\/01\/symphonie-florale-fleuriste-montpellier-juvignac-fleurs-exotiques_09.jpg 335w, https:\/\/www.symphonie-florale.com\/fleuriste-juvignac-montpellier\/wp-content\/uploads\/2016\/01\/symphonie-florale-fleuriste-montpellier-juvignac-fleurs-exotiques_09-300x199.jpg 300w\" sizes=\"(max-width: 335px) 100vw, 335px\" \/><\/div><\/div><\/div><br \/>\n\n<style type=\"text\/css\" data-created_by=\"avia_inline_auto\" id=\"style-css-av-av_hr-a6de236e6c183bbbd700292deacd2b52\">\n#top .hr.hr-invisible.av-av_hr-a6de236e6c183bbbd700292deacd2b52{\nheight:20px;\n}\n<\/style>\n<div  class='hr av-av_hr-a6de236e6c183bbbd700292deacd2b52 hr-invisible  avia-builder-el-7  el_after_av_image  el_before_av_image  '><span class='hr-inner '><span class=\"hr-inner-style\"><\/span><\/span><\/div><br \/>\n\n<style type=\"text\/css\" data-created_by=\"avia_inline_auto\" id=\"style-css-av-av_image-0afd08b6ef31499d406cc882b94b1b28\">\n.avia-image-container.av-av_image-0afd08b6ef31499d406cc882b94b1b28 .av-image-caption-overlay-center{\ncolor:#ffffff;\n}\n<\/style>\n<div  class='avia-image-container av-av_image-0afd08b6ef31499d406cc882b94b1b28 av-styling- av-hover-grow avia-align-left  avia-builder-el-8  el_after_av_hr  avia-builder-el-last  '  itemprop=\"image\" itemscope=\"itemscope\" itemtype=\"https:\/\/schema.org\/ImageObject\" ><div class=\"avia-image-container-inner\"><div class=\"avia-image-overlay-wrap\"><img class='wp-image-847 avia-img-lazy-loading-not-847 avia_image' src=\"https:\/\/www.symphonie-florale.com\/fleuriste-juvignac-montpellier\/wp-content\/uploads\/2016\/01\/symphonie-florale-fleuriste-montpellier-juvignac-fleurs-exotiques_11.jpg\" alt='symphonie-florale-fleuriste-montpellier-juvignac-fleurs-exotiques_11' title='symphonie-florale-fleuriste-montpellier-juvignac-fleurs-exotiques_11'  height=\"590\" width=\"335\"  itemprop=\"thumbnailUrl\" srcset=\"https:\/\/www.symphonie-florale.com\/fleuriste-juvignac-montpellier\/wp-content\/uploads\/2016\/01\/symphonie-florale-fleuriste-montpellier-juvignac-fleurs-exotiques_11.jpg 335w, https:\/\/www.symphonie-florale.com\/fleuriste-juvignac-montpellier\/wp-content\/uploads\/2016\/01\/symphonie-florale-fleuriste-montpellier-juvignac-fleurs-exotiques_11-170x300.jpg 170w\" sizes=\"(max-width: 335px) 100vw, 335px\" \/><\/div><\/div><\/div><\/p><\/div>\n<style type=\"text\/css\" data-created_by=\"avia_inline_auto\" id=\"style-css-av-av_two_third-9c1d454dc06f7247226bc4e8f931daae\">\n.flex_column.av-av_two_third-9c1d454dc06f7247226bc4e8f931daae{\nborder-radius:0px 0px 0px 0px;\n-webkit-border-radius:0px 0px 0px 0px;\n-moz-border-radius:0px 0px 0px 0px;\n}\n<\/style>\n<div class='flex_column av-av_two_third-9c1d454dc06f7247226bc4e8f931daae av_two_third  avia-builder-el-9  el_after_av_one_third  el_before_av_one_full  no_margin flex_column_div av-zero-column-padding column-top-margin'   ><p>\n<style type=\"text\/css\" data-created_by=\"avia_inline_auto\" id=\"style-css-av-av_image-1c255a619d42a6e755e3df692aeada31\">\n.avia-image-container.av-av_image-1c255a619d42a6e755e3df692aeada31 .av-image-caption-overlay-center{\ncolor:#ffffff;\n}\n<\/style>\n<div  class='avia-image-container av-av_image-1c255a619d42a6e755e3df692aeada31 av-styling- av-hover-grow avia-align-left  avia-builder-el-10  el_before_av_hr  avia-builder-el-first  '  itemprop=\"image\" itemscope=\"itemscope\" itemtype=\"https:\/\/schema.org\/ImageObject\" ><div class=\"avia-image-container-inner\"><div class=\"avia-image-overlay-wrap\"><img class='wp-image-845 avia-img-lazy-loading-not-845 avia_image' src=\"https:\/\/www.symphonie-florale.com\/fleuriste-juvignac-montpellier\/wp-content\/uploads\/2016\/01\/symphonie-florale-fleuriste-montpellier-juvignac-fleurs-exotiques_05.jpg\" alt='symphonie-florale-fleuriste-montpellier-juvignac-fleurs-exotiques_05' title='symphonie-florale-fleuriste-montpellier-juvignac-fleurs-exotiques_05'  height=\"989\" width=\"701\"  itemprop=\"thumbnailUrl\" srcset=\"https:\/\/www.symphonie-florale.com\/fleuriste-juvignac-montpellier\/wp-content\/uploads\/2016\/01\/symphonie-florale-fleuriste-montpellier-juvignac-fleurs-exotiques_05.jpg 701w, https:\/\/www.symphonie-florale.com\/fleuriste-juvignac-montpellier\/wp-content\/uploads\/2016\/01\/symphonie-florale-fleuriste-montpellier-juvignac-fleurs-exotiques_05-213x300.jpg 213w, https:\/\/www.symphonie-florale.com\/fleuriste-juvignac-montpellier\/wp-content\/uploads\/2016\/01\/symphonie-florale-fleuriste-montpellier-juvignac-fleurs-exotiques_05-500x705.jpg 500w, https:\/\/www.symphonie-florale.com\/fleuriste-juvignac-montpellier\/wp-content\/uploads\/2016\/01\/symphonie-florale-fleuriste-montpellier-juvignac-fleurs-exotiques_05-450x635.jpg 450w\" sizes=\"(max-width: 701px) 100vw, 701px\" \/><\/div><\/div><\/div><br \/>\n\n<style type=\"text\/css\" data-created_by=\"avia_inline_auto\" id=\"style-css-av-av_hr-a6de236e6c183bbbd700292deacd2b52\">\n#top .hr.hr-invisible.av-av_hr-a6de236e6c183bbbd700292deacd2b52{\nheight:20px;\n}\n<\/style>\n<div  class='hr av-av_hr-a6de236e6c183bbbd700292deacd2b52 hr-invisible  avia-builder-el-11  el_after_av_image  el_before_av_image  '><span class='hr-inner '><span class=\"hr-inner-style\"><\/span><\/span><\/div><br \/>\n\n<style type=\"text\/css\" data-created_by=\"avia_inline_auto\" id=\"style-css-av-av_image-9a2096266e67a8c0c28fc71bc94eb973\">\n.avia-image-container.av-av_image-9a2096266e67a8c0c28fc71bc94eb973 .av-image-caption-overlay-center{\ncolor:#ffffff;\n}\n<\/style>\n<div  class='avia-image-container av-av_image-9a2096266e67a8c0c28fc71bc94eb973 av-styling- av-hover-grow avia-align-left  avia-builder-el-12  el_after_av_hr  avia-builder-el-last  '  itemprop=\"image\" itemscope=\"itemscope\" itemtype=\"https:\/\/schema.org\/ImageObject\" ><div class=\"avia-image-container-inner\"><div class=\"avia-image-overlay-wrap\"><img class='wp-image-848 avia-img-lazy-loading-not-848 avia_image' src=\"https:\/\/www.symphonie-florale.com\/fleuriste-juvignac-montpellier\/wp-content\/uploads\/2016\/01\/symphonie-florale-fleuriste-montpellier-juvignac-fleurs-exotiques_13.jpg\" alt='symphonie-florale-fleuriste-montpellier-juvignac-fleurs-exotiques_13' title='symphonie-florale-fleuriste-montpellier-juvignac-fleurs-exotiques_13'  height=\"348\" width=\"703\"  itemprop=\"thumbnailUrl\" srcset=\"https:\/\/www.symphonie-florale.com\/fleuriste-juvignac-montpellier\/wp-content\/uploads\/2016\/01\/symphonie-florale-fleuriste-montpellier-juvignac-fleurs-exotiques_13.jpg 703w, https:\/\/www.symphonie-florale.com\/fleuriste-juvignac-montpellier\/wp-content\/uploads\/2016\/01\/symphonie-florale-fleuriste-montpellier-juvignac-fleurs-exotiques_13-300x149.jpg 300w, https:\/\/www.symphonie-florale.com\/fleuriste-juvignac-montpellier\/wp-content\/uploads\/2016\/01\/symphonie-florale-fleuriste-montpellier-juvignac-fleurs-exotiques_13-450x223.jpg 450w\" sizes=\"(max-width: 703px) 100vw, 703px\" \/><\/div><\/div><\/div><\/p><\/div>\n<style type=\"text\/css\" data-created_by=\"avia_inline_auto\" id=\"style-css-av-av_one_full-9497bbf8bff73ea4c6992cc17fa9ec36\">\n.flex_column.av-av_one_full-9497bbf8bff73ea4c6992cc17fa9ec36{\nborder-radius:0px 0px 0px 0px;\n-webkit-border-radius:0px 0px 0px 0px;\n-moz-border-radius:0px 0px 0px 0px;\n}\n<\/style>\n<div class='flex_column av-av_one_full-9497bbf8bff73ea4c6992cc17fa9ec36 av_one_full  avia-builder-el-13  el_after_av_two_third  el_before_av_one_third  first flex_column_div av-zero-column-padding column-top-margin'   ><p><section class=\"av_textblock_section \"  itemscope=\"itemscope\" itemtype=\"https:\/\/schema.org\/CreativeWork\" ><div class='avia_textblock  '   itemprop=\"text\" ><p>Au centre de la boutique, d\u00e9couvrez deux magnifiques compositions originales orn\u00e9es de choux romanesco couleur vert acidul\u00e9, d\u2019alpinias et d\u2019heliconias aux couleurs soutenues et chatoyantes.<\/p>\n<p>Des couleurs \u00e9clatantes qui donneront du peps \u00e0 votre int\u00e9rieur !<\/p>\n<\/div><\/section><br \/>\n\n<style type=\"text\/css\" data-created_by=\"avia_inline_auto\" id=\"style-css-av-av_hr-a6de236e6c183bbbd700292deacd2b52\">\n#top .hr.hr-invisible.av-av_hr-a6de236e6c183bbbd700292deacd2b52{\nheight:20px;\n}\n<\/style>\n<div  class='hr av-av_hr-a6de236e6c183bbbd700292deacd2b52 hr-invisible  avia-builder-el-15  el_after_av_textblock  avia-builder-el-last  '><span class='hr-inner '><span class=\"hr-inner-style\"><\/span><\/span><\/div><\/p><\/div><\/p>\n\n<style type=\"text\/css\" data-created_by=\"avia_inline_auto\" id=\"style-css-av-av_one_third-4f71affefb2767b0d4aacb5c1c60140d\">\n.flex_column.av-av_one_third-4f71affefb2767b0d4aacb5c1c60140d{\nborder-radius:0px 0px 0px 0px;\n-webkit-border-radius:0px 0px 0px 0px;\n-moz-border-radius:0px 0px 0px 0px;\n}\n<\/style>\n<div class='flex_column av-av_one_third-4f71affefb2767b0d4aacb5c1c60140d av_one_third  avia-builder-el-16  el_after_av_one_full  el_before_av_two_third  first no_margin flex_column_div av-zero-column-padding column-top-margin'   ><style type=\"text\/css\" data-created_by=\"avia_inline_auto\" id=\"style-css-av-av_image-3160aab72c3657ed640bb2b2222778aa\">\n.avia-image-container.av-av_image-3160aab72c3657ed640bb2b2222778aa .av-image-caption-overlay-center{\ncolor:#ffffff;\n}\n<\/style>\n<div  class='avia-image-container av-av_image-3160aab72c3657ed640bb2b2222778aa av-styling- av-hover-grow avia-align-left  avia-builder-el-17  avia-builder-el-no-sibling  '  itemprop=\"image\" itemscope=\"itemscope\" itemtype=\"https:\/\/schema.org\/ImageObject\" ><div class=\"avia-image-container-inner\"><div class=\"avia-image-overlay-wrap\"><img class='wp-image-850 avia-img-lazy-loading-not-850 avia_image' src=\"https:\/\/www.symphonie-florale.com\/fleuriste-juvignac-montpellier\/wp-content\/uploads\/2016\/01\/symphonie-florale-fleuriste-montpellier-juvignac-bambou-tresses2_17.jpg\" alt='' title='symphonie-florale-fleuriste-montpellier-juvignac-bambou-tresses2_17'  height=\"682\" width=\"332\"  itemprop=\"thumbnailUrl\" srcset=\"https:\/\/www.symphonie-florale.com\/fleuriste-juvignac-montpellier\/wp-content\/uploads\/2016\/01\/symphonie-florale-fleuriste-montpellier-juvignac-bambou-tresses2_17.jpg 332w, https:\/\/www.symphonie-florale.com\/fleuriste-juvignac-montpellier\/wp-content\/uploads\/2016\/01\/symphonie-florale-fleuriste-montpellier-juvignac-bambou-tresses2_17-146x300.jpg 146w\" sizes=\"(max-width: 332px) 100vw, 332px\" \/><\/div><\/div><\/div><\/div>\n<style type=\"text\/css\" data-created_by=\"avia_inline_auto\" id=\"style-css-av-av_two_third-9c1d454dc06f7247226bc4e8f931daae\">\n.flex_column.av-av_two_third-9c1d454dc06f7247226bc4e8f931daae{\nborder-radius:0px 0px 0px 0px;\n-webkit-border-radius:0px 0px 0px 0px;\n-moz-border-radius:0px 0px 0px 0px;\n}\n<\/style>\n<div class='flex_column av-av_two_third-9c1d454dc06f7247226bc4e8f931daae av_two_third  avia-builder-el-18  el_after_av_one_third  avia-builder-el-last  no_margin flex_column_div av-zero-column-padding column-top-margin'   ><p>\n<style type=\"text\/css\" data-created_by=\"avia_inline_auto\" id=\"style-css-av-av_image-13771a1d42c291abd7717aeceac36110\">\n.avia-image-container.av-av_image-13771a1d42c291abd7717aeceac36110 .av-image-caption-overlay-center{\ncolor:#ffffff;\n}\n<\/style>\n<div  class='avia-image-container av-av_image-13771a1d42c291abd7717aeceac36110 av-styling- av-hover-grow avia-align-left  avia-builder-el-19  el_before_av_hr  avia-builder-el-first  '  itemprop=\"image\" itemscope=\"itemscope\" itemtype=\"https:\/\/schema.org\/ImageObject\" ><div class=\"avia-image-container-inner\"><div class=\"avia-image-overlay-wrap\"><img class='wp-image-849 avia-img-lazy-loading-not-849 avia_image' src=\"https:\/\/www.symphonie-florale.com\/fleuriste-juvignac-montpellier\/wp-content\/uploads\/2016\/01\/symphonie-florale-fleuriste-montpellier-juvignac-bambou-tresses_19.jpg\" alt='symphonie-florale-fleuriste-montpellier-juvignac-bambou-tresses_19' title='symphonie-florale-fleuriste-montpellier-juvignac-bambou-tresses_19'  height=\"481\" width=\"702\"  itemprop=\"thumbnailUrl\" srcset=\"https:\/\/www.symphonie-florale.com\/fleuriste-juvignac-montpellier\/wp-content\/uploads\/2016\/01\/symphonie-florale-fleuriste-montpellier-juvignac-bambou-tresses_19.jpg 702w, https:\/\/www.symphonie-florale.com\/fleuriste-juvignac-montpellier\/wp-content\/uploads\/2016\/01\/symphonie-florale-fleuriste-montpellier-juvignac-bambou-tresses_19-300x206.jpg 300w, https:\/\/www.symphonie-florale.com\/fleuriste-juvignac-montpellier\/wp-content\/uploads\/2016\/01\/symphonie-florale-fleuriste-montpellier-juvignac-bambou-tresses_19-450x308.jpg 450w\" sizes=\"(max-width: 702px) 100vw, 702px\" \/><\/div><\/div><\/div><br \/>\n\n<style type=\"text\/css\" data-created_by=\"avia_inline_auto\" id=\"style-css-av-av_hr-a6de236e6c183bbbd700292deacd2b52\">\n#top .hr.hr-invisible.av-av_hr-a6de236e6c183bbbd700292deacd2b52{\nheight:20px;\n}\n<\/style>\n<div  class='hr av-av_hr-a6de236e6c183bbbd700292deacd2b52 hr-invisible  avia-builder-el-20  el_after_av_image  el_before_av_textblock  '><span class='hr-inner '><span class=\"hr-inner-style\"><\/span><\/span><\/div><br \/>\n<section class=\"av_textblock_section \"  itemscope=\"itemscope\" itemtype=\"https:\/\/schema.org\/CreativeWork\" ><div class='avia_textblock  '   itemprop=\"text\" ><p>Parmi les plantes d\u2019int\u00e9rieur les plus appr\u00e9ci\u00e9es, vous trouverez le bambou. Celui-ci est plant\u00e9 dans de la terre et de la mousse.<\/p>\n<\/div><\/section><\/p><\/div><\/p>\n","protected":false},"excerpt":{"rendered":"","protected":false},"author":1,"featured_media":0,"parent":13,"menu_order":0,"comment_status":"closed","ping_status":"closed","template":"","meta":[],"yoast_head":"<!-- This site is optimized with the Yoast SEO plugin v17.1 - https:\/\/yoast.com\/wordpress\/plugins\/seo\/ -->\n<title>Les fleurs exotiques - Symphonie Florale<\/title>\n<meta name=\"description\" content=\"Ces magnifiques fleurs exotiques originaires d\u2019Am\u00e9rique du sud ont l\u2019avantage de tenir pendant une longue dur\u00e9e ! d\u00e9couvrez nos magnifiques fleurs exotiques\" \/>\n<meta name=\"robots\" content=\"index, follow, max-snippet:-1, max-image-preview:large, max-video-preview:-1\" \/>\n<link rel=\"canonical\" href=\"https:\/\/www.symphonie-florale.com\/fleuriste-juvignac-montpellier\/la-vitrine\/les-fleurs-exotiques\/\" \/>\n<meta property=\"og:locale\" content=\"fr_FR\" \/>\n<meta property=\"og:type\" content=\"article\" \/>\n<meta property=\"og:title\" content=\"Les fleurs exotiques - Symphonie Florale\" \/>\n<meta property=\"og:description\" content=\"Ces magnifiques fleurs exotiques originaires d\u2019Am\u00e9rique du sud ont l\u2019avantage de tenir pendant une longue dur\u00e9e ! d\u00e9couvrez nos magnifiques fleurs exotiques\" \/>\n<meta property=\"og:url\" content=\"https:\/\/www.symphonie-florale.com\/fleuriste-juvignac-montpellier\/la-vitrine\/les-fleurs-exotiques\/\" \/>\n<meta property=\"og:site_name\" content=\"Symphonie Florale\" \/>\n<meta property=\"article:modified_time\" content=\"2016-01-27T10:21:29+00:00\" \/>\n<meta name=\"twitter:label1\" content=\"Dur\u00e9e de lecture est.\" \/>\n\t<meta name=\"twitter:data1\" content=\"5 minutes\" \/>\n<script type=\"application\/ld+json\" class=\"yoast-schema-graph\">{\"@context\":\"https:\/\/schema.org\",\"@graph\":[{\"@type\":\"WebSite\",\"@id\":\"https:\/\/www.symphonie-florale.com\/fleuriste-juvignac-montpellier\/#website\",\"url\":\"https:\/\/www.symphonie-florale.com\/fleuriste-juvignac-montpellier\/\",\"name\":\"Symphonie Florale\",\"description\":\"Fleuriste \\u00e0 Juvignac Montpellier\",\"potentialAction\":[{\"@type\":\"SearchAction\",\"target\":{\"@type\":\"EntryPoint\",\"urlTemplate\":\"https:\/\/www.symphonie-florale.com\/fleuriste-juvignac-montpellier\/?s={search_term_string}\"},\"query-input\":\"required name=search_term_string\"}],\"inLanguage\":\"fr-FR\"},{\"@type\":\"WebPage\",\"@id\":\"https:\/\/www.symphonie-florale.com\/fleuriste-juvignac-montpellier\/la-vitrine\/les-fleurs-exotiques\/#webpage\",\"url\":\"https:\/\/www.symphonie-florale.com\/fleuriste-juvignac-montpellier\/la-vitrine\/les-fleurs-exotiques\/\",\"name\":\"Les fleurs exotiques - Symphonie Florale\",\"isPartOf\":{\"@id\":\"https:\/\/www.symphonie-florale.com\/fleuriste-juvignac-montpellier\/#website\"},\"datePublished\":\"2016-01-27T10:12:24+00:00\",\"dateModified\":\"2016-01-27T10:21:29+00:00\",\"description\":\"Ces magnifiques fleurs exotiques originaires d\\u2019Am\\u00e9rique du sud ont l\\u2019avantage de tenir pendant une longue dur\\u00e9e ! d\\u00e9couvrez nos magnifiques fleurs exotiques\",\"breadcrumb\":{\"@id\":\"https:\/\/www.symphonie-florale.com\/fleuriste-juvignac-montpellier\/la-vitrine\/les-fleurs-exotiques\/#breadcrumb\"},\"inLanguage\":\"fr-FR\",\"potentialAction\":[{\"@type\":\"ReadAction\",\"target\":[\"https:\/\/www.symphonie-florale.com\/fleuriste-juvignac-montpellier\/la-vitrine\/les-fleurs-exotiques\/\"]}]},{\"@type\":\"BreadcrumbList\",\"@id\":\"https:\/\/www.symphonie-florale.com\/fleuriste-juvignac-montpellier\/la-vitrine\/les-fleurs-exotiques\/#breadcrumb\",\"itemListElement\":[{\"@type\":\"ListItem\",\"position\":1,\"name\":\"Accueil\",\"item\":\"https:\/\/www.symphonie-florale.com\/fleuriste-juvignac-montpellier\/\"},{\"@type\":\"ListItem\",\"position\":2,\"name\":\"La vitrine\",\"item\":\"https:\/\/www.symphonie-florale.com\/fleuriste-juvignac-montpellier\/la-vitrine\/\"},{\"@type\":\"ListItem\",\"position\":3,\"name\":\"Les fleurs exotiques\"}]}]}<\/script>\n<!-- \/ Yoast SEO plugin. -->","yoast_head_json":{"title":"Les fleurs exotiques - Symphonie Florale","description":"Ces magnifiques fleurs exotiques originaires d\u2019Am\u00e9rique du sud ont l\u2019avantage de tenir pendant une longue dur\u00e9e ! d\u00e9couvrez nos magnifiques fleurs exotiques","robots":{"index":"index","follow":"follow","max-snippet":"max-snippet:-1","max-image-preview":"max-image-preview:large","max-video-preview":"max-video-preview:-1"},"canonical":"https:\/\/www.symphonie-florale.com\/fleuriste-juvignac-montpellier\/la-vitrine\/les-fleurs-exotiques\/","og_locale":"fr_FR","og_type":"article","og_title":"Les fleurs exotiques - Symphonie Florale","og_description":"Ces magnifiques fleurs exotiques originaires d\u2019Am\u00e9rique du sud ont l\u2019avantage de tenir pendant une longue dur\u00e9e ! d\u00e9couvrez nos magnifiques fleurs exotiques","og_url":"https:\/\/www.symphonie-florale.com\/fleuriste-juvignac-montpellier\/la-vitrine\/les-fleurs-exotiques\/","og_site_name":"Symphonie Florale","article_modified_time":"2016-01-27T10:21:29+00:00","twitter_misc":{"Dur\u00e9e de lecture est.":"5 minutes"},"schema":{"@context":"https:\/\/schema.org","@graph":[{"@type":"WebSite","@id":"https:\/\/www.symphonie-florale.com\/fleuriste-juvignac-montpellier\/#website","url":"https:\/\/www.symphonie-florale.com\/fleuriste-juvignac-montpellier\/","name":"Symphonie Florale","description":"Fleuriste \u00e0 Juvignac Montpellier","potentialAction":[{"@type":"SearchAction","target":{"@type":"EntryPoint","urlTemplate":"https:\/\/www.symphonie-florale.com\/fleuriste-juvignac-montpellier\/?s={search_term_string}"},"query-input":"required name=search_term_string"}],"inLanguage":"fr-FR"},{"@type":"WebPage","@id":"https:\/\/www.symphonie-florale.com\/fleuriste-juvignac-montpellier\/la-vitrine\/les-fleurs-exotiques\/#webpage","url":"https:\/\/www.symphonie-florale.com\/fleuriste-juvignac-montpellier\/la-vitrine\/les-fleurs-exotiques\/","name":"Les fleurs exotiques - Symphonie Florale","isPartOf":{"@id":"https:\/\/www.symphonie-florale.com\/fleuriste-juvignac-montpellier\/#website"},"datePublished":"2016-01-27T10:12:24+00:00","dateModified":"2016-01-27T10:21:29+00:00","description":"Ces magnifiques fleurs exotiques originaires d\u2019Am\u00e9rique du sud ont l\u2019avantage de tenir pendant une longue dur\u00e9e ! d\u00e9couvrez nos magnifiques fleurs exotiques","breadcrumb":{"@id":"https:\/\/www.symphonie-florale.com\/fleuriste-juvignac-montpellier\/la-vitrine\/les-fleurs-exotiques\/#breadcrumb"},"inLanguage":"fr-FR","potentialAction":[{"@type":"ReadAction","target":["https:\/\/www.symphonie-florale.com\/fleuriste-juvignac-montpellier\/la-vitrine\/les-fleurs-exotiques\/"]}]},{"@type":"BreadcrumbList","@id":"https:\/\/www.symphonie-florale.com\/fleuriste-juvignac-montpellier\/la-vitrine\/les-fleurs-exotiques\/#breadcrumb","itemListElement":[{"@type":"ListItem","position":1,"name":"Accueil","item":"https:\/\/www.symphonie-florale.com\/fleuriste-juvignac-montpellier\/"},{"@type":"ListItem","position":2,"name":"La vitrine","item":"https:\/\/www.symphonie-florale.com\/fleuriste-juvignac-montpellier\/la-vitrine\/"},{"@type":"ListItem","position":3,"name":"Les fleurs exotiques"}]}]}},"_links":{"self":[{"href":"https:\/\/www.symphonie-florale.com\/fleuriste-juvignac-montpellier\/wp-json\/wp\/v2\/pages\/843"}],"collection":[{"href":"https:\/\/www.symphonie-florale.com\/fleuriste-juvignac-montpellier\/wp-json\/wp\/v2\/pages"}],"about":[{"href":"https:\/\/www.symphonie-florale.com\/fleuriste-juvignac-montpellier\/wp-json\/wp\/v2\/types\/page"}],"author":[{"embeddable":true,"href":"https:\/\/www.symphonie-florale.com\/fleuriste-juvignac-montpellier\/wp-json\/wp\/v2\/users\/1"}],"replies":[{"embeddable":true,"href":"https:\/\/www.symphonie-florale.com\/fleuriste-juvignac-montpellier\/wp-json\/wp\/v2\/comments?post=843"}],"version-history":[{"count":9,"href":"https:\/\/www.symphonie-florale.com\/fleuriste-juvignac-montpellier\/wp-json\/wp\/v2\/pages\/843\/revisions"}],"predecessor-version":[{"id":859,"href":"https:\/\/www.symphonie-florale.com\/fleuriste-juvignac-montpellier\/wp-json\/wp\/v2\/pages\/843\/revisions\/859"}],"up":[{"embeddable":true,"href":"https:\/\/www.symphonie-florale.com\/fleuriste-juvignac-montpellier\/wp-json\/wp\/v2\/pages\/13"}],"wp:attachment":[{"href":"https:\/\/www.symphonie-florale.com\/fleuriste-juvignac-montpellier\/wp-json\/wp\/v2\/media?parent=843"}],"curies":[{"name":"wp","href":"https:\/\/api.w.org\/{rel}","templated":true}]}}