{"id":940,"date":"2016-04-21T15:04:59","date_gmt":"2016-04-21T14:04:59","guid":{"rendered":"http:\/\/www.symphonie-florale.com\/fleuriste-juvignac-montpellier\/?page_id=940"},"modified":"2016-04-21T15:31:02","modified_gmt":"2016-04-21T14:31:02","slug":"de-la-mousse-stabilisee-et-des-papillons","status":"publish","type":"page","link":"https:\/\/www.symphonie-florale.com\/fleuriste-juvignac-montpellier\/la-vitrine\/de-la-mousse-stabilisee-et-des-papillons\/","title":{"rendered":"De la mousse et des papillons&#8230;"},"content":{"rendered":"\n<style type=\"text\/css\" data-created_by=\"avia_inline_auto\" id=\"style-css-av-av_one_half-9497bbf8bff73ea4c6992cc17fa9ec36\">\n.flex_column.av-av_one_half-9497bbf8bff73ea4c6992cc17fa9ec36{\nborder-radius:0px 0px 0px 0px;\n-webkit-border-radius:0px 0px 0px 0px;\n-moz-border-radius:0px 0px 0px 0px;\n}\n<\/style>\n<div class='flex_column av-av_one_half-9497bbf8bff73ea4c6992cc17fa9ec36 av_one_half  avia-builder-el-0  el_before_av_one_half  avia-builder-el-first  first flex_column_div av-zero-column-padding '   ><p><section class=\"av_textblock_section \"  itemscope=\"itemscope\" itemtype=\"https:\/\/schema.org\/CreativeWork\" ><div class='avia_textblock  '   itemprop=\"text\" ><p>D\u00e9couvrez \u00e0 l\u2019\u00e9tage nos suspensions de boules de mousse stabilis\u00e9e.<\/p>\n<p>Nous proposons \u00e9galement un ensemble de plantes vertes de vari\u00e9t\u00e9s diff\u00e9rentes afin d\u2019agr\u00e9menter votre int\u00e9rieur.<\/p>\n<\/div><\/section><br \/>\n\n<style type=\"text\/css\" data-created_by=\"avia_inline_auto\" id=\"style-css-av-av_hr-0688d0b0b6ed2f8b057db7a8270206df\">\n#top .hr.hr-invisible.av-av_hr-0688d0b0b6ed2f8b057db7a8270206df{\nheight:50px;\n}\n<\/style>\n<div  class='hr av-av_hr-0688d0b0b6ed2f8b057db7a8270206df hr-invisible  avia-builder-el-2  el_after_av_textblock  el_before_av_image  '><span class='hr-inner '><span class=\"hr-inner-style\"><\/span><\/span><\/div><br \/>\n\n<style type=\"text\/css\" data-created_by=\"avia_inline_auto\" id=\"style-css-av-av_image-0933308ac8b2ecea29078c4f9e228064\">\n.avia-image-container.av-av_image-0933308ac8b2ecea29078c4f9e228064 .av-image-caption-overlay-center{\ncolor:#ffffff;\n}\n<\/style>\n<div  class='avia-image-container av-av_image-0933308ac8b2ecea29078c4f9e228064 av-styling- av-hover-grow avia-align-center  avia-builder-el-3  el_after_av_hr  el_before_av_hr  '  itemprop=\"image\" itemscope=\"itemscope\" itemtype=\"https:\/\/schema.org\/ImageObject\" ><div class=\"avia-image-container-inner\"><div class=\"avia-image-overlay-wrap\"><img class='wp-image-942 avia-img-lazy-loading-not-942 avia_image' src=\"https:\/\/www.symphonie-florale.com\/fleuriste-juvignac-montpellier\/wp-content\/uploads\/2016\/04\/symphonie-florale-mousse-papillons-printemps-ete-2016_06.jpg\" alt='symphonie-florale-mousse-papillons-printemps-ete-2016_06' title='symphonie-florale-mousse-papillons-printemps-ete-2016_06'  height=\"312\" width=\"466\"  itemprop=\"thumbnailUrl\" srcset=\"https:\/\/www.symphonie-florale.com\/fleuriste-juvignac-montpellier\/wp-content\/uploads\/2016\/04\/symphonie-florale-mousse-papillons-printemps-ete-2016_06.jpg 466w, https:\/\/www.symphonie-florale.com\/fleuriste-juvignac-montpellier\/wp-content\/uploads\/2016\/04\/symphonie-florale-mousse-papillons-printemps-ete-2016_06-300x201.jpg 300w, https:\/\/www.symphonie-florale.com\/fleuriste-juvignac-montpellier\/wp-content\/uploads\/2016\/04\/symphonie-florale-mousse-papillons-printemps-ete-2016_06-450x301.jpg 450w\" sizes=\"(max-width: 466px) 100vw, 466px\" \/><\/div><\/div><\/div><br \/>\n\n<style type=\"text\/css\" data-created_by=\"avia_inline_auto\" id=\"style-css-av-av_hr-0688d0b0b6ed2f8b057db7a8270206df\">\n#top .hr.hr-invisible.av-av_hr-0688d0b0b6ed2f8b057db7a8270206df{\nheight:50px;\n}\n<\/style>\n<div  class='hr av-av_hr-0688d0b0b6ed2f8b057db7a8270206df hr-invisible  avia-builder-el-4  el_after_av_image  el_before_av_image  '><span class='hr-inner '><span class=\"hr-inner-style\"><\/span><\/span><\/div><br \/>\n\n<style type=\"text\/css\" data-created_by=\"avia_inline_auto\" id=\"style-css-av-av_image-37a9bc5be079b57f4cd606ac07f87184\">\n.avia-image-container.av-av_image-37a9bc5be079b57f4cd606ac07f87184 .av-image-caption-overlay-center{\ncolor:#ffffff;\n}\n<\/style>\n<div  class='avia-image-container av-av_image-37a9bc5be079b57f4cd606ac07f87184 av-styling- av-hover-grow avia-align-center  avia-builder-el-5  el_after_av_hr  avia-builder-el-last  '  itemprop=\"image\" itemscope=\"itemscope\" itemtype=\"https:\/\/schema.org\/ImageObject\" ><div class=\"avia-image-container-inner\"><div class=\"avia-image-overlay-wrap\"><img class='wp-image-943 avia-img-lazy-loading-not-943 avia_image' src=\"https:\/\/www.symphonie-florale.com\/fleuriste-juvignac-montpellier\/wp-content\/uploads\/2016\/04\/symphonie-florale-mousse-papillons-printemps-ete-2016_09.jpg\" alt='symphonie-florale-mousse-papillons-printemps-ete-2016_09' title='symphonie-florale-mousse-papillons-printemps-ete-2016_09'  height=\"704\" width=\"466\"  itemprop=\"thumbnailUrl\" srcset=\"https:\/\/www.symphonie-florale.com\/fleuriste-juvignac-montpellier\/wp-content\/uploads\/2016\/04\/symphonie-florale-mousse-papillons-printemps-ete-2016_09.jpg 466w, https:\/\/www.symphonie-florale.com\/fleuriste-juvignac-montpellier\/wp-content\/uploads\/2016\/04\/symphonie-florale-mousse-papillons-printemps-ete-2016_09-199x300.jpg 199w, https:\/\/www.symphonie-florale.com\/fleuriste-juvignac-montpellier\/wp-content\/uploads\/2016\/04\/symphonie-florale-mousse-papillons-printemps-ete-2016_09-450x680.jpg 450w\" sizes=\"(max-width: 466px) 100vw, 466px\" \/><\/div><\/div><\/div><\/p><\/div>\n<style type=\"text\/css\" data-created_by=\"avia_inline_auto\" id=\"style-css-av-av_one_half-9c1d454dc06f7247226bc4e8f931daae\">\n.flex_column.av-av_one_half-9c1d454dc06f7247226bc4e8f931daae{\nborder-radius:0px 0px 0px 0px;\n-webkit-border-radius:0px 0px 0px 0px;\n-moz-border-radius:0px 0px 0px 0px;\n}\n<\/style>\n<div class='flex_column av-av_one_half-9c1d454dc06f7247226bc4e8f931daae av_one_half  avia-builder-el-6  el_after_av_one_half  avia-builder-el-last  flex_column_div av-zero-column-padding '   ><p>\n<style type=\"text\/css\" data-created_by=\"avia_inline_auto\" id=\"style-css-av-av_image-0f86e7979f8b3bebc37a7d3cc699c40c\">\n.avia-image-container.av-av_image-0f86e7979f8b3bebc37a7d3cc699c40c .av-image-caption-overlay-center{\ncolor:#ffffff;\n}\n<\/style>\n<div  class='avia-image-container av-av_image-0f86e7979f8b3bebc37a7d3cc699c40c av-styling- av-hover-grow avia-align-center  avia-builder-el-7  el_before_av_hr  avia-builder-el-first  '  itemprop=\"image\" itemscope=\"itemscope\" itemtype=\"https:\/\/schema.org\/ImageObject\" ><div class=\"avia-image-container-inner\"><div class=\"avia-image-overlay-wrap\"><img class='wp-image-941 avia-img-lazy-loading-not-941 avia_image' src=\"https:\/\/www.symphonie-florale.com\/fleuriste-juvignac-montpellier\/wp-content\/uploads\/2016\/04\/symphonie-florale-mousse-papillons-printemps-ete-2016_03.jpg\" alt='symphonie-florale-mousse-papillons-printemps-ete-2016_03' title='symphonie-florale-mousse-papillons-printemps-ete-2016_03'  height=\"785\" width=\"525\"  itemprop=\"thumbnailUrl\" srcset=\"https:\/\/www.symphonie-florale.com\/fleuriste-juvignac-montpellier\/wp-content\/uploads\/2016\/04\/symphonie-florale-mousse-papillons-printemps-ete-2016_03.jpg 525w, https:\/\/www.symphonie-florale.com\/fleuriste-juvignac-montpellier\/wp-content\/uploads\/2016\/04\/symphonie-florale-mousse-papillons-printemps-ete-2016_03-201x300.jpg 201w, https:\/\/www.symphonie-florale.com\/fleuriste-juvignac-montpellier\/wp-content\/uploads\/2016\/04\/symphonie-florale-mousse-papillons-printemps-ete-2016_03-471x705.jpg 471w, https:\/\/www.symphonie-florale.com\/fleuriste-juvignac-montpellier\/wp-content\/uploads\/2016\/04\/symphonie-florale-mousse-papillons-printemps-ete-2016_03-450x673.jpg 450w\" sizes=\"(max-width: 525px) 100vw, 525px\" \/><\/div><\/div><\/div><br \/>\n\n<style type=\"text\/css\" data-created_by=\"avia_inline_auto\" id=\"style-css-av-av_hr-0688d0b0b6ed2f8b057db7a8270206df\">\n#top .hr.hr-invisible.av-av_hr-0688d0b0b6ed2f8b057db7a8270206df{\nheight:50px;\n}\n<\/style>\n<div  class='hr av-av_hr-0688d0b0b6ed2f8b057db7a8270206df hr-invisible  avia-builder-el-8  el_after_av_image  el_before_av_image  '><span class='hr-inner '><span class=\"hr-inner-style\"><\/span><\/span><\/div><br \/>\n\n<style type=\"text\/css\" data-created_by=\"avia_inline_auto\" id=\"style-css-av-av_image-68ce670faf17c9b2a526b96a91febe88\">\n.avia-image-container.av-av_image-68ce670faf17c9b2a526b96a91febe88 .av-image-caption-overlay-center{\ncolor:#ffffff;\n}\n<\/style>\n<div  class='avia-image-container av-av_image-68ce670faf17c9b2a526b96a91febe88 av-styling- av-hover-grow avia-align-center  avia-builder-el-9  el_after_av_hr  avia-builder-el-last  '  itemprop=\"image\" itemscope=\"itemscope\" itemtype=\"https:\/\/schema.org\/ImageObject\" ><div class=\"avia-image-container-inner\"><div class=\"avia-image-overlay-wrap\"><img class='wp-image-947 avia-img-lazy-loading-not-947 avia_image' src=\"https:\/\/www.symphonie-florale.com\/fleuriste-juvignac-montpellier\/wp-content\/uploads\/2016\/04\/symphonie-florale-mousse-papillons-printemps-ete-2016_12_12_121.jpg\" alt='symphonie-florale-mousse-papillons-printemps-ete-2016_12_12_12' title='symphonie-florale-mousse-papillons-printemps-ete-2016_12_12_12'  height=\"350\" width=\"524\"  itemprop=\"thumbnailUrl\" srcset=\"https:\/\/www.symphonie-florale.com\/fleuriste-juvignac-montpellier\/wp-content\/uploads\/2016\/04\/symphonie-florale-mousse-papillons-printemps-ete-2016_12_12_121.jpg 524w, https:\/\/www.symphonie-florale.com\/fleuriste-juvignac-montpellier\/wp-content\/uploads\/2016\/04\/symphonie-florale-mousse-papillons-printemps-ete-2016_12_12_121-300x200.jpg 300w, https:\/\/www.symphonie-florale.com\/fleuriste-juvignac-montpellier\/wp-content\/uploads\/2016\/04\/symphonie-florale-mousse-papillons-printemps-ete-2016_12_12_121-450x301.jpg 450w\" sizes=\"(max-width: 524px) 100vw, 524px\" \/><\/div><\/div><\/div><\/p><\/div><\/p>\n","protected":false},"excerpt":{"rendered":"","protected":false},"author":1,"featured_media":0,"parent":13,"menu_order":0,"comment_status":"closed","ping_status":"closed","template":"","meta":[],"yoast_head":"<!-- This site is optimized with the Yoast SEO plugin v17.1 - https:\/\/yoast.com\/wordpress\/plugins\/seo\/ -->\n<title>Mousse stabilis\u00e9e et coquelicots - Symphonie Florale fleuriste<\/title>\n<meta name=\"description\" content=\"D\u00e9couvrez \u00e0 l&#039;\u00e9tage nos suspensions de boules de mousse stabilis\u00e9e. D\u00e9coration florale, art florale sur montpellier juvignac\u00a0\" \/>\n<meta name=\"robots\" content=\"index, follow, max-snippet:-1, max-image-preview:large, max-video-preview:-1\" \/>\n<link rel=\"canonical\" href=\"https:\/\/www.symphonie-florale.com\/fleuriste-juvignac-montpellier\/la-vitrine\/de-la-mousse-stabilisee-et-des-papillons\/\" \/>\n<meta property=\"og:locale\" content=\"fr_FR\" \/>\n<meta property=\"og:type\" content=\"article\" \/>\n<meta property=\"og:title\" content=\"Mousse stabilis\u00e9e et coquelicots - Symphonie Florale fleuriste\" \/>\n<meta property=\"og:description\" content=\"D\u00e9couvrez \u00e0 l&#039;\u00e9tage nos suspensions de boules de mousse stabilis\u00e9e. D\u00e9coration florale, art florale sur montpellier juvignac\u00a0\" \/>\n<meta property=\"og:url\" content=\"https:\/\/www.symphonie-florale.com\/fleuriste-juvignac-montpellier\/la-vitrine\/de-la-mousse-stabilisee-et-des-papillons\/\" \/>\n<meta property=\"og:site_name\" content=\"Symphonie Florale\" \/>\n<meta property=\"article:modified_time\" content=\"2016-04-21T14:31:02+00:00\" \/>\n<meta name=\"twitter:label1\" content=\"Dur\u00e9e de lecture est.\" \/>\n\t<meta name=\"twitter:data1\" content=\"2 minutes\" \/>\n<script type=\"application\/ld+json\" class=\"yoast-schema-graph\">{\"@context\":\"https:\/\/schema.org\",\"@graph\":[{\"@type\":\"WebSite\",\"@id\":\"https:\/\/www.symphonie-florale.com\/fleuriste-juvignac-montpellier\/#website\",\"url\":\"https:\/\/www.symphonie-florale.com\/fleuriste-juvignac-montpellier\/\",\"name\":\"Symphonie Florale\",\"description\":\"Fleuriste \\u00e0 Juvignac Montpellier\",\"potentialAction\":[{\"@type\":\"SearchAction\",\"target\":{\"@type\":\"EntryPoint\",\"urlTemplate\":\"https:\/\/www.symphonie-florale.com\/fleuriste-juvignac-montpellier\/?s={search_term_string}\"},\"query-input\":\"required name=search_term_string\"}],\"inLanguage\":\"fr-FR\"},{\"@type\":\"WebPage\",\"@id\":\"https:\/\/www.symphonie-florale.com\/fleuriste-juvignac-montpellier\/la-vitrine\/de-la-mousse-stabilisee-et-des-papillons\/#webpage\",\"url\":\"https:\/\/www.symphonie-florale.com\/fleuriste-juvignac-montpellier\/la-vitrine\/de-la-mousse-stabilisee-et-des-papillons\/\",\"name\":\"Mousse stabilis\\u00e9e et coquelicots - Symphonie Florale fleuriste\",\"isPartOf\":{\"@id\":\"https:\/\/www.symphonie-florale.com\/fleuriste-juvignac-montpellier\/#website\"},\"datePublished\":\"2016-04-21T14:04:59+00:00\",\"dateModified\":\"2016-04-21T14:31:02+00:00\",\"description\":\"D\\u00e9couvrez \\u00e0 l'\\u00e9tage nos suspensions de boules de mousse stabilis\\u00e9e. D\\u00e9coration florale, art florale sur montpellier juvignac\\u00a0\",\"breadcrumb\":{\"@id\":\"https:\/\/www.symphonie-florale.com\/fleuriste-juvignac-montpellier\/la-vitrine\/de-la-mousse-stabilisee-et-des-papillons\/#breadcrumb\"},\"inLanguage\":\"fr-FR\",\"potentialAction\":[{\"@type\":\"ReadAction\",\"target\":[\"https:\/\/www.symphonie-florale.com\/fleuriste-juvignac-montpellier\/la-vitrine\/de-la-mousse-stabilisee-et-des-papillons\/\"]}]},{\"@type\":\"BreadcrumbList\",\"@id\":\"https:\/\/www.symphonie-florale.com\/fleuriste-juvignac-montpellier\/la-vitrine\/de-la-mousse-stabilisee-et-des-papillons\/#breadcrumb\",\"itemListElement\":[{\"@type\":\"ListItem\",\"position\":1,\"name\":\"Accueil\",\"item\":\"https:\/\/www.symphonie-florale.com\/fleuriste-juvignac-montpellier\/\"},{\"@type\":\"ListItem\",\"position\":2,\"name\":\"La vitrine\",\"item\":\"https:\/\/www.symphonie-florale.com\/fleuriste-juvignac-montpellier\/la-vitrine\/\"},{\"@type\":\"ListItem\",\"position\":3,\"name\":\"De la mousse et des papillons&#8230;\"}]}]}<\/script>\n<!-- \/ Yoast SEO plugin. -->","yoast_head_json":{"title":"Mousse stabilis\u00e9e et coquelicots - Symphonie Florale fleuriste","description":"D\u00e9couvrez \u00e0 l'\u00e9tage nos suspensions de boules de mousse stabilis\u00e9e. D\u00e9coration florale, art florale sur montpellier juvignac\u00a0","robots":{"index":"index","follow":"follow","max-snippet":"max-snippet:-1","max-image-preview":"max-image-preview:large","max-video-preview":"max-video-preview:-1"},"canonical":"https:\/\/www.symphonie-florale.com\/fleuriste-juvignac-montpellier\/la-vitrine\/de-la-mousse-stabilisee-et-des-papillons\/","og_locale":"fr_FR","og_type":"article","og_title":"Mousse stabilis\u00e9e et coquelicots - Symphonie Florale fleuriste","og_description":"D\u00e9couvrez \u00e0 l'\u00e9tage nos suspensions de boules de mousse stabilis\u00e9e. D\u00e9coration florale, art florale sur montpellier juvignac\u00a0","og_url":"https:\/\/www.symphonie-florale.com\/fleuriste-juvignac-montpellier\/la-vitrine\/de-la-mousse-stabilisee-et-des-papillons\/","og_site_name":"Symphonie Florale","article_modified_time":"2016-04-21T14:31:02+00:00","twitter_misc":{"Dur\u00e9e de lecture est.":"2 minutes"},"schema":{"@context":"https:\/\/schema.org","@graph":[{"@type":"WebSite","@id":"https:\/\/www.symphonie-florale.com\/fleuriste-juvignac-montpellier\/#website","url":"https:\/\/www.symphonie-florale.com\/fleuriste-juvignac-montpellier\/","name":"Symphonie Florale","description":"Fleuriste \u00e0 Juvignac Montpellier","potentialAction":[{"@type":"SearchAction","target":{"@type":"EntryPoint","urlTemplate":"https:\/\/www.symphonie-florale.com\/fleuriste-juvignac-montpellier\/?s={search_term_string}"},"query-input":"required name=search_term_string"}],"inLanguage":"fr-FR"},{"@type":"WebPage","@id":"https:\/\/www.symphonie-florale.com\/fleuriste-juvignac-montpellier\/la-vitrine\/de-la-mousse-stabilisee-et-des-papillons\/#webpage","url":"https:\/\/www.symphonie-florale.com\/fleuriste-juvignac-montpellier\/la-vitrine\/de-la-mousse-stabilisee-et-des-papillons\/","name":"Mousse stabilis\u00e9e et coquelicots - Symphonie Florale fleuriste","isPartOf":{"@id":"https:\/\/www.symphonie-florale.com\/fleuriste-juvignac-montpellier\/#website"},"datePublished":"2016-04-21T14:04:59+00:00","dateModified":"2016-04-21T14:31:02+00:00","description":"D\u00e9couvrez \u00e0 l'\u00e9tage nos suspensions de boules de mousse stabilis\u00e9e. D\u00e9coration florale, art florale sur montpellier juvignac\u00a0","breadcrumb":{"@id":"https:\/\/www.symphonie-florale.com\/fleuriste-juvignac-montpellier\/la-vitrine\/de-la-mousse-stabilisee-et-des-papillons\/#breadcrumb"},"inLanguage":"fr-FR","potentialAction":[{"@type":"ReadAction","target":["https:\/\/www.symphonie-florale.com\/fleuriste-juvignac-montpellier\/la-vitrine\/de-la-mousse-stabilisee-et-des-papillons\/"]}]},{"@type":"BreadcrumbList","@id":"https:\/\/www.symphonie-florale.com\/fleuriste-juvignac-montpellier\/la-vitrine\/de-la-mousse-stabilisee-et-des-papillons\/#breadcrumb","itemListElement":[{"@type":"ListItem","position":1,"name":"Accueil","item":"https:\/\/www.symphonie-florale.com\/fleuriste-juvignac-montpellier\/"},{"@type":"ListItem","position":2,"name":"La vitrine","item":"https:\/\/www.symphonie-florale.com\/fleuriste-juvignac-montpellier\/la-vitrine\/"},{"@type":"ListItem","position":3,"name":"De la mousse et des papillons&#8230;"}]}]}},"_links":{"self":[{"href":"https:\/\/www.symphonie-florale.com\/fleuriste-juvignac-montpellier\/wp-json\/wp\/v2\/pages\/940"}],"collection":[{"href":"https:\/\/www.symphonie-florale.com\/fleuriste-juvignac-montpellier\/wp-json\/wp\/v2\/pages"}],"about":[{"href":"https:\/\/www.symphonie-florale.com\/fleuriste-juvignac-montpellier\/wp-json\/wp\/v2\/types\/page"}],"author":[{"embeddable":true,"href":"https:\/\/www.symphonie-florale.com\/fleuriste-juvignac-montpellier\/wp-json\/wp\/v2\/users\/1"}],"replies":[{"embeddable":true,"href":"https:\/\/www.symphonie-florale.com\/fleuriste-juvignac-montpellier\/wp-json\/wp\/v2\/comments?post=940"}],"version-history":[{"count":2,"href":"https:\/\/www.symphonie-florale.com\/fleuriste-juvignac-montpellier\/wp-json\/wp\/v2\/pages\/940\/revisions"}],"predecessor-version":[{"id":949,"href":"https:\/\/www.symphonie-florale.com\/fleuriste-juvignac-montpellier\/wp-json\/wp\/v2\/pages\/940\/revisions\/949"}],"up":[{"embeddable":true,"href":"https:\/\/www.symphonie-florale.com\/fleuriste-juvignac-montpellier\/wp-json\/wp\/v2\/pages\/13"}],"wp:attachment":[{"href":"https:\/\/www.symphonie-florale.com\/fleuriste-juvignac-montpellier\/wp-json\/wp\/v2\/media?parent=940"}],"curies":[{"name":"wp","href":"https:\/\/api.w.org\/{rel}","templated":true}]}}